{"id":9745,"date":"2020-07-12T14:47:19","date_gmt":"2020-07-12T14:47:19","guid":{"rendered":"https:\/\/enfermeriacanaria.com\/wptfe\/?page_id=9745"},"modified":"2025-09-08T21:06:08","modified_gmt":"2025-09-08T21:06:08","slug":"presentacion","status":"publish","type":"page","link":"https:\/\/enfermeriacanaria.com\/wptfe\/portal-de-transparencia\/presentacion\/","title":{"rendered":"Presentaci\u00f3n"},"content":{"rendered":"\n<p>El Colegio de Enfermeros de Santa Cruz de Tenerife, es una Corporaci\u00f3n de Derecho P\u00fablico de car\u00e1cter profesional que se rige por sus propios <a href=\"https:\/\/enfermeriacanaria.com\/wptfe\/wp-content\/uploads\/boc-estatutos.pdf\" target=\"_blank\" rel=\"noreferrer noopener\">Estatutos<\/a> y que forma parte \u00a0Organizaci\u00f3n General de Enfermer\u00eda de Espa\u00f1a\u00a0<br \/><br \/>El Colegio de Enfermeros de Santa Cruz de Tenerife agrupa a las, los Enfermeras\/os de la provincia de Santa Cruz de Tenerife y dispone actualmente de sedes f\u00edsicas en <a href=\"https:\/\/enfermeriacanaria.com\/wptfe\/?page_id=3289\" target=\"_blank\" rel=\"noreferrer noopener\">Santa Cruz de Tenerife y Santa Cruz de La Palma<\/a>.\u00a0<br \/><br \/>Los profesionales colegiados se rigen por los c\u00f3digos deontol\u00f3gicos del <a href=\"https:\/\/enfermeriacanaria.com\/wptfe\/wp-content\/uploads\/ICN_Code-of-Ethics_ESP.pdf\" target=\"_blank\" rel=\"noreferrer noopener\">Consejo Internacional de Enfermer\u00eda (CIE)<\/a>, El <a href=\"https:\/\/enfermeriacanaria.com\/wptfe\/wp-content\/uploads\/Codigo-Deontologico-Enfermeria.pdf\" target=\"_blank\" rel=\"noreferrer noopener\">C\u00f3digo Deontol\u00f3gico de la Enfermer\u00eda Espa\u00f1ola<\/a> y los <a href=\"https:\/\/enfermeriacanaria.com\/wptfe\/wp-content\/uploads\/boc-estatutos.pdf\" target=\"_blank\" rel=\"noreferrer noopener\">Estatutos del Colegio de Enfermeros de Santa Cruz de Tenerife<\/a><\/p>\n\n\n\n<p class=\"has-text-align-center\" style=\"font-size:25px\"><strong>Portal de Transparencia<\/strong><\/p>\n\n\n\n<p>El portal de transparencia del Colegio&nbsp;Oficial de Enfermeros de Santa Cruz de Tenerife tiene como objetivo cumplir con las pr\u00e1cticas del buen gobierno corporativo, la transparencia de su gesti\u00f3n y la accesibilidad a la informaci\u00f3n y documentaci\u00f3n relevante. En este portal se aplican la L<a rel=\"noreferrer noopener\" aria-label=\"ey 19\/2013, de 9 de diciembre, de transparencia, acceso a la informaci\u00f3n p\u00fablica y buen gobierno (abre en una nueva pesta\u00f1a)\" href=\"https:\/\/enfermeriacanaria.com\/wptfe\/wp-content\/uploads\/Ley-192013-de-9-de-diciembre-de-transparencia-acceso-a-la-informaci\u00f3n-p\u00fablica-y-buen-gobierno.pdf\" target=\"_blank\">ey 19\/2013, de 9 de diciembre, de transparencia, acceso a la informaci\u00f3n p\u00fablica y buen gobierno<\/a> y la<a rel=\"noreferrer noopener\" aria-label=\" Ley 12\/2014, de 26 de diciembre, de transparencia y de acceso a la informaci\u00f3n p\u00fablica de Canarias (abre en una nueva pesta\u00f1a)\" href=\"https:\/\/enfermeriacanaria.com\/wptfe\/wp-admin\/post.php?post=11240&amp;action=edit\" target=\"_blank\"> Ley 12\/2014, de 26 de diciembre, de transparencia y de acceso a la informaci\u00f3n p\u00fablica de Canarias<\/a>, respecto del T\u00edtulo I relativo a la Transparencia de la actividad p\u00fablica, a los Colegios Profesionales en lo relativo a sus actividades sujetas a Derecho Administrativo (art. 2.1. e). No es aplicable al Colegio la norma referida a la publicaci\u00f3n de contratos sometidos a Derecho Administrativo, dado que el Colegio no se encuentra sometido a la Ley de Contratos del Sector P\u00fablico.<br \/> <br \/> En esta web est\u00e1 disponible la informaci\u00f3n que debe publicarse de acuerdo con la <a href=\"https:\/\/enfermeriacanaria.com\/wptfe\/wp-content\/uploads\/Ley-de-Colegios-Profesionales.pdf\" target=\"_blank\" rel=\"noreferrer noopener\" aria-label=\"Ley de Colegios Profesionales (abre en una nueva pesta\u00f1a)\">Ley de Colegios Profesionales<\/a>, modificada por la <a href=\"https:\/\/enfermeriacanaria.com\/wptfe\/wp-content\/uploads\/BOE-A-2009-20725.pdf\">Ley 25\/2009<\/a>.<\/p>\n\n\n\n<p>Nuestro\u00a0<strong>objetivo<\/strong>\u00a0es garantizar que tanto nuestros colegiados como la ciudadan\u00eda en general tengan un acceso f\u00e1cil, claro y gratuito a la informaci\u00f3n, promoviendo los principios de publicidad activa y el derecho de acceso a la informaci\u00f3n p\u00fablica. Este compromiso se rige por nuestro\u00a0<a href=\"https:\/\/enfermeriacanaria.com\/wptfe\/?page_id=14943\" target=\"_blank\" rel=\"noreferrer noopener\">C\u00f3digo de Transparencia y Buen Gobierno<\/a>, cuyos principios extendemos a todos los miembros y colaboradores de esta corporaci\u00f3n.<\/p>\n\n\n\n<p>El Colegio Profesional garantiza la m\u00e1xima transparencia en su gesti\u00f3n, publicando de forma proactiva toda la informaci\u00f3n relevante sobre su funcionamiento y actividades de car\u00e1cter p\u00fablico.\u00a0<\/p>\n\n\n\n<p><strong><a href=\"https:\/\/enfermeriacanaria.com\/wptfe\/?page_id=14964\" target=\"_blank\" rel=\"noreferrer noopener\">Informaci\u00f3n Institucional y Organizativa:<\/a><\/strong><\/p>\n\n\n\n<ul class=\"wp-block-list\">\n<li>Nuestras funciones y la normativa que nos regula.<\/li>\n\n\n\n<li>Un organigrama actualizado que identifica a los responsables de cada \u00e1rea<\/li>\n<\/ul>\n\n\n\n<p><strong><a href=\"https:\/\/enfermeriacanaria.com\/wptfe\/?page_id=11191\">Informaci\u00f3n Econ\u00f3mica y Financiera:<\/a><\/strong><\/p>\n\n\n\n<ul class=\"wp-block-list\">\n<li>Los presupuestos anuales detallados, explicando las partidas m\u00e1s importantes.<\/li>\n\n\n\n<li>Las cuentas anuales.<\/li>\n<\/ul>\n\n\n\n<p>El Colegio quiere hacer valer ante sus colegiados y la poblaci\u00f3n en general el acceso a la informaci\u00f3n y las obligaciones de publicidad activa. Facilitamos y gestionamos activamente el derecho de acceso a la informaci\u00f3n p\u00fablica, conforme al art\u00edculo 105 b) de la Constituci\u00f3n de manera que cualquier persona puede solicitar la informaci\u00f3n que generamos en el ejercicio de nuestras funciones p\u00fablicas a trav\u00e9s de los <strong><a href=\"https:\/\/enfermeriacanaria.com\/wptfe\/?page_id=9720\" target=\"_blank\" rel=\"noreferrer noopener\">canales habilitados en nuestra p\u00e1gina web<\/a><\/strong>.<\/p>\n\n\n\n<p>Puedes acceder a la web del Comisionado de transparencia haciendo clic en la IMAGEN<\/p>\n\n\n\n<figure class=\"wp-block-image aligncenter is-resized\"><a href=\"https:\/\/transparenciacanarias.org\/\"><img decoding=\"async\" width=\"300\" height=\"80\" src=\"https:\/\/enfermeriacanaria.com\/wptfe\/wp-content\/uploads\/cropped-CTRANS-MARCA-2.1-01-FT-3-300x80.png\" alt=\"\" class=\"wp-image-9755\" srcset=\"https:\/\/enfermeriacanaria.com\/wptfe\/wp-content\/uploads\/cropped-CTRANS-MARCA-2.1-01-FT-3-300x80.png 300w, https:\/\/enfermeriacanaria.com\/wptfe\/wp-content\/uploads\/cropped-CTRANS-MARCA-2.1-01-FT-3-768x204.png 768w, https:\/\/enfermeriacanaria.com\/wptfe\/wp-content\/uploads\/cropped-CTRANS-MARCA-2.1-01-FT-3-1024x272.png 1024w, https:\/\/enfermeriacanaria.com\/wptfe\/wp-content\/uploads\/cropped-CTRANS-MARCA-2.1-01-FT-3.png 1689w\" sizes=\"(max-width: 300px) 100vw, 300px\" \/><\/a><\/figure>\n\n\n\n<p>Accede a la informaci\u00f3n completa sobre\u00a0<a href=\"https:\/\/transparenciacanarias.org\/como-reclamar\/\">C\u00d3MO RECLAMAR<\/a><\/p>\n\n\n\n<p><strong>\u00daltima actualizaci\u00f3n: 11\/07\/2025<\/strong><\/p>\n\n\n\n<div class=\"wp-block-buttons is-content-justification-center is-layout-flex wp-container-core-buttons-is-layout-16018d1d wp-block-buttons-is-layout-flex\">\n<div class=\"wp-block-button\"><a class=\"wp-block-button__link wp-element-button\" href=\"https:\/\/enfermeriacanaria.com\/wptfe\/wp-content\/uploads\/presentacion-1.odt\" target=\"_blank\" rel=\"noreferrer noopener\">Descargar como ODT<\/a><\/div>\n\n\n\n<div class=\"wp-block-button\"><a class=\"wp-block-button__link wp-element-button\" href=\"https:\/\/enfermeriacanaria.com\/wptfe\/wp-content\/uploads\/Presentacion.docx\" target=\"_blank\" rel=\"noreferrer noopener\">Descargar como Word<\/a><\/div>\n\n\n\n<div class=\"wp-block-button\"><a class=\"wp-block-button__link wp-element-button\" href=\"https:\/\/enfermeriacanaria.com\/wptfe\/wp-content\/uploads\/Presentacion.pdf\" target=\"_blank\" rel=\"noreferrer noopener\">Descargar como PDF<\/a><\/div>\n<\/div>\n\n\n\n<p><\/p>\n<div class=\"pvc_clear\"><\/div><p id=\"pvc_stats_9745\" class=\"pvc_stats all  \" data-element-id=\"9745\" style=\"\"><i class=\"pvc-stats-icon medium\" aria-hidden=\"true\"><svg xmlns=\"http:\/\/www.w3.org\/2000\/svg\" version=\"1.0\" viewBox=\"0 0 502 315\" preserveAspectRatio=\"xMidYMid meet\"><g transform=\"translate(0,332) scale(0.1,-0.1)\" fill=\"\" stroke=\"none\"><path d=\"M2394 3279 l-29 -30 -3 -207 c-2 -182 0 -211 15 -242 39 -76 157 -76 196 0 15 31 17 60 15 243 l-3 209 -33 29 c-26 23 -41 29 -80 29 -41 0 -53 -5 -78 -31z\"\/><path d=\"M3085 3251 c-45 -19 -58 -50 -96 -229 -47 -217 -49 -260 -13 -295 52 -53 146 -42 177 20 16 31 87 366 87 410 0 70 -86 122 -155 94z\"\/><path d=\"M1751 3234 c-13 -9 -29 -31 -37 -50 -12 -29 -10 -49 21 -204 19 -94 39 -189 45 -210 14 -50 54 -80 110 -80 34 0 48 6 76 34 21 21 34 44 34 59 0 14 -18 113 -40 219 -37 178 -43 195 -70 221 -36 32 -101 37 -139 11z\"\/><path d=\"M1163 3073 c-36 -7 -73 -59 -73 -102 0 -56 133 -378 171 -413 34 -32 83 -37 129 -13 70 36 67 87 -16 290 -86 209 -89 214 -129 231 -35 14 -42 15 -82 7z\"\/><path d=\"M3689 3066 c-15 -9 -33 -30 -42 -48 -48 -103 -147 -355 -147 -375 0 -98 131 -148 192 -74 13 15 57 108 97 206 80 196 84 226 37 273 -30 30 -99 39 -137 18z\"\/><path d=\"M583 2784 c-38 -19 -67 -74 -58 -113 9 -42 211 -354 242 -373 16 -10 45 -18 66 -18 51 0 107 52 107 100 0 39 -1 41 -124 234 -80 126 -108 162 -133 173 -41 17 -61 16 -100 -3z\"\/><path d=\"M4250 2784 c-14 -9 -74 -91 -133 -183 -95 -150 -107 -173 -107 -213 0 -55 33 -94 87 -104 67 -13 90 8 211 198 130 202 137 225 78 284 -27 27 -42 34 -72 34 -22 0 -50 -8 -64 -16z\"\/><path d=\"M2275 2693 c-553 -48 -1095 -270 -1585 -649 -135 -104 -459 -423 -483 -476 -23 -49 -22 -139 2 -186 73 -142 361 -457 571 -626 285 -228 642 -407 990 -497 242 -63 336 -73 660 -74 310 0 370 5 595 52 535 111 1045 392 1455 803 122 121 250 273 275 326 19 41 19 137 0 174 -41 79 -309 363 -465 492 -447 370 -946 591 -1479 653 -113 14 -422 18 -536 8z m395 -428 c171 -34 330 -124 456 -258 112 -119 167 -219 211 -378 27 -96 24 -300 -5 -401 -72 -255 -236 -447 -474 -557 -132 -62 -201 -76 -368 -76 -167 0 -236 14 -368 76 -213 98 -373 271 -451 485 -162 444 86 934 547 1084 153 49 292 57 452 25z m909 -232 c222 -123 408 -262 593 -441 76 -74 138 -139 138 -144 0 -16 -233 -242 -330 -319 -155 -123 -309 -223 -461 -299 l-81 -41 32 46 c18 26 49 83 70 128 143 306 141 649 -6 957 -25 52 -61 116 -79 142 l-34 47 45 -20 c26 -10 76 -36 113 -56z m-2057 25 c-40 -58 -105 -190 -130 -263 -110 -324 -59 -707 132 -981 25 -35 42 -64 37 -64 -19 0 -241 119 -326 174 -188 122 -406 314 -532 468 l-58 71 108 103 c185 178 428 349 672 473 66 33 121 60 123 61 2 0 -10 -19 -26 -42z\"\/><path d=\"M2375 1950 c-198 -44 -350 -190 -395 -379 -18 -76 -8 -221 19 -290 114 -284 457 -406 731 -260 98 52 188 154 231 260 27 69 37 214 19 290 -38 163 -166 304 -326 360 -67 23 -215 33 -279 19z\"\/><\/g><\/svg><\/i> <img decoding=\"async\" width=\"16\" height=\"16\" alt=\"Loading\" src=\"https:\/\/enfermeriacanaria.com\/wptfe\/wp-content\/plugins\/page-views-count\/ajax-loader-2x.gif\" border=0 \/><\/p><div class=\"pvc_clear\"><\/div>","protected":false},"excerpt":{"rendered":"<p>El Colegio de Enfermeros de Santa Cruz de Tenerife, es una Corporaci\u00f3n de Derecho P\u00fablico de car\u00e1cter profesional que se rige por sus propios Estatutos y que forma parte \u00a0Organizaci\u00f3n General de Enfermer\u00eda de Espa\u00f1a\u00a0 [&#8230;]<\/p>\n<div class=\"pvc_clear\"><\/div>\n<p id=\"pvc_stats_9745\" class=\"pvc_stats all  \" data-element-id=\"9745\" style=\"\"><i class=\"pvc-stats-icon medium\" aria-hidden=\"true\"><svg xmlns=\"http:\/\/www.w3.org\/2000\/svg\" version=\"1.0\" viewBox=\"0 0 502 315\" preserveAspectRatio=\"xMidYMid meet\"><g transform=\"translate(0,332) scale(0.1,-0.1)\" fill=\"\" stroke=\"none\"><path d=\"M2394 3279 l-29 -30 -3 -207 c-2 -182 0 -211 15 -242 39 -76 157 -76 196 0 15 31 17 60 15 243 l-3 209 -33 29 c-26 23 -41 29 -80 29 -41 0 -53 -5 -78 -31z\"\/><path d=\"M3085 3251 c-45 -19 -58 -50 -96 -229 -47 -217 -49 -260 -13 -295 52 -53 146 -42 177 20 16 31 87 366 87 410 0 70 -86 122 -155 94z\"\/><path d=\"M1751 3234 c-13 -9 -29 -31 -37 -50 -12 -29 -10 -49 21 -204 19 -94 39 -189 45 -210 14 -50 54 -80 110 -80 34 0 48 6 76 34 21 21 34 44 34 59 0 14 -18 113 -40 219 -37 178 -43 195 -70 221 -36 32 -101 37 -139 11z\"\/><path d=\"M1163 3073 c-36 -7 -73 -59 -73 -102 0 -56 133 -378 171 -413 34 -32 83 -37 129 -13 70 36 67 87 -16 290 -86 209 -89 214 -129 231 -35 14 -42 15 -82 7z\"\/><path d=\"M3689 3066 c-15 -9 -33 -30 -42 -48 -48 -103 -147 -355 -147 -375 0 -98 131 -148 192 -74 13 15 57 108 97 206 80 196 84 226 37 273 -30 30 -99 39 -137 18z\"\/><path d=\"M583 2784 c-38 -19 -67 -74 -58 -113 9 -42 211 -354 242 -373 16 -10 45 -18 66 -18 51 0 107 52 107 100 0 39 -1 41 -124 234 -80 126 -108 162 -133 173 -41 17 -61 16 -100 -3z\"\/><path d=\"M4250 2784 c-14 -9 -74 -91 -133 -183 -95 -150 -107 -173 -107 -213 0 -55 33 -94 87 -104 67 -13 90 8 211 198 130 202 137 225 78 284 -27 27 -42 34 -72 34 -22 0 -50 -8 -64 -16z\"\/><path d=\"M2275 2693 c-553 -48 -1095 -270 -1585 -649 -135 -104 -459 -423 -483 -476 -23 -49 -22 -139 2 -186 73 -142 361 -457 571 -626 285 -228 642 -407 990 -497 242 -63 336 -73 660 -74 310 0 370 5 595 52 535 111 1045 392 1455 803 122 121 250 273 275 326 19 41 19 137 0 174 -41 79 -309 363 -465 492 -447 370 -946 591 -1479 653 -113 14 -422 18 -536 8z m395 -428 c171 -34 330 -124 456 -258 112 -119 167 -219 211 -378 27 -96 24 -300 -5 -401 -72 -255 -236 -447 -474 -557 -132 -62 -201 -76 -368 -76 -167 0 -236 14 -368 76 -213 98 -373 271 -451 485 -162 444 86 934 547 1084 153 49 292 57 452 25z m909 -232 c222 -123 408 -262 593 -441 76 -74 138 -139 138 -144 0 -16 -233 -242 -330 -319 -155 -123 -309 -223 -461 -299 l-81 -41 32 46 c18 26 49 83 70 128 143 306 141 649 -6 957 -25 52 -61 116 -79 142 l-34 47 45 -20 c26 -10 76 -36 113 -56z m-2057 25 c-40 -58 -105 -190 -130 -263 -110 -324 -59 -707 132 -981 25 -35 42 -64 37 -64 -19 0 -241 119 -326 174 -188 122 -406 314 -532 468 l-58 71 108 103 c185 178 428 349 672 473 66 33 121 60 123 61 2 0 -10 -19 -26 -42z\"\/><path d=\"M2375 1950 c-198 -44 -350 -190 -395 -379 -18 -76 -8 -221 19 -290 114 -284 457 -406 731 -260 98 52 188 154 231 260 27 69 37 214 19 290 -38 163 -166 304 -326 360 -67 23 -215 33 -279 19z\"\/><\/g><\/svg><\/i> <img decoding=\"async\" width=\"16\" height=\"16\" alt=\"Loading\" src=\"https:\/\/enfermeriacanaria.com\/wptfe\/wp-content\/plugins\/page-views-count\/ajax-loader-2x.gif\" border=0 \/><\/p>\n<div class=\"pvc_clear\"><\/div>\n","protected":false},"author":4,"featured_media":0,"parent":9706,"menu_order":0,"comment_status":"closed","ping_status":"closed","template":"","meta":{"footnotes":""},"class_list":["post-9745","page","type-page","status-publish","hentry"],"a3_pvc":{"activated":true,"total_views":678,"today_views":3},"jetpack_sharing_enabled":true,"jetpack_shortlink":"https:\/\/wp.me\/P57dxf-2xb","jetpack_likes_enabled":true,"_links":{"self":[{"href":"https:\/\/enfermeriacanaria.com\/wptfe\/wp-json\/wp\/v2\/pages\/9745","targetHints":{"allow":["GET"]}}],"collection":[{"href":"https:\/\/enfermeriacanaria.com\/wptfe\/wp-json\/wp\/v2\/pages"}],"about":[{"href":"https:\/\/enfermeriacanaria.com\/wptfe\/wp-json\/wp\/v2\/types\/page"}],"author":[{"embeddable":true,"href":"https:\/\/enfermeriacanaria.com\/wptfe\/wp-json\/wp\/v2\/users\/4"}],"replies":[{"embeddable":true,"href":"https:\/\/enfermeriacanaria.com\/wptfe\/wp-json\/wp\/v2\/comments?post=9745"}],"version-history":[{"count":28,"href":"https:\/\/enfermeriacanaria.com\/wptfe\/wp-json\/wp\/v2\/pages\/9745\/revisions"}],"predecessor-version":[{"id":14978,"href":"https:\/\/enfermeriacanaria.com\/wptfe\/wp-json\/wp\/v2\/pages\/9745\/revisions\/14978"}],"up":[{"embeddable":true,"href":"https:\/\/enfermeriacanaria.com\/wptfe\/wp-json\/wp\/v2\/pages\/9706"}],"wp:attachment":[{"href":"https:\/\/enfermeriacanaria.com\/wptfe\/wp-json\/wp\/v2\/media?parent=9745"}],"curies":[{"name":"wp","href":"https:\/\/api.w.org\/{rel}","templated":true}]}}