{"id":9729,"date":"2020-07-12T10:12:41","date_gmt":"2020-07-12T10:12:41","guid":{"rendered":"https:\/\/enfermeriacanaria.com\/wptfe\/?page_id=9729"},"modified":"2026-04-24T15:39:44","modified_gmt":"2026-04-24T15:39:44","slug":"informacion-proteccion-de-datos","status":"publish","type":"page","link":"https:\/\/enfermeriacanaria.com\/wptfe\/portal-de-transparencia\/informacion-proteccion-de-datos\/","title":{"rendered":"INFORMACI\u00d3N PROTECCI\u00d3N DE DATOS"},"content":{"rendered":"\n<p>la protecci\u00f3n de los datos personales, sin car\u00e1cter exhaustivo, con lo establecido en el <a href=\"https:\/\/www.boe.es\/doue\/2016\/119\/L00001-00088.pdf\" target=\"_blank\" rel=\"noreferrer noopener\">Reglamento (UE) 2016\/679 del Parlamento Europeo y del Consejo, de 27 de abril de 2016 (RGPD)<\/a>, y en la <a href=\"https:\/\/www.boe.es\/buscar\/act.php?id=BOE-A-2018-16673&amp;p=20251227&amp;tn=1\" target=\"_blank\" rel=\"noreferrer noopener\">Ley Org\u00e1nica 3\/2018, de 5 de diciembre, de Protecci\u00f3n de Datos Personales y garant\u00eda de los derechos digitales (LOPDGDD)<\/a>.<\/p>\n\n\n\n<p><strong>\u00bfCON QU\u00c9 FINALIDAD TRATAMOS SUS DATOS PERSONALES?<\/strong><\/p>\n\n\n\n<p>COLEGIADOS<\/p>\n\n\n\n<p>LA FINALIDAD DEL TRATAMIENTO ES LA GESTI\u00d3N ADMINISTRATIVA DE LOS DATOS NECESARIOS PARA FINES COLEGIALES DESCRITOS EN LAS LEYES ESTATAL Y AUTONOMICA DE COLEGIOS PROFESIONALES Y ESPECIALMENTE EN LOS ESTATUTOS DE LA CORPORACION ENTRE OTROS LA ORDENACION EN EL AMBITO DE SU COMPETENCIA DEL EJERCICIO DE LA ACTIVIDAD PROFESIONAL Y SU POTESTAD SANCIONADORA, ADEM\u00c1S DE LA PRESTACION DE SERVICIOS FISCALES Y JURIDICOS A LOS AFECTADOS. GESTI\u00d3N DE CLIENTES, CONTABLE, FISCAL Y ADMINISTRATIVA<\/p>\n\n\n\n<p>PROVEEDORES<\/p>\n\n\n\n<p>LA FINALIDAD DEL TRATAMIENTO ES LA GESTI\u00d3N DE LOS DATOS NECESARIOS PARA LA GESTI\u00d3N ADMINISTRATIVA CON LOS PROVEEDORES, AS\u00cd COMO LA GESTI\u00d3N DE PROFESIONALES EXTERNOS QUE DESARROLLEN SU ACTIVIDAD EN LA ENTIDAD. LA BASE JUR\u00cdDICA DEL TRATAMIENTO DE LA INFORMACI\u00d3N ES LA EJECUCI\u00d3N DE UN CONTRATO SUSCRITO ENTRE LA ENTIDAD Y LOS PROVEEDORES PARA LA PRESTACI\u00d3N DE SERVICIOS O ADQUISICI\u00d3N DE BIENES<\/p>\n\n\n\n<p>USUARIOS WEB<\/p>\n\n\n\n<p>LA FINALIDAD DEL TRATAMIENTO ES LA GESTION DE LOS COMUNICACIONES RECIBIDAS A TRAV\u00c9S DE LOS FORMULARIOS ESTABLECIDOS EN LA P\u00c1GINA WEB, GESTI\u00d3N DE LOS SUSCRIPTORES AL BLOG SI LO HUBIERA Y REDES SOCIALES.Y LA BASEJURIDICA DEL TRATAMIENTO ES LA ACEPTACI\u00d3N POR PARTE DE LOS USUARIOS DE LA POL\u00cdTICA DE PRIVACIDAD Y CONDICIONES DE USO DE LA WEB.<\/p>\n\n\n\n<p>RECURSOS QUEJAS Y SANCIONES<\/p>\n\n\n\n<p>LA FINALIDAD DEL TRATAMIENTO ES EL REGISTRO DE RECLAMACIONES QUEJAS Y\/O DENUNCIAS PRESENTADAS FRENTE A ACTUACIONES DE LOSPROFESIONALES COLEGIADOS Y DE LOS ACREDITADOS CONTROL DE TRAMITACION Y RESOLUCION DE QUEJAS Y DENUNCIAS. JUSTICIA, PROCEDIMIENTO ADMINISTRATIVO, EJERCER LA POTESTAD SANCIONA DORA, Y OTRAS FINA LIDADES. LA BASEJURIDICA DEL TRATAMIENTO ES EL CONSENTIMIENTO OTROGADO POR EL INTERESADO<\/p>\n\n\n\n<p><strong>SOCIEDADES PROFESIONALES<\/strong><\/p>\n\n\n\n<p>LA FINALIDAD DEL TRATAMIENTO ES EL REGISTRO Y PUBLICIDAD DE SOCIEDADES PROFESIONALES EN EL REGISTRO DE SOCIEDADES PROFESIONALES EN LOS TERMINOS ESTABLECIDOS POR LOS ARTICULOS 1 1 8 2 Y RELACION CON ESTE ULTIMO 7 2 DE LA LEY 2\/2007, CON FINES DE GESTI\u00d3N Y CONTROL SANITARIO, FINES HIST\u00d3RICOS.ESTAD\u00cdSTICOS O CIENT\u00cdFICOS Y EL PROCEDIMIENTO ADMINISTRATIVO CORREPONDIENTE. LA BASE JUR\u00cdDICA DEL TRATAMIENTO DE LA INFORMACI\u00d3N ES EL CUMPLIMIENTO DE UNA OBLIGACI\u00d3N LEGAL.<\/p>\n\n\n\n<p><strong>RECURSOS HUMANOS<\/strong><\/p>\n\n\n\n<p>LA FINALIDAD DEL TRATAMIENTO ES LA GESTION DE LA RELACION LABORAL ENTRE LOS EMPLEADOS Y EL COLEGIO, GESTION DE NOMINAS Y ACTIVIDADES FORMATIVAS TRATAMIENTO DE LOS DATOS DE LOS CANDIDATOS EN PROCESOS DE SELECCI\u00d3N Y ACCIONES DE PREVENCI\u00d3N DE RIESGOS LABORALES. LA BASE JUR\u00cdDICA DEL TRATAMIENTO DE LA INFORMACI\u00d3N ES EL CONSENTIMIENTO DEL INTERESADO PARA LOS PROCESOS DE SELECCI\u00d3N DE PERSONAL Y EL INTER\u00c9S LEG\u00cdTIMO DE LA ENTIDAD PARA LAS CUESTIONES DE GESTI\u00d3N DE NOMINAS Y DE GESTI\u00d3N DEL DEPARTAMENTO DE RRHH. LA BASE JURIDICA ES EL CONSENTIMIENTO OTORGADO POR EL INTERESADO, EL CUMPLIMIENTO DE UNA OBLIGACI\u00d3N LEGAL<\/p>\n\n\n\n<p><strong>\u00bfPOR CU\u00c1NTO TIEMPO CONSERVAREMOS SUS DATOS?<\/strong><\/p>\n\n\n\n<p>Con car\u00e1cter general, los datos personales proporcionados se conservar\u00e1n durante el tiempo necesario para atender la solicitud de los Colegiados o mientras no se solicite la supresi\u00f3n.<\/p>\n\n\n\n<p>El plazo legalmente establecido por la legislaci\u00f3n en la materia.<\/p>\n\n\n\n<p>Las facturas, durante un plazo m\u00ednimo de 10 a\u00f1os, seg\u00fan C\u00f3digo Penal, Normativa contable tributaria, C\u00f3digo de Comercio, Normativa IVA, LIS, etc.<\/p>\n\n\n\n<p><strong>\u00bfCU\u00c1L ES LA LEGITIMACI\u00d3N PARA EL TRATAMIENTO DE SUS DATOS?<\/strong><\/p>\n\n\n\n<p>La base legal para el tratamiento de los datos es la legitimaci\u00f3n por consentimiento del Colegiado y\/o en su caso una obligaci\u00f3n legalmente exigida<\/p>\n\n\n\n<p><strong>\u00bfA QU\u00c9 DESTINATARIOS SE COMUNICAR\u00c1N SUS DATOS?<\/strong><\/p>\n\n\n\n<p>Los datos podr\u00e1n ser cedidos a: ADMINISTRACIONES Y ORGANISMOS P\u00daBLICOS PARA EL CUMPLIMIENTO DE LAS OBLIGACIONES DIRECTAMENTE EXIGIBLES A LA CORPORACION, EN CONCRETO, REGISTROS PUBLICOS, COLEGIOS PROFESIONALES, CONSEJO, ADMINISTRACI\u00d3N TRIBUTARIA<\/p>\n\n\n\n<p>OTROS ORGANOS DE LA ADMINISTRACION P\u00daBLICA. ENTIDADES DEDICADAS AL CUMPLIMIENTO\/INCUMPLIMIENTO DE OBLIGACIONES DINERARIAS<\/p>\n\n\n\n<p>BANCOS, CAJAS DE AHORROS Y CAJAS RURALES, ENTIDADES ASEGURADORAS, OTRAS ENTIDADES FINANCIERAS, ENTIDADES SANITARIAS ASOCIACIONES Y ORGANIZACIONES SIN ANIMO DE LUCRO SINDICATOS Y JUNTAS DE PERSONAL ADMINISTRACION P\u00daBLICA CON COMPETENCIA EN LA MATERIA PERSONAS O ENTIDADES DIRECTAMENTE RELACIONADAS CON EL COLEGIO (proveedor\/mantenimiento de software, mantenimiento inform\u00e1tico, gestor, asesor y cualesquiera cuyo acceso sea necesario para la propia prestaci\u00f3n del servicio)<\/p>\n\n\n\n<p><strong>RESPONSABLE DEL TRATAMIENTO<\/strong><\/p>\n\n\n\n<ul class=\"wp-block-list\">\n<li><strong>Identidad:<\/strong>\u00a0Colegio de Enfermeros de Santa Cruz de Tenerife<\/li>\n\n\n\n<li><strong>C.I.F.:<\/strong>\u00a0Q3866003A<\/li>\n\n\n\n<li><strong>Direcci\u00f3n Postal:\u00a0<\/strong>C\/San Mart\u00edn N\u00ba62<\/li>\n\n\n\n<li><strong>Tel\u00e9fono:<\/strong>\u00a0922 240 389<\/li>\n\n\n\n<li><strong>Correo Electr\u00f3nico:<\/strong>\u00a0<a href=\"mailto:coleg38@coetfe.com\">coleg38@coetfe.com<\/a><\/li>\n<\/ul>\n\n\n\n<p><strong>DELEGADO DE PROTECCI\u00d3N DE DATOS (DPD)<\/strong><\/p>\n\n\n\n<p>Para garantizar el cumplimiento de la normativa y para que cualquier interesado pueda realizar consultas o ejercer sus derechos, el Colegio Oficial de Enfermeros de Santa Cruz de Tenerife ha designado un Delegado de Protecci\u00f3n de Datos. Puede contactar con \u00e9l a trav\u00e9s de la siguiente direcci\u00f3n de correo electr\u00f3nico:<\/p>\n\n\n\n<ul class=\"wp-block-list\">\n<li><strong>Email del DPD:<\/strong>\u00a0<a href=\"mailto:dpd@coetfe.com\">dpd@coetfe.com<\/a><\/li>\n<\/ul>\n\n\n\n<p><strong>REGISTRO DE ACTIVIDADES DE TRATAMIENTO&nbsp;<\/strong><\/p>\n\n\n\n<p>El Colegio de Enfermeros de Santa Cruz de Tenerife, como responsable del tratamiento, llevar\u00e1 un&nbsp;<strong>Registro de las Actividades de Tratamiento (RAT)<\/strong>&nbsp;donde se detallan todos los tratamientos de datos personales que se llevan a cabo, sus finalidades, las categor\u00edas de interesados y de datos, y los plazos de conservaci\u00f3n, entre otros aspectos.<\/p>\n\n\n\n<p><strong>CONSERVACI\u00d3N DE LOS DATOS<\/strong><\/p>\n\n\n\n<p>Los datos personales se conservar\u00e1n durante el tiempo estrictamente necesario para cumplir con la finalidad para la que fueron recabados y para determinar las posibles responsabilidades que se pudieran derivar de dicha finalidad. En el caso de los colegiados, los datos se conservar\u00e1n mientras se mantenga su condici\u00f3n y, una vez finalizada, durante los plazos de prescripci\u00f3n legales que sean de aplicaci\u00f3n.<\/p>\n\n\n\n<p><strong>DERECHOS DE LOS INTERESADOS<\/strong><\/p>\n\n\n\n<p>Cualquier persona tiene derecho a obtener confirmaci\u00f3n sobre si en el Colegio de Enfermeros de Santa Cruz de Tenerife se est\u00e1n tratando datos personales que le conciernen. Le informamos de que puede ejercer los siguientes derechos:<\/p>\n\n\n\n<ul class=\"wp-block-list\">\n<li><strong>Derecho de Acceso:<\/strong>\u00a0A saber qu\u00e9 datos suyos tratamos.<\/li>\n\n\n\n<li><strong>Derecho de Rectificaci\u00f3n:<\/strong>\u00a0A modificar datos inexactos o incompletos.<\/li>\n\n\n\n<li><strong>Derecho de Supresi\u00f3n:<\/strong>\u00a0A solicitar la eliminaci\u00f3n de sus datos (\u201cderecho al olvido\u201d).<\/li>\n\n\n\n<li><strong>Derecho de Oposici\u00f3n:<\/strong>\u00a0A oponerse a que sus datos se usen para fines concretos.<\/li>\n\n\n\n<li><strong>Derecho a la Limitaci\u00f3n del Tratamiento:<\/strong>\u00a0A solicitar que se restrinja el uso de sus datos.<\/li>\n\n\n\n<li><strong>Derecho a la Portabilidad:<\/strong>\u00a0A recibir sus datos en un formato electr\u00f3nico para transmitirlos a otro responsable.<\/li>\n<\/ul>\n\n\n\n<p>Puede ejercer estos derechos de forma gratuita enviando una solicitud por escrito, a trav\u00e9s de:<\/p>\n\n\n\n<ul class=\"wp-block-list\">\n<li><strong>Correo electr\u00f3nico:<\/strong> <a href=\"mailto:dpd@coetfe.com\">dpd@coetfe.com<\/a><\/li>\n\n\n\n<li><strong>Correo postal:<\/strong>\u00a0Dirigido a cualquiera de nuestras delegaciones:\n<ul class=\"wp-block-list\">\n<li>Sede Santa Cruz de Tenerife. C\/ San Mart\u00edn N\u00ba 62 \u2013 38001 Santa Cruz de Tenerife<\/li>\n\n\n\n<li>Sede de La Palma C\/Anselmo P\u00e9rez Brito N\u00ba 47 -38700 Santa Cruz de La Palma.<\/li>\n<\/ul>\n<\/li>\n<\/ul>\n\n\n\n<p><strong>DERECHO A PRESENTAR UNA RECLAMACI\u00d3N<\/strong><\/p>\n\n\n\n<p>Si considera que el tratamiento de sus datos personales infringe la normativa o que no hemos satisfecho el ejercicio de sus derechos, puede presentar una reclamaci\u00f3n ante la <strong>Agencia Espa\u00f1ola de Protecci\u00f3n de Datos (AEPD)<\/strong>&nbsp;a trav\u00e9s de su sede electr\u00f3nica o su p\u00e1gina web:&nbsp;<a href=\"https:\/\/www.aepd.es\/\" target=\"_blank\" rel=\"noreferrer noopener\"><strong>https:\/\/www.aepd.es<\/strong><\/a><\/p>\n\n\n\n<p><strong>\u00daltima modificaci\u00f3n:<\/strong> 02\/02\/2026<\/p>\n\n\n\n<div class=\"wp-block-buttons is-content-justification-center is-layout-flex wp-container-core-buttons-is-layout-16018d1d wp-block-buttons-is-layout-flex\">\n<div class=\"wp-block-button\"><a class=\"wp-block-button__link wp-element-button\" href=\"https:\/\/enfermeriacanaria.com\/wptfe\/wp-content\/uploads\/INFORMACION-PROTECCION-DE-DATOS-1.odt\" target=\"_blank\" rel=\"noreferrer noopener\">Descargar como ODT<\/a><\/div>\n\n\n\n<div class=\"wp-block-button\"><a class=\"wp-block-button__link wp-element-button\" href=\"https:\/\/enfermeriacanaria.com\/wptfe\/wp-content\/uploads\/INFORMACION-PROTECCION-DE-DATOS-1.docx\" target=\"_blank\" rel=\"noreferrer noopener\">Descargar como Word<\/a><\/div>\n\n\n\n<div class=\"wp-block-button\"><a class=\"wp-block-button__link wp-element-button\" href=\"https:\/\/enfermeriacanaria.com\/wptfe\/wp-content\/uploads\/INFORMACION-PROTECCION-DE-DATOS-1.pdf\">Descargar como PDF<\/a><\/div>\n<\/div>\n\n\n\n<p><\/p>\n<div class=\"pvc_clear\"><\/div><p id=\"pvc_stats_9729\" class=\"pvc_stats all  \" data-element-id=\"9729\" style=\"\"><i class=\"pvc-stats-icon medium\" aria-hidden=\"true\"><svg xmlns=\"http:\/\/www.w3.org\/2000\/svg\" version=\"1.0\" viewBox=\"0 0 502 315\" preserveAspectRatio=\"xMidYMid meet\"><g transform=\"translate(0,332) scale(0.1,-0.1)\" fill=\"\" stroke=\"none\"><path d=\"M2394 3279 l-29 -30 -3 -207 c-2 -182 0 -211 15 -242 39 -76 157 -76 196 0 15 31 17 60 15 243 l-3 209 -33 29 c-26 23 -41 29 -80 29 -41 0 -53 -5 -78 -31z\"\/><path d=\"M3085 3251 c-45 -19 -58 -50 -96 -229 -47 -217 -49 -260 -13 -295 52 -53 146 -42 177 20 16 31 87 366 87 410 0 70 -86 122 -155 94z\"\/><path d=\"M1751 3234 c-13 -9 -29 -31 -37 -50 -12 -29 -10 -49 21 -204 19 -94 39 -189 45 -210 14 -50 54 -80 110 -80 34 0 48 6 76 34 21 21 34 44 34 59 0 14 -18 113 -40 219 -37 178 -43 195 -70 221 -36 32 -101 37 -139 11z\"\/><path d=\"M1163 3073 c-36 -7 -73 -59 -73 -102 0 -56 133 -378 171 -413 34 -32 83 -37 129 -13 70 36 67 87 -16 290 -86 209 -89 214 -129 231 -35 14 -42 15 -82 7z\"\/><path d=\"M3689 3066 c-15 -9 -33 -30 -42 -48 -48 -103 -147 -355 -147 -375 0 -98 131 -148 192 -74 13 15 57 108 97 206 80 196 84 226 37 273 -30 30 -99 39 -137 18z\"\/><path d=\"M583 2784 c-38 -19 -67 -74 -58 -113 9 -42 211 -354 242 -373 16 -10 45 -18 66 -18 51 0 107 52 107 100 0 39 -1 41 -124 234 -80 126 -108 162 -133 173 -41 17 -61 16 -100 -3z\"\/><path d=\"M4250 2784 c-14 -9 -74 -91 -133 -183 -95 -150 -107 -173 -107 -213 0 -55 33 -94 87 -104 67 -13 90 8 211 198 130 202 137 225 78 284 -27 27 -42 34 -72 34 -22 0 -50 -8 -64 -16z\"\/><path d=\"M2275 2693 c-553 -48 -1095 -270 -1585 -649 -135 -104 -459 -423 -483 -476 -23 -49 -22 -139 2 -186 73 -142 361 -457 571 -626 285 -228 642 -407 990 -497 242 -63 336 -73 660 -74 310 0 370 5 595 52 535 111 1045 392 1455 803 122 121 250 273 275 326 19 41 19 137 0 174 -41 79 -309 363 -465 492 -447 370 -946 591 -1479 653 -113 14 -422 18 -536 8z m395 -428 c171 -34 330 -124 456 -258 112 -119 167 -219 211 -378 27 -96 24 -300 -5 -401 -72 -255 -236 -447 -474 -557 -132 -62 -201 -76 -368 -76 -167 0 -236 14 -368 76 -213 98 -373 271 -451 485 -162 444 86 934 547 1084 153 49 292 57 452 25z m909 -232 c222 -123 408 -262 593 -441 76 -74 138 -139 138 -144 0 -16 -233 -242 -330 -319 -155 -123 -309 -223 -461 -299 l-81 -41 32 46 c18 26 49 83 70 128 143 306 141 649 -6 957 -25 52 -61 116 -79 142 l-34 47 45 -20 c26 -10 76 -36 113 -56z m-2057 25 c-40 -58 -105 -190 -130 -263 -110 -324 -59 -707 132 -981 25 -35 42 -64 37 -64 -19 0 -241 119 -326 174 -188 122 -406 314 -532 468 l-58 71 108 103 c185 178 428 349 672 473 66 33 121 60 123 61 2 0 -10 -19 -26 -42z\"\/><path d=\"M2375 1950 c-198 -44 -350 -190 -395 -379 -18 -76 -8 -221 19 -290 114 -284 457 -406 731 -260 98 52 188 154 231 260 27 69 37 214 19 290 -38 163 -166 304 -326 360 -67 23 -215 33 -279 19z\"\/><\/g><\/svg><\/i> <img decoding=\"async\" width=\"16\" height=\"16\" alt=\"Loading\" src=\"https:\/\/enfermeriacanaria.com\/wptfe\/wp-content\/plugins\/page-views-count\/ajax-loader-2x.gif\" border=0 \/><\/p><div class=\"pvc_clear\"><\/div>","protected":false},"excerpt":{"rendered":"<p>la protecci\u00f3n de los datos personales, sin car\u00e1cter exhaustivo, con lo establecido en el Reglamento (UE) 2016\/679 del Parlamento Europeo y del Consejo, de 27 de abril de 2016 (RGPD), y en la Ley Org\u00e1nica [&#8230;]<\/p>\n<div class=\"pvc_clear\"><\/div>\n<p id=\"pvc_stats_9729\" class=\"pvc_stats all  \" data-element-id=\"9729\" style=\"\"><i class=\"pvc-stats-icon medium\" aria-hidden=\"true\"><svg xmlns=\"http:\/\/www.w3.org\/2000\/svg\" version=\"1.0\" viewBox=\"0 0 502 315\" preserveAspectRatio=\"xMidYMid meet\"><g transform=\"translate(0,332) scale(0.1,-0.1)\" fill=\"\" stroke=\"none\"><path d=\"M2394 3279 l-29 -30 -3 -207 c-2 -182 0 -211 15 -242 39 -76 157 -76 196 0 15 31 17 60 15 243 l-3 209 -33 29 c-26 23 -41 29 -80 29 -41 0 -53 -5 -78 -31z\"\/><path d=\"M3085 3251 c-45 -19 -58 -50 -96 -229 -47 -217 -49 -260 -13 -295 52 -53 146 -42 177 20 16 31 87 366 87 410 0 70 -86 122 -155 94z\"\/><path d=\"M1751 3234 c-13 -9 -29 -31 -37 -50 -12 -29 -10 -49 21 -204 19 -94 39 -189 45 -210 14 -50 54 -80 110 -80 34 0 48 6 76 34 21 21 34 44 34 59 0 14 -18 113 -40 219 -37 178 -43 195 -70 221 -36 32 -101 37 -139 11z\"\/><path d=\"M1163 3073 c-36 -7 -73 -59 -73 -102 0 -56 133 -378 171 -413 34 -32 83 -37 129 -13 70 36 67 87 -16 290 -86 209 -89 214 -129 231 -35 14 -42 15 -82 7z\"\/><path d=\"M3689 3066 c-15 -9 -33 -30 -42 -48 -48 -103 -147 -355 -147 -375 0 -98 131 -148 192 -74 13 15 57 108 97 206 80 196 84 226 37 273 -30 30 -99 39 -137 18z\"\/><path d=\"M583 2784 c-38 -19 -67 -74 -58 -113 9 -42 211 -354 242 -373 16 -10 45 -18 66 -18 51 0 107 52 107 100 0 39 -1 41 -124 234 -80 126 -108 162 -133 173 -41 17 -61 16 -100 -3z\"\/><path d=\"M4250 2784 c-14 -9 -74 -91 -133 -183 -95 -150 -107 -173 -107 -213 0 -55 33 -94 87 -104 67 -13 90 8 211 198 130 202 137 225 78 284 -27 27 -42 34 -72 34 -22 0 -50 -8 -64 -16z\"\/><path d=\"M2275 2693 c-553 -48 -1095 -270 -1585 -649 -135 -104 -459 -423 -483 -476 -23 -49 -22 -139 2 -186 73 -142 361 -457 571 -626 285 -228 642 -407 990 -497 242 -63 336 -73 660 -74 310 0 370 5 595 52 535 111 1045 392 1455 803 122 121 250 273 275 326 19 41 19 137 0 174 -41 79 -309 363 -465 492 -447 370 -946 591 -1479 653 -113 14 -422 18 -536 8z m395 -428 c171 -34 330 -124 456 -258 112 -119 167 -219 211 -378 27 -96 24 -300 -5 -401 -72 -255 -236 -447 -474 -557 -132 -62 -201 -76 -368 -76 -167 0 -236 14 -368 76 -213 98 -373 271 -451 485 -162 444 86 934 547 1084 153 49 292 57 452 25z m909 -232 c222 -123 408 -262 593 -441 76 -74 138 -139 138 -144 0 -16 -233 -242 -330 -319 -155 -123 -309 -223 -461 -299 l-81 -41 32 46 c18 26 49 83 70 128 143 306 141 649 -6 957 -25 52 -61 116 -79 142 l-34 47 45 -20 c26 -10 76 -36 113 -56z m-2057 25 c-40 -58 -105 -190 -130 -263 -110 -324 -59 -707 132 -981 25 -35 42 -64 37 -64 -19 0 -241 119 -326 174 -188 122 -406 314 -532 468 l-58 71 108 103 c185 178 428 349 672 473 66 33 121 60 123 61 2 0 -10 -19 -26 -42z\"\/><path d=\"M2375 1950 c-198 -44 -350 -190 -395 -379 -18 -76 -8 -221 19 -290 114 -284 457 -406 731 -260 98 52 188 154 231 260 27 69 37 214 19 290 -38 163 -166 304 -326 360 -67 23 -215 33 -279 19z\"\/><\/g><\/svg><\/i> <img decoding=\"async\" width=\"16\" height=\"16\" alt=\"Loading\" src=\"https:\/\/enfermeriacanaria.com\/wptfe\/wp-content\/plugins\/page-views-count\/ajax-loader-2x.gif\" border=0 \/><\/p>\n<div class=\"pvc_clear\"><\/div>\n","protected":false},"author":4,"featured_media":0,"parent":9706,"menu_order":0,"comment_status":"closed","ping_status":"closed","template":"","meta":{"footnotes":""},"class_list":["post-9729","page","type-page","status-publish","hentry"],"a3_pvc":{"activated":true,"total_views":147,"today_views":0},"jetpack_sharing_enabled":true,"jetpack_shortlink":"https:\/\/wp.me\/P57dxf-2wV","jetpack_likes_enabled":true,"_links":{"self":[{"href":"https:\/\/enfermeriacanaria.com\/wptfe\/wp-json\/wp\/v2\/pages\/9729","targetHints":{"allow":["GET"]}}],"collection":[{"href":"https:\/\/enfermeriacanaria.com\/wptfe\/wp-json\/wp\/v2\/pages"}],"about":[{"href":"https:\/\/enfermeriacanaria.com\/wptfe\/wp-json\/wp\/v2\/types\/page"}],"author":[{"embeddable":true,"href":"https:\/\/enfermeriacanaria.com\/wptfe\/wp-json\/wp\/v2\/users\/4"}],"replies":[{"embeddable":true,"href":"https:\/\/enfermeriacanaria.com\/wptfe\/wp-json\/wp\/v2\/comments?post=9729"}],"version-history":[{"count":3,"href":"https:\/\/enfermeriacanaria.com\/wptfe\/wp-json\/wp\/v2\/pages\/9729\/revisions"}],"predecessor-version":[{"id":15759,"href":"https:\/\/enfermeriacanaria.com\/wptfe\/wp-json\/wp\/v2\/pages\/9729\/revisions\/15759"}],"up":[{"embeddable":true,"href":"https:\/\/enfermeriacanaria.com\/wptfe\/wp-json\/wp\/v2\/pages\/9706"}],"wp:attachment":[{"href":"https:\/\/enfermeriacanaria.com\/wptfe\/wp-json\/wp\/v2\/media?parent=9729"}],"curies":[{"name":"wp","href":"https:\/\/api.w.org\/{rel}","templated":true}]}}