{"id":6121,"date":"2021-05-07T09:24:25","date_gmt":"2021-05-07T09:24:25","guid":{"rendered":"https:\/\/enfermeriacanaria.com\/wptfe\/?page_id=6121"},"modified":"2025-04-14T13:03:34","modified_gmt":"2025-04-14T13:03:34","slug":"encuestas","status":"publish","type":"page","link":"https:\/\/enfermeriacanaria.com\/wptfe\/encuestas\/","title":{"rendered":"Encuestas"},"content":{"rendered":"\n<p>El Colegio, ha habilitado este espacio para aquellos colegiados, alumnos de grado o instituciones que necesiten difundir alguna encuesta relacionada con proyectos de investigaci\u00f3n, si desean que su encuesta aparezca en nuestra p\u00e1gina deber\u00e1 remitir el enlace de la misma junto con sus datos de contacto, al correo electr\u00f3nico&nbsp;<a href=\"mailto:coleg38@enfermeriacanaria.com\">coleg38@enfermeriacanaria.com<\/a><\/p>\n\n\n\n<p>Para acceder a la encuesta pulse sobre el enlace correspondiente.<\/p>\n\n\n\n<h2 class=\"wp-block-heading\"><strong>Instituciones:<\/strong><\/h2>\n\n\n\n<p><strong>Actitudes y Conocimientos de Vacunaci\u00f3n en Adultos de los Profesionales de Enfermer\u00eda en Espa\u00f1a<\/strong><\/p>\n\n\n\n<p>Con el objetivo de conocer mejor cu\u00e1l es la percepci\u00f3n, la pr\u00e1ctica cl\u00ednica y los conocimientos de sus profesionales en la vacunaci\u00f3n del adulto, el Consejo General de Enfermer\u00eda y la Asociaci\u00f3n Enfermer\u00eda y Vacunas (ANENVAC) han lanzado una&nbsp;<strong>encuesta dirigida a todas las enfermeras espa\u00f1olas, independientemente de su \u00e1mbito de actuaci\u00f3n<\/strong>.<u><\/u><u><\/u><\/p>\n\n\n\n<p>Se trata de un&nbsp;<strong>cuestionario directo y sencillo<\/strong>&nbsp;que requiere&nbsp;<strong>de apenas 3 minutos<\/strong>&nbsp;para completarse y con el que, sin embargo, se pretende recabar informaci\u00f3n clave que permita, una vez analizados los datos, dise\u00f1ar herramientas dirigidas a mejorar la intervenci\u00f3n vacunal enfermera y con ello tambi\u00e9n la cobertura.<u><\/u><u><\/u><\/p>\n\n\n\n<p>Esta iniciativa cuenta con la colaboraci\u00f3n de la biofarmac\u00e9utica GSK y el dise\u00f1o ha reca\u00eddo en An\u00e1lisis e Investigaci\u00f3n, que ser\u00e1 la encargada de trasladar los resultados a las enfermeras del Instituto de Investigaci\u00f3n del Consejo General de Enfermer\u00eda y ANENVAC para, a partir de ah\u00ed, empezar a trabajar en la elaboraci\u00f3n de herramientas \u00fatiles y pr\u00e1cticas que atiendan a las necesidades detectadas.<\/p>\n\n\n\n<p><a href=\"https:\/\/recuest3.grupo-aei.com\/api\/222620\/?idU=1\">Actitudes y Conocimientos de Vacunaci\u00f3n en Adultos de los Profesionales de Enfermer\u00eda en Espa\u00f1a <\/a>11\/10\/2022<\/p>\n\n\n\n<hr class=\"wp-block-separator has-css-opacity\"\/>\n\n\n\n<h2 class=\"wp-block-heading\"><strong>Encuestas TFG\/TFM<\/strong><\/h2>\n\n\n\n<ul class=\"wp-block-list\">\n<li><a href=\"https:\/\/enfermeriacanaria.com\/wptfe\/?p=14594\" target=\"_blank\" rel=\"noreferrer noopener\">Percepci\u00f3n de las enfermeras sobre la comunicaci\u00f3n con familiares en unidades de cuidados intensivos de Canarias: un m\u00e9todo mixto.<\/a> 14\/04\/2025<\/li>\n\n\n\n<li><a href=\"https:\/\/enfermeriacanaria.com\/wptfe\/?p=14471\" target=\"_blank\" rel=\"noreferrer noopener\">La compasi\u00f3n y el significado en el trabajo<\/a> 17\/03\/2025<\/li>\n\n\n\n<li><a href=\"https:\/\/enfermeriacanaria.com\/wptfe\/?p=14446\" target=\"_blank\" rel=\"noreferrer noopener\">Selecci\u00f3n: Ratio enfermera- paciente en la unidad de Endoscopia Digestiva y sus competencias.<\/a> 11\/03\/2025<\/li>\n\n\n\n<li><a aria-label=\"\u00abIdeaci\u00f3n suicida y s\u00edndrome de burn out en enfermeros espa\u00f1oles: estudio de variables personales y contextuales relacionadas y creaci\u00f3n de una web informativa\u00bb (abre en una nueva pesta\u00f1a)\" href=\"https:\/\/enfermeriacanaria.com\/wptfe\/\" target=\"_blank\" rel=\"noreferrer noopener\">\u00abIdeaci\u00f3n suicida y s\u00edndrome de burn out en enfermeros espa\u00f1oles: estudio de variables personales y contextuales relacionadas y creaci\u00f3n de una web informativa\u00bb<\/a>. 05\/01\/2024<\/li>\n\n\n\n<li><a aria-label=\"Cuestionario de Colaboraci\u00f3n en estudios de investigaci\u00f3n REiCOP (abre en una nueva pesta\u00f1a)\" href=\"https:\/\/enfermeriacanaria.com\/wptfe\/?p=12078#.ZDPsw3bMKUk\" target=\"_blank\" rel=\"noreferrer noopener\">Cuestionario de Colaboraci\u00f3n en estudios de investigaci\u00f3n REiCOP <\/a>10\/04\/2023<\/li>\n\n\n\n<li><a href=\"https:\/\/enfermeriacanaria.com\/wptfe\/?p=12023\" rel=\"bookmark\">Encuesta Fin de grado actitud de las\/los Enfermeras\/os frente a la Eutanasia <\/a>23\/03\/2023<p><\/p><\/li>\n<\/ul>\n\n\n\n<hr class=\"wp-block-separator has-css-opacity\"\/>\n\n\n\n<ul class=\"wp-block-list\">\n<li class=\"has-small-font-size\"><a href=\"https:\/\/enfermeriacanaria.com\/wptfe\/?p=11512#.Y2jyXHbP2Uk\">Encuesta: EMERGENCIAS EN AVIONES\u00bfUSTED HA VIVIDO ALGUNA SITUACI\u00d3N DE EMERGENCIA SANITARIA EN UN VUELO COMERCIAL? <\/a>07\/11\/2022<p><\/p><\/li>\n\n\n\n<li><a href=\"https:\/\/enfermeriacanaria.com\/wptfe\/?p=11168#.YlPrL9PMKUk\">Encuesta Trabajo Fin Master Universidad de Valencia<\/a> 11\/04\/2022<\/li>\n\n\n\n<li><a href=\"http:\/\/www.areasaludtalavera.es\/encuestasls\/index.php\/614928?lang=es\">I+D: FORMACION ESPECIALIZADA COVID<\/a> 28\/01\/2022<\/li>\n<\/ul>\n\n\n\n<hr class=\"wp-block-separator has-css-opacity\"\/>\n\n\n\n<ul class=\"wp-block-list\">\n<li><a href=\"https:\/\/forms.gle\/zR325xWpatSpWxX88\">Gesti\u00f3n de la patolog\u00eda podol\u00f3gica en pacientes oncol\u00f3gicos en Atenci\u00f3n Primaria<\/a> 25\/05\/2021<\/li>\n\n\n\n<li><a href=\"https:\/\/forms.gle\/RfjJwsYj8R73b2Ua6\">Valoraci\u00f3n de la sobrecarga de trabajo y los estresores laborales del personal de Enfermer\u00eda de Tenerife durante la pandemia. <\/a> 07\/05\/2021<\/li>\n\n\n\n<li><a href=\"https:\/\/forms.gle\/Vaqzbts2KNsD3i4TA\">El efecto terap\u00e9utico de la sonrisa en los pacientes geri\u00e1tricos<\/a> 07\/05\/2021<\/li>\n<\/ul>\n\n\n\n<h2 class=\"wp-block-heading\"><strong>Estudios<\/strong><\/h2>\n\n\n\n<ul class=\"wp-block-list\">\n<li><a href=\"https:\/\/enfermeriacanaria.com\/wptfe\/?p=14410\" target=\"_blank\" rel=\"noreferrer noopener\">PARTICIPACI\u00d3N INVESTIGACI\u00d3N \u00abCONOCIMIENTO EN ANTICONCEPCI\u00d3N EN PROFESIONALES DE ENFERMER\u00cdA\u00bb <\/a>28\/02\/2025<\/li>\n\n\n\n<li><a href=\"https:\/\/enfermeriacanaria.com\/wptfe\/?p=13993\">Encuesta para profesionales sanitarios proyecto 4D Pictures<\/a> 22\/10\/2024<\/li>\n\n\n\n<li><a aria-label=\"Encuesta: \u201cCompetencia digital en salud de los profesionales sanitarios y sociosanitarios en entornos asistenciales en Espa\u00f1a\u201d (abre en una nueva pesta\u00f1a)\" href=\"https:\/\/enfermeriacanaria.com\/wptfe\/?p=12816\" target=\"_blank\" rel=\"noreferrer noopener\">Encuesta: \u201cCompetencia digital en salud de los profesionales sanitarios y sociosanitarios en entornos asistenciales en Espa\u00f1a\u201d<\/a> 02\/11\/2023<\/li>\n\n\n\n<li><a aria-label=\"Autonom\u00eda y reconocimiento de las matronas en Espa\u00f1a (abre en una nueva pesta\u00f1a)\" href=\"https:\/\/enfermeriacanaria.com\/wptfe\/#.ZEkTvXbMKUk\" target=\"_blank\" rel=\"noreferrer noopener\">Autonom\u00eda y reconocimiento de las matronas en Espa\u00f1a<\/a> 26\/04\/2023<\/li>\n\n\n\n<li><a aria-label=\"Cuestionario de Colaboraci\u00f3n en Estudios de Investigaci\u00f3n -REiCOP (abre en una nueva pesta\u00f1a)\" href=\"https:\/\/enfermeriacanaria.com\/wptfe\/?p=12078#.ZDPsw3bMKUk\" target=\"_blank\" rel=\"noreferrer noopener\">Cuestionario de Colaboraci\u00f3n en Estudios de Investigaci\u00f3n -REiCOP<\/a> 10\/04\/2023<\/li>\n\n\n\n<li><a href=\"https:\/\/enfermeriacanaria.com\/wptfe\/?p=12025\" rel=\"bookmark\">Encuesta Estado de la sutura de heridas traum\u00e1ticas <\/a>23\/03\/2023<p><\/p><\/li>\n\n\n\n<li><a href=\"https:\/\/enfermeriacanaria.com\/wptfe\/?p=12021\" rel=\"bookmark\">ENCUESTA ENFERMERAS\/OS VALENCIA 22\/23 <\/a>23\/03\/2023<p><\/p><\/li>\n\n\n\n<li><a href=\"https:\/\/enfermeriacanaria.com\/wptfe\/\">Visibilizar los cuidados de las personas mayores durante la pandemia por Covid-19 en residencias de Espa\u00f1a: estudio multic\u00e9ntrico <\/a>23\/03\/2023<span style=\"font-size: inherit; background-color: initial;\"> <\/span><p><\/p><\/li>\n<\/ul>\n\n\n\n<hr class=\"wp-block-separator has-css-opacity\"\/>\n\n\n\n<ul class=\"wp-block-list\">\n<li><a href=\"https:\/\/enfermeriacanaria.com\/wptfe\/?p=10905#.YcHt8mjP2Uk\">Proyecto de Investigaci\u00f3n Mentalist <\/a>21\/12\/2021<\/li>\n\n\n\n<li><a href=\"https:\/\/enfermeriacanaria.com\/wptfe\/?p=10902#.YcHqnmjP2Uk\">\u00abEMPODERAMIENTO Y SATISFACI\u00d3N LABORAL EN PROFESIONALES DE ENFERMER\u00cdA DE TENERIFE\u00bb <\/a>21\/12\/2021<\/li>\n\n\n\n<li><a href=\"https:\/\/forms.gle\/7yvgYMpypomHJZVq6\">Impacto de la COVID-19 sobre la conciliaci\u00f3n familiar y laboral y su relaci\u00f3n con la calidad de vida relacionada con la salud en el personal de enfermer\u00eda.<\/a> 25\/05\/2021<\/li>\n<\/ul>\n<div class=\"pvc_clear\"><\/div><p id=\"pvc_stats_6121\" class=\"pvc_stats all  \" data-element-id=\"6121\" style=\"\"><i class=\"pvc-stats-icon medium\" aria-hidden=\"true\"><svg xmlns=\"http:\/\/www.w3.org\/2000\/svg\" version=\"1.0\" viewBox=\"0 0 502 315\" preserveAspectRatio=\"xMidYMid meet\"><g transform=\"translate(0,332) scale(0.1,-0.1)\" fill=\"\" stroke=\"none\"><path d=\"M2394 3279 l-29 -30 -3 -207 c-2 -182 0 -211 15 -242 39 -76 157 -76 196 0 15 31 17 60 15 243 l-3 209 -33 29 c-26 23 -41 29 -80 29 -41 0 -53 -5 -78 -31z\"\/><path d=\"M3085 3251 c-45 -19 -58 -50 -96 -229 -47 -217 -49 -260 -13 -295 52 -53 146 -42 177 20 16 31 87 366 87 410 0 70 -86 122 -155 94z\"\/><path d=\"M1751 3234 c-13 -9 -29 -31 -37 -50 -12 -29 -10 -49 21 -204 19 -94 39 -189 45 -210 14 -50 54 -80 110 -80 34 0 48 6 76 34 21 21 34 44 34 59 0 14 -18 113 -40 219 -37 178 -43 195 -70 221 -36 32 -101 37 -139 11z\"\/><path d=\"M1163 3073 c-36 -7 -73 -59 -73 -102 0 -56 133 -378 171 -413 34 -32 83 -37 129 -13 70 36 67 87 -16 290 -86 209 -89 214 -129 231 -35 14 -42 15 -82 7z\"\/><path d=\"M3689 3066 c-15 -9 -33 -30 -42 -48 -48 -103 -147 -355 -147 -375 0 -98 131 -148 192 -74 13 15 57 108 97 206 80 196 84 226 37 273 -30 30 -99 39 -137 18z\"\/><path d=\"M583 2784 c-38 -19 -67 -74 -58 -113 9 -42 211 -354 242 -373 16 -10 45 -18 66 -18 51 0 107 52 107 100 0 39 -1 41 -124 234 -80 126 -108 162 -133 173 -41 17 -61 16 -100 -3z\"\/><path d=\"M4250 2784 c-14 -9 -74 -91 -133 -183 -95 -150 -107 -173 -107 -213 0 -55 33 -94 87 -104 67 -13 90 8 211 198 130 202 137 225 78 284 -27 27 -42 34 -72 34 -22 0 -50 -8 -64 -16z\"\/><path d=\"M2275 2693 c-553 -48 -1095 -270 -1585 -649 -135 -104 -459 -423 -483 -476 -23 -49 -22 -139 2 -186 73 -142 361 -457 571 -626 285 -228 642 -407 990 -497 242 -63 336 -73 660 -74 310 0 370 5 595 52 535 111 1045 392 1455 803 122 121 250 273 275 326 19 41 19 137 0 174 -41 79 -309 363 -465 492 -447 370 -946 591 -1479 653 -113 14 -422 18 -536 8z m395 -428 c171 -34 330 -124 456 -258 112 -119 167 -219 211 -378 27 -96 24 -300 -5 -401 -72 -255 -236 -447 -474 -557 -132 -62 -201 -76 -368 -76 -167 0 -236 14 -368 76 -213 98 -373 271 -451 485 -162 444 86 934 547 1084 153 49 292 57 452 25z m909 -232 c222 -123 408 -262 593 -441 76 -74 138 -139 138 -144 0 -16 -233 -242 -330 -319 -155 -123 -309 -223 -461 -299 l-81 -41 32 46 c18 26 49 83 70 128 143 306 141 649 -6 957 -25 52 -61 116 -79 142 l-34 47 45 -20 c26 -10 76 -36 113 -56z m-2057 25 c-40 -58 -105 -190 -130 -263 -110 -324 -59 -707 132 -981 25 -35 42 -64 37 -64 -19 0 -241 119 -326 174 -188 122 -406 314 -532 468 l-58 71 108 103 c185 178 428 349 672 473 66 33 121 60 123 61 2 0 -10 -19 -26 -42z\"\/><path d=\"M2375 1950 c-198 -44 -350 -190 -395 -379 -18 -76 -8 -221 19 -290 114 -284 457 -406 731 -260 98 52 188 154 231 260 27 69 37 214 19 290 -38 163 -166 304 -326 360 -67 23 -215 33 -279 19z\"\/><\/g><\/svg><\/i> <img decoding=\"async\" width=\"16\" height=\"16\" alt=\"Loading\" src=\"https:\/\/enfermeriacanaria.com\/wptfe\/wp-content\/plugins\/page-views-count\/ajax-loader-2x.gif\" border=0 \/><\/p><div class=\"pvc_clear\"><\/div>","protected":false},"excerpt":{"rendered":"<p>El Colegio, ha habilitado este espacio para aquellos colegiados, alumnos de grado o instituciones que necesiten difundir alguna encuesta relacionada con proyectos de investigaci\u00f3n, si desean que su encuesta aparezca en nuestra p\u00e1gina deber\u00e1 remitir [&#8230;]<\/p>\n<div class=\"pvc_clear\"><\/div>\n<p id=\"pvc_stats_6121\" class=\"pvc_stats all  \" data-element-id=\"6121\" style=\"\"><i class=\"pvc-stats-icon medium\" aria-hidden=\"true\"><svg xmlns=\"http:\/\/www.w3.org\/2000\/svg\" version=\"1.0\" viewBox=\"0 0 502 315\" preserveAspectRatio=\"xMidYMid meet\"><g transform=\"translate(0,332) scale(0.1,-0.1)\" fill=\"\" stroke=\"none\"><path d=\"M2394 3279 l-29 -30 -3 -207 c-2 -182 0 -211 15 -242 39 -76 157 -76 196 0 15 31 17 60 15 243 l-3 209 -33 29 c-26 23 -41 29 -80 29 -41 0 -53 -5 -78 -31z\"\/><path d=\"M3085 3251 c-45 -19 -58 -50 -96 -229 -47 -217 -49 -260 -13 -295 52 -53 146 -42 177 20 16 31 87 366 87 410 0 70 -86 122 -155 94z\"\/><path d=\"M1751 3234 c-13 -9 -29 -31 -37 -50 -12 -29 -10 -49 21 -204 19 -94 39 -189 45 -210 14 -50 54 -80 110 -80 34 0 48 6 76 34 21 21 34 44 34 59 0 14 -18 113 -40 219 -37 178 -43 195 -70 221 -36 32 -101 37 -139 11z\"\/><path d=\"M1163 3073 c-36 -7 -73 -59 -73 -102 0 -56 133 -378 171 -413 34 -32 83 -37 129 -13 70 36 67 87 -16 290 -86 209 -89 214 -129 231 -35 14 -42 15 -82 7z\"\/><path d=\"M3689 3066 c-15 -9 -33 -30 -42 -48 -48 -103 -147 -355 -147 -375 0 -98 131 -148 192 -74 13 15 57 108 97 206 80 196 84 226 37 273 -30 30 -99 39 -137 18z\"\/><path d=\"M583 2784 c-38 -19 -67 -74 -58 -113 9 -42 211 -354 242 -373 16 -10 45 -18 66 -18 51 0 107 52 107 100 0 39 -1 41 -124 234 -80 126 -108 162 -133 173 -41 17 -61 16 -100 -3z\"\/><path d=\"M4250 2784 c-14 -9 -74 -91 -133 -183 -95 -150 -107 -173 -107 -213 0 -55 33 -94 87 -104 67 -13 90 8 211 198 130 202 137 225 78 284 -27 27 -42 34 -72 34 -22 0 -50 -8 -64 -16z\"\/><path d=\"M2275 2693 c-553 -48 -1095 -270 -1585 -649 -135 -104 -459 -423 -483 -476 -23 -49 -22 -139 2 -186 73 -142 361 -457 571 -626 285 -228 642 -407 990 -497 242 -63 336 -73 660 -74 310 0 370 5 595 52 535 111 1045 392 1455 803 122 121 250 273 275 326 19 41 19 137 0 174 -41 79 -309 363 -465 492 -447 370 -946 591 -1479 653 -113 14 -422 18 -536 8z m395 -428 c171 -34 330 -124 456 -258 112 -119 167 -219 211 -378 27 -96 24 -300 -5 -401 -72 -255 -236 -447 -474 -557 -132 -62 -201 -76 -368 -76 -167 0 -236 14 -368 76 -213 98 -373 271 -451 485 -162 444 86 934 547 1084 153 49 292 57 452 25z m909 -232 c222 -123 408 -262 593 -441 76 -74 138 -139 138 -144 0 -16 -233 -242 -330 -319 -155 -123 -309 -223 -461 -299 l-81 -41 32 46 c18 26 49 83 70 128 143 306 141 649 -6 957 -25 52 -61 116 -79 142 l-34 47 45 -20 c26 -10 76 -36 113 -56z m-2057 25 c-40 -58 -105 -190 -130 -263 -110 -324 -59 -707 132 -981 25 -35 42 -64 37 -64 -19 0 -241 119 -326 174 -188 122 -406 314 -532 468 l-58 71 108 103 c185 178 428 349 672 473 66 33 121 60 123 61 2 0 -10 -19 -26 -42z\"\/><path d=\"M2375 1950 c-198 -44 -350 -190 -395 -379 -18 -76 -8 -221 19 -290 114 -284 457 -406 731 -260 98 52 188 154 231 260 27 69 37 214 19 290 -38 163 -166 304 -326 360 -67 23 -215 33 -279 19z\"\/><\/g><\/svg><\/i> <img decoding=\"async\" width=\"16\" height=\"16\" alt=\"Loading\" src=\"https:\/\/enfermeriacanaria.com\/wptfe\/wp-content\/plugins\/page-views-count\/ajax-loader-2x.gif\" border=0 \/><\/p>\n<div class=\"pvc_clear\"><\/div>\n","protected":false},"author":4,"featured_media":0,"parent":0,"menu_order":0,"comment_status":"closed","ping_status":"closed","template":"","meta":{"footnotes":""},"class_list":["post-6121","page","type-page","status-publish","hentry"],"a3_pvc":{"activated":true,"total_views":380,"today_views":0},"jetpack_sharing_enabled":true,"jetpack_shortlink":"https:\/\/wp.me\/P57dxf-1AJ","jetpack_likes_enabled":true,"_links":{"self":[{"href":"https:\/\/enfermeriacanaria.com\/wptfe\/wp-json\/wp\/v2\/pages\/6121","targetHints":{"allow":["GET"]}}],"collection":[{"href":"https:\/\/enfermeriacanaria.com\/wptfe\/wp-json\/wp\/v2\/pages"}],"about":[{"href":"https:\/\/enfermeriacanaria.com\/wptfe\/wp-json\/wp\/v2\/types\/page"}],"author":[{"embeddable":true,"href":"https:\/\/enfermeriacanaria.com\/wptfe\/wp-json\/wp\/v2\/users\/4"}],"replies":[{"embeddable":true,"href":"https:\/\/enfermeriacanaria.com\/wptfe\/wp-json\/wp\/v2\/comments?post=6121"}],"version-history":[{"count":32,"href":"https:\/\/enfermeriacanaria.com\/wptfe\/wp-json\/wp\/v2\/pages\/6121\/revisions"}],"predecessor-version":[{"id":14596,"href":"https:\/\/enfermeriacanaria.com\/wptfe\/wp-json\/wp\/v2\/pages\/6121\/revisions\/14596"}],"wp:attachment":[{"href":"https:\/\/enfermeriacanaria.com\/wptfe\/wp-json\/wp\/v2\/media?parent=6121"}],"curies":[{"name":"wp","href":"https:\/\/api.w.org\/{rel}","templated":true}]}}