{"id":373,"date":"2009-07-15T01:03:24","date_gmt":"2009-07-15T01:03:24","guid":{"rendered":"https:\/\/enfermeriacanaria.com\/wptfe\/?page_id=373"},"modified":"2024-12-18T10:15:12","modified_gmt":"2024-12-18T10:15:12","slug":"otros","status":"publish","type":"page","link":"https:\/\/enfermeriacanaria.com\/wptfe\/documentos\/otros\/","title":{"rendered":"Otros"},"content":{"rendered":"\n<p style=\"font-size:22px;font-style:normal;font-weight:700\">Plan de Acci\u00f3n de Atenci\u00f3n Primaria y Comunitaria 2025 &#8211; 2027<\/p>\n\n\n\n<p>Documento <a href=\"https:\/\/enfermeriacanaria.com\/wptfe\/wp-content\/uploads\/PLAN_DE_ACCION_DE_ATENCION_PRIMARIA_Y_COMUNITARIA_2025-2027.pdf\" target=\"_blank\" rel=\"noreferrer noopener\">\u00edntegro en el enlace<\/a><\/p>\n\n\n\n<h3 class=\"wp-block-heading\">Informe Anual del Sistema Nacional de Salud 2022<\/h3>\n\n\n\n<p>Documento <a href=\"http:\/\/Informe Anual del Sistema Nacional de Salud 2022\" data-wplink-url-error=\"true\">\u00edntegro en el enlace<\/a><\/p>\n\n\n\n<h3 class=\"wp-block-heading\">Ley Org\u00e1nica 1\/2023, de 28 de febrero, por la que se modifica la Ley Org\u00e1nica 2\/2010, de 3 de marzo, de salud sexual y reproductiva y de la interrupci\u00f3n voluntaria del embarazo<\/h3>\n\n\n\n<p>Documento<a href=\"https:\/\/www.boe.es\/boe\/dias\/2023\/03\/01\/pdfs\/BOE-A-2023-5364.pdf\" target=\"_blank\" rel=\"noopener noreferrer\"> \u00edntegro en el enlace.<\/a><\/p>\n\n\n\n<h3 class=\"wp-block-heading\">Ley 4\/2023, de 28 de febrero, para la igualdad real y efectiva de las personas trans y para la garant\u00eda de los derechos de las personas LGTBI<\/h3>\n\n\n\n<p>Documento <a href=\"https:\/\/www.boe.es\/boe\/dias\/2023\/03\/01\/pdfs\/BOE-A-2023-5366.pdf\" target=\"_blank\" rel=\"noopener noreferrer\">\u00edntegro en el enlace.<\/a><\/p>\n\n\n\n<h3 class=\"wp-block-heading\">Real Decreto 581\/2017, de 9 de junio, por el que se incorpora al ordenamiento jur\u00eddico espa\u00f1ol la Directiva 2013\/55\/UE del Parlamento Europeo y del Consejo, de 20 de noviembre de 2013, por la que se modifica la Directiva 2005\/36\/CE relativa al reconocimiento de cualificaciones profesionales y el Reglamento (UE) n.\u00ba 1024\/2012 relativo a la cooperaci\u00f3n administrativa a trav\u00e9s del Sistema de Informaci\u00f3n del Mercado Interior (Reglamento IMI).<\/h3>\n\n\n\n<p>Documento <a href=\"https:\/\/enfermeriacanaria.com\/wptfe\/wp-content\/uploads\/BOE-A-2017-6586-consolidado-1.pdf\">\u00edntegro en el enlace<\/a><\/p>\n\n\n\n<h3 class=\"wp-block-heading\"><span style=\"color: #000080;\"><a style=\"color: #000080;\" href=\"https:\/\/enfermeriacanaria.com\/wptfe\/?p=10410#.YGr8A-hKiUk\">Resoluciones Ordenaci\u00f3n Profesional de la Asamblea General del Consejo de Enfermer\u00eda de Espa\u00f1a<\/a><\/span><\/h3>\n\n\n\n<h3 class=\"wp-block-heading\"><span style=\"color: #000080;\"><span style=\"color: #000000;\"><span style=\"color: #000080;\">Ley Omnibus<\/span><\/span><\/span><\/h3>\n\n\n\n<p><span style=\"color: #000080;\"><span style=\"color: #000000;\">Documento integro sobre la <a href=\"https:\/\/enfermeriacanaria.com\/wptfe\/wp-content\/uploads\/ley_omnibus.pdf\">Ley Omnibus 09<\/a><\/span><\/span><\/p>\n\n\n\n<h3 class=\"wp-block-heading\"><span style=\"color: #000080;\">Ley de Salud P\u00fablica<br \/>\n<\/span><\/h3>\n\n\n\n<p>Documento integro sobre la <a href=\"https:\/\/enfermeriacanaria.com\/wptfe\/wp-content\/uploads\/LEY-de-SALUD-PUBLICA.pdf\">Ley de Salud P\u00fablica<\/a><\/p>\n\n\n\n<h3 class=\"wp-block-heading\"><span style=\"color: #000080;\"><span style=\"color: #000000;\"><span style=\"color: #000080;\">Otros Perfiles Curriculares<\/span><\/span><\/span><\/h3>\n\n\n\n<p><a href=\"http:\/\/www.enfermeriacanaria.com\/contenido\/documents\/boe\/tsociosanitario2006.pdf\" target=\"_self\" rel=\"noopener noreferrer\"><span style=\"color: #862413;\">Curr\u00edculo T\u00e9cnico Grado Medio en Atenci\u00f3n Sociosanitaria<\/span><\/a><\/p>\n\n\n\n<p><span style=\"color: #000000;\">Se define el perfil formativo del T\u00e9cnico en Atenci\u00f3n Sociosanitaria. Figura CREADA en el 2003, con m\u00faltiples competencias en la atenci\u00f3n enfermera sociosanitaria.<span style=\"color: #000080;\"><br \/>\n<\/span><\/span><\/p>\n\n\n\n<h3 class=\"wp-block-heading\"><span style=\"color: #000080;\">Directiva sobre Bioseguridad del Consejo Europeo<\/span><\/h3>\n\n\n\n<p><span style=\"color: #000000;\">Directiva del Consejo Europeo para la Prevenci\u00f3n de las Lesiones Causadas por Instrumentos Cortantes y Punzantes en el Sector Hospitalario y Sanitario<a href=\"https:\/\/enfermeriacanaria.com\/wptfe\/wp-content\/uploads\/directiva-europea-sobre-bioseguridad.pdf\"> Directiva de Bioseguridad<br \/>\n<\/a><\/span><\/p>\n\n\n\n<h3 class=\"wp-block-heading\"><span style=\"color: #000080;\">Comisi\u00f3n Canaria de Formaci\u00f3n Continuada<\/span><\/h3>\n\n\n\n<p><span style=\"color: #000000;\">Decreto por el que se crea la Comisi\u00f3n Canaria de Formaci\u00f3n Continuada de las Profesiones Sanitarias y se regula el procedimiento de acreditaci\u00f3n de la Formaci\u00f3n Continuada de las Profesiones Santiatarias de la Comunidad Aut\u00f3noma de Canarias <a href=\"https:\/\/enfermeriacanaria.com\/wptfe\/wp-content\/uploads\/comision-de-formacion-continuada.pdf\" target=\"_blank\" rel=\"noopener noreferrer\">Decreto de Formaci\u00f3n Continuada<br \/>\n<\/a><\/span><\/p>\n\n\n\n<h3 class=\"wp-block-heading\"><span style=\"color: #000080;\">Gu\u00eda de Atenci\u00f3n a Emergencias Sanitarias en los Centros Educativos<\/span><\/h3>\n\n\n\n<p>El Gobierno de Canarias, a trav\u00e9s de las Consejer\u00edas de Educaci\u00f3n, Universidades, Cultura y Deportes y de Sanidad, ha editado una gu\u00eda avalada por El Consejo Canario de Enfermer\u00eda entre otras entidades.<br \/>\nCon esta gu\u00eda tiene como objetivo facilitar al profesorado la informaci\u00f3n necesaria que permita la integraci\u00f3n en igualdad del alumnado con enfermedades cr\u00f3nicas as\u00ed como proporcionarle conocimientos para prestar los primeros auxilios, ya que el pron\u00f3stico o la evoluci\u00f3n de las lesiones derivadas de un accidente pueden depender de la inmediatez y calidad de estos.<br \/>\n<a href=\"https:\/\/enfermeriacanaria.com\/wptfe\/wp-content\/uploads\/guia_emergencias_sanitarias.pdf\">Gu\u00eda de Atenci\u00f3n a Emergencias Sanitarias en los Centros Educativos<\/a><\/p>\n\n\n\n<h3 class=\"wp-block-heading\"><span style=\"color: #000080;\">Gu\u00eda de Practicas para Profesionales sobre la Ley de Dependencia<\/span><\/h3>\n\n\n\n<p><span style=\"color: #000000;\">esta gu\u00eda&nbsp;es una herramienta pr\u00e1ctica para los profesionales en su trabajo cotidiano, en la que se aporta de una manera clara y concreta los tr\u00e1mites y pasos a seguir en la gesti\u00f3n de la Ley de Dependencia<br \/>\nPuedes descargar la gu\u00eda <span style=\"color: #3366ff;\"><a href=\"http:\/\/www.segg.es\/documento\/guia\/practica\/de\/ley\/de\/dependencia\"><span style=\"color: #3366ff;\">aqu\u00ed<\/span><\/a><\/span><\/span><\/p>\n\n\n\n<h3 class=\"wp-block-heading\"><span style=\"color: #000080;\">Real Decreto-ley 16\/2012, de 20 de abril, de medidas urgentes para garantizar la sostenibilidad del Sistema Nacional de Salud y mejorar la calidad y seguridad de sus prestaciones.<\/span><\/h3>\n\n\n\n<p>puede consultar el texto \u00edntegro <a href=\"https:\/\/enfermeriacanaria.com\/wptfe\/wp-content\/uploads\/BOE-A-2012-5403.pdf\">aqu\u00ed<\/a><\/p>\n\n\n\n<h3 class=\"wp-block-heading\"><span style=\"color: #000080;\">Dec\u00e1logo de actuaci\u00f3n ciudadana ante emergencias sanitarias por accidente.<\/span><\/h3>\n\n\n\n<p>puede consultar el texto \u00edntegro <a href=\"http:\/\/www.cge.enfermundi.com\/servlet\/Satellite?blobcol=urldata&amp;blobheader=application%2Fpdf&amp;blobkey=id&amp;blobtable=MungoBlobs&amp;blobwhere=1150353990298&amp;cachecontrol=immediate&amp;csblobid=Phgj9QNqrZhuE1xzoa6kdgzNDWlI7JM2rmFtMGXkbpwCnpZyZKfS%211812960716%211340186787941&amp;ssbinary=true\">aqu\u00ed<\/a><\/p>\n\n\n\n<h3 class=\"wp-block-heading\"><span style=\"color: #000080;\">Documentos Congreso Internacional de Enfermer\u00eda 2013.<\/span><\/h3>\n\n\n\n<p>puede consultar el texto \u00edntegro <a href=\"https:\/\/enfermeriacanaria.com\/wptfe\/?p=4136\">aqu\u00ed<\/a><\/p>\n\n\n\n<h3 class=\"wp-block-heading\"><span style=\"color: #000080;\">Supuestos Excepcionales que Dan Derecho a que se Complementen las Prestaciones Econ\u00f3micas de Incapacidad Temporal hasta la Totalidad de las Retribuciones<\/span><\/h3>\n\n\n\n<p>puede consultar el texto \u00edntegro <a href=\"https:\/\/enfermeriacanaria.com\/wptfe\/?p=4247\">aqu\u00ed<\/a><\/p>\n\n\n\n<h3 class=\"wp-block-heading\"><span style=\"color: #000080;\">DECRETO 99\/2014, de 16 de octubre, por el que se regula la estructura organizativa para la preparaci\u00f3n y respuesta frente a la posible aparici\u00f3n de emergencias sanitarias.<\/span><\/h3>\n\n\n\n<p>puede consultar el texto \u00edntegro <a href=\"https:\/\/enfermeriacanaria.com\/wptfe\/wp-content\/uploads\/PR-Emergencias-Sanitarias-CANARIAS.pdf\">aqu\u00ed<\/a><\/p>\n\n\n\n<h3 class=\"wp-block-heading\"><span style=\"color: #000080;\">LEY 1\/2015, de 9 de febrero, de derechos y garant\u00edas de la dignidad de la persona ante el proceso final de su vida.<\/span><\/h3>\n\n\n\n<p>puede consultar el texto \u00edntegro <a href=\"https:\/\/enfermeriacanaria.com\/wptfe\/wp-content\/uploads\/derechos-y-garant\u00edas-de-la-dignidad-de-la-persona.pdf\">aqu\u00ed<\/a><\/p>\n\n\n\n<h3 class=\"wp-block-heading\"><span style=\"color: #000080;\">Estudio \u00abLas Urgencias Hospitalarias en el Sistema Nacional de Salud\u00bb.<\/span><\/h3>\n\n\n\n<p>puede consultar el texto \u00edntegro <a href=\"https:\/\/enfermeriacanaria.com\/wptfe\/wp-content\/uploads\/informe-urgencias.pdf\">aqu\u00ed<\/a><\/p>\n\n\n\n<h3 class=\"wp-block-heading\"><span style=\"color: #000080;\">Real Decreto 639\/2015, de 10 de julio, por el que se regulan los Diplomas de Acreditaci\u00f3n y los Diplomas de Acreditaci\u00f3n Avanzada<\/span><\/h3>\n\n\n\n<p>puede consultar el texto \u00edntegro <a href=\"https:\/\/enfermeriacanaria.com\/wptfe\/wp-content\/uploads\/Diplomas-acreditacion-avanzada.pdf\">aqu\u00ed<\/a><\/p>\n\n\n\n<h3 class=\"wp-block-heading\"><strong><a href=\"https:\/\/enfermeriacanaria.com\/wptfe\/wp-content\/uploads\/BOE-A-2003-21340-consolidado.pdf\" target=\"_blank\" rel=\"noopener noreferrer\">LEY 44\/2003,<\/a><\/strong><a href=\"https:\/\/enfermeriacanaria.com\/wptfe\/wp-content\/uploads\/BOE-A-2003-21340-consolidado.pdf\" target=\"_blank\" rel=\"noopener noreferrer\">&nbsp;de 21 de Noviembre, de ordenaci\u00f3n de las profesiones sanitarias<\/a><\/h3>\n\n\n\n<h3 class=\"wp-block-heading\"><span style=\"color: #333399;\">DOCUMENTOS COMPETENCIAS PROFESIONALES<\/span><\/h3>\n\n\n\n<p>Documentos del Instituto Espa\u00f1ol de Investigaci\u00f3n en los que se recoger\u00e1n el marco de competencias correspondiente a cada una de las \u00e1reas de enfermer\u00eda.<\/p>\n\n\n\n<ul class=\"wp-block-list\">\n<li><a href=\"https:\/\/enfermeriacanaria.com\/wptfe\/wp-content\/uploads\/Doc-Competencias-Enfermer\u00eda-Diabetes.pdf\">Competencias Enfermer\u00eda en Diabetes<\/a><\/li>\n\n\n\n<li><a href=\"https:\/\/enfermeriacanaria.com\/wptfe\/wp-content\/uploads\/Doc-Competencias-Enfermer\u00eda-Escolar.pdf\">Competencias Enfermer\u00eda Escolar<\/a><\/li>\n<\/ul>\n\n\n\n<p><\/p>\n<div class=\"pvc_clear\"><\/div><p id=\"pvc_stats_373\" class=\"pvc_stats all  \" data-element-id=\"373\" style=\"\"><i class=\"pvc-stats-icon medium\" aria-hidden=\"true\"><svg xmlns=\"http:\/\/www.w3.org\/2000\/svg\" version=\"1.0\" viewBox=\"0 0 502 315\" preserveAspectRatio=\"xMidYMid meet\"><g transform=\"translate(0,332) scale(0.1,-0.1)\" fill=\"\" stroke=\"none\"><path d=\"M2394 3279 l-29 -30 -3 -207 c-2 -182 0 -211 15 -242 39 -76 157 -76 196 0 15 31 17 60 15 243 l-3 209 -33 29 c-26 23 -41 29 -80 29 -41 0 -53 -5 -78 -31z\"\/><path d=\"M3085 3251 c-45 -19 -58 -50 -96 -229 -47 -217 -49 -260 -13 -295 52 -53 146 -42 177 20 16 31 87 366 87 410 0 70 -86 122 -155 94z\"\/><path d=\"M1751 3234 c-13 -9 -29 -31 -37 -50 -12 -29 -10 -49 21 -204 19 -94 39 -189 45 -210 14 -50 54 -80 110 -80 34 0 48 6 76 34 21 21 34 44 34 59 0 14 -18 113 -40 219 -37 178 -43 195 -70 221 -36 32 -101 37 -139 11z\"\/><path d=\"M1163 3073 c-36 -7 -73 -59 -73 -102 0 -56 133 -378 171 -413 34 -32 83 -37 129 -13 70 36 67 87 -16 290 -86 209 -89 214 -129 231 -35 14 -42 15 -82 7z\"\/><path d=\"M3689 3066 c-15 -9 -33 -30 -42 -48 -48 -103 -147 -355 -147 -375 0 -98 131 -148 192 -74 13 15 57 108 97 206 80 196 84 226 37 273 -30 30 -99 39 -137 18z\"\/><path d=\"M583 2784 c-38 -19 -67 -74 -58 -113 9 -42 211 -354 242 -373 16 -10 45 -18 66 -18 51 0 107 52 107 100 0 39 -1 41 -124 234 -80 126 -108 162 -133 173 -41 17 -61 16 -100 -3z\"\/><path d=\"M4250 2784 c-14 -9 -74 -91 -133 -183 -95 -150 -107 -173 -107 -213 0 -55 33 -94 87 -104 67 -13 90 8 211 198 130 202 137 225 78 284 -27 27 -42 34 -72 34 -22 0 -50 -8 -64 -16z\"\/><path d=\"M2275 2693 c-553 -48 -1095 -270 -1585 -649 -135 -104 -459 -423 -483 -476 -23 -49 -22 -139 2 -186 73 -142 361 -457 571 -626 285 -228 642 -407 990 -497 242 -63 336 -73 660 -74 310 0 370 5 595 52 535 111 1045 392 1455 803 122 121 250 273 275 326 19 41 19 137 0 174 -41 79 -309 363 -465 492 -447 370 -946 591 -1479 653 -113 14 -422 18 -536 8z m395 -428 c171 -34 330 -124 456 -258 112 -119 167 -219 211 -378 27 -96 24 -300 -5 -401 -72 -255 -236 -447 -474 -557 -132 -62 -201 -76 -368 -76 -167 0 -236 14 -368 76 -213 98 -373 271 -451 485 -162 444 86 934 547 1084 153 49 292 57 452 25z m909 -232 c222 -123 408 -262 593 -441 76 -74 138 -139 138 -144 0 -16 -233 -242 -330 -319 -155 -123 -309 -223 -461 -299 l-81 -41 32 46 c18 26 49 83 70 128 143 306 141 649 -6 957 -25 52 -61 116 -79 142 l-34 47 45 -20 c26 -10 76 -36 113 -56z m-2057 25 c-40 -58 -105 -190 -130 -263 -110 -324 -59 -707 132 -981 25 -35 42 -64 37 -64 -19 0 -241 119 -326 174 -188 122 -406 314 -532 468 l-58 71 108 103 c185 178 428 349 672 473 66 33 121 60 123 61 2 0 -10 -19 -26 -42z\"\/><path d=\"M2375 1950 c-198 -44 -350 -190 -395 -379 -18 -76 -8 -221 19 -290 114 -284 457 -406 731 -260 98 52 188 154 231 260 27 69 37 214 19 290 -38 163 -166 304 -326 360 -67 23 -215 33 -279 19z\"\/><\/g><\/svg><\/i> <img decoding=\"async\" width=\"16\" height=\"16\" alt=\"Loading\" src=\"https:\/\/enfermeriacanaria.com\/wptfe\/wp-content\/plugins\/page-views-count\/ajax-loader-2x.gif\" border=0 \/><\/p><div class=\"pvc_clear\"><\/div>","protected":false},"excerpt":{"rendered":"<p>Plan de Acci\u00f3n de Atenci\u00f3n Primaria y Comunitaria 2025 &#8211; 2027 Documento \u00edntegro en el enlace Informe Anual del Sistema Nacional de Salud 2022 Documento \u00edntegro en el enlace Ley Org\u00e1nica 1\/2023, de 28 de [&#8230;]<\/p>\n<div class=\"pvc_clear\"><\/div>\n<p id=\"pvc_stats_373\" class=\"pvc_stats all  \" data-element-id=\"373\" style=\"\"><i class=\"pvc-stats-icon medium\" aria-hidden=\"true\"><svg xmlns=\"http:\/\/www.w3.org\/2000\/svg\" version=\"1.0\" viewBox=\"0 0 502 315\" preserveAspectRatio=\"xMidYMid meet\"><g transform=\"translate(0,332) scale(0.1,-0.1)\" fill=\"\" stroke=\"none\"><path d=\"M2394 3279 l-29 -30 -3 -207 c-2 -182 0 -211 15 -242 39 -76 157 -76 196 0 15 31 17 60 15 243 l-3 209 -33 29 c-26 23 -41 29 -80 29 -41 0 -53 -5 -78 -31z\"\/><path d=\"M3085 3251 c-45 -19 -58 -50 -96 -229 -47 -217 -49 -260 -13 -295 52 -53 146 -42 177 20 16 31 87 366 87 410 0 70 -86 122 -155 94z\"\/><path d=\"M1751 3234 c-13 -9 -29 -31 -37 -50 -12 -29 -10 -49 21 -204 19 -94 39 -189 45 -210 14 -50 54 -80 110 -80 34 0 48 6 76 34 21 21 34 44 34 59 0 14 -18 113 -40 219 -37 178 -43 195 -70 221 -36 32 -101 37 -139 11z\"\/><path d=\"M1163 3073 c-36 -7 -73 -59 -73 -102 0 -56 133 -378 171 -413 34 -32 83 -37 129 -13 70 36 67 87 -16 290 -86 209 -89 214 -129 231 -35 14 -42 15 -82 7z\"\/><path d=\"M3689 3066 c-15 -9 -33 -30 -42 -48 -48 -103 -147 -355 -147 -375 0 -98 131 -148 192 -74 13 15 57 108 97 206 80 196 84 226 37 273 -30 30 -99 39 -137 18z\"\/><path d=\"M583 2784 c-38 -19 -67 -74 -58 -113 9 -42 211 -354 242 -373 16 -10 45 -18 66 -18 51 0 107 52 107 100 0 39 -1 41 -124 234 -80 126 -108 162 -133 173 -41 17 -61 16 -100 -3z\"\/><path d=\"M4250 2784 c-14 -9 -74 -91 -133 -183 -95 -150 -107 -173 -107 -213 0 -55 33 -94 87 -104 67 -13 90 8 211 198 130 202 137 225 78 284 -27 27 -42 34 -72 34 -22 0 -50 -8 -64 -16z\"\/><path d=\"M2275 2693 c-553 -48 -1095 -270 -1585 -649 -135 -104 -459 -423 -483 -476 -23 -49 -22 -139 2 -186 73 -142 361 -457 571 -626 285 -228 642 -407 990 -497 242 -63 336 -73 660 -74 310 0 370 5 595 52 535 111 1045 392 1455 803 122 121 250 273 275 326 19 41 19 137 0 174 -41 79 -309 363 -465 492 -447 370 -946 591 -1479 653 -113 14 -422 18 -536 8z m395 -428 c171 -34 330 -124 456 -258 112 -119 167 -219 211 -378 27 -96 24 -300 -5 -401 -72 -255 -236 -447 -474 -557 -132 -62 -201 -76 -368 -76 -167 0 -236 14 -368 76 -213 98 -373 271 -451 485 -162 444 86 934 547 1084 153 49 292 57 452 25z m909 -232 c222 -123 408 -262 593 -441 76 -74 138 -139 138 -144 0 -16 -233 -242 -330 -319 -155 -123 -309 -223 -461 -299 l-81 -41 32 46 c18 26 49 83 70 128 143 306 141 649 -6 957 -25 52 -61 116 -79 142 l-34 47 45 -20 c26 -10 76 -36 113 -56z m-2057 25 c-40 -58 -105 -190 -130 -263 -110 -324 -59 -707 132 -981 25 -35 42 -64 37 -64 -19 0 -241 119 -326 174 -188 122 -406 314 -532 468 l-58 71 108 103 c185 178 428 349 672 473 66 33 121 60 123 61 2 0 -10 -19 -26 -42z\"\/><path d=\"M2375 1950 c-198 -44 -350 -190 -395 -379 -18 -76 -8 -221 19 -290 114 -284 457 -406 731 -260 98 52 188 154 231 260 27 69 37 214 19 290 -38 163 -166 304 -326 360 -67 23 -215 33 -279 19z\"\/><\/g><\/svg><\/i> <img decoding=\"async\" width=\"16\" height=\"16\" alt=\"Loading\" src=\"https:\/\/enfermeriacanaria.com\/wptfe\/wp-content\/plugins\/page-views-count\/ajax-loader-2x.gif\" border=0 \/><\/p>\n<div class=\"pvc_clear\"><\/div>\n","protected":false},"author":1,"featured_media":0,"parent":296,"menu_order":5,"comment_status":"closed","ping_status":"closed","template":"","meta":{"footnotes":""},"class_list":["post-373","page","type-page","status-publish","hentry"],"a3_pvc":{"activated":true,"total_views":410,"today_views":0},"jetpack_sharing_enabled":true,"jetpack_shortlink":"https:\/\/wp.me\/P57dxf-61","jetpack_likes_enabled":true,"_links":{"self":[{"href":"https:\/\/enfermeriacanaria.com\/wptfe\/wp-json\/wp\/v2\/pages\/373","targetHints":{"allow":["GET"]}}],"collection":[{"href":"https:\/\/enfermeriacanaria.com\/wptfe\/wp-json\/wp\/v2\/pages"}],"about":[{"href":"https:\/\/enfermeriacanaria.com\/wptfe\/wp-json\/wp\/v2\/types\/page"}],"author":[{"embeddable":true,"href":"https:\/\/enfermeriacanaria.com\/wptfe\/wp-json\/wp\/v2\/users\/1"}],"replies":[{"embeddable":true,"href":"https:\/\/enfermeriacanaria.com\/wptfe\/wp-json\/wp\/v2\/comments?post=373"}],"version-history":[{"count":28,"href":"https:\/\/enfermeriacanaria.com\/wptfe\/wp-json\/wp\/v2\/pages\/373\/revisions"}],"predecessor-version":[{"id":14210,"href":"https:\/\/enfermeriacanaria.com\/wptfe\/wp-json\/wp\/v2\/pages\/373\/revisions\/14210"}],"up":[{"embeddable":true,"href":"https:\/\/enfermeriacanaria.com\/wptfe\/wp-json\/wp\/v2\/pages\/296"}],"wp:attachment":[{"href":"https:\/\/enfermeriacanaria.com\/wptfe\/wp-json\/wp\/v2\/media?parent=373"}],"curies":[{"name":"wp","href":"https:\/\/api.w.org\/{rel}","templated":true}]}}