{"id":280,"date":"2009-07-07T17:13:56","date_gmt":"2009-07-07T17:13:56","guid":{"rendered":"https:\/\/enfermeriacanaria.com\/wptfe\/?page_id=280"},"modified":"2025-09-09T11:04:58","modified_gmt":"2025-09-09T11:04:58","slug":"hola-mundo","status":"publish","type":"page","link":"https:\/\/enfermeriacanaria.com\/wptfe\/portal-de-transparencia\/hola-mundo\/","title":{"rendered":"Junta de Gobierno"},"content":{"rendered":"<p style=\"text-align: justify;\"><span style=\"color: #000000;\">La Junta de Gobierno del Colegio Oficial de Enfermeros est\u00e1 formada por enfermeros y enfermeras con amplia experiencia asistencial, docente, gestora, e investigadora, cuya iniciativa e inquietud les lleva a formar parte de un proyecto innovador e ilusionante en el marco de una proyecci\u00f3n profesional que implica nuevos retos, necesidades y demandas por parte de los colegiados y de la enfermer\u00eda en general. Las l\u00edneas de intervenci\u00f3n en las que se trabaja incluyen: <span style=\"color: #000080;\">especialidades, grado, nivelaci\u00f3n al t\u00edtulo de grado, carrera profesional, formaci\u00f3n de postgrado, registro de profesionales,\u00a0equiparaci\u00f3n de ratios de enfermeras (seg\u00fan OMS), innovaci\u00f3n y nuevas\u00a0tecnolog\u00edas,<\/span>\u00a0etc. Para ello contamos con profesionales en todos los \u00e1mbitos de la enfermer\u00eda:<\/span><span style=\"color: #000000;\"><br \/><\/span><\/p>\n\n\n<hr class=\"wp-block-separator has-css-opacity\"\/>\n\n\n\n<div class=\"wp-block-columns has-2-columns is-layout-flex wp-container-core-columns-is-layout-9d6595d7 wp-block-columns-is-layout-flex\">\n<div class=\"wp-block-column is-layout-flow wp-block-column-is-layout-flow\">\n<figure class=\"wp-block-image aligncenter is-resized\"><img fetchpriority=\"high\" decoding=\"async\" width=\"564\" height=\"750\" src=\"https:\/\/enfermeriacanaria.com\/wptfe\/wp-content\/uploads\/Natalia-Rodr\u00edguez-Novo.jpg\" alt=\"\" class=\"wp-image-12931\" style=\"width:222px;height:auto\" srcset=\"https:\/\/enfermeriacanaria.com\/wptfe\/wp-content\/uploads\/Natalia-Rodr\u00edguez-Novo.jpg 564w, https:\/\/enfermeriacanaria.com\/wptfe\/wp-content\/uploads\/Natalia-Rodr\u00edguez-Novo-226x300.jpg 226w\" sizes=\"(max-width: 564px) 100vw, 564px\" \/><\/figure>\n<\/div>\n\n\n\n<div class=\"wp-block-column is-layout-flow wp-block-column-is-layout-flow\">\n<p><\/p>\n\n\n\n<p><strong><a href=\"https:\/\/enfermeriacanaria.com\/wptfe\/?page_id=11696\" target=\"_blank\" rel=\"noreferrer noopener\" aria-label=\"Prof. Dra. Natalia Rodr\u00edguez Novo, (abre en una nueva pesta\u00f1a)\">Prof. Dra. Natalia Rodr\u00edguez Novo,<\/a><\/strong> <strong>Presidenta<\/strong><\/p>\n<\/div>\n<\/div>\n\n\n\n<hr class=\"wp-block-separator has-css-opacity\"\/>\n\n\n\n<div class=\"wp-block-columns has-2-columns is-layout-flex wp-container-core-columns-is-layout-9d6595d7 wp-block-columns-is-layout-flex\">\n<div class=\"wp-block-column is-layout-flow wp-block-column-is-layout-flow\">\n<figure class=\"wp-block-image aligncenter is-resized\"><img decoding=\"async\" width=\"683\" height=\"1024\" src=\"https:\/\/enfermeriacanaria.com\/wptfe\/wp-content\/uploads\/G99B9188-683x1024.png\" alt=\"\" class=\"wp-image-8677\" style=\"width:220px;height:auto\" srcset=\"https:\/\/enfermeriacanaria.com\/wptfe\/wp-content\/uploads\/G99B9188-683x1024.png 683w, https:\/\/enfermeriacanaria.com\/wptfe\/wp-content\/uploads\/G99B9188-200x300.png 200w, https:\/\/enfermeriacanaria.com\/wptfe\/wp-content\/uploads\/G99B9188-768x1152.png 768w, https:\/\/enfermeriacanaria.com\/wptfe\/wp-content\/uploads\/G99B9188.png 792w\" sizes=\"(max-width: 683px) 100vw, 683px\" \/><\/figure>\n<\/div>\n\n\n\n<div class=\"wp-block-column is-layout-flow wp-block-column-is-layout-flow\">\n<p><\/p>\n\n\n\n<p><strong><a href=\"https:\/\/enfermeriacanaria.com\/wptfe\/?page_id=12544(abre en una nueva pesta\u00f1a)\" target=\"_blank\" rel=\"noreferrer noopener\" aria-label=\"D\u00aa. Ana Mar\u00eda Gonz\u00e1lez P\u00e9rez, (abre en una nueva pesta\u00f1a)\">D\u00aa. Ana Mar\u00eda Gonz\u00e1lez P\u00e9rez,<\/a><\/strong> <strong>Secretaria<\/strong><\/p>\n<\/div>\n<\/div>\n\n\n\n<hr class=\"wp-block-separator has-css-opacity\"\/>\n\n\n\n<div class=\"wp-block-columns has-2-columns is-layout-flex wp-container-core-columns-is-layout-9d6595d7 wp-block-columns-is-layout-flex\">\n<div class=\"wp-block-column is-layout-flow wp-block-column-is-layout-flow\">\n<figure class=\"wp-block-image aligncenter is-resized\"><img decoding=\"async\" width=\"683\" height=\"1024\" src=\"https:\/\/enfermeriacanaria.com\/wptfe\/wp-content\/uploads\/G99B9187-683x1024.png\" alt=\"\" class=\"wp-image-8680\" style=\"width:222px;height:auto\" srcset=\"https:\/\/enfermeriacanaria.com\/wptfe\/wp-content\/uploads\/G99B9187-683x1024.png 683w, https:\/\/enfermeriacanaria.com\/wptfe\/wp-content\/uploads\/G99B9187-200x300.png 200w, https:\/\/enfermeriacanaria.com\/wptfe\/wp-content\/uploads\/G99B9187-768x1152.png 768w, https:\/\/enfermeriacanaria.com\/wptfe\/wp-content\/uploads\/G99B9187.png 792w\" sizes=\"(max-width: 683px) 100vw, 683px\" \/><\/figure>\n<\/div>\n\n\n\n<div class=\"wp-block-column is-layout-flow wp-block-column-is-layout-flow\">\n<p><\/p>\n\n\n\n<p><strong><a href=\"https:\/\/enfermeriacanaria.com\/wptfe\/?page_id=12539\" target=\"_blank\" rel=\"noreferrer noopener\" aria-label=\"D\u00f1a. Carlota Mart\u00edn Sosa (abre en una nueva pesta\u00f1a)\">D\u00f1a. Carlota Mart\u00edn Sosa<\/a>,<\/strong><br \/><strong>Tesorera<\/strong><\/p>\n<\/div>\n<\/div>\n\n\n\n<hr class=\"wp-block-separator has-css-opacity\"\/>\n\n\n\n<div class=\"wp-block-columns has-2-columns is-layout-flex wp-container-core-columns-is-layout-9d6595d7 wp-block-columns-is-layout-flex\">\n<div class=\"wp-block-column is-layout-flow wp-block-column-is-layout-flow\">\n<figure class=\"wp-block-image aligncenter is-resized\"><img loading=\"lazy\" decoding=\"async\" width=\"811\" height=\"1024\" src=\"https:\/\/enfermeriacanaria.com\/wptfe\/wp-content\/uploads\/CRISTINA-811x1024.jpg\" alt=\"\" class=\"wp-image-13357\" style=\"width:203px;height:256px\" srcset=\"https:\/\/enfermeriacanaria.com\/wptfe\/wp-content\/uploads\/CRISTINA-811x1024.jpg 811w, https:\/\/enfermeriacanaria.com\/wptfe\/wp-content\/uploads\/CRISTINA-238x300.jpg 238w, https:\/\/enfermeriacanaria.com\/wptfe\/wp-content\/uploads\/CRISTINA-768x969.jpg 768w\" sizes=\"(max-width: 811px) 100vw, 811px\" \/><\/figure>\n<\/div>\n\n\n\n<div class=\"wp-block-column is-layout-flow wp-block-column-is-layout-flow\">\n<p><\/p>\n\n\n\n<p><strong><a href=\"https:\/\/enfermeriacanaria.com\/wptfe\/?page_id=13356\" target=\"_blank\" rel=\"noreferrer noopener\" aria-label=\"D\u00f1a. Cristina Rojas Linares, (abre en una nueva pesta\u00f1a)\">D\u00f1a. Cristina Rojas Linares,<\/a><\/strong><br \/><strong>Vocal 1<\/strong><\/p>\n<\/div>\n<\/div>\n\n\n\n<hr class=\"wp-block-separator has-css-opacity\"\/>\n\n\n\n<div class=\"wp-block-columns has-2-columns is-layout-flex wp-container-core-columns-is-layout-9d6595d7 wp-block-columns-is-layout-flex\">\n<div class=\"wp-block-column is-layout-flow wp-block-column-is-layout-flow\">\n<figure class=\"wp-block-image aligncenter is-resized\"><img loading=\"lazy\" decoding=\"async\" width=\"718\" height=\"1024\" src=\"https:\/\/enfermeriacanaria.com\/wptfe\/wp-content\/uploads\/Sandra-Saiz-Garc\u00eda-718x1024.jpg\" alt=\"\" class=\"wp-image-12995\" style=\"width:204px;height:auto\" srcset=\"https:\/\/enfermeriacanaria.com\/wptfe\/wp-content\/uploads\/Sandra-Saiz-Garc\u00eda-718x1024.jpg 718w, https:\/\/enfermeriacanaria.com\/wptfe\/wp-content\/uploads\/Sandra-Saiz-Garc\u00eda-210x300.jpg 210w, https:\/\/enfermeriacanaria.com\/wptfe\/wp-content\/uploads\/Sandra-Saiz-Garc\u00eda-768x1096.jpg 768w, https:\/\/enfermeriacanaria.com\/wptfe\/wp-content\/uploads\/Sandra-Saiz-Garc\u00eda.jpg 1101w\" sizes=\"(max-width: 718px) 100vw, 718px\" \/><\/figure>\n<\/div>\n\n\n\n<div class=\"wp-block-column is-layout-flow wp-block-column-is-layout-flow\">\n<p><\/p>\n\n\n\n<p><strong><a href=\"https:\/\/enfermeriacanaria.com\/wptfe\/?page_id=12999\" target=\"_blank\" rel=\"noreferrer noopener\" aria-label=\"D\u00f1a. Sandra Saiz Garc\u00eda,\n (abre en una nueva pesta\u00f1a)\">D\u00f1a. Sandra Saiz Garc\u00eda,<\/a><\/strong><a href=\"https:\/\/enfermeriacanaria.com\/wptfe\/?page_id=12999\" target=\"_blank\" rel=\"noreferrer noopener\" aria-label=\"D\u00f1a. Sandra Saiz Garc\u00eda,\n (abre en una nueva pesta\u00f1a)\"><br \/><\/a><strong>Vocal 2 <\/strong><\/p>\n<\/div>\n<\/div>\n\n\n\n<hr class=\"wp-block-separator has-css-opacity\"\/>\n\n\n\n<div class=\"wp-block-columns has-2-columns is-layout-flex wp-container-core-columns-is-layout-9d6595d7 wp-block-columns-is-layout-flex\">\n<div class=\"wp-block-column is-layout-flow wp-block-column-is-layout-flow\">\n<figure class=\"wp-block-image aligncenter is-resized\"><img loading=\"lazy\" decoding=\"async\" width=\"683\" height=\"1024\" src=\"https:\/\/enfermeriacanaria.com\/wptfe\/wp-content\/uploads\/G99B9195-683x1024.png\" alt=\"\" class=\"wp-image-8684\" style=\"width:220px;height:auto\" srcset=\"https:\/\/enfermeriacanaria.com\/wptfe\/wp-content\/uploads\/G99B9195-683x1024.png 683w, https:\/\/enfermeriacanaria.com\/wptfe\/wp-content\/uploads\/G99B9195-200x300.png 200w, https:\/\/enfermeriacanaria.com\/wptfe\/wp-content\/uploads\/G99B9195-768x1152.png 768w, https:\/\/enfermeriacanaria.com\/wptfe\/wp-content\/uploads\/G99B9195.png 792w\" sizes=\"(max-width: 683px) 100vw, 683px\" \/><\/figure>\n<\/div>\n\n\n\n<div class=\"wp-block-column is-layout-flow wp-block-column-is-layout-flow\">\n<p><\/p>\n\n\n\n<p><strong><a rel=\"noreferrer noopener\" href=\"https:\/\/enfermeriacanaria.com\/wptfe\/?page_id=12651\" target=\"_blank\">D\u00f1a. Laura Timanfaya Vera Ferrer,<\/a><\/strong> <br \/><strong>Vocal 3<\/strong><\/p>\n<\/div>\n<\/div>\n\n\n\n<hr class=\"wp-block-separator has-css-opacity\"\/>\n\n\n\n<div class=\"wp-block-columns has-2-columns is-layout-flex wp-container-core-columns-is-layout-9d6595d7 wp-block-columns-is-layout-flex\">\n<div class=\"wp-block-column is-layout-flow wp-block-column-is-layout-flow\"><\/div>\n\n\n\n<div class=\"wp-block-column is-layout-flow wp-block-column-is-layout-flow\">\n<p><\/p>\n\n\n\n<p><b><strong><a rel=\"noreferrer noopener\" aria-label=\"D\u00f1a. Yurena Mar\u00eda Rodr\u00edguez Novo (abre en una nueva pesta\u00f1a)\" href=\"https:\/\/enfermeriacanaria.com\/wptfe\/?page_id=12880\" target=\"_blank\">Dra. D\u00f1a. Yurena Mar\u00eda Rodr\u00edguez Novo<\/a><\/strong><\/b><br \/><strong>Vocal 4<\/strong><\/p>\n<\/div>\n<\/div>\n\n\n\n<hr class=\"wp-block-separator has-css-opacity\"\/>\n\n\n\n<div class=\"wp-block-columns has-2-columns is-layout-flex wp-container-core-columns-is-layout-9d6595d7 wp-block-columns-is-layout-flex\">\n<div class=\"wp-block-column is-layout-flow wp-block-column-is-layout-flow\">\n<figure class=\"wp-block-image aligncenter is-resized\"><img loading=\"lazy\" decoding=\"async\" width=\"683\" height=\"1024\" src=\"https:\/\/enfermeriacanaria.com\/wptfe\/wp-content\/uploads\/G99B9196-683x1024.png\" alt=\"\" class=\"wp-image-8685\" style=\"width:214px;height:auto\" srcset=\"https:\/\/enfermeriacanaria.com\/wptfe\/wp-content\/uploads\/G99B9196-683x1024.png 683w, https:\/\/enfermeriacanaria.com\/wptfe\/wp-content\/uploads\/G99B9196-200x300.png 200w, https:\/\/enfermeriacanaria.com\/wptfe\/wp-content\/uploads\/G99B9196-768x1152.png 768w, https:\/\/enfermeriacanaria.com\/wptfe\/wp-content\/uploads\/G99B9196.png 792w\" sizes=\"(max-width: 683px) 100vw, 683px\" \/><\/figure>\n<\/div>\n\n\n\n<div class=\"wp-block-column is-layout-flow wp-block-column-is-layout-flow\">\n<p><\/p>\n\n\n\n<p><a rel=\"noreferrer noopener\" aria-label=\"D. Aaron I. Plasencia Ch\u00e1vez,  (abre en una nueva pesta\u00f1a)\" href=\"https:\/\/enfermeriacanaria.com\/wptfe\/?page_id=12608\" target=\"_blank\"><strong>D. Aaron I. Plasencia Ch\u00e1vez, <\/strong><\/a><br \/><strong>Vocal 5<\/strong><\/p>\n<\/div>\n<\/div>\n\n\n\n<hr class=\"wp-block-separator has-css-opacity\"\/>\n\n\n\n<div class=\"wp-block-columns has-2-columns is-layout-flex wp-container-core-columns-is-layout-9d6595d7 wp-block-columns-is-layout-flex\">\n<div class=\"wp-block-column is-layout-flow wp-block-column-is-layout-flow\">\n<figure class=\"wp-block-image aligncenter is-resized\"><img loading=\"lazy\" decoding=\"async\" width=\"651\" height=\"1024\" src=\"https:\/\/enfermeriacanaria.com\/wptfe\/wp-content\/uploads\/Liliana-Quintero-S\u00e1nchez-651x1024.jpg\" alt=\"\" class=\"wp-image-12871\" style=\"width:216px;height:auto\" srcset=\"https:\/\/enfermeriacanaria.com\/wptfe\/wp-content\/uploads\/Liliana-Quintero-S\u00e1nchez-651x1024.jpg 651w, https:\/\/enfermeriacanaria.com\/wptfe\/wp-content\/uploads\/Liliana-Quintero-S\u00e1nchez-191x300.jpg 191w, https:\/\/enfermeriacanaria.com\/wptfe\/wp-content\/uploads\/Liliana-Quintero-S\u00e1nchez-768x1207.jpg 768w, https:\/\/enfermeriacanaria.com\/wptfe\/wp-content\/uploads\/Liliana-Quintero-S\u00e1nchez.jpg 972w\" sizes=\"(max-width: 651px) 100vw, 651px\" \/><\/figure>\n<\/div>\n\n\n\n<div class=\"wp-block-column is-layout-flow wp-block-column-is-layout-flow\">\n<p><\/p>\n\n\n\n<p><font color=\"#191e23\"><span style=\"background-color: rgb(232, 234, 235);\"><b><strong><a href=\"https:\/\/enfermeriacanaria.com\/wptfe\/?page_id=12864\" target=\"_blank\" rel=\"noreferrer noopener\" aria-label=\"D\u00f1a. Liliana Quintero S\u00e1nchez (abre en una nueva pesta\u00f1a)\">D\u00f1a. Liliana Quintero S\u00e1nchez<\/a><\/strong><\/b><\/span><\/font><br \/><strong>Vocal 6<\/strong><\/p>\n<\/div>\n<\/div>\n\n\n\n<hr class=\"wp-block-separator has-css-opacity\"\/>\n\n\n\n<div class=\"wp-block-columns has-2-columns is-layout-flex wp-container-core-columns-is-layout-9d6595d7 wp-block-columns-is-layout-flex\">\n<div class=\"wp-block-column is-layout-flow wp-block-column-is-layout-flow\">\n<figure class=\"wp-block-image aligncenter is-resized\"><img loading=\"lazy\" decoding=\"async\" width=\"799\" height=\"1024\" src=\"https:\/\/enfermeriacanaria.com\/wptfe\/wp-content\/uploads\/Natacha_Palenzuela_Luis-799x1024.jpg\" alt=\"\" class=\"wp-image-12933\" style=\"width:200px;height:256px\" srcset=\"https:\/\/enfermeriacanaria.com\/wptfe\/wp-content\/uploads\/Natacha_Palenzuela_Luis-799x1024.jpg 799w, https:\/\/enfermeriacanaria.com\/wptfe\/wp-content\/uploads\/Natacha_Palenzuela_Luis-234x300.jpg 234w, https:\/\/enfermeriacanaria.com\/wptfe\/wp-content\/uploads\/Natacha_Palenzuela_Luis-768x984.jpg 768w, https:\/\/enfermeriacanaria.com\/wptfe\/wp-content\/uploads\/Natacha_Palenzuela_Luis.jpg 1528w\" sizes=\"(max-width: 799px) 100vw, 799px\" \/><\/figure>\n<\/div>\n\n\n\n<div class=\"wp-block-column is-layout-flow wp-block-column-is-layout-flow\">\n<p><\/p>\n\n\n\n<p><b><a href=\"https:\/\/enfermeriacanaria.com\/wptfe\/?page_id=12915\" target=\"_blank\" rel=\"noreferrer noopener\" aria-label=\"D\u00f1a. Natacha Palenzuela Luis (abre en una nueva pesta\u00f1a)\">D\u00f1a. Natacha Palenzuela Luis<\/a><\/b><br \/><strong>Vocal 7<\/strong><\/p>\n<\/div>\n<\/div>\n\n\n\n<hr class=\"wp-block-separator has-css-opacity\"\/>\n\n\n\n<div class=\"wp-block-columns has-2-columns is-layout-flex wp-container-core-columns-is-layout-9d6595d7 wp-block-columns-is-layout-flex\">\n<div class=\"wp-block-column is-layout-flow wp-block-column-is-layout-flow\">\n<figure class=\"wp-block-image aligncenter is-resized\"><img loading=\"lazy\" decoding=\"async\" width=\"876\" height=\"1024\" src=\"https:\/\/enfermeriacanaria.com\/wptfe\/wp-content\/uploads\/Erik-Medina-Cruz-876x1024.jpeg\" alt=\"\" class=\"wp-image-12875\" style=\"width:210px;height:auto\" srcset=\"https:\/\/enfermeriacanaria.com\/wptfe\/wp-content\/uploads\/Erik-Medina-Cruz.jpeg 876w, https:\/\/enfermeriacanaria.com\/wptfe\/wp-content\/uploads\/Erik-Medina-Cruz-257x300.jpeg 257w, https:\/\/enfermeriacanaria.com\/wptfe\/wp-content\/uploads\/Erik-Medina-Cruz-768x898.jpeg 768w\" sizes=\"(max-width: 876px) 100vw, 876px\" \/><\/figure>\n\n\n\n<p><\/p>\n<\/div>\n\n\n\n<div class=\"wp-block-column is-layout-flow wp-block-column-is-layout-flow\">\n<p><\/p>\n\n\n\n<p><strong><a href=\"https:\/\/enfermeriacanaria.com\/wptfe\/?page_id=12874\" target=\"_blank\" rel=\"noreferrer noopener\" aria-label=\"D. Erik Medina Cruz (abre en una nueva pesta\u00f1a)\">D. Erik Medina Cruz<\/a><\/strong><br \/><strong>Vocal 8<\/strong><\/p>\n<\/div>\n<\/div>\n\n\n\n<hr class=\"wp-block-separator has-css-opacity\"\/>\n\n\n\n<div class=\"wp-block-columns has-2-columns is-layout-flex wp-container-core-columns-is-layout-9d6595d7 wp-block-columns-is-layout-flex\">\n<div class=\"wp-block-column is-layout-flow wp-block-column-is-layout-flow\">\n<figure class=\"wp-block-image aligncenter is-resized\"><img loading=\"lazy\" decoding=\"async\" width=\"860\" height=\"1024\" src=\"https:\/\/enfermeriacanaria.com\/wptfe\/wp-content\/uploads\/ROSAURA-FOTO-1-860x1024.jpg\" alt=\"\" class=\"wp-image-12897\" style=\"width:206px;height:auto\" srcset=\"https:\/\/enfermeriacanaria.com\/wptfe\/wp-content\/uploads\/ROSAURA-FOTO-1-860x1024.jpg 860w, https:\/\/enfermeriacanaria.com\/wptfe\/wp-content\/uploads\/ROSAURA-FOTO-1-252x300.jpg 252w, https:\/\/enfermeriacanaria.com\/wptfe\/wp-content\/uploads\/ROSAURA-FOTO-1-768x915.jpg 768w\" sizes=\"(max-width: 860px) 100vw, 860px\" \/><\/figure>\n<\/div>\n\n\n\n<div class=\"wp-block-column is-layout-flow wp-block-column-is-layout-flow\">\n<p><\/p>\n\n\n\n<p><strong><a href=\"https:\/\/enfermeriacanaria.com\/wptfe\/?page_id=12901\" target=\"_blank\" rel=\"noreferrer noopener\" aria-label=\"D\u00f1a. Rosaura Guzm\u00e1n Gonz\u00e1lez,  (abre en una nueva pesta\u00f1a)\">D\u00f1a. Rosaura Guzm\u00e1n Gonz\u00e1lez, <\/a><\/strong><br \/><strong>Vocal 9<\/strong><\/p>\n<\/div>\n<\/div>\n\n\n\n<h4 class=\"wp-block-heading\"><strong>Sede<\/strong><\/h4>\n\n\n\n<p>Las sedes de la Junta de Gobierno son las propias de la organizaci\u00f3n colegial<\/p>\n\n\n\n<ul class=\"wp-block-list\">\n<li>Tenerife: C\/San Mart\u00edn N\u00ba 62 &#8211; Santa Cruz de Tenerife<\/li>\n\n\n\n<li>La Palma C\/ Anselmo P\u00e9rez Brito N47 -Santa Cruz de La Palma<\/li>\n<\/ul>\n\n\n\n<div class=\"wp-block-button\"><a class=\"wp-block-button__link wp-element-button\" href=\"https:\/\/enfermeriacanaria.com\/wptfe\/wp-content\/uploads\/JUNTA-DE-GOBIERNO-2025.csv\" target=\"_blank\" rel=\"noreferrer noopener\">Descargar Datos CSV<\/a><\/div>\n\n\n\n<div class=\"wp-block-buttons is-content-justification-center is-layout-flex wp-container-core-buttons-is-layout-16018d1d wp-block-buttons-is-layout-flex\">\n<div class=\"wp-block-button\"><a class=\"wp-block-button__link wp-element-button\" href=\"https:\/\/enfermeriacanaria.com\/wptfe\/wp-content\/uploads\/Junta-de-Gobierno.odt\" target=\"_blank\" rel=\"noreferrer noopener\">Descargar como ODT<\/a><\/div>\n\n\n\n<div class=\"wp-block-button\"><a class=\"wp-block-button__link wp-element-button\" href=\"https:\/\/enfermeriacanaria.com\/wptfe\/wp-content\/uploads\/Junta-de-Gobierno.docx\" target=\"_blank\" rel=\"noreferrer noopener\">Descargar como Word<\/a><\/div>\n\n\n\n<div class=\"wp-block-button\"><a class=\"wp-block-button__link wp-element-button\" href=\"https:\/\/enfermeriacanaria.com\/wptfe\/wp-content\/uploads\/Junta-de-Gobierno.pdf\">Desargar como PDF<\/a><\/div>\n<\/div>\n\n\n\n<p><strong>\u00daltima actualizaci\u00f3n:<\/strong> 04\/07\/2025<\/p>\n<div class=\"pvc_clear\"><\/div><p id=\"pvc_stats_280\" class=\"pvc_stats all  \" data-element-id=\"280\" style=\"\"><i class=\"pvc-stats-icon medium\" aria-hidden=\"true\"><svg xmlns=\"http:\/\/www.w3.org\/2000\/svg\" version=\"1.0\" viewBox=\"0 0 502 315\" preserveAspectRatio=\"xMidYMid meet\"><g transform=\"translate(0,332) scale(0.1,-0.1)\" fill=\"\" stroke=\"none\"><path d=\"M2394 3279 l-29 -30 -3 -207 c-2 -182 0 -211 15 -242 39 -76 157 -76 196 0 15 31 17 60 15 243 l-3 209 -33 29 c-26 23 -41 29 -80 29 -41 0 -53 -5 -78 -31z\"\/><path d=\"M3085 3251 c-45 -19 -58 -50 -96 -229 -47 -217 -49 -260 -13 -295 52 -53 146 -42 177 20 16 31 87 366 87 410 0 70 -86 122 -155 94z\"\/><path d=\"M1751 3234 c-13 -9 -29 -31 -37 -50 -12 -29 -10 -49 21 -204 19 -94 39 -189 45 -210 14 -50 54 -80 110 -80 34 0 48 6 76 34 21 21 34 44 34 59 0 14 -18 113 -40 219 -37 178 -43 195 -70 221 -36 32 -101 37 -139 11z\"\/><path d=\"M1163 3073 c-36 -7 -73 -59 -73 -102 0 -56 133 -378 171 -413 34 -32 83 -37 129 -13 70 36 67 87 -16 290 -86 209 -89 214 -129 231 -35 14 -42 15 -82 7z\"\/><path d=\"M3689 3066 c-15 -9 -33 -30 -42 -48 -48 -103 -147 -355 -147 -375 0 -98 131 -148 192 -74 13 15 57 108 97 206 80 196 84 226 37 273 -30 30 -99 39 -137 18z\"\/><path d=\"M583 2784 c-38 -19 -67 -74 -58 -113 9 -42 211 -354 242 -373 16 -10 45 -18 66 -18 51 0 107 52 107 100 0 39 -1 41 -124 234 -80 126 -108 162 -133 173 -41 17 -61 16 -100 -3z\"\/><path d=\"M4250 2784 c-14 -9 -74 -91 -133 -183 -95 -150 -107 -173 -107 -213 0 -55 33 -94 87 -104 67 -13 90 8 211 198 130 202 137 225 78 284 -27 27 -42 34 -72 34 -22 0 -50 -8 -64 -16z\"\/><path d=\"M2275 2693 c-553 -48 -1095 -270 -1585 -649 -135 -104 -459 -423 -483 -476 -23 -49 -22 -139 2 -186 73 -142 361 -457 571 -626 285 -228 642 -407 990 -497 242 -63 336 -73 660 -74 310 0 370 5 595 52 535 111 1045 392 1455 803 122 121 250 273 275 326 19 41 19 137 0 174 -41 79 -309 363 -465 492 -447 370 -946 591 -1479 653 -113 14 -422 18 -536 8z m395 -428 c171 -34 330 -124 456 -258 112 -119 167 -219 211 -378 27 -96 24 -300 -5 -401 -72 -255 -236 -447 -474 -557 -132 -62 -201 -76 -368 -76 -167 0 -236 14 -368 76 -213 98 -373 271 -451 485 -162 444 86 934 547 1084 153 49 292 57 452 25z m909 -232 c222 -123 408 -262 593 -441 76 -74 138 -139 138 -144 0 -16 -233 -242 -330 -319 -155 -123 -309 -223 -461 -299 l-81 -41 32 46 c18 26 49 83 70 128 143 306 141 649 -6 957 -25 52 -61 116 -79 142 l-34 47 45 -20 c26 -10 76 -36 113 -56z m-2057 25 c-40 -58 -105 -190 -130 -263 -110 -324 -59 -707 132 -981 25 -35 42 -64 37 -64 -19 0 -241 119 -326 174 -188 122 -406 314 -532 468 l-58 71 108 103 c185 178 428 349 672 473 66 33 121 60 123 61 2 0 -10 -19 -26 -42z\"\/><path d=\"M2375 1950 c-198 -44 -350 -190 -395 -379 -18 -76 -8 -221 19 -290 114 -284 457 -406 731 -260 98 52 188 154 231 260 27 69 37 214 19 290 -38 163 -166 304 -326 360 -67 23 -215 33 -279 19z\"\/><\/g><\/svg><\/i> <img loading=\"lazy\" decoding=\"async\" width=\"16\" height=\"16\" alt=\"Loading\" src=\"https:\/\/enfermeriacanaria.com\/wptfe\/wp-content\/plugins\/page-views-count\/ajax-loader-2x.gif\" border=0 \/><\/p><div class=\"pvc_clear\"><\/div>","protected":false},"excerpt":{"rendered":"<p>La Junta de Gobierno del Colegio Oficial de Enfermeros est\u00e1 formada por enfermeros y enfermeras con amplia experiencia asistencial, docente, gestora, e investigadora, cuya iniciativa e inquietud les lleva a formar parte de un proyecto [&#8230;]<\/p>\n<div class=\"pvc_clear\"><\/div>\n<p id=\"pvc_stats_280\" class=\"pvc_stats all  \" data-element-id=\"280\" style=\"\"><i class=\"pvc-stats-icon medium\" aria-hidden=\"true\"><svg xmlns=\"http:\/\/www.w3.org\/2000\/svg\" version=\"1.0\" viewBox=\"0 0 502 315\" preserveAspectRatio=\"xMidYMid meet\"><g transform=\"translate(0,332) scale(0.1,-0.1)\" fill=\"\" stroke=\"none\"><path d=\"M2394 3279 l-29 -30 -3 -207 c-2 -182 0 -211 15 -242 39 -76 157 -76 196 0 15 31 17 60 15 243 l-3 209 -33 29 c-26 23 -41 29 -80 29 -41 0 -53 -5 -78 -31z\"\/><path d=\"M3085 3251 c-45 -19 -58 -50 -96 -229 -47 -217 -49 -260 -13 -295 52 -53 146 -42 177 20 16 31 87 366 87 410 0 70 -86 122 -155 94z\"\/><path d=\"M1751 3234 c-13 -9 -29 -31 -37 -50 -12 -29 -10 -49 21 -204 19 -94 39 -189 45 -210 14 -50 54 -80 110 -80 34 0 48 6 76 34 21 21 34 44 34 59 0 14 -18 113 -40 219 -37 178 -43 195 -70 221 -36 32 -101 37 -139 11z\"\/><path d=\"M1163 3073 c-36 -7 -73 -59 -73 -102 0 -56 133 -378 171 -413 34 -32 83 -37 129 -13 70 36 67 87 -16 290 -86 209 -89 214 -129 231 -35 14 -42 15 -82 7z\"\/><path d=\"M3689 3066 c-15 -9 -33 -30 -42 -48 -48 -103 -147 -355 -147 -375 0 -98 131 -148 192 -74 13 15 57 108 97 206 80 196 84 226 37 273 -30 30 -99 39 -137 18z\"\/><path d=\"M583 2784 c-38 -19 -67 -74 -58 -113 9 -42 211 -354 242 -373 16 -10 45 -18 66 -18 51 0 107 52 107 100 0 39 -1 41 -124 234 -80 126 -108 162 -133 173 -41 17 -61 16 -100 -3z\"\/><path d=\"M4250 2784 c-14 -9 -74 -91 -133 -183 -95 -150 -107 -173 -107 -213 0 -55 33 -94 87 -104 67 -13 90 8 211 198 130 202 137 225 78 284 -27 27 -42 34 -72 34 -22 0 -50 -8 -64 -16z\"\/><path d=\"M2275 2693 c-553 -48 -1095 -270 -1585 -649 -135 -104 -459 -423 -483 -476 -23 -49 -22 -139 2 -186 73 -142 361 -457 571 -626 285 -228 642 -407 990 -497 242 -63 336 -73 660 -74 310 0 370 5 595 52 535 111 1045 392 1455 803 122 121 250 273 275 326 19 41 19 137 0 174 -41 79 -309 363 -465 492 -447 370 -946 591 -1479 653 -113 14 -422 18 -536 8z m395 -428 c171 -34 330 -124 456 -258 112 -119 167 -219 211 -378 27 -96 24 -300 -5 -401 -72 -255 -236 -447 -474 -557 -132 -62 -201 -76 -368 -76 -167 0 -236 14 -368 76 -213 98 -373 271 -451 485 -162 444 86 934 547 1084 153 49 292 57 452 25z m909 -232 c222 -123 408 -262 593 -441 76 -74 138 -139 138 -144 0 -16 -233 -242 -330 -319 -155 -123 -309 -223 -461 -299 l-81 -41 32 46 c18 26 49 83 70 128 143 306 141 649 -6 957 -25 52 -61 116 -79 142 l-34 47 45 -20 c26 -10 76 -36 113 -56z m-2057 25 c-40 -58 -105 -190 -130 -263 -110 -324 -59 -707 132 -981 25 -35 42 -64 37 -64 -19 0 -241 119 -326 174 -188 122 -406 314 -532 468 l-58 71 108 103 c185 178 428 349 672 473 66 33 121 60 123 61 2 0 -10 -19 -26 -42z\"\/><path d=\"M2375 1950 c-198 -44 -350 -190 -395 -379 -18 -76 -8 -221 19 -290 114 -284 457 -406 731 -260 98 52 188 154 231 260 27 69 37 214 19 290 -38 163 -166 304 -326 360 -67 23 -215 33 -279 19z\"\/><\/g><\/svg><\/i> <img loading=\"lazy\" decoding=\"async\" width=\"16\" height=\"16\" alt=\"Loading\" src=\"https:\/\/enfermeriacanaria.com\/wptfe\/wp-content\/plugins\/page-views-count\/ajax-loader-2x.gif\" border=0 \/><\/p>\n<div class=\"pvc_clear\"><\/div>\n","protected":false},"author":1,"featured_media":0,"parent":9706,"menu_order":0,"comment_status":"closed","ping_status":"closed","template":"","meta":{"footnotes":""},"class_list":["post-280","page","type-page","status-publish","hentry"],"a3_pvc":{"activated":true,"total_views":648,"today_views":5},"jetpack_sharing_enabled":true,"jetpack_shortlink":"https:\/\/wp.me\/P57dxf-4w","jetpack_likes_enabled":true,"_links":{"self":[{"href":"https:\/\/enfermeriacanaria.com\/wptfe\/wp-json\/wp\/v2\/pages\/280","targetHints":{"allow":["GET"]}}],"collection":[{"href":"https:\/\/enfermeriacanaria.com\/wptfe\/wp-json\/wp\/v2\/pages"}],"about":[{"href":"https:\/\/enfermeriacanaria.com\/wptfe\/wp-json\/wp\/v2\/types\/page"}],"author":[{"embeddable":true,"href":"https:\/\/enfermeriacanaria.com\/wptfe\/wp-json\/wp\/v2\/users\/1"}],"replies":[{"embeddable":true,"href":"https:\/\/enfermeriacanaria.com\/wptfe\/wp-json\/wp\/v2\/comments?post=280"}],"version-history":[{"count":78,"href":"https:\/\/enfermeriacanaria.com\/wptfe\/wp-json\/wp\/v2\/pages\/280\/revisions"}],"predecessor-version":[{"id":15070,"href":"https:\/\/enfermeriacanaria.com\/wptfe\/wp-json\/wp\/v2\/pages\/280\/revisions\/15070"}],"up":[{"embeddable":true,"href":"https:\/\/enfermeriacanaria.com\/wptfe\/wp-json\/wp\/v2\/pages\/9706"}],"wp:attachment":[{"href":"https:\/\/enfermeriacanaria.com\/wptfe\/wp-json\/wp\/v2\/media?parent=280"}],"curies":[{"name":"wp","href":"https:\/\/api.w.org\/{rel}","templated":true}]}}