{"id":14964,"date":"2025-09-08T17:19:52","date_gmt":"2025-09-08T17:19:52","guid":{"rendered":"https:\/\/enfermeriacanaria.com\/wptfe\/?page_id=14964"},"modified":"2025-09-08T21:56:27","modified_gmt":"2025-09-08T21:56:27","slug":"institucion","status":"publish","type":"page","link":"https:\/\/enfermeriacanaria.com\/wptfe\/institucion\/","title":{"rendered":"Instituci\u00f3n"},"content":{"rendered":"\n<p><strong>\u00bfQui\u00e9nes Somos?<\/strong><\/p>\n\n\n\n<p>El Colegio de Enfermeros de Santa Cruz de Tenerife que tiene su origen con la creaci\u00f3n el 30 de mayo de 1912 del Colegio de Practicantes de Medicina y Cirug\u00eda de las Islas Canarias es una Corporaci\u00f3n de Derecho P\u00fablico, integrante de la Organizaci\u00f3n Colegial de Enfermer\u00eda de Espa\u00f1a, amparada por la Ley y reconocida por el Estado y por la Comunidad Aut\u00f3noma de Canarias, con personalidad jur\u00eddica propia y plena capacidad para el cumplimiento de sus fines.<\/p>\n\n\n\n<p>Agrupa a m\u00e1s de 8.000 enfermeras y enfermeros que ejerzan su profesi\u00f3n en la provincia de Santa Cruz de Tenerife.<\/p>\n\n\n\n<p><strong>Historia y sociedad.<\/strong><\/p>\n\n\n\n<p>El 30 de mayo de 1912 se crea en Santa Cruz de Tenerife el Colegio de Practicantes de Medicina y de Cirug\u00eda de las Islas Canarias. Ya en estos a\u00f1os se organizaban para intentar dar soluciones a los problemas que ten\u00edan en aquellos d\u00edas, como eran los planes de estudios de la profesi\u00f3n, la p\u00e9rdida progresiva de sus funciones en detrimento de otros profesionales y la feroz lucha que hoy en d\u00eda sigue vigente, la lucha contra el intrusismo, problema importante que estaba presente en todas las provincias espa\u00f1olas.<\/p>\n\n\n\n<p>El a\u00f1o 1915 se cre\u00f3 \u201cLa enfermera oficial\u201d y a\u00f1os m\u00e1s tarde, en 1929, se estableci\u00f3 la colegiaci\u00f3n obligatoria cambiando de forma notable la configuraci\u00f3n del panorama sanitario en general y de la enfermer\u00eda en particular. En 1928 las matronas se integraron en el Colegio de Practicantes.<\/p>\n\n\n\n<p>En el a\u00f1o 1944 ocurren dos acontecimientos fundamentales para la profesi\u00f3n y para la Organizaci\u00f3n Colegial. En primer lugar, se aprueba la ley de bases de la Sanidad Nacional, por la que se ordena la unificaci\u00f3n de las profesiones auxiliares sanitarias, as\u00ed, se establece que en cada Provincia debe haber un Colegio Oficial y que lo formar\u00e1n Practicantes, Comadronas y Enfermeras. Tambi\u00e9n establece esta Ley, la colegiaci\u00f3n obligatoria a las enfermeras, \u00fanico grupo que quedaba desde que, en los a\u00f1os 1929 y 1930, la obtuvieran Practicantes y Comadronas respectivamente. Esta Ley es el comienzo de lo que ocurrir\u00eda en un futuro y por lo que ven\u00edan trabajando desde la Organizaci\u00f3n Colegial: la unificaci\u00f3n de todas las profesiones auxiliares m\u00e9dicas en un solo colegio, con unos planes de estudios comunes e incluso con una denominaci\u00f3n com\u00fan.<\/p>\n\n\n\n<p>El segundo acontecimiento sucede un mes despu\u00e9s de aprobarse esta Ley con la Orden de 22 de diciembre de 1944, en la que se establece el cambio de denominaci\u00f3n de los Colegios Provinciales de Practicantes a Colegios Oficiales de Auxiliares Sanitarios.<\/p>\n\n\n\n<p>En 1945, los practicantes, matronas y enfermeras que quisieran ejercer su profesi\u00f3n, deb\u00edan, no s\u00f3lo estar en posesi\u00f3n del t\u00edtulo oficial, sino tambi\u00e9n estar colegiados.<\/p>\n\n\n\n<p>En el a\u00f1o 1953 cuando emerge la figura del Ayudante T\u00e9cnico Sanitario (A.T.S) con la unificaci\u00f3n de las carreras de Practicante, Matrona y Enfermera. El A.T.S. desarrollar\u00e1 fundamentalmente su actividad principal en el \u00e1mbito hospitalario y urbano, frente a la tradicional actividad rural que ven\u00edan desarrollando; esto es debido a los numerosos cambios que durante la d\u00e9cada de los 50 se van sucediendo como la creaci\u00f3n de grandes hospitales, la continua incorporaci\u00f3n de nuevas tecnolog\u00edas, la vertebraci\u00f3n de un sistema jer\u00e1rquico, el trabajo en equipo, cambios sociol\u00f3gicos importantes, el \u00e1mbito rural deja paso al tejido industrial, los enfermos terminales empiezan a morir en el hospital en lugar de en casa, los partos se realizan en los hospitales, etc.<\/p>\n\n\n\n<p>Con el Decreto de 2128\/1977 de 23 de julio se determina que todos los profesionales auxiliares sanitarios tendr\u00e1n un \u00fanico Colegio Profesional debido a la homologaci\u00f3n de los t\u00edtulos a efectos nominativos, corporativos y laborales. Se aprueba tambi\u00e9n por este Decreto la conversi\u00f3n de las escuelas de Ayudantes T\u00e9cnicos Sanitarios en Escuelas Universitarias de Enfermer\u00eda y as\u00ed es como se produce la entrada del colectivo en la Universidad.<\/p>\n\n\n\n<p>En 1985 y para terminar con una divisi\u00f3n de los profesionales que perjudica a todo el colectivo, el Consejo Nacional de Matronas se integra en la Organizaci\u00f3n Colegial de A.T.S.\/D.E. pero se tiene constancia de que no fue un trabajo sencillo sino m\u00e1s bien todo lo contrario, pues el Consejo Nacional de Matronas, manifiesta en repetidas ocasiones y utilizando diferentes medios a lo largo de los \u00faltimos 8 a\u00f1os, que quiere mantener su colegio independiente sin supeditarse a otros.<\/p>\n\n\n\n<p>Tambi\u00e9n es en este a\u00f1o 1985 y en 1986, cuando la organizaci\u00f3n Colegial inicia todo un debate sobre la conveniencia de que los estudios de enfermer\u00eda pudieran tener nivel de licenciatura.<\/p>\n\n\n\n<p>En febrero de 2001, la Organizaci\u00f3n Colegial de Enfermer\u00eda y el Ministerio de Sanidad rubrican el primer acuerdo para el desarrollo de la profesi\u00f3n enfermera. Este acuerdo marco de colaboraci\u00f3n, supone un impulso y reconocimiento a la labor de los 180.000 enfermeros espa\u00f1oles en ejercicio. Entre sus principales objetivos se contemplan la mejora de la gesti\u00f3n de los recursos humanos, el impulso a la formaci\u00f3n y el desarrollo de las Especialidades de Enfermer\u00eda.<\/p>\n\n\n\n<p>Con el Real Decreto 1393\/2007 de 29 de octubre, se establece la ordenaci\u00f3n de las ense\u00f1anzas universitarias oficiales.106 Pero no es hasta 2009 cuando, gracias a la publicaci\u00f3n del decreto 83\/2009 de 16 de junio, se autoriza la implantaci\u00f3n de &nbsp;ense\u00f1anzas conducentes a la obtenci\u00f3n de diversos t\u00edtulos universitarios oficiales de Grado por la Universidad de La Laguna a partir del curso 2009-2010.<\/p>\n\n\n\n<p>La historia de este colegio se recoge ampliamente en el libro&nbsp;<a href=\"https:\/\/enfermeriacanaria.com\/wptfe\/wp-content\/uploads\/LIBRO-CENTENARIO-RED.pdf\" target=\"_blank\" rel=\"noreferrer noopener\">\u00abCentenario del Colegio de Enfermer\u00eda 1912-2012\u00bb<\/a><\/p>\n\n\n\n<p>Hoy, el Colegio de Enfermeros de Santa Cruz de Tenerife es una corporaci\u00f3n de derecho p\u00fablico din\u00e1mica que no solo ordena y representa a la profesi\u00f3n, sino que tambi\u00e9n impulsa la formaci\u00f3n continua, la investigaci\u00f3n y se proyecta como un actor social clave. Nuestra larga trayectoria demuestra una adaptaci\u00f3n constante a los cambios legislativos y sociales, siempre con el objetivo de servir a nuestros profesionales y garantizar la excelencia en los cuidados de salud para toda la sociedad canaria.<\/p>\n\n\n\n<p><strong>SEDES:<\/strong><\/p>\n\n\n\n<p>El Colegio de Enfermeros de Santa Cruz de Tenerife se encuentra ubicado en la calle San Mart\u00edn N\u00ba 62 (\u00e1rea administrativa) y 63 (\u00e1rea de formaci\u00f3n) tambi\u00e9n cuenta con una sede en la isla de La Palma en la calle Anselmo P\u00e9rez Brito N47<\/p>\n\n\n\n<p><a href=\"https:\/\/enfermeriacanaria.com\/wptfe\/?page_id=3289\" target=\"_blank\" rel=\"noreferrer noopener\">Haga clic aqu\u00ed para ver los datos de contacto y localizaci\u00f3n<\/a><\/p>\n\n\n\n<p><strong>Informaci\u00f3n econ\u00f3mica<\/strong><\/p>\n\n\n\n<p>La Instituci\u00f3n goza de una salud financiera robusta, caracterizada por un equilibrio patrimonial \u00f3ptimo. El an\u00e1lisis del balance muestra una estructura s\u00f3lida donde los activos a largo plazo est\u00e1n financiados en su mayor\u00eda por fondos propios. Esta pol\u00edtica de autofinanciaci\u00f3n y b\u00fasqueda activa de ayudas minimiza el riesgo financiero y dota a la entidad de una notable autonom\u00eda para la toma de decisiones estrat\u00e9gicas.<\/p>\n\n\n\n<p>La gesti\u00f3n a corto plazo demuestra una gran solvencia. El fondo de maniobra es positivo, con un activo corriente de dimensi\u00f3n adecuada para hacer frente a todas las obligaciones del pasivo corriente. Adicionalmente, se ha realizado una gesti\u00f3n eficiente de los excedentes de tesorer\u00eda, optimizando su rendimiento y asegurando en todo momento la liquidez requerida para la operativa de la Instituci\u00f3n.<\/p>\n\n\n\n<p>El resultado del Ejercicio 2024:&nbsp;La diferencia entre los ingresos y los gastos del ejercicio fiscal 2024 result\u00f3 en un excedente neto de&nbsp;161.420,58\u20ac. Para el ejercicio 2025 el presupuesto para el ejercicio 2025 contempla unos ingresos estimados de&nbsp;1.929.900,00\u20ac (de las cuales un 97% provienen de cuotas colegiales) y unos gastos proyectados de&nbsp;1.929.900 \u20ac<\/p>\n\n\n\n<p>Entre las acciones y actividades previstas por el Colegio durnate el pr\u00f3ximo a\u00f1o est\u00e1n:<\/p>\n\n\n\n<ul class=\"wp-block-list\">\n<li>Acciones de apoyo a las acciones solidarias. ONG Solidaridad Enfermera.<\/li>\n\n\n\n<li>Apoyo a la investigaci\u00f3n y generaci\u00f3n del conocimiento. Instituto de Investigaci\u00f3n de Enfermer\u00eda.<\/li>\n\n\n\n<li>Acciones de Reforma de la Sede de la Laguna<\/li>\n\n\n\n<li>Acciones de ubicaci\u00f3n y mejora para el tejido asociativo de Enfermer\u00eda<\/li>\n\n\n\n<li>Apoyo a la formaci\u00f3n, divulgaci\u00f3n de conocimientos en jornadas y congresos de enfermer\u00eda<\/li>\n\n\n\n<li>Apoyo y dinamizaci\u00f3n de Sociedades cient\u00edficas y grupos enfermeros<\/li>\n\n\n\n<li>Mejora de los procesos Profesionales de Comit\u00e9s Deontol\u00f3gico y C\u00f3digo \u00c9tico.<\/li>\n\n\n\n<li>Institucionalizaci\u00f3n de Museo de la Enfermer\u00eda y Acciones Expositivas.<\/li>\n\n\n\n<li>Reivindicaci\u00f3n de acciones profesionales que repercuten o se asocian a aspectos de contrataci\u00f3n y acci\u00f3n profesional.<\/li>\n\n\n\n<li>Mejora de la capacidad asociativa<\/li>\n\n\n\n<li>Reivindicaci\u00f3n de la Academia de Enfermer\u00eda en Canarias.<\/li>\n\n\n\n<li>Protecci\u00f3n y seguridad para los profesionales de enfermer\u00eda en su ejercicio profesional.<\/li>\n\n\n\n<li>Apoyo desarrollo profesional Grupo A, prescripci\u00f3n, especialidades y estabilizaci\u00f3n profesional.<\/li>\n\n\n\n<li>Reformas y renovaci\u00f3n de sedes colegiales.<\/li>\n<\/ul>\n\n\n\n<p><strong>Patrimonio<\/strong><\/p>\n\n\n\n<p>La organizaci\u00f3n colegial de enfermer\u00eda de S\/C de Tenerife, cuenta con un amplio patrimonio, fruto de la buena gesti\u00f3n de los enfermeros y enfermeras que han estado al frente de la junta de gobierno de esta instituci\u00f3n.<\/p>\n\n\n\n<p>El Ilustre Colegio Oficial de Enfermeros de Santa Cruz de Tenerife adquiere en el a\u00f1o 2018, una antigua casa patrimonial en pleno casco hist\u00f3rico de La Laguna, en la calle San Agust\u00edn. Se trata de una construcci\u00f3n de unos 400 metros cuadrados -en cada una de sus dos plantas- que fue adquirida en muy mal estado de conservaci\u00f3n y que en la actualidad se est\u00e1n finalizando las obras de rehabilitaci\u00f3n, teniendo previsto que este pr\u00f3ximo a\u00f1o 2025 pueda abrir sus puertas.<\/p>\n\n\n\n<p><strong>\u00bfCu\u00e1les son nuestros objetivos?<\/strong><\/p>\n\n\n\n<ul class=\"wp-block-list\">\n<li>Velar por la satisfacci\u00f3n de los intereses generales relacionados con el ejercicio de la profesi\u00f3n de Enfermer\u00eda, para que la actividad profesional se adecue a los intereses de los ciudadanos.<\/li>\n\n\n\n<li>La ordenaci\u00f3n del ejercicio de la profesi\u00f3n de Enfermer\u00eda en el \u00e1mbito de su competencia y en todas sus formas y especialidades.<\/li>\n\n\n\n<li>La representaci\u00f3n exclusiva de la profesi\u00f3n de Enfermer\u00eda.<\/li>\n\n\n\n<li>La defensa de los intereses profesionales de los colegiados en su \u00e1mbito de actuaci\u00f3n.<\/li>\n<\/ul>\n\n\n\n<div class=\"wp-block-buttons is-content-justification-center is-layout-flex wp-container-core-buttons-is-layout-16018d1d wp-block-buttons-is-layout-flex\">\n<div class=\"wp-block-button\"><a class=\"wp-block-button__link wp-element-button\" href=\"https:\/\/enfermeriacanaria.com\/wptfe\/wp-content\/uploads\/Institucion.odt\" target=\"_blank\" rel=\"noreferrer noopener\">Descargar como ODT<\/a><\/div>\n\n\n\n<div class=\"wp-block-button\"><a class=\"wp-block-button__link wp-element-button\" href=\"https:\/\/enfermeriacanaria.com\/wptfe\/wp-content\/uploads\/Institucion.docx\" target=\"_blank\" rel=\"noreferrer noopener\">Descargar como Word<\/a><\/div>\n\n\n\n<div class=\"wp-block-button\"><a class=\"wp-block-button__link wp-element-button\" href=\"https:\/\/enfermeriacanaria.com\/wptfe\/wp-content\/uploads\/Institucion.pdf\" target=\"_blank\" rel=\"noreferrer noopener\">Descargar como PDF<\/a><\/div>\n<\/div>\n\n\n\n<p><strong>\u00daltima actualizaci\u00f3n:<\/strong> 04\/07\/2025<\/p>\n\n\n\n<p><\/p>\n<div class=\"pvc_clear\"><\/div><p id=\"pvc_stats_14964\" class=\"pvc_stats all  \" data-element-id=\"14964\" style=\"\"><i class=\"pvc-stats-icon medium\" aria-hidden=\"true\"><svg xmlns=\"http:\/\/www.w3.org\/2000\/svg\" version=\"1.0\" viewBox=\"0 0 502 315\" preserveAspectRatio=\"xMidYMid meet\"><g transform=\"translate(0,332) scale(0.1,-0.1)\" fill=\"\" stroke=\"none\"><path d=\"M2394 3279 l-29 -30 -3 -207 c-2 -182 0 -211 15 -242 39 -76 157 -76 196 0 15 31 17 60 15 243 l-3 209 -33 29 c-26 23 -41 29 -80 29 -41 0 -53 -5 -78 -31z\"\/><path d=\"M3085 3251 c-45 -19 -58 -50 -96 -229 -47 -217 -49 -260 -13 -295 52 -53 146 -42 177 20 16 31 87 366 87 410 0 70 -86 122 -155 94z\"\/><path d=\"M1751 3234 c-13 -9 -29 -31 -37 -50 -12 -29 -10 -49 21 -204 19 -94 39 -189 45 -210 14 -50 54 -80 110 -80 34 0 48 6 76 34 21 21 34 44 34 59 0 14 -18 113 -40 219 -37 178 -43 195 -70 221 -36 32 -101 37 -139 11z\"\/><path d=\"M1163 3073 c-36 -7 -73 -59 -73 -102 0 -56 133 -378 171 -413 34 -32 83 -37 129 -13 70 36 67 87 -16 290 -86 209 -89 214 -129 231 -35 14 -42 15 -82 7z\"\/><path d=\"M3689 3066 c-15 -9 -33 -30 -42 -48 -48 -103 -147 -355 -147 -375 0 -98 131 -148 192 -74 13 15 57 108 97 206 80 196 84 226 37 273 -30 30 -99 39 -137 18z\"\/><path d=\"M583 2784 c-38 -19 -67 -74 -58 -113 9 -42 211 -354 242 -373 16 -10 45 -18 66 -18 51 0 107 52 107 100 0 39 -1 41 -124 234 -80 126 -108 162 -133 173 -41 17 -61 16 -100 -3z\"\/><path d=\"M4250 2784 c-14 -9 -74 -91 -133 -183 -95 -150 -107 -173 -107 -213 0 -55 33 -94 87 -104 67 -13 90 8 211 198 130 202 137 225 78 284 -27 27 -42 34 -72 34 -22 0 -50 -8 -64 -16z\"\/><path d=\"M2275 2693 c-553 -48 -1095 -270 -1585 -649 -135 -104 -459 -423 -483 -476 -23 -49 -22 -139 2 -186 73 -142 361 -457 571 -626 285 -228 642 -407 990 -497 242 -63 336 -73 660 -74 310 0 370 5 595 52 535 111 1045 392 1455 803 122 121 250 273 275 326 19 41 19 137 0 174 -41 79 -309 363 -465 492 -447 370 -946 591 -1479 653 -113 14 -422 18 -536 8z m395 -428 c171 -34 330 -124 456 -258 112 -119 167 -219 211 -378 27 -96 24 -300 -5 -401 -72 -255 -236 -447 -474 -557 -132 -62 -201 -76 -368 -76 -167 0 -236 14 -368 76 -213 98 -373 271 -451 485 -162 444 86 934 547 1084 153 49 292 57 452 25z m909 -232 c222 -123 408 -262 593 -441 76 -74 138 -139 138 -144 0 -16 -233 -242 -330 -319 -155 -123 -309 -223 -461 -299 l-81 -41 32 46 c18 26 49 83 70 128 143 306 141 649 -6 957 -25 52 -61 116 -79 142 l-34 47 45 -20 c26 -10 76 -36 113 -56z m-2057 25 c-40 -58 -105 -190 -130 -263 -110 -324 -59 -707 132 -981 25 -35 42 -64 37 -64 -19 0 -241 119 -326 174 -188 122 -406 314 -532 468 l-58 71 108 103 c185 178 428 349 672 473 66 33 121 60 123 61 2 0 -10 -19 -26 -42z\"\/><path d=\"M2375 1950 c-198 -44 -350 -190 -395 -379 -18 -76 -8 -221 19 -290 114 -284 457 -406 731 -260 98 52 188 154 231 260 27 69 37 214 19 290 -38 163 -166 304 -326 360 -67 23 -215 33 -279 19z\"\/><\/g><\/svg><\/i> <img decoding=\"async\" width=\"16\" height=\"16\" alt=\"Loading\" src=\"https:\/\/enfermeriacanaria.com\/wptfe\/wp-content\/plugins\/page-views-count\/ajax-loader-2x.gif\" border=0 \/><\/p><div class=\"pvc_clear\"><\/div>","protected":false},"excerpt":{"rendered":"<p>\u00bfQui\u00e9nes Somos? El Colegio de Enfermeros de Santa Cruz de Tenerife que tiene su origen con la creaci\u00f3n el 30 de mayo de 1912 del Colegio de Practicantes de Medicina y Cirug\u00eda de las Islas [&#8230;]<\/p>\n<div class=\"pvc_clear\"><\/div>\n<p id=\"pvc_stats_14964\" class=\"pvc_stats all  \" data-element-id=\"14964\" style=\"\"><i class=\"pvc-stats-icon medium\" aria-hidden=\"true\"><svg xmlns=\"http:\/\/www.w3.org\/2000\/svg\" version=\"1.0\" viewBox=\"0 0 502 315\" preserveAspectRatio=\"xMidYMid meet\"><g transform=\"translate(0,332) scale(0.1,-0.1)\" fill=\"\" stroke=\"none\"><path d=\"M2394 3279 l-29 -30 -3 -207 c-2 -182 0 -211 15 -242 39 -76 157 -76 196 0 15 31 17 60 15 243 l-3 209 -33 29 c-26 23 -41 29 -80 29 -41 0 -53 -5 -78 -31z\"\/><path d=\"M3085 3251 c-45 -19 -58 -50 -96 -229 -47 -217 -49 -260 -13 -295 52 -53 146 -42 177 20 16 31 87 366 87 410 0 70 -86 122 -155 94z\"\/><path d=\"M1751 3234 c-13 -9 -29 -31 -37 -50 -12 -29 -10 -49 21 -204 19 -94 39 -189 45 -210 14 -50 54 -80 110 -80 34 0 48 6 76 34 21 21 34 44 34 59 0 14 -18 113 -40 219 -37 178 -43 195 -70 221 -36 32 -101 37 -139 11z\"\/><path d=\"M1163 3073 c-36 -7 -73 -59 -73 -102 0 -56 133 -378 171 -413 34 -32 83 -37 129 -13 70 36 67 87 -16 290 -86 209 -89 214 -129 231 -35 14 -42 15 -82 7z\"\/><path d=\"M3689 3066 c-15 -9 -33 -30 -42 -48 -48 -103 -147 -355 -147 -375 0 -98 131 -148 192 -74 13 15 57 108 97 206 80 196 84 226 37 273 -30 30 -99 39 -137 18z\"\/><path d=\"M583 2784 c-38 -19 -67 -74 -58 -113 9 -42 211 -354 242 -373 16 -10 45 -18 66 -18 51 0 107 52 107 100 0 39 -1 41 -124 234 -80 126 -108 162 -133 173 -41 17 -61 16 -100 -3z\"\/><path d=\"M4250 2784 c-14 -9 -74 -91 -133 -183 -95 -150 -107 -173 -107 -213 0 -55 33 -94 87 -104 67 -13 90 8 211 198 130 202 137 225 78 284 -27 27 -42 34 -72 34 -22 0 -50 -8 -64 -16z\"\/><path d=\"M2275 2693 c-553 -48 -1095 -270 -1585 -649 -135 -104 -459 -423 -483 -476 -23 -49 -22 -139 2 -186 73 -142 361 -457 571 -626 285 -228 642 -407 990 -497 242 -63 336 -73 660 -74 310 0 370 5 595 52 535 111 1045 392 1455 803 122 121 250 273 275 326 19 41 19 137 0 174 -41 79 -309 363 -465 492 -447 370 -946 591 -1479 653 -113 14 -422 18 -536 8z m395 -428 c171 -34 330 -124 456 -258 112 -119 167 -219 211 -378 27 -96 24 -300 -5 -401 -72 -255 -236 -447 -474 -557 -132 -62 -201 -76 -368 -76 -167 0 -236 14 -368 76 -213 98 -373 271 -451 485 -162 444 86 934 547 1084 153 49 292 57 452 25z m909 -232 c222 -123 408 -262 593 -441 76 -74 138 -139 138 -144 0 -16 -233 -242 -330 -319 -155 -123 -309 -223 -461 -299 l-81 -41 32 46 c18 26 49 83 70 128 143 306 141 649 -6 957 -25 52 -61 116 -79 142 l-34 47 45 -20 c26 -10 76 -36 113 -56z m-2057 25 c-40 -58 -105 -190 -130 -263 -110 -324 -59 -707 132 -981 25 -35 42 -64 37 -64 -19 0 -241 119 -326 174 -188 122 -406 314 -532 468 l-58 71 108 103 c185 178 428 349 672 473 66 33 121 60 123 61 2 0 -10 -19 -26 -42z\"\/><path d=\"M2375 1950 c-198 -44 -350 -190 -395 -379 -18 -76 -8 -221 19 -290 114 -284 457 -406 731 -260 98 52 188 154 231 260 27 69 37 214 19 290 -38 163 -166 304 -326 360 -67 23 -215 33 -279 19z\"\/><\/g><\/svg><\/i> <img decoding=\"async\" width=\"16\" height=\"16\" alt=\"Loading\" src=\"https:\/\/enfermeriacanaria.com\/wptfe\/wp-content\/plugins\/page-views-count\/ajax-loader-2x.gif\" border=0 \/><\/p>\n<div class=\"pvc_clear\"><\/div>\n","protected":false},"author":4,"featured_media":0,"parent":0,"menu_order":0,"comment_status":"closed","ping_status":"closed","template":"","meta":{"footnotes":""},"class_list":["post-14964","page","type-page","status-publish","hentry"],"a3_pvc":{"activated":true,"total_views":196,"today_views":3},"jetpack_sharing_enabled":true,"jetpack_shortlink":"https:\/\/wp.me\/P57dxf-3Tm","jetpack_likes_enabled":true,"_links":{"self":[{"href":"https:\/\/enfermeriacanaria.com\/wptfe\/wp-json\/wp\/v2\/pages\/14964","targetHints":{"allow":["GET"]}}],"collection":[{"href":"https:\/\/enfermeriacanaria.com\/wptfe\/wp-json\/wp\/v2\/pages"}],"about":[{"href":"https:\/\/enfermeriacanaria.com\/wptfe\/wp-json\/wp\/v2\/types\/page"}],"author":[{"embeddable":true,"href":"https:\/\/enfermeriacanaria.com\/wptfe\/wp-json\/wp\/v2\/users\/4"}],"replies":[{"embeddable":true,"href":"https:\/\/enfermeriacanaria.com\/wptfe\/wp-json\/wp\/v2\/comments?post=14964"}],"version-history":[{"count":3,"href":"https:\/\/enfermeriacanaria.com\/wptfe\/wp-json\/wp\/v2\/pages\/14964\/revisions"}],"predecessor-version":[{"id":14998,"href":"https:\/\/enfermeriacanaria.com\/wptfe\/wp-json\/wp\/v2\/pages\/14964\/revisions\/14998"}],"wp:attachment":[{"href":"https:\/\/enfermeriacanaria.com\/wptfe\/wp-json\/wp\/v2\/media?parent=14964"}],"curies":[{"name":"wp","href":"https:\/\/api.w.org\/{rel}","templated":true}]}}