{"id":13541,"date":"2024-06-11T11:05:59","date_gmt":"2024-06-11T11:05:59","guid":{"rendered":"https:\/\/enfermeriacanaria.com\/wptfe\/?page_id=13541"},"modified":"2024-06-11T11:09:28","modified_gmt":"2024-06-11T11:09:28","slug":"d-maximiliano-j-valverde-jerez","status":"publish","type":"page","link":"https:\/\/enfermeriacanaria.com\/wptfe\/d-maximiliano-j-valverde-jerez\/","title":{"rendered":"D. Maximiliano J. Valverde Jerez"},"content":{"rendered":"\n<div class=\"wp-block-image\"><figure class=\"aligncenter is-resized\"><a href=\"https:\/\/enfermeriacanaria.com\/wptfe\/wp-content\/uploads\/6_Foto-Maximiliano-J.-Valverde-Jerez.jpg\" target=\"_blank\" rel=\"noreferrer noopener\"><img fetchpriority=\"high\" decoding=\"async\" src=\"https:\/\/enfermeriacanaria.com\/wptfe\/wp-content\/uploads\/6_Foto-Maximiliano-J.-Valverde-Jerez-802x1024.jpg\" alt=\"\" class=\"wp-image-13529\" width=\"224\" height=\"285\" srcset=\"https:\/\/enfermeriacanaria.com\/wptfe\/wp-content\/uploads\/6_Foto-Maximiliano-J.-Valverde-Jerez-802x1024.jpg 802w, https:\/\/enfermeriacanaria.com\/wptfe\/wp-content\/uploads\/6_Foto-Maximiliano-J.-Valverde-Jerez-235x300.jpg 235w, https:\/\/enfermeriacanaria.com\/wptfe\/wp-content\/uploads\/6_Foto-Maximiliano-J.-Valverde-Jerez-768x981.jpg 768w, https:\/\/enfermeriacanaria.com\/wptfe\/wp-content\/uploads\/6_Foto-Maximiliano-J.-Valverde-Jerez.jpg 1253w\" sizes=\"(max-width: 224px) 100vw, 224px\" \/><\/a><\/figure><\/div>\n\n\n\n<p>Vocal de la Comisi\u00f3n Deontol\u00f3gica<\/p>\n\n\n\n<p>Diplomado en Enfermer\u00eda por la Universidad de Granada, lleva\ntreinta a\u00f1os colegiado ininterrumpidamente en el Ilustre Colegio Oficial de\nEnfermeros de Santa Cruz de Tenerife, desempe\u00f1ando actualmente su labor asistencial\nen servicio de hemodi\u00e1lisis del Hospital Universitario Nuestra Se\u00f1ora de\nCandelaria.<\/p>\n\n\n\n<p>Licenciado en Historia por la ULL, Licenciado en\nAntropolog\u00eda por la UNED y Graduado en Derecho tambi\u00e9n por la UNED, cuenta con\nformaci\u00f3n postgrado entre la que se encuentra el Certificado de Aptitud\nPedag\u00f3gica de la Universidad Complutense de Madrid y el M\u00e1ster Universitario en\nBio\u00e9tica y Bioderecho por la Universidad de La Laguna y la Universidad de Las\nPalmas de Gran Canaria. Tambi\u00e9n posee otros cursos no universitarios, entre los\nque destacan el Curso de Cuidados Paliativos e intervenci\u00f3n psicosocial en\nenfermos terminales y el Curso Superior de Direcci\u00f3n y Gesti\u00f3n de los Servicios\nSanitarios, ambos impartidos por la ESSSCAN.<\/p>\n\n\n\n<p>En cuanto a docencia universitaria, ha mantenido un v\u00ednculo\nlaboral con el Departamento de Enfermer\u00eda de la ULL, mediante contratos\nlaborales temporales y \u201cvenia docendi\u201d, impartiendo durante los \u00faltimos tres\na\u00f1os parte de la asignatura de segundo de enfermer\u00eda \u201cGesti\u00f3n de los servicios\nde Enfermer\u00eda, \u00c9tica y Legislaci\u00f3n sanitaria\u201d. M\u00e1s concretamente, la parte\ncorrespondiente a \u00c9tica y Legislaci\u00f3n.<\/p>\n\n\n\n<p>Miembro del Comit\u00e9 de \u00e9tica de la investigaci\u00f3n con\nmedicamentos del Hospital Universitario de Canarias, tambi\u00e9n es Secretario de\nla Comisi\u00f3n Deontol\u00f3gica Nacional de Enfermer\u00eda, la cual es la encargada de la\nactualizaci\u00f3n del C\u00f3digo Deontol\u00f3gico de la enfermer\u00eda espa\u00f1ola.<\/p>\n\n\n\n<p>En la actualidad, se encuentra realizando el Curso de\nDoctorado en ciencias m\u00e9dicas y farmac\u00e9uticas, desarrollo y calidad de vida de\nla ULL, con un proyecto de tesis acerca de un estudio comparativo de los\nc\u00f3digos deontol\u00f3gicos de enfermer\u00eda de los pa\u00edses miembros de la Uni\u00f3n Europea.<\/p>\n<div class=\"pvc_clear\"><\/div><p id=\"pvc_stats_13541\" class=\"pvc_stats all  \" data-element-id=\"13541\" style=\"\"><i class=\"pvc-stats-icon medium\" aria-hidden=\"true\"><svg xmlns=\"http:\/\/www.w3.org\/2000\/svg\" version=\"1.0\" viewBox=\"0 0 502 315\" preserveAspectRatio=\"xMidYMid meet\"><g transform=\"translate(0,332) scale(0.1,-0.1)\" fill=\"\" stroke=\"none\"><path d=\"M2394 3279 l-29 -30 -3 -207 c-2 -182 0 -211 15 -242 39 -76 157 -76 196 0 15 31 17 60 15 243 l-3 209 -33 29 c-26 23 -41 29 -80 29 -41 0 -53 -5 -78 -31z\"\/><path d=\"M3085 3251 c-45 -19 -58 -50 -96 -229 -47 -217 -49 -260 -13 -295 52 -53 146 -42 177 20 16 31 87 366 87 410 0 70 -86 122 -155 94z\"\/><path d=\"M1751 3234 c-13 -9 -29 -31 -37 -50 -12 -29 -10 -49 21 -204 19 -94 39 -189 45 -210 14 -50 54 -80 110 -80 34 0 48 6 76 34 21 21 34 44 34 59 0 14 -18 113 -40 219 -37 178 -43 195 -70 221 -36 32 -101 37 -139 11z\"\/><path d=\"M1163 3073 c-36 -7 -73 -59 -73 -102 0 -56 133 -378 171 -413 34 -32 83 -37 129 -13 70 36 67 87 -16 290 -86 209 -89 214 -129 231 -35 14 -42 15 -82 7z\"\/><path d=\"M3689 3066 c-15 -9 -33 -30 -42 -48 -48 -103 -147 -355 -147 -375 0 -98 131 -148 192 -74 13 15 57 108 97 206 80 196 84 226 37 273 -30 30 -99 39 -137 18z\"\/><path d=\"M583 2784 c-38 -19 -67 -74 -58 -113 9 -42 211 -354 242 -373 16 -10 45 -18 66 -18 51 0 107 52 107 100 0 39 -1 41 -124 234 -80 126 -108 162 -133 173 -41 17 -61 16 -100 -3z\"\/><path d=\"M4250 2784 c-14 -9 -74 -91 -133 -183 -95 -150 -107 -173 -107 -213 0 -55 33 -94 87 -104 67 -13 90 8 211 198 130 202 137 225 78 284 -27 27 -42 34 -72 34 -22 0 -50 -8 -64 -16z\"\/><path d=\"M2275 2693 c-553 -48 -1095 -270 -1585 -649 -135 -104 -459 -423 -483 -476 -23 -49 -22 -139 2 -186 73 -142 361 -457 571 -626 285 -228 642 -407 990 -497 242 -63 336 -73 660 -74 310 0 370 5 595 52 535 111 1045 392 1455 803 122 121 250 273 275 326 19 41 19 137 0 174 -41 79 -309 363 -465 492 -447 370 -946 591 -1479 653 -113 14 -422 18 -536 8z m395 -428 c171 -34 330 -124 456 -258 112 -119 167 -219 211 -378 27 -96 24 -300 -5 -401 -72 -255 -236 -447 -474 -557 -132 -62 -201 -76 -368 -76 -167 0 -236 14 -368 76 -213 98 -373 271 -451 485 -162 444 86 934 547 1084 153 49 292 57 452 25z m909 -232 c222 -123 408 -262 593 -441 76 -74 138 -139 138 -144 0 -16 -233 -242 -330 -319 -155 -123 -309 -223 -461 -299 l-81 -41 32 46 c18 26 49 83 70 128 143 306 141 649 -6 957 -25 52 -61 116 -79 142 l-34 47 45 -20 c26 -10 76 -36 113 -56z m-2057 25 c-40 -58 -105 -190 -130 -263 -110 -324 -59 -707 132 -981 25 -35 42 -64 37 -64 -19 0 -241 119 -326 174 -188 122 -406 314 -532 468 l-58 71 108 103 c185 178 428 349 672 473 66 33 121 60 123 61 2 0 -10 -19 -26 -42z\"\/><path d=\"M2375 1950 c-198 -44 -350 -190 -395 -379 -18 -76 -8 -221 19 -290 114 -284 457 -406 731 -260 98 52 188 154 231 260 27 69 37 214 19 290 -38 163 -166 304 -326 360 -67 23 -215 33 -279 19z\"\/><\/g><\/svg><\/i> <img decoding=\"async\" width=\"16\" height=\"16\" alt=\"Loading\" src=\"https:\/\/enfermeriacanaria.com\/wptfe\/wp-content\/plugins\/page-views-count\/ajax-loader-2x.gif\" border=0 \/><\/p><div class=\"pvc_clear\"><\/div>","protected":false},"excerpt":{"rendered":"<p>Vocal de la Comisi\u00f3n Deontol\u00f3gica Diplomado en Enfermer\u00eda por la Universidad de Granada, lleva treinta a\u00f1os colegiado ininterrumpidamente en el Ilustre Colegio Oficial de Enfermeros de Santa Cruz de Tenerife, desempe\u00f1ando actualmente su labor asistencial [&#8230;]<\/p>\n<div class=\"pvc_clear\"><\/div>\n<p id=\"pvc_stats_13541\" class=\"pvc_stats all  \" data-element-id=\"13541\" style=\"\"><i class=\"pvc-stats-icon medium\" aria-hidden=\"true\"><svg xmlns=\"http:\/\/www.w3.org\/2000\/svg\" version=\"1.0\" viewBox=\"0 0 502 315\" preserveAspectRatio=\"xMidYMid meet\"><g transform=\"translate(0,332) scale(0.1,-0.1)\" fill=\"\" stroke=\"none\"><path d=\"M2394 3279 l-29 -30 -3 -207 c-2 -182 0 -211 15 -242 39 -76 157 -76 196 0 15 31 17 60 15 243 l-3 209 -33 29 c-26 23 -41 29 -80 29 -41 0 -53 -5 -78 -31z\"\/><path d=\"M3085 3251 c-45 -19 -58 -50 -96 -229 -47 -217 -49 -260 -13 -295 52 -53 146 -42 177 20 16 31 87 366 87 410 0 70 -86 122 -155 94z\"\/><path d=\"M1751 3234 c-13 -9 -29 -31 -37 -50 -12 -29 -10 -49 21 -204 19 -94 39 -189 45 -210 14 -50 54 -80 110 -80 34 0 48 6 76 34 21 21 34 44 34 59 0 14 -18 113 -40 219 -37 178 -43 195 -70 221 -36 32 -101 37 -139 11z\"\/><path d=\"M1163 3073 c-36 -7 -73 -59 -73 -102 0 -56 133 -378 171 -413 34 -32 83 -37 129 -13 70 36 67 87 -16 290 -86 209 -89 214 -129 231 -35 14 -42 15 -82 7z\"\/><path d=\"M3689 3066 c-15 -9 -33 -30 -42 -48 -48 -103 -147 -355 -147 -375 0 -98 131 -148 192 -74 13 15 57 108 97 206 80 196 84 226 37 273 -30 30 -99 39 -137 18z\"\/><path d=\"M583 2784 c-38 -19 -67 -74 -58 -113 9 -42 211 -354 242 -373 16 -10 45 -18 66 -18 51 0 107 52 107 100 0 39 -1 41 -124 234 -80 126 -108 162 -133 173 -41 17 -61 16 -100 -3z\"\/><path d=\"M4250 2784 c-14 -9 -74 -91 -133 -183 -95 -150 -107 -173 -107 -213 0 -55 33 -94 87 -104 67 -13 90 8 211 198 130 202 137 225 78 284 -27 27 -42 34 -72 34 -22 0 -50 -8 -64 -16z\"\/><path d=\"M2275 2693 c-553 -48 -1095 -270 -1585 -649 -135 -104 -459 -423 -483 -476 -23 -49 -22 -139 2 -186 73 -142 361 -457 571 -626 285 -228 642 -407 990 -497 242 -63 336 -73 660 -74 310 0 370 5 595 52 535 111 1045 392 1455 803 122 121 250 273 275 326 19 41 19 137 0 174 -41 79 -309 363 -465 492 -447 370 -946 591 -1479 653 -113 14 -422 18 -536 8z m395 -428 c171 -34 330 -124 456 -258 112 -119 167 -219 211 -378 27 -96 24 -300 -5 -401 -72 -255 -236 -447 -474 -557 -132 -62 -201 -76 -368 -76 -167 0 -236 14 -368 76 -213 98 -373 271 -451 485 -162 444 86 934 547 1084 153 49 292 57 452 25z m909 -232 c222 -123 408 -262 593 -441 76 -74 138 -139 138 -144 0 -16 -233 -242 -330 -319 -155 -123 -309 -223 -461 -299 l-81 -41 32 46 c18 26 49 83 70 128 143 306 141 649 -6 957 -25 52 -61 116 -79 142 l-34 47 45 -20 c26 -10 76 -36 113 -56z m-2057 25 c-40 -58 -105 -190 -130 -263 -110 -324 -59 -707 132 -981 25 -35 42 -64 37 -64 -19 0 -241 119 -326 174 -188 122 -406 314 -532 468 l-58 71 108 103 c185 178 428 349 672 473 66 33 121 60 123 61 2 0 -10 -19 -26 -42z\"\/><path d=\"M2375 1950 c-198 -44 -350 -190 -395 -379 -18 -76 -8 -221 19 -290 114 -284 457 -406 731 -260 98 52 188 154 231 260 27 69 37 214 19 290 -38 163 -166 304 -326 360 -67 23 -215 33 -279 19z\"\/><\/g><\/svg><\/i> <img decoding=\"async\" width=\"16\" height=\"16\" alt=\"Loading\" src=\"https:\/\/enfermeriacanaria.com\/wptfe\/wp-content\/plugins\/page-views-count\/ajax-loader-2x.gif\" border=0 \/><\/p>\n<div class=\"pvc_clear\"><\/div>\n","protected":false},"author":4,"featured_media":0,"parent":0,"menu_order":0,"comment_status":"closed","ping_status":"closed","template":"","meta":{"footnotes":""},"class_list":["post-13541","page","type-page","status-publish","hentry"],"a3_pvc":{"activated":true,"total_views":32,"today_views":0},"jetpack_sharing_enabled":true,"jetpack_shortlink":"https:\/\/wp.me\/P57dxf-3wp","jetpack_likes_enabled":true,"_links":{"self":[{"href":"https:\/\/enfermeriacanaria.com\/wptfe\/wp-json\/wp\/v2\/pages\/13541","targetHints":{"allow":["GET"]}}],"collection":[{"href":"https:\/\/enfermeriacanaria.com\/wptfe\/wp-json\/wp\/v2\/pages"}],"about":[{"href":"https:\/\/enfermeriacanaria.com\/wptfe\/wp-json\/wp\/v2\/types\/page"}],"author":[{"embeddable":true,"href":"https:\/\/enfermeriacanaria.com\/wptfe\/wp-json\/wp\/v2\/users\/4"}],"replies":[{"embeddable":true,"href":"https:\/\/enfermeriacanaria.com\/wptfe\/wp-json\/wp\/v2\/comments?post=13541"}],"version-history":[{"count":3,"href":"https:\/\/enfermeriacanaria.com\/wptfe\/wp-json\/wp\/v2\/pages\/13541\/revisions"}],"predecessor-version":[{"id":13562,"href":"https:\/\/enfermeriacanaria.com\/wptfe\/wp-json\/wp\/v2\/pages\/13541\/revisions\/13562"}],"wp:attachment":[{"href":"https:\/\/enfermeriacanaria.com\/wptfe\/wp-json\/wp\/v2\/media?parent=13541"}],"curies":[{"name":"wp","href":"https:\/\/api.w.org\/{rel}","templated":true}]}}