{"id":12915,"date":"2023-11-20T13:25:27","date_gmt":"2023-11-20T13:25:27","guid":{"rendered":"https:\/\/enfermeriacanaria.com\/wptfe\/?page_id=12915"},"modified":"2023-11-21T11:59:29","modified_gmt":"2023-11-21T11:59:29","slug":"natacha-palenzuela-luis-2","status":"publish","type":"page","link":"https:\/\/enfermeriacanaria.com\/wptfe\/natacha-palenzuela-luis-2\/","title":{"rendered":"Natacha Palenzuela Luis"},"content":{"rendered":"\n<div class=\"wp-block-image\"><figure class=\"aligncenter is-resized\"><img fetchpriority=\"high\" decoding=\"async\" src=\"https:\/\/enfermeriacanaria.com\/wptfe\/wp-content\/uploads\/Natacha_Palenzuela_Luis-799x1024.jpg\" alt=\"\" class=\"wp-image-12933\" width=\"200\" height=\"256\" srcset=\"https:\/\/enfermeriacanaria.com\/wptfe\/wp-content\/uploads\/Natacha_Palenzuela_Luis-799x1024.jpg 799w, https:\/\/enfermeriacanaria.com\/wptfe\/wp-content\/uploads\/Natacha_Palenzuela_Luis-234x300.jpg 234w, https:\/\/enfermeriacanaria.com\/wptfe\/wp-content\/uploads\/Natacha_Palenzuela_Luis-768x984.jpg 768w, https:\/\/enfermeriacanaria.com\/wptfe\/wp-content\/uploads\/Natacha_Palenzuela_Luis.jpg 1528w\" sizes=\"(max-width: 200px) 100vw, 200px\" \/><\/figure><\/div>\n\n\n\n<p>TITULACIONES OFICIALES <\/p>\n\n\n\n<ul class=\"wp-block-list\"><li>Graduada Universitaria en Enfermer\u00eda por la\nUniversidad De La Laguna. 2016 <\/li><li>M\u00e1ster en Investigaci\u00f3n, Gesti\u00f3n y Calidad en\nCuidados para la Salud. Universidad de La Laguna. 2019 <\/li><li>Conocimiento de Idiomas <\/li><li>B1 en Ingl\u00e9s Actividad docente <\/li><li>Docencia en la formaci\u00f3n pr\u00e1ctico cl\u00ednica de los\nalumnos de 4\u00ba de Grado en Enfermer\u00eda. Universidad de La Laguna. 2018. <\/li><li>Docencia en el M\u00e1ster de Universitario en\nInvestigaci\u00f3n, Gesti\u00f3n y Calidad en Cuidados para la salud. 2021. Duraci\u00f3n 3\nhoras. Nombre del curso: \u201cEstilo de vida en alumnos de Ciencias de la Salud\u201d. <\/li><li>Docencia en 1\u00ba Grado de Enfermer\u00eda de La\nUniversidad de La Laguna. Escuela Universitaria de Enfermer\u00eda Nuestra Se\u00f1ora de\nCandelaria. 2021. Duraci\u00f3n 2 horas. Nombre del curso: \u201cEstilo de vida en\nalumnos de Ciencias de la Salud\u201d. <\/li><li>Docencia en 1\u00ba Grado de Enfermer\u00eda de La\nUniversidad de La Laguna. 2022. Duraci\u00f3n: 4 horas. Nombre del curso: Nutrici\u00f3n\nen situaciones fisiol\u00f3gicas y patol\u00f3gicas. Bioqu\u00edmica y nutrici\u00f3n. <\/li><li>Venia Docendi de La Universidad de La Laguna.\n2023-2024. 30 horas. <\/li><\/ul>\n\n\n\n<p>EXPERIENCIA LABORAL <\/p>\n\n\n\n<ul class=\"wp-block-list\"><li>Gerencia de Atenci\u00f3n Primaria. 2016-2017. <\/li><li>Hospital Universitario de Enfermer\u00eda Nuestra\nSe\u00f1ora de Candelaria. 2017. <\/li><li>Hospital Universitario de Canarias\n2017-contin\u00faa. Producci\u00f3n Cient\u00edfica. <\/li><li>Palenzuela Luis N, Gonz\u00e1lez Abreu J, S\u00e1nchez\nG\u00f3mez B. Competencias enfermeras sobre el diagn\u00f3stico riesgo de deterioro de la\nfunci\u00f3n cardiovascular. Rev Ridec. 2017; 10(1). <\/li><li>Gonz\u00e1lez Abreu J, S\u00e1nchez G\u00f3mez B, Palenzuela\nLuis N. \u00bfMejora la calidad de vida de los pacientes afectados de patolog\u00eda\ncr\u00f3nica el desarrollo de competencias de la Enfermera de Pr\u00e1ctica Avanzada\n(ECE)?. Rev Ridec. 2017; 10 (2). <\/li><li>Duarte-Cl\u00edments G, S\u00e1nchez-G\u00f3mez MB, Palenzuela\nLuis N, Gonz\u00e1lez-Abreu J, Guzm\u00e1n-Fern\u00e1ndez CJ, Ramos-Santana S, et al. Relationship between the selfconcept\nand physical activity towards the prevention of chronic illnesses. Medicine.\n2020;99:28. http:\/\/dx.doi.org\/10.1097\/MD.0000000000020884 <\/li><li>Palenzuela-Luis,\nN.; Duarte-Cl\u00edments, G.; G\u00f3mez-Salgado, J.; Rodr\u00edguez G\u00f3mez, J.\u00c1.;\nS\u00e1nchez-G\u00f3mez, M.B. Questionnaires Assessing Adolescents\u2019 Self-Concept,\nSelf-Perception, Physical Activity and Lifestyle: A Systematic Review. Children.\n2022;(9)91. https:\/\/doi.org\/ 10.3390\/children9010091 <\/li><li>Palenzuela-Luis N, Duarte-Cl\u00edments G,\nG\u00f3mez-Salgado J, Rodr\u00edguez-G\u00f3mez J\u00c1, S\u00e1nchez-G\u00f3mez MB. International Comparison of Self- Concept,\nSelfPerception and Lifestyle in Adolescents: A Systematic\nReview.IntJPublicHealth.2022. https:\/\/doi.org\/10.3389\/ijph.2022.1604954 <\/li><li>Palenzuela Luis N, Duarte Cl\u00edments G, G\u00f3mez\nSalgado J, Rodr\u00edguez G\u00f3mez JA, S\u00e1nchez G\u00f3mez MB. Comparison between self-concept,\nself-perception, physical exercise and lifestyle variations from 1st to 4th\ngrade students of nursing in Tenerife, Spain. Medicine. 2023;\n102(44):1-12. http:\/\/dx.doi.org\/10.1097\/MD.0000000000035598 Proyectos de\nInvestigaci\u00f3n. <\/li><li>Investigadora principal de la Fundaci\u00f3n Canaria\nInstituto de Investigaci\u00f3n Sanitaria de Canarias (FIISC). 2019-2021. Proyecto:\nENF 19\/43 Autopercepci\u00f3n de salud y h\u00e1bitos de vida en alumnos de grado de\nenfermer\u00eda. <\/li><\/ul>\n\n\n\n<p>COMUNICACI\u00d3N EN CONGRESOS <\/p>\n\n\n\n<ul class=\"wp-block-list\"><li>P\u00f3ster Cient\u00edfico en X Jornadas sobre\nInnovaciones en Enfermer\u00eda. VII Congreso Canario de Enfermer\u00eda. 2018. T\u00edtulo:\n\u201c\u00bfHa mejorado la satisfacci\u00f3n al alta de los pacientes psiqui\u00e1tricos del\nHospital?\u201d. <\/li><li>P\u00f3ster Cient\u00edfico en El Consejo Internacional de\nEnfermeras CIE. 2017. T\u00edtulo: \u201cEstrategias de cuidado de la discapacidad en el\nmayor\u201d. <\/li><li>P\u00f3ster Cient\u00edfico en el I Encuentro Virtual de\nla Asociaci\u00f3n Espa\u00f1ola de Enfermer\u00eda en Innovaci\u00f3n e Investigaci\u00f3n \u201cNuevas\noportunidades para liderar\u201d. 2020. T\u00edtulo: \u201cRelaci\u00f3n entre el autoconcepto y la\nactividad f\u00edsica\u201d. <\/li><li>XVII Congreso Nacional y XII Congreso\nInternacional de Historia de la Enfermer\u00eda con el lema \u201cEl legado hist\u00f3rico\ncomo v\u00eda para posicionar el rol enfermero\u201d. 2021. <\/li><li>P\u00f3ster Cient\u00edfico en XII Jornadas sobre\nInnovaciones en Enfermer\u00eda. IX Congreso Canario de Enfermer\u00eda. \u201cCuidando a las\npersonas durante la pandemia\u201d. 2022. T\u00edtulo: \u201cConsideraciones enfermeras en\nprostatectom\u00eda radical asistida por robot Da Vinci\u201d. <\/li><li>XXVI Jornadas ACN: La atenci\u00f3n a la Salud Mental\ny las prioridades de este tiempo. 2022. Pertenencia a Comit\u00e9s Cient\u00edficos en\nCongresos &#8211; XVII Jornadas Palmeras de Enfermer\u00eda \u201cEl cuidado de las que nos\ncuidan\u201d. 2022. <\/li><li>X Congreso Canario de Enfermer\u00eda. Prescripci\u00f3n\nEnfermera. 2023 <\/li><li>XIX Jornadas Palmeras de Enfermer\u00eda \u201cUn paso\nadelante por los pacientes\u201d. 2023 <\/li><\/ul>\n\n\n\n<p>CURSOS Y SEMINARIOS <\/p>\n\n\n\n<ul class=\"wp-block-list\"><li>Curso \u201cRecursos de Informaci\u00f3n para M\u00e1ster: Investigaci\u00f3n, Gesti\u00f3n Calidad. C Salud\u201d. &#8211; Curso Seguridad en la Manipulaci\u00f3n de Medicamentos Peligrosos.<\/li><li>Curso \u201cRecursos de Informaci\u00f3n para Doctorado en Ciencias de la Salud\u201d. <\/li><li>Curso \u201cSistema \u00f3seo, conocimientos b\u00e1sicos. Manejo, usos y mantenimiento del motor coray, trazabilidad de implantes y fungibles en quir\u00f3fano\u201d. <\/li><li>Curso \u201cProtocolo de atenci\u00f3n a mujeres v\u00edctimas de agresi\u00f3n sexual del Servicio Canario de la Salud\u201d. &#8211; Curso \u201cBiomec\u00e1nica y fisiopatolog\u00eda del trauma\u201d. <\/li><li>Curso \u201cBiomec\u00e1nica y fisiopatolog\u00eda en el paciente politraumatizado\u201d.<\/li><li>Curso \u201cAspectos b\u00e1sicos del triaje\u201d. <\/li><li>Curso \u201cAtenci\u00f3n inicial al trauma\u201d. <\/li><li>Curso \u201cCuidados de enfermer\u00eda en la prevenci\u00f3n y tratamiento de las \u00falceras arteriales y venosas\u201d. <\/li><li>Curso \u201cCuidados al paciente politraumatizado\u201d. <\/li><li>Curso \u201cCuidados al paciente con diabetes\u201d. <\/li><li>Curso \u201cAtenci\u00f3n inicial al politraumatizado\u201d. <\/li><li>Curso \u201cActualizaci\u00f3n en el traumatismo cranoencef\u00e1lico\u201d. <\/li><li>Curso \u201cAbordaje de la obesidad infantil y juvenil en Canarias\u201d. <\/li><li>Curso \u201cAbordaje en Cuidados Integrales para la Prevenci\u00f3n Secundaria Cardiovascular en Atenci\u00f3n Primaria\u201d. <\/li><li>Curso \u201cAspectos de importancia y valoraci\u00f3n desde la Atenci\u00f3n Primaria\u201d.<\/li><li>Curso \u201cAtenci\u00f3n a los Procesos Cr\u00f3nicos Cardiol\u00f3gicos en la Comunidad Aut\u00f3noma de Canarias\u201d. <\/li><li>Curso \u201cCuidando al paciente oncol\u00f3gico. Optimizaci\u00f3n de la eficacia de las terapias inmunooncol\u00f3gicas a trav\u00e9s del manejo del paciente\u201d.<\/li><li>Curso \u201cActuaci\u00f3n en el Pie Diab\u00e9tico\u201d. <\/li><li>Curso \u201cPrincipios de reproducci\u00f3n asistida para profesionales de enfermer\u00eda\u201d. <\/li><li>Curso \u201cPrograma formativo en competencias avanzadas en investigaci\u00f3n cl\u00ednica\u201d. <\/li><li>Curso \u201cRecurrencia de la infecci\u00f3n por Clostridium difficile e impacto en la calidad de vida\u201d. <\/li><li>Curso \u201cFormando en nuevas tecnolog\u00edas\u201d. <\/li><li>Curso \u201cCoaching y Mindfulness\u201d.<\/li><li>Curso \u201cFisiopatolog\u00eda y cl\u00ednica de la menopausia\u201d. <\/li><li>Curso \u201cFormaci\u00f3n cl\u00ednica, vacunaci\u00f3n en adultos\u201d. <\/li><li>Curso \u201cTratamiento antimicrobiano Domiciliario Endovenoso (TADE)\u201d.<\/li><li><\/li><\/ul>\n\n\n\n<div class=\"wp-block-button aligncenter\"><a class=\"wp-block-button__link has-background\" href=\"https:\/\/enfermeriacanaria.com\/wptfe\/wp-content\/uploads\/Natacha-Palenzuela-Luis.csv\" style=\"background-color:#026f9d\">Descargar datos csv<\/a><\/div>\n\n\n\n<p><strong>\u00daltima modificaci\u00f3n:<\/strong> 20\/11\/2023<\/p>\n\n\n\n<p><a href=\"https:\/\/enfermeriacanaria.com\/wptfe\/?page_id=280\">Volver a Junta de Gobierno<\/a><\/p>\n<div class=\"pvc_clear\"><\/div><p id=\"pvc_stats_12915\" class=\"pvc_stats all  \" data-element-id=\"12915\" style=\"\"><i class=\"pvc-stats-icon medium\" aria-hidden=\"true\"><svg xmlns=\"http:\/\/www.w3.org\/2000\/svg\" version=\"1.0\" viewBox=\"0 0 502 315\" preserveAspectRatio=\"xMidYMid meet\"><g transform=\"translate(0,332) scale(0.1,-0.1)\" fill=\"\" stroke=\"none\"><path d=\"M2394 3279 l-29 -30 -3 -207 c-2 -182 0 -211 15 -242 39 -76 157 -76 196 0 15 31 17 60 15 243 l-3 209 -33 29 c-26 23 -41 29 -80 29 -41 0 -53 -5 -78 -31z\"\/><path d=\"M3085 3251 c-45 -19 -58 -50 -96 -229 -47 -217 -49 -260 -13 -295 52 -53 146 -42 177 20 16 31 87 366 87 410 0 70 -86 122 -155 94z\"\/><path d=\"M1751 3234 c-13 -9 -29 -31 -37 -50 -12 -29 -10 -49 21 -204 19 -94 39 -189 45 -210 14 -50 54 -80 110 -80 34 0 48 6 76 34 21 21 34 44 34 59 0 14 -18 113 -40 219 -37 178 -43 195 -70 221 -36 32 -101 37 -139 11z\"\/><path d=\"M1163 3073 c-36 -7 -73 -59 -73 -102 0 -56 133 -378 171 -413 34 -32 83 -37 129 -13 70 36 67 87 -16 290 -86 209 -89 214 -129 231 -35 14 -42 15 -82 7z\"\/><path d=\"M3689 3066 c-15 -9 -33 -30 -42 -48 -48 -103 -147 -355 -147 -375 0 -98 131 -148 192 -74 13 15 57 108 97 206 80 196 84 226 37 273 -30 30 -99 39 -137 18z\"\/><path d=\"M583 2784 c-38 -19 -67 -74 -58 -113 9 -42 211 -354 242 -373 16 -10 45 -18 66 -18 51 0 107 52 107 100 0 39 -1 41 -124 234 -80 126 -108 162 -133 173 -41 17 -61 16 -100 -3z\"\/><path d=\"M4250 2784 c-14 -9 -74 -91 -133 -183 -95 -150 -107 -173 -107 -213 0 -55 33 -94 87 -104 67 -13 90 8 211 198 130 202 137 225 78 284 -27 27 -42 34 -72 34 -22 0 -50 -8 -64 -16z\"\/><path d=\"M2275 2693 c-553 -48 -1095 -270 -1585 -649 -135 -104 -459 -423 -483 -476 -23 -49 -22 -139 2 -186 73 -142 361 -457 571 -626 285 -228 642 -407 990 -497 242 -63 336 -73 660 -74 310 0 370 5 595 52 535 111 1045 392 1455 803 122 121 250 273 275 326 19 41 19 137 0 174 -41 79 -309 363 -465 492 -447 370 -946 591 -1479 653 -113 14 -422 18 -536 8z m395 -428 c171 -34 330 -124 456 -258 112 -119 167 -219 211 -378 27 -96 24 -300 -5 -401 -72 -255 -236 -447 -474 -557 -132 -62 -201 -76 -368 -76 -167 0 -236 14 -368 76 -213 98 -373 271 -451 485 -162 444 86 934 547 1084 153 49 292 57 452 25z m909 -232 c222 -123 408 -262 593 -441 76 -74 138 -139 138 -144 0 -16 -233 -242 -330 -319 -155 -123 -309 -223 -461 -299 l-81 -41 32 46 c18 26 49 83 70 128 143 306 141 649 -6 957 -25 52 -61 116 -79 142 l-34 47 45 -20 c26 -10 76 -36 113 -56z m-2057 25 c-40 -58 -105 -190 -130 -263 -110 -324 -59 -707 132 -981 25 -35 42 -64 37 -64 -19 0 -241 119 -326 174 -188 122 -406 314 -532 468 l-58 71 108 103 c185 178 428 349 672 473 66 33 121 60 123 61 2 0 -10 -19 -26 -42z\"\/><path d=\"M2375 1950 c-198 -44 -350 -190 -395 -379 -18 -76 -8 -221 19 -290 114 -284 457 -406 731 -260 98 52 188 154 231 260 27 69 37 214 19 290 -38 163 -166 304 -326 360 -67 23 -215 33 -279 19z\"\/><\/g><\/svg><\/i> <img decoding=\"async\" width=\"16\" height=\"16\" alt=\"Loading\" src=\"https:\/\/enfermeriacanaria.com\/wptfe\/wp-content\/plugins\/page-views-count\/ajax-loader-2x.gif\" border=0 \/><\/p><div class=\"pvc_clear\"><\/div>","protected":false},"excerpt":{"rendered":"<p>TITULACIONES OFICIALES Graduada Universitaria en Enfermer\u00eda por la Universidad De La Laguna. 2016 M\u00e1ster en Investigaci\u00f3n, Gesti\u00f3n y Calidad en Cuidados para la Salud. Universidad de La Laguna. 2019 Conocimiento de Idiomas B1 en Ingl\u00e9s [&#8230;]<\/p>\n<div class=\"pvc_clear\"><\/div>\n<p id=\"pvc_stats_12915\" class=\"pvc_stats all  \" data-element-id=\"12915\" style=\"\"><i class=\"pvc-stats-icon medium\" aria-hidden=\"true\"><svg xmlns=\"http:\/\/www.w3.org\/2000\/svg\" version=\"1.0\" viewBox=\"0 0 502 315\" preserveAspectRatio=\"xMidYMid meet\"><g transform=\"translate(0,332) scale(0.1,-0.1)\" fill=\"\" stroke=\"none\"><path d=\"M2394 3279 l-29 -30 -3 -207 c-2 -182 0 -211 15 -242 39 -76 157 -76 196 0 15 31 17 60 15 243 l-3 209 -33 29 c-26 23 -41 29 -80 29 -41 0 -53 -5 -78 -31z\"\/><path d=\"M3085 3251 c-45 -19 -58 -50 -96 -229 -47 -217 -49 -260 -13 -295 52 -53 146 -42 177 20 16 31 87 366 87 410 0 70 -86 122 -155 94z\"\/><path d=\"M1751 3234 c-13 -9 -29 -31 -37 -50 -12 -29 -10 -49 21 -204 19 -94 39 -189 45 -210 14 -50 54 -80 110 -80 34 0 48 6 76 34 21 21 34 44 34 59 0 14 -18 113 -40 219 -37 178 -43 195 -70 221 -36 32 -101 37 -139 11z\"\/><path d=\"M1163 3073 c-36 -7 -73 -59 -73 -102 0 -56 133 -378 171 -413 34 -32 83 -37 129 -13 70 36 67 87 -16 290 -86 209 -89 214 -129 231 -35 14 -42 15 -82 7z\"\/><path d=\"M3689 3066 c-15 -9 -33 -30 -42 -48 -48 -103 -147 -355 -147 -375 0 -98 131 -148 192 -74 13 15 57 108 97 206 80 196 84 226 37 273 -30 30 -99 39 -137 18z\"\/><path d=\"M583 2784 c-38 -19 -67 -74 -58 -113 9 -42 211 -354 242 -373 16 -10 45 -18 66 -18 51 0 107 52 107 100 0 39 -1 41 -124 234 -80 126 -108 162 -133 173 -41 17 -61 16 -100 -3z\"\/><path d=\"M4250 2784 c-14 -9 -74 -91 -133 -183 -95 -150 -107 -173 -107 -213 0 -55 33 -94 87 -104 67 -13 90 8 211 198 130 202 137 225 78 284 -27 27 -42 34 -72 34 -22 0 -50 -8 -64 -16z\"\/><path d=\"M2275 2693 c-553 -48 -1095 -270 -1585 -649 -135 -104 -459 -423 -483 -476 -23 -49 -22 -139 2 -186 73 -142 361 -457 571 -626 285 -228 642 -407 990 -497 242 -63 336 -73 660 -74 310 0 370 5 595 52 535 111 1045 392 1455 803 122 121 250 273 275 326 19 41 19 137 0 174 -41 79 -309 363 -465 492 -447 370 -946 591 -1479 653 -113 14 -422 18 -536 8z m395 -428 c171 -34 330 -124 456 -258 112 -119 167 -219 211 -378 27 -96 24 -300 -5 -401 -72 -255 -236 -447 -474 -557 -132 -62 -201 -76 -368 -76 -167 0 -236 14 -368 76 -213 98 -373 271 -451 485 -162 444 86 934 547 1084 153 49 292 57 452 25z m909 -232 c222 -123 408 -262 593 -441 76 -74 138 -139 138 -144 0 -16 -233 -242 -330 -319 -155 -123 -309 -223 -461 -299 l-81 -41 32 46 c18 26 49 83 70 128 143 306 141 649 -6 957 -25 52 -61 116 -79 142 l-34 47 45 -20 c26 -10 76 -36 113 -56z m-2057 25 c-40 -58 -105 -190 -130 -263 -110 -324 -59 -707 132 -981 25 -35 42 -64 37 -64 -19 0 -241 119 -326 174 -188 122 -406 314 -532 468 l-58 71 108 103 c185 178 428 349 672 473 66 33 121 60 123 61 2 0 -10 -19 -26 -42z\"\/><path d=\"M2375 1950 c-198 -44 -350 -190 -395 -379 -18 -76 -8 -221 19 -290 114 -284 457 -406 731 -260 98 52 188 154 231 260 27 69 37 214 19 290 -38 163 -166 304 -326 360 -67 23 -215 33 -279 19z\"\/><\/g><\/svg><\/i> <img decoding=\"async\" width=\"16\" height=\"16\" alt=\"Loading\" src=\"https:\/\/enfermeriacanaria.com\/wptfe\/wp-content\/plugins\/page-views-count\/ajax-loader-2x.gif\" border=0 \/><\/p>\n<div class=\"pvc_clear\"><\/div>\n","protected":false},"author":4,"featured_media":0,"parent":0,"menu_order":0,"comment_status":"closed","ping_status":"closed","template":"","meta":{"footnotes":""},"class_list":["post-12915","page","type-page","status-publish","hentry"],"a3_pvc":{"activated":true,"total_views":203,"today_views":0},"jetpack_sharing_enabled":true,"jetpack_shortlink":"https:\/\/wp.me\/P57dxf-3mj","jetpack_likes_enabled":true,"_links":{"self":[{"href":"https:\/\/enfermeriacanaria.com\/wptfe\/wp-json\/wp\/v2\/pages\/12915","targetHints":{"allow":["GET"]}}],"collection":[{"href":"https:\/\/enfermeriacanaria.com\/wptfe\/wp-json\/wp\/v2\/pages"}],"about":[{"href":"https:\/\/enfermeriacanaria.com\/wptfe\/wp-json\/wp\/v2\/types\/page"}],"author":[{"embeddable":true,"href":"https:\/\/enfermeriacanaria.com\/wptfe\/wp-json\/wp\/v2\/users\/4"}],"replies":[{"embeddable":true,"href":"https:\/\/enfermeriacanaria.com\/wptfe\/wp-json\/wp\/v2\/comments?post=12915"}],"version-history":[{"count":2,"href":"https:\/\/enfermeriacanaria.com\/wptfe\/wp-json\/wp\/v2\/pages\/12915\/revisions"}],"predecessor-version":[{"id":12937,"href":"https:\/\/enfermeriacanaria.com\/wptfe\/wp-json\/wp\/v2\/pages\/12915\/revisions\/12937"}],"wp:attachment":[{"href":"https:\/\/enfermeriacanaria.com\/wptfe\/wp-json\/wp\/v2\/media?parent=12915"}],"curies":[{"name":"wp","href":"https:\/\/api.w.org\/{rel}","templated":true}]}}