{"id":12874,"date":"2023-11-16T09:23:30","date_gmt":"2023-11-16T09:23:30","guid":{"rendered":"https:\/\/enfermeriacanaria.com\/wptfe\/?page_id=12874"},"modified":"2023-11-16T11:40:39","modified_gmt":"2023-11-16T11:40:39","slug":"erik-medina-cruz-3","status":"publish","type":"page","link":"https:\/\/enfermeriacanaria.com\/wptfe\/erik-medina-cruz-3\/","title":{"rendered":"Erik Medina Cruz"},"content":{"rendered":"\n<div class=\"wp-block-image\"><figure class=\"aligncenter is-resized\"><img fetchpriority=\"high\" decoding=\"async\" src=\"https:\/\/enfermeriacanaria.com\/wptfe\/wp-content\/uploads\/Erik-Medina-Cruz-876x1024.jpeg\" alt=\"\" class=\"wp-image-12875\" width=\"219\" height=\"256\" srcset=\"https:\/\/enfermeriacanaria.com\/wptfe\/wp-content\/uploads\/Erik-Medina-Cruz.jpeg 876w, https:\/\/enfermeriacanaria.com\/wptfe\/wp-content\/uploads\/Erik-Medina-Cruz-257x300.jpeg 257w, https:\/\/enfermeriacanaria.com\/wptfe\/wp-content\/uploads\/Erik-Medina-Cruz-768x898.jpeg 768w\" sizes=\"(max-width: 219px) 100vw, 219px\" \/><figcaption>Erik Medina Cruz<br \/><strong>Vocal 8<\/strong><\/figcaption><\/figure><\/div>\n\n\n\n<p><strong>SITUACI\u00d3N PROFESIONAL ACTUAL:<\/strong><\/p>\n\n\n\n<p><strong>Enfermero en el Servicio Canario\nde Salud <\/strong>(Complejo Hospitalario Universitario de Canarias), con fecha de inicio en dicha\nentidad desde 02\/07\/2016, hasta la actualidad.<\/p>\n\n\n\n<p><strong>Experiencia de voluntariado en \u00e1mbito sanitario:<\/strong><\/p>\n\n\n\n<p>&#8211;&nbsp;&nbsp;&nbsp;&nbsp; Voluntario en le ONG Solidaridad ENFERMERA DE LA Organizaci\u00f3n Colegial de Enfermer\u00eda, en la delegaci\u00f3n de Tenerife desde marzo de 2022.<\/p>\n\n\n\n<p><strong>TITULACI\u00d3N UNIVERSITARIA:<\/strong><\/p>\n\n\n\n<ol class=\"wp-block-list\"><li>Cursando\nestudios de doctorado, en el programa de <strong>Doctorado\nde Ciencias M\u00e9dicas y Farmac\u00e9uticas\nde la Universidad de La Laguna. <\/strong>Iniciada tesis doctoral en el a\u00f1o acad\u00e9mico\n2021-2022, que lleva por t\u00edtulo <em>\u201cEstado\nnutricional del paciente oncol\u00f3gico y\nsu percepci\u00f3n de calidad de vida\u201d.<\/em><\/li><li>M\u00e1ster\nOficial, <strong>\u201cInvestigaci\u00f3n, Gesti\u00f3n y\nCalidad de Cuidados\u201d<\/strong>,2021, Universidad de La Lagua, Tenerife (Canarias),\nEspa\u00f1a.<ol><li><strong>Premio extraordinario <\/strong>en la Titulaci\u00f3n\nde M\u00e1ster Universitario en Investigaci\u00f3n, Gesti\u00f3n y Calidad en Cuidados para la\nSalud, curso 2020-2021.<\/li><\/ol><\/li><li>Experto universitario, <strong>\u201cManejo Cl\u00ednico\ndel Paciente en Cuidados Paliativos en Enfermer\u00eda\u201d<\/strong>, 2020, Universidad Cardenal Herrera,\nComunidad Valenciana, Espa\u00f1a.<\/li><li>Experto&nbsp;&nbsp;&nbsp; universitario,&nbsp;&nbsp;&nbsp; <strong>\u00abTerapia&nbsp;&nbsp; Intravenosa&nbsp;&nbsp;&nbsp; y&nbsp;&nbsp;&nbsp; Accesos&nbsp;&nbsp;&nbsp; Vasculares\u00bb<\/strong>,&nbsp;&nbsp;&nbsp; 2019, Universidad Francisco de Victoria, Madrid, Espa\u00f1a.<\/li><\/ol>\n\n\n\n<p> Grado en <strong>Enfermer\u00eda<\/strong>, 2016, Universidad de La Laguna, Tenerife (Canarias), Espa\u00f1a. <\/p>\n\n\n\n<p><strong>CONOCIMIENTO DE IDIOMAS:<\/strong><\/p>\n\n\n\n<ol class=\"wp-block-list\"><li>Ingl\u00e9s (B1) certificado por Academia Gac\u00f3, 20 de febrero de 2018.<\/li><\/ol>\n\n\n\n<p><strong>ACTIVIDAD DOCENTE:<\/strong><\/p>\n\n\n\n<ol class=\"wp-block-list\"><li>Docencia\nen la Universidad de La Laguna en el primer curso de Grado de Enfermer\u00eda en la\nasignatura de \u201cBioqu\u00edmica y nutrici\u00f3n\u201d. Duraci\u00f3n de 1 hora el 9 de enero de\n2023 con el tema: <strong>Nutrici\u00f3n y c\u00e1ncer.<\/strong><\/li><li>Docencia\nen la organizaci\u00f3n de ONG Solidaridad Enfermera con una duraci\u00f3n de 2 horas el\n2 de mayo de 2023 con el tema: <strong>RCP\nb\u00e1sica y primeros auxilios.<\/strong><\/li><li>Docencia\nen la organizaci\u00f3n de ONG Solidaridad Enfermera con una duraci\u00f3n de 2 horas el\n26 de abril de 2023 con el tema: <strong>RCP\nb\u00e1sica y primeros auxilios.<\/strong><\/li><li>Docencia\nen la organizaci\u00f3n de ONG Solidaridad Enfermera con una duraci\u00f3n de 2 horas el\n11 de abril de 2023 con el tema: <strong>RCP\nb\u00e1sica y primeros auxilios<\/strong>.<\/li><li>Docencia\nen la organizaci\u00f3n de ONG Solidaridad Enfermera con una duraci\u00f3n de 2 horas el\n22 de marzo de 2023 con el tema: <strong>H\u00e1bitos\nSaludables.<\/strong><\/li><li>Docencia\nen la organizaci\u00f3n de ONG Solidaridad Enfermera con una duraci\u00f3n de 2 horas el\n13 de marzo de 2023 con el tema: <strong>H\u00e1bitos\nSaludables.<\/strong><\/li><li>Docencia\nen la organizaci\u00f3n de ONG Solidaridad Enfermera con una duraci\u00f3n de 2 horas el\n13 de febrero de 2023 con el tema: <strong>RCP\nb\u00e1sica y primeros auxilios.<\/strong><\/li><li>Docencia\nen la organizaci\u00f3n de ONG Solidaridad Enfermera con una duraci\u00f3n de 20 horas\ndesde el 9 de febrero de 2023 hasta el 20 de abril de 2023 con el tema: <strong>Cuidados b\u00e1sicos en la comunidad.<\/strong><\/li><li>Docencia\nen la Autoescuela el Valle con una duraci\u00f3n de una hora y treinta minutos el\nd\u00eda 13 de noviembre de 2022 con el tema: <strong>Primeros\nauxilios.<\/strong><\/li><li>Docencia\nen la organizaci\u00f3n de ONG Solidaridad Enfermera con una duraci\u00f3n de 20 horas\ndesde el 6 de octubre de 2022 hasta el 15 de diciembre de 2022 con el tema: <strong>Cuidados b\u00e1sicos en la comunidad<\/strong><\/li><li>Docencia\nen la organizaci\u00f3n de ONG Solidaridad Enfermera con una duraci\u00f3n de 2 horas el\n27 de julio de 2022 con el tema: <strong>RCP\nb\u00e1sica y primeros auxilios.<\/strong><\/li><li>Docencia\nen la organizaci\u00f3n de ONG Solidaridad Enfermera con una duraci\u00f3n de 2 horas el\n16 de mayo de 2022 con el tema: <strong>RCP\nb\u00e1sica y primeros auxilios.<\/strong><\/li><li>Docencia\nen la organizaci\u00f3n de ONG Solidaridad Enfermera con una duraci\u00f3n de 12 horas\nlos d\u00edas 18,19,21,25 y 28 de abril de 2022 con el tema: <strong>Atenci\u00f3n a personas en\nsituaci\u00f3n de dependencia.<\/strong><\/li><\/ol>\n\n\n\n<p><strong>PRODUCCI\u00d3N CIENT\u00cdFICA:<\/strong><\/p>\n\n\n\n<p><strong>TRABAJOS PRESENTADOS EN CONGRESOS:<\/strong><\/p>\n\n\n\n<ol class=\"wp-block-list\"><li>Comunicaci\u00f3n\np\u00f3ster: <strong>\u201cCalidad de vida y oncolog\u00eda:\ndar voz a los pacientes\u201d<\/strong>. XIX Congreso Nacional y III Congreso\nInternacional de la SEEO \u201cHacia la especializaci\u00f3n: una visi\u00f3n social de la\nenfermera oncol\u00f3gica\u201d. Palacio de Congresos de Baluarte de Pamplona 24 \u2013 26 de\nmayo de 2023.<\/li><\/ol>\n\n\n\n<ul class=\"wp-block-list\"><li>Comunicaci\u00f3n&nbsp; p\u00f3ster:&nbsp; <strong>\u201cLa&nbsp; hidrataci\u00f3n&nbsp; en&nbsp; el&nbsp; paciente&nbsp; oncol\u00f3gico&nbsp; terminal \u00bfBeneficio o perjuicio?\u201d<\/strong>. XVIII Jornadas Palmeras de Enfermer\u00eda \u00abEl cuidado de las que nos cuidan\u00bb. Santa Cruz de La Palma 4 y 5 de noviembre de 2022<strong>.<\/strong><\/li><\/ul>\n\n\n\n<ul class=\"wp-block-list\"><li>Comunicaci\u00f3n p\u00f3ster: <strong>\u201cLa oxigenoterpia hiperb\u00e1rica en el tratamiento del edema \u00f3seo y la\nosteonecrosis\u201d<\/strong>. XVIII Jornadas Palmeras de Enfermer\u00eda \u00abEl cuidado de\nlas que nos cuidan\u00bb. Santa Cruz de La Palma 4 y 5 de noviembre de 2022<strong>.<\/strong><\/li><li>Comunicaci\u00f3n\np\u00f3ster: <strong>\u201cCuidados de enfermer\u00eda en la\nterapia de alto flujo en pacientes diagnosticados de COVID-19\u201d<\/strong>. XVIII\nJornadas Palmeras de Enfermer\u00eda \u00abEl\ncuidado de las que nos cuidan\u00bb. Santa Cruz de La Palma 4 y 5 de noviembre\nde 2022<strong>.<\/strong><\/li><li>Comunicaci\u00f3n\np\u00f3ster: <strong>\u201cAstenia y c\u00e1ncer: una\nvaloraci\u00f3n multidimensional\u201d<\/strong>. XVIII Congreso Nacional y II Congreso\nInternacional de la SEEO \u201cLa enfermera oncol\u00f3gica y la nueva realidad\u201d. Palacio de Congresos de Granada, 24 \u2013 26\nde noviembre de 2021 en el Palacio de\nCongresos de Granada.<\/li><li>Comunicaci\u00f3n p\u00f3ster:\n<strong>\u201cValoraci\u00f3n nutricional y calidad de vida. Caso cl\u00ednico\u201d.<\/strong><\/li><\/ul>\n\n\n\n<p>XVIII Congreso Nacional y II Congreso Internacional de la SEEO \u201cLa\nenfermera oncol\u00f3gica y la nueva realidad\u201d. Palacio de Congresos de Granada, 24\n\u2013 26 de noviembre de 2021 en el Palacio de Congresos de Granada.<\/p>\n\n\n\n<ul class=\"wp-block-list\"><li>Comunicaci\u00f3n p\u00f3ster: <strong>\u201cAlfabetizaci\u00f3n en salud en pacientes oncol\u00f3gicos\u201d<\/strong>. XVIII Congreso Nacional y II Congreso Internacional de la SEEO \u201cLa enfermera oncol\u00f3gica y la nueva realidad\u201d. Palacio de Congresos de Granada, 24 \u2013 26 de noviembre de 2021 en el Palacio de Congresos de Granada.<\/li><li>Comunicaci\u00f3n p\u00f3ster: <strong>\u00abEnfermer\u00eda de pr\u00e1ctica avanzada, el reto de la enfermer\u00eda actual\u00bb. <\/strong>XVII Congreso Nacional y XII Congreso Internacional de Historia de la Enfermer\u00eda; \u201cEl legado hist\u00f3rico como v\u00eda para posicionar el rol enfermero\u201d. Organizado por la Asociaci\u00f3n Canaria de Historia de la Profesi\u00f3n Enfermera y el Ilustre Colegio Oficial de Enfermeros de Santa Cruz de Tenerife. Telepresencial, los d\u00edas 6,7 y 8 de octubre de 2021.<\/li><\/ul>\n\n\n\n<ul class=\"wp-block-list\"><li>Comunicaci\u00f3n\np\u00f3ster: <strong>\u00abPrevenci\u00f3n en la infecci\u00f3n\ndel tracto urinario asociado a sondaje vesical\u00bb.\n<\/strong>XV Jornadas Palmeras de Enfermer\u00eda \u00abComunicaci\u00f3n en Cuidados: Ver,\no\u00edr, sentir\u00bb. Santa Cruz de La Palma, 25 de octubre de 2018.<\/li><li>Comunicaci\u00f3n p\u00f3ster: <strong>\u00abPlan de cuidados a un paciente que ingresa en el Hospital\nUniversitario de Canarias para ser\nintervenido de un proceso cardio-quir\u00fargico\u00bb. <\/strong>XV Jornadas Palmeras de\nEnfermer\u00eda \u00abComunicaci\u00f3n en Cuidados: Ver, o\u00edr, sentir\u00bb. Santa Cruz\nde La Palma, 25 de octubre de 2018.<\/li><\/ul>\n\n\n\n<ul class=\"wp-block-list\"><li>Comunicaci\u00f3n p\u00f3ster: <strong>\u00abAdherencia a la dieta en pacientes con enfermedad renal cr\u00f3nica\u00bb. <\/strong>XV Jornadas Palmeras de Enfermer\u00eda \u00abComunicaci\u00f3n en Cuidados: Ver, o\u00edr, sentir\u00bb. Santa Cruz de La Palma, 25 de octubre de 2018.<\/li><\/ul>\n\n\n\n<div class=\"wp-block-button aligncenter\"><a class=\"wp-block-button__link has-background\" href=\"https:\/\/enfermeriacanaria.com\/wptfe\/wp-content\/uploads\/Erik-Medina-Cruz.csv\" style=\"background-color:#016e9d\">Descargar datos csv<\/a><\/div>\n\n\n\n<p><strong>\u00daltima modificaci\u00f3n:&nbsp;<\/strong>16\/11\/2023 <\/p>\n\n\n\n<p><a href=\"https:\/\/enfermeriacanaria.com\/wptfe\/?page_id=280\">Volver a Junta de Gobierno<\/a> <\/p>\n<div class=\"pvc_clear\"><\/div><p id=\"pvc_stats_12874\" class=\"pvc_stats all  \" data-element-id=\"12874\" style=\"\"><i class=\"pvc-stats-icon medium\" aria-hidden=\"true\"><svg xmlns=\"http:\/\/www.w3.org\/2000\/svg\" version=\"1.0\" viewBox=\"0 0 502 315\" preserveAspectRatio=\"xMidYMid meet\"><g transform=\"translate(0,332) scale(0.1,-0.1)\" fill=\"\" stroke=\"none\"><path d=\"M2394 3279 l-29 -30 -3 -207 c-2 -182 0 -211 15 -242 39 -76 157 -76 196 0 15 31 17 60 15 243 l-3 209 -33 29 c-26 23 -41 29 -80 29 -41 0 -53 -5 -78 -31z\"\/><path d=\"M3085 3251 c-45 -19 -58 -50 -96 -229 -47 -217 -49 -260 -13 -295 52 -53 146 -42 177 20 16 31 87 366 87 410 0 70 -86 122 -155 94z\"\/><path d=\"M1751 3234 c-13 -9 -29 -31 -37 -50 -12 -29 -10 -49 21 -204 19 -94 39 -189 45 -210 14 -50 54 -80 110 -80 34 0 48 6 76 34 21 21 34 44 34 59 0 14 -18 113 -40 219 -37 178 -43 195 -70 221 -36 32 -101 37 -139 11z\"\/><path d=\"M1163 3073 c-36 -7 -73 -59 -73 -102 0 -56 133 -378 171 -413 34 -32 83 -37 129 -13 70 36 67 87 -16 290 -86 209 -89 214 -129 231 -35 14 -42 15 -82 7z\"\/><path d=\"M3689 3066 c-15 -9 -33 -30 -42 -48 -48 -103 -147 -355 -147 -375 0 -98 131 -148 192 -74 13 15 57 108 97 206 80 196 84 226 37 273 -30 30 -99 39 -137 18z\"\/><path d=\"M583 2784 c-38 -19 -67 -74 -58 -113 9 -42 211 -354 242 -373 16 -10 45 -18 66 -18 51 0 107 52 107 100 0 39 -1 41 -124 234 -80 126 -108 162 -133 173 -41 17 -61 16 -100 -3z\"\/><path d=\"M4250 2784 c-14 -9 -74 -91 -133 -183 -95 -150 -107 -173 -107 -213 0 -55 33 -94 87 -104 67 -13 90 8 211 198 130 202 137 225 78 284 -27 27 -42 34 -72 34 -22 0 -50 -8 -64 -16z\"\/><path d=\"M2275 2693 c-553 -48 -1095 -270 -1585 -649 -135 -104 -459 -423 -483 -476 -23 -49 -22 -139 2 -186 73 -142 361 -457 571 -626 285 -228 642 -407 990 -497 242 -63 336 -73 660 -74 310 0 370 5 595 52 535 111 1045 392 1455 803 122 121 250 273 275 326 19 41 19 137 0 174 -41 79 -309 363 -465 492 -447 370 -946 591 -1479 653 -113 14 -422 18 -536 8z m395 -428 c171 -34 330 -124 456 -258 112 -119 167 -219 211 -378 27 -96 24 -300 -5 -401 -72 -255 -236 -447 -474 -557 -132 -62 -201 -76 -368 -76 -167 0 -236 14 -368 76 -213 98 -373 271 -451 485 -162 444 86 934 547 1084 153 49 292 57 452 25z m909 -232 c222 -123 408 -262 593 -441 76 -74 138 -139 138 -144 0 -16 -233 -242 -330 -319 -155 -123 -309 -223 -461 -299 l-81 -41 32 46 c18 26 49 83 70 128 143 306 141 649 -6 957 -25 52 -61 116 -79 142 l-34 47 45 -20 c26 -10 76 -36 113 -56z m-2057 25 c-40 -58 -105 -190 -130 -263 -110 -324 -59 -707 132 -981 25 -35 42 -64 37 -64 -19 0 -241 119 -326 174 -188 122 -406 314 -532 468 l-58 71 108 103 c185 178 428 349 672 473 66 33 121 60 123 61 2 0 -10 -19 -26 -42z\"\/><path d=\"M2375 1950 c-198 -44 -350 -190 -395 -379 -18 -76 -8 -221 19 -290 114 -284 457 -406 731 -260 98 52 188 154 231 260 27 69 37 214 19 290 -38 163 -166 304 -326 360 -67 23 -215 33 -279 19z\"\/><\/g><\/svg><\/i> <img decoding=\"async\" width=\"16\" height=\"16\" alt=\"Loading\" src=\"https:\/\/enfermeriacanaria.com\/wptfe\/wp-content\/plugins\/page-views-count\/ajax-loader-2x.gif\" border=0 \/><\/p><div class=\"pvc_clear\"><\/div>","protected":false},"excerpt":{"rendered":"<p>SITUACI\u00d3N PROFESIONAL ACTUAL: Enfermero en el Servicio Canario de Salud (Complejo Hospitalario Universitario de Canarias), con fecha de inicio en dicha entidad desde 02\/07\/2016, hasta la actualidad. Experiencia de voluntariado en \u00e1mbito sanitario: &#8211;&nbsp;&nbsp;&nbsp;&nbsp; Voluntario [&#8230;]<\/p>\n<div class=\"pvc_clear\"><\/div>\n<p id=\"pvc_stats_12874\" class=\"pvc_stats all  \" data-element-id=\"12874\" style=\"\"><i class=\"pvc-stats-icon medium\" aria-hidden=\"true\"><svg xmlns=\"http:\/\/www.w3.org\/2000\/svg\" version=\"1.0\" viewBox=\"0 0 502 315\" preserveAspectRatio=\"xMidYMid meet\"><g transform=\"translate(0,332) scale(0.1,-0.1)\" fill=\"\" stroke=\"none\"><path d=\"M2394 3279 l-29 -30 -3 -207 c-2 -182 0 -211 15 -242 39 -76 157 -76 196 0 15 31 17 60 15 243 l-3 209 -33 29 c-26 23 -41 29 -80 29 -41 0 -53 -5 -78 -31z\"\/><path d=\"M3085 3251 c-45 -19 -58 -50 -96 -229 -47 -217 -49 -260 -13 -295 52 -53 146 -42 177 20 16 31 87 366 87 410 0 70 -86 122 -155 94z\"\/><path d=\"M1751 3234 c-13 -9 -29 -31 -37 -50 -12 -29 -10 -49 21 -204 19 -94 39 -189 45 -210 14 -50 54 -80 110 -80 34 0 48 6 76 34 21 21 34 44 34 59 0 14 -18 113 -40 219 -37 178 -43 195 -70 221 -36 32 -101 37 -139 11z\"\/><path d=\"M1163 3073 c-36 -7 -73 -59 -73 -102 0 -56 133 -378 171 -413 34 -32 83 -37 129 -13 70 36 67 87 -16 290 -86 209 -89 214 -129 231 -35 14 -42 15 -82 7z\"\/><path d=\"M3689 3066 c-15 -9 -33 -30 -42 -48 -48 -103 -147 -355 -147 -375 0 -98 131 -148 192 -74 13 15 57 108 97 206 80 196 84 226 37 273 -30 30 -99 39 -137 18z\"\/><path d=\"M583 2784 c-38 -19 -67 -74 -58 -113 9 -42 211 -354 242 -373 16 -10 45 -18 66 -18 51 0 107 52 107 100 0 39 -1 41 -124 234 -80 126 -108 162 -133 173 -41 17 -61 16 -100 -3z\"\/><path d=\"M4250 2784 c-14 -9 -74 -91 -133 -183 -95 -150 -107 -173 -107 -213 0 -55 33 -94 87 -104 67 -13 90 8 211 198 130 202 137 225 78 284 -27 27 -42 34 -72 34 -22 0 -50 -8 -64 -16z\"\/><path d=\"M2275 2693 c-553 -48 -1095 -270 -1585 -649 -135 -104 -459 -423 -483 -476 -23 -49 -22 -139 2 -186 73 -142 361 -457 571 -626 285 -228 642 -407 990 -497 242 -63 336 -73 660 -74 310 0 370 5 595 52 535 111 1045 392 1455 803 122 121 250 273 275 326 19 41 19 137 0 174 -41 79 -309 363 -465 492 -447 370 -946 591 -1479 653 -113 14 -422 18 -536 8z m395 -428 c171 -34 330 -124 456 -258 112 -119 167 -219 211 -378 27 -96 24 -300 -5 -401 -72 -255 -236 -447 -474 -557 -132 -62 -201 -76 -368 -76 -167 0 -236 14 -368 76 -213 98 -373 271 -451 485 -162 444 86 934 547 1084 153 49 292 57 452 25z m909 -232 c222 -123 408 -262 593 -441 76 -74 138 -139 138 -144 0 -16 -233 -242 -330 -319 -155 -123 -309 -223 -461 -299 l-81 -41 32 46 c18 26 49 83 70 128 143 306 141 649 -6 957 -25 52 -61 116 -79 142 l-34 47 45 -20 c26 -10 76 -36 113 -56z m-2057 25 c-40 -58 -105 -190 -130 -263 -110 -324 -59 -707 132 -981 25 -35 42 -64 37 -64 -19 0 -241 119 -326 174 -188 122 -406 314 -532 468 l-58 71 108 103 c185 178 428 349 672 473 66 33 121 60 123 61 2 0 -10 -19 -26 -42z\"\/><path d=\"M2375 1950 c-198 -44 -350 -190 -395 -379 -18 -76 -8 -221 19 -290 114 -284 457 -406 731 -260 98 52 188 154 231 260 27 69 37 214 19 290 -38 163 -166 304 -326 360 -67 23 -215 33 -279 19z\"\/><\/g><\/svg><\/i> <img decoding=\"async\" width=\"16\" height=\"16\" alt=\"Loading\" src=\"https:\/\/enfermeriacanaria.com\/wptfe\/wp-content\/plugins\/page-views-count\/ajax-loader-2x.gif\" border=0 \/><\/p>\n<div class=\"pvc_clear\"><\/div>\n","protected":false},"author":4,"featured_media":0,"parent":0,"menu_order":0,"comment_status":"closed","ping_status":"closed","template":"","meta":{"footnotes":""},"class_list":["post-12874","page","type-page","status-publish","hentry"],"a3_pvc":{"activated":true,"total_views":117,"today_views":1},"jetpack_sharing_enabled":true,"jetpack_shortlink":"https:\/\/wp.me\/P57dxf-3lE","jetpack_likes_enabled":true,"_links":{"self":[{"href":"https:\/\/enfermeriacanaria.com\/wptfe\/wp-json\/wp\/v2\/pages\/12874","targetHints":{"allow":["GET"]}}],"collection":[{"href":"https:\/\/enfermeriacanaria.com\/wptfe\/wp-json\/wp\/v2\/pages"}],"about":[{"href":"https:\/\/enfermeriacanaria.com\/wptfe\/wp-json\/wp\/v2\/types\/page"}],"author":[{"embeddable":true,"href":"https:\/\/enfermeriacanaria.com\/wptfe\/wp-json\/wp\/v2\/users\/4"}],"replies":[{"embeddable":true,"href":"https:\/\/enfermeriacanaria.com\/wptfe\/wp-json\/wp\/v2\/comments?post=12874"}],"version-history":[{"count":2,"href":"https:\/\/enfermeriacanaria.com\/wptfe\/wp-json\/wp\/v2\/pages\/12874\/revisions"}],"predecessor-version":[{"id":12882,"href":"https:\/\/enfermeriacanaria.com\/wptfe\/wp-json\/wp\/v2\/pages\/12874\/revisions\/12882"}],"wp:attachment":[{"href":"https:\/\/enfermeriacanaria.com\/wptfe\/wp-json\/wp\/v2\/media?parent=12874"}],"curies":[{"name":"wp","href":"https:\/\/api.w.org\/{rel}","templated":true}]}}