{"id":12864,"date":"2023-11-15T13:07:26","date_gmt":"2023-11-15T13:07:26","guid":{"rendered":"https:\/\/enfermeriacanaria.com\/wptfe\/?page_id=12864"},"modified":"2023-11-16T08:48:56","modified_gmt":"2023-11-16T08:48:56","slug":"liliana-quintero-sanchez","status":"publish","type":"page","link":"https:\/\/enfermeriacanaria.com\/wptfe\/liliana-quintero-sanchez\/","title":{"rendered":"Liliana Quintero S\u00e1nchez"},"content":{"rendered":"\n<div class=\"wp-block-image\"><figure class=\"aligncenter is-resized\"><img decoding=\"async\" src=\"https:\/\/enfermeriacanaria.com\/wptfe\/wp-content\/uploads\/Liliana-Quintero-S\u00e1nchez-651x1024.jpg\" alt=\"\" class=\"wp-image-12871\" width=\"163\" height=\"256\" srcset=\"https:\/\/enfermeriacanaria.com\/wptfe\/wp-content\/uploads\/Liliana-Quintero-S\u00e1nchez-651x1024.jpg 651w, https:\/\/enfermeriacanaria.com\/wptfe\/wp-content\/uploads\/Liliana-Quintero-S\u00e1nchez-191x300.jpg 191w, https:\/\/enfermeriacanaria.com\/wptfe\/wp-content\/uploads\/Liliana-Quintero-S\u00e1nchez-768x1207.jpg 768w, https:\/\/enfermeriacanaria.com\/wptfe\/wp-content\/uploads\/Liliana-Quintero-S\u00e1nchez.jpg 972w\" sizes=\"(max-width: 163px) 100vw, 163px\" \/><figcaption>Liliana Quintero S\u00e1nchez<br \/><strong>Vocal 6<\/strong><\/figcaption><\/figure><\/div>\n\n\n\n<p><strong>TITULACIONES :<\/strong><\/p>\n\n\n\n<p>Diplomada en Enfermer\u00eda por la Universidad de La Laguna,\njunio de 1997.<\/p>\n\n\n\n<p>Especialista en Enfermer\u00eda\nPedi\u00e1trica, julio de 2016.<\/p>\n\n\n\n<ul class=\"wp-block-list\"><li>M\u00e1ster en Prevenci\u00f3n\nde Riesgos Laborales, Especialidad de SEGURIDAD EN EL TRABAJO, nivel superior,\n450 horas lectivas y 150 horas de trabajo final o actividades pr\u00e1cticas, abril\n2000, Centro de Estudios Financieros, Madrid.<\/li><li>Certificado de Aptitud\nPedag\u00f3gica, 18 cr\u00e9ditos, equivalentes a 180 horas lectivas, diciembre 2006,\nUniversidad Alfonso X El Sabio, Madrid.<\/li><li>Curso de Enfermero\nExperto en Indicaci\u00f3n, Uso y Autorizaci\u00f3n de Medicamentos y Productos\nSanitarios en Cuidados Generales de Enfermer\u00eda y en T.I.C., septiembre 2014.<\/li><li>Certificado de\nAcreditaci\u00f3n de la Competencia Profesional Enfermera, septiembre 2014.<\/li><li>M\u00e1ster en Integraci\u00f3n\nen Cuidados y Resoluci\u00f3n de Problemas Cl\u00ednicos en Enfermer\u00eda, julio 2017.<\/li><\/ul>\n\n\n\n<p> <strong>ACTIVIDAD ASISTENCIAL:<\/strong><\/p>\n\n\n\n<p>Enfermera hospitalaria entre los a\u00f1os 1997-2023 en el\nHospital Universitario Nuestra Se\u00f1ora de Candelaria, en plantas de\nhospitalizaci\u00f3n pedi\u00e1trica y cuidados intensivos pedi\u00e1tricos y neonatales.<\/p>\n\n\n\n<p>Enfermera de atenci\u00f3n primaria en el Centro de Salud de La\nVictoria, en consulta de pediatr\u00eda desde septiembre 2023.<\/p>\n\n\n\n<p><strong>EXPERIENCIA DOCENTE:<\/strong><\/p>\n\n\n\n<p>Tutora EIR de la Unidad Docente Multiprofesional de\nEnfermer\u00eda Pedi\u00e1trica, mayo 2022.<\/p>\n\n\n\n<p>Colaborador Docente de la Unidad Multiprofesional de Atenci\u00f3n\nFamiliar y Comunitaria, noviembre 2023.<\/p>\n\n\n\n<p>Docente en m\u00e1s de 15 cursos relacionados con el abordaje de\nlos cuidados integrales del paciente adulto y pedi\u00e1trico, entre 1997-2023.<\/p>\n\n\n\n<p><strong>PERTENENCIA A SOCIEDADES CIENT\u00cdFICAS:<\/strong><\/p>\n\n\n\n<p>Vicepresidenta de la Asociaci\u00f3n Canaria De Enfermer\u00eda\nPedi\u00e1trica ACANEP.<\/p>\n\n\n\n<p>Miembro de la Comisi\u00f3n de Lactancia del HUNSC, 2020-2023.<\/p>\n\n\n\n<p>Vocal del Iltre. Colegio Oficial de Enfermeros de S\/C&nbsp; de Tenerife.<\/p>\n\n\n\n<p><strong>FORMACI\u00d3N E INVESTIGACI\u00d3N:<\/strong><\/p>\n\n\n\n<p>Certificaci\u00f3n Curso Metodolog\u00eda Docente y Capacitaci\u00f3n,\nabril 1998.<\/p>\n\n\n\n<p>Certificaci\u00f3n Curso Formador de Formadores, diciembre 2004.<\/p>\n\n\n\n<p>Asistencia a multitud de cursos,\ncongresos y jornadas (m\u00e1s de 100).<\/p>\n\n\n\n<p>Participaci\u00f3n con comunicaciones y\nposters en Congresos y Jornadas a nivel regional, nacional e internacional (m\u00e1s\nde 25).<\/p>\n\n\n\n<p>Participaci\u00f3n en la publicaci\u00f3n de\nart\u00edculos cient\u00edficos y de divulgaci\u00f3n sanitaria.<\/p>\n\n\n\n<p>Participaci\u00f3n en Proyectos de\nInvestigaci\u00f3n tanto como investigadora principal y como investigadora\ncolaboradora.<\/p>\n\n\n\n<p>PREMIO DE ENFERMER\u00cdA EN DESARROLLO 2022, HOSPITALIDAD CONTRA PRON\u00d3STICO, CONCOMITENTES.<\/p>\n\n\n\n<div class=\"wp-block-button aligncenter\"><a class=\"wp-block-button__link has-background\" href=\"https:\/\/enfermeriacanaria.com\/wptfe\/wp-content\/uploads\/Liliana-Quintero-S\u00e1nchez.csv\" style=\"background-color:#0271a1\">Descargar datos csv<\/a><\/div>\n\n\n\n<p><strong>\u00daltima modificaci\u00f3n:<\/strong> 15\/11\/2023<\/p>\n\n\n\n<p><a href=\"https:\/\/enfermeriacanaria.com\/wptfe\/?page_id=280\">Volver a Junta de Gobierno<\/a><\/p>\n<div class=\"pvc_clear\"><\/div><p id=\"pvc_stats_12864\" class=\"pvc_stats all  \" data-element-id=\"12864\" style=\"\"><i class=\"pvc-stats-icon medium\" aria-hidden=\"true\"><svg xmlns=\"http:\/\/www.w3.org\/2000\/svg\" version=\"1.0\" viewBox=\"0 0 502 315\" preserveAspectRatio=\"xMidYMid meet\"><g transform=\"translate(0,332) scale(0.1,-0.1)\" fill=\"\" stroke=\"none\"><path d=\"M2394 3279 l-29 -30 -3 -207 c-2 -182 0 -211 15 -242 39 -76 157 -76 196 0 15 31 17 60 15 243 l-3 209 -33 29 c-26 23 -41 29 -80 29 -41 0 -53 -5 -78 -31z\"\/><path d=\"M3085 3251 c-45 -19 -58 -50 -96 -229 -47 -217 -49 -260 -13 -295 52 -53 146 -42 177 20 16 31 87 366 87 410 0 70 -86 122 -155 94z\"\/><path d=\"M1751 3234 c-13 -9 -29 -31 -37 -50 -12 -29 -10 -49 21 -204 19 -94 39 -189 45 -210 14 -50 54 -80 110 -80 34 0 48 6 76 34 21 21 34 44 34 59 0 14 -18 113 -40 219 -37 178 -43 195 -70 221 -36 32 -101 37 -139 11z\"\/><path d=\"M1163 3073 c-36 -7 -73 -59 -73 -102 0 -56 133 -378 171 -413 34 -32 83 -37 129 -13 70 36 67 87 -16 290 -86 209 -89 214 -129 231 -35 14 -42 15 -82 7z\"\/><path d=\"M3689 3066 c-15 -9 -33 -30 -42 -48 -48 -103 -147 -355 -147 -375 0 -98 131 -148 192 -74 13 15 57 108 97 206 80 196 84 226 37 273 -30 30 -99 39 -137 18z\"\/><path d=\"M583 2784 c-38 -19 -67 -74 -58 -113 9 -42 211 -354 242 -373 16 -10 45 -18 66 -18 51 0 107 52 107 100 0 39 -1 41 -124 234 -80 126 -108 162 -133 173 -41 17 -61 16 -100 -3z\"\/><path d=\"M4250 2784 c-14 -9 -74 -91 -133 -183 -95 -150 -107 -173 -107 -213 0 -55 33 -94 87 -104 67 -13 90 8 211 198 130 202 137 225 78 284 -27 27 -42 34 -72 34 -22 0 -50 -8 -64 -16z\"\/><path d=\"M2275 2693 c-553 -48 -1095 -270 -1585 -649 -135 -104 -459 -423 -483 -476 -23 -49 -22 -139 2 -186 73 -142 361 -457 571 -626 285 -228 642 -407 990 -497 242 -63 336 -73 660 -74 310 0 370 5 595 52 535 111 1045 392 1455 803 122 121 250 273 275 326 19 41 19 137 0 174 -41 79 -309 363 -465 492 -447 370 -946 591 -1479 653 -113 14 -422 18 -536 8z m395 -428 c171 -34 330 -124 456 -258 112 -119 167 -219 211 -378 27 -96 24 -300 -5 -401 -72 -255 -236 -447 -474 -557 -132 -62 -201 -76 -368 -76 -167 0 -236 14 -368 76 -213 98 -373 271 -451 485 -162 444 86 934 547 1084 153 49 292 57 452 25z m909 -232 c222 -123 408 -262 593 -441 76 -74 138 -139 138 -144 0 -16 -233 -242 -330 -319 -155 -123 -309 -223 -461 -299 l-81 -41 32 46 c18 26 49 83 70 128 143 306 141 649 -6 957 -25 52 -61 116 -79 142 l-34 47 45 -20 c26 -10 76 -36 113 -56z m-2057 25 c-40 -58 -105 -190 -130 -263 -110 -324 -59 -707 132 -981 25 -35 42 -64 37 -64 -19 0 -241 119 -326 174 -188 122 -406 314 -532 468 l-58 71 108 103 c185 178 428 349 672 473 66 33 121 60 123 61 2 0 -10 -19 -26 -42z\"\/><path d=\"M2375 1950 c-198 -44 -350 -190 -395 -379 -18 -76 -8 -221 19 -290 114 -284 457 -406 731 -260 98 52 188 154 231 260 27 69 37 214 19 290 -38 163 -166 304 -326 360 -67 23 -215 33 -279 19z\"\/><\/g><\/svg><\/i> <img decoding=\"async\" width=\"16\" height=\"16\" alt=\"Loading\" src=\"https:\/\/enfermeriacanaria.com\/wptfe\/wp-content\/plugins\/page-views-count\/ajax-loader-2x.gif\" border=0 \/><\/p><div class=\"pvc_clear\"><\/div>","protected":false},"excerpt":{"rendered":"<p>TITULACIONES : Diplomada en Enfermer\u00eda por la Universidad de La Laguna, junio de 1997. Especialista en Enfermer\u00eda Pedi\u00e1trica, julio de 2016. M\u00e1ster en Prevenci\u00f3n de Riesgos Laborales, Especialidad de SEGURIDAD EN EL TRABAJO, nivel superior, [&#8230;]<\/p>\n<div class=\"pvc_clear\"><\/div>\n<p id=\"pvc_stats_12864\" class=\"pvc_stats all  \" data-element-id=\"12864\" style=\"\"><i class=\"pvc-stats-icon medium\" aria-hidden=\"true\"><svg xmlns=\"http:\/\/www.w3.org\/2000\/svg\" version=\"1.0\" viewBox=\"0 0 502 315\" preserveAspectRatio=\"xMidYMid meet\"><g transform=\"translate(0,332) scale(0.1,-0.1)\" fill=\"\" stroke=\"none\"><path d=\"M2394 3279 l-29 -30 -3 -207 c-2 -182 0 -211 15 -242 39 -76 157 -76 196 0 15 31 17 60 15 243 l-3 209 -33 29 c-26 23 -41 29 -80 29 -41 0 -53 -5 -78 -31z\"\/><path d=\"M3085 3251 c-45 -19 -58 -50 -96 -229 -47 -217 -49 -260 -13 -295 52 -53 146 -42 177 20 16 31 87 366 87 410 0 70 -86 122 -155 94z\"\/><path d=\"M1751 3234 c-13 -9 -29 -31 -37 -50 -12 -29 -10 -49 21 -204 19 -94 39 -189 45 -210 14 -50 54 -80 110 -80 34 0 48 6 76 34 21 21 34 44 34 59 0 14 -18 113 -40 219 -37 178 -43 195 -70 221 -36 32 -101 37 -139 11z\"\/><path d=\"M1163 3073 c-36 -7 -73 -59 -73 -102 0 -56 133 -378 171 -413 34 -32 83 -37 129 -13 70 36 67 87 -16 290 -86 209 -89 214 -129 231 -35 14 -42 15 -82 7z\"\/><path d=\"M3689 3066 c-15 -9 -33 -30 -42 -48 -48 -103 -147 -355 -147 -375 0 -98 131 -148 192 -74 13 15 57 108 97 206 80 196 84 226 37 273 -30 30 -99 39 -137 18z\"\/><path d=\"M583 2784 c-38 -19 -67 -74 -58 -113 9 -42 211 -354 242 -373 16 -10 45 -18 66 -18 51 0 107 52 107 100 0 39 -1 41 -124 234 -80 126 -108 162 -133 173 -41 17 -61 16 -100 -3z\"\/><path d=\"M4250 2784 c-14 -9 -74 -91 -133 -183 -95 -150 -107 -173 -107 -213 0 -55 33 -94 87 -104 67 -13 90 8 211 198 130 202 137 225 78 284 -27 27 -42 34 -72 34 -22 0 -50 -8 -64 -16z\"\/><path d=\"M2275 2693 c-553 -48 -1095 -270 -1585 -649 -135 -104 -459 -423 -483 -476 -23 -49 -22 -139 2 -186 73 -142 361 -457 571 -626 285 -228 642 -407 990 -497 242 -63 336 -73 660 -74 310 0 370 5 595 52 535 111 1045 392 1455 803 122 121 250 273 275 326 19 41 19 137 0 174 -41 79 -309 363 -465 492 -447 370 -946 591 -1479 653 -113 14 -422 18 -536 8z m395 -428 c171 -34 330 -124 456 -258 112 -119 167 -219 211 -378 27 -96 24 -300 -5 -401 -72 -255 -236 -447 -474 -557 -132 -62 -201 -76 -368 -76 -167 0 -236 14 -368 76 -213 98 -373 271 -451 485 -162 444 86 934 547 1084 153 49 292 57 452 25z m909 -232 c222 -123 408 -262 593 -441 76 -74 138 -139 138 -144 0 -16 -233 -242 -330 -319 -155 -123 -309 -223 -461 -299 l-81 -41 32 46 c18 26 49 83 70 128 143 306 141 649 -6 957 -25 52 -61 116 -79 142 l-34 47 45 -20 c26 -10 76 -36 113 -56z m-2057 25 c-40 -58 -105 -190 -130 -263 -110 -324 -59 -707 132 -981 25 -35 42 -64 37 -64 -19 0 -241 119 -326 174 -188 122 -406 314 -532 468 l-58 71 108 103 c185 178 428 349 672 473 66 33 121 60 123 61 2 0 -10 -19 -26 -42z\"\/><path d=\"M2375 1950 c-198 -44 -350 -190 -395 -379 -18 -76 -8 -221 19 -290 114 -284 457 -406 731 -260 98 52 188 154 231 260 27 69 37 214 19 290 -38 163 -166 304 -326 360 -67 23 -215 33 -279 19z\"\/><\/g><\/svg><\/i> <img decoding=\"async\" width=\"16\" height=\"16\" alt=\"Loading\" src=\"https:\/\/enfermeriacanaria.com\/wptfe\/wp-content\/plugins\/page-views-count\/ajax-loader-2x.gif\" border=0 \/><\/p>\n<div class=\"pvc_clear\"><\/div>\n","protected":false},"author":4,"featured_media":0,"parent":0,"menu_order":0,"comment_status":"closed","ping_status":"closed","template":"","meta":{"footnotes":""},"class_list":["post-12864","page","type-page","status-publish","hentry"],"a3_pvc":{"activated":true,"total_views":68,"today_views":0},"jetpack_sharing_enabled":true,"jetpack_shortlink":"https:\/\/wp.me\/P57dxf-3lu","jetpack_likes_enabled":true,"_links":{"self":[{"href":"https:\/\/enfermeriacanaria.com\/wptfe\/wp-json\/wp\/v2\/pages\/12864","targetHints":{"allow":["GET"]}}],"collection":[{"href":"https:\/\/enfermeriacanaria.com\/wptfe\/wp-json\/wp\/v2\/pages"}],"about":[{"href":"https:\/\/enfermeriacanaria.com\/wptfe\/wp-json\/wp\/v2\/types\/page"}],"author":[{"embeddable":true,"href":"https:\/\/enfermeriacanaria.com\/wptfe\/wp-json\/wp\/v2\/users\/4"}],"replies":[{"embeddable":true,"href":"https:\/\/enfermeriacanaria.com\/wptfe\/wp-json\/wp\/v2\/comments?post=12864"}],"version-history":[{"count":3,"href":"https:\/\/enfermeriacanaria.com\/wptfe\/wp-json\/wp\/v2\/pages\/12864\/revisions"}],"predecessor-version":[{"id":12873,"href":"https:\/\/enfermeriacanaria.com\/wptfe\/wp-json\/wp\/v2\/pages\/12864\/revisions\/12873"}],"wp:attachment":[{"href":"https:\/\/enfermeriacanaria.com\/wptfe\/wp-json\/wp\/v2\/media?parent=12864"}],"curies":[{"name":"wp","href":"https:\/\/api.w.org\/{rel}","templated":true}]}}