{"id":12797,"date":"2023-10-26T12:35:49","date_gmt":"2023-10-26T12:35:49","guid":{"rendered":"https:\/\/enfermeriacanaria.com\/wptfe\/?page_id=12797"},"modified":"2026-04-24T14:36:43","modified_gmt":"2026-04-24T14:36:43","slug":"informe-de-evaluacion-de-transparencia","status":"publish","type":"page","link":"https:\/\/enfermeriacanaria.com\/wptfe\/informe-de-evaluacion-de-transparencia\/","title":{"rendered":"Informe de Evaluaci\u00f3n de Transparencia"},"content":{"rendered":"\n<p>El Colegio Oficial de Enfermeros de Santa Cruz de Tenerife, en cumplimiento del art\u00edculo 12 de la Ley 12\/2014, de 26 de diciembre, de transparencia y de acceso a la informaci\u00f3n p\u00fablica, publica un informe sobre el grado de aplicaci\u00f3n de dicha normativa. A continuaci\u00f3n, presentamos el informe consolidado de la \u00faltima evaluaci\u00f3n, as\u00ed como el hist\u00f3rico de la puntuaci\u00f3n obtenida.<\/p>\n\n\n\n<p><strong>1.- Introducci\u00f3n y Objeto del Informe<\/strong><\/p>\n\n\n\n<p>El presente informe detalla el grado de cumplimiento durante el periodo correspondiente a los ejercicios 2023 y 2024. Este an\u00e1lisis se enmarca en la trayectoria de mejora continua del Colegio, que ha progresado desde una calificaci\u00f3n oficial de\u00a0<strong>2,74 sobre 10 en 2019 un resultado de  8,97 sobre 10 en el ejercicio 2023-2024<\/strong>, demostrando una mejora constante en el cumplimiento de la gesti\u00f3n de la transparencia como se puede comprobar en la siguiente tabla:<\/p>\n\n\n\n<p><br \/><strong>Resultados del \u00cdndice de Transparencia de Canarias (IT Canarias) Masx.10<\/strong><\/p>\n\n\n\n<figure class=\"wp-block-table is-style-stripes\"><table><tbody><tr><td><strong>A\u00d1O<\/strong><\/td><td class=\"has-text-align-center\" data-align=\"center\"><strong>2019<\/strong><\/td><td class=\"has-text-align-center\" data-align=\"center\"><strong>2020<\/strong><\/td><td class=\"has-text-align-center\" data-align=\"center\"><strong>2021<\/strong><\/td><td class=\"has-text-align-center\" data-align=\"center\"><strong>2022 &#8211; 1S 2023<\/strong><\/td><td class=\"has-text-align-center\" data-align=\"center\"><strong>2023\/2024<\/strong><\/td><\/tr><tr><td>RESULTADO<\/td><td class=\"has-text-align-center\" data-align=\"center\">2,74<\/td><td class=\"has-text-align-center\" data-align=\"center\">3,59<\/td><td class=\"has-text-align-center\" data-align=\"center\">7,96<\/td><td class=\"has-text-align-center\" data-align=\"center\">8,02<\/td><td class=\"has-text-align-center\" data-align=\"center\">8,97<\/td><\/tr><tr><td>Informes<\/td><td class=\"has-text-align-center\" data-align=\"center\"><a href=\"https:\/\/transparenciacanarias.org\/wp-content\/uploads\/2024\/05\/INFORME-ANUAL-2019.pdf\" target=\"_blank\" rel=\"noreferrer noopener\">Descargar Informe<\/a><\/td><td class=\"has-text-align-center\" data-align=\"center\"><a href=\"https:\/\/transparenciacanarias.org\/wp-content\/uploads\/2024\/05\/INFORME-ANUAL-2020.pdf\" target=\"_blank\" rel=\"noreferrer noopener\">Descargar Informe<\/a><\/td><td class=\"has-text-align-center\" data-align=\"center\"><a href=\"https:\/\/transparenciacanarias.org\/wp-content\/uploads\/2024\/05\/INFORME-ANUAL-2021-Y-AVANDE-DE-2022.pdf\" target=\"_blank\" rel=\"noreferrer noopener\">Descargar Informe<\/a><\/td><td class=\"has-text-align-center\" data-align=\"center\"><a href=\"https:\/\/transparenciacanarias.org\/wp-content\/uploads\/2024\/06\/INFORME-ANUAL-2022-2023-.pdf\" target=\"_blank\" rel=\"noreferrer noopener\">Descargar Informe<\/a><\/td><td class=\"has-text-align-center\" data-align=\"center\"><a href=\"https:\/\/transparenciacanarias.org\/wp-content\/uploads\/2025\/07\/INFORME-ANUAL-COMISIONADO-TRANSPARENCIA-2024.pdf\" target=\"_blank\" rel=\"noreferrer noopener\">Descargar Informe<\/a><\/td><\/tr><\/tbody><\/table><\/figure>\n\n\n\n<p>La<strong>\u00a0nota\u00a0media\u00a0<\/strong>en la\u00a0 evaluaci\u00f3n\u00a0realizada en <strong>2025 <\/strong>sobre el periodo<strong> 2\u00ba semestre 2023-2024<\/strong> fue de <strong>8,43<\/strong>, el <strong>43,08%<\/strong> de las entidades evaluadas han obtenido una puntuaci\u00f3n inferior a la obtenida por el Colegio de Enfermeros de Santa Cruz de Tenerife, que est\u00e1 en la posici\u00f3n 38 de las 66 entidades de la categor\u00eda de corporaciones de derecho p\u00fablico. <\/p>\n\n\n\n<p>Indicadores de cumplimiento de la Evaluaci\u00f3n de Transparencia <\/p>\n\n\n\n<figure class=\"wp-block-table is-style-stripes\"><table class=\"has-fixed-layout\"><tbody><tr><td><strong>Indicadores<\/strong><\/td><td><strong>Puntuaci\u00f3n Obtenida 2024<\/strong><\/td><td><strong>Variaci\u00f3n con respecto a la evaluaci\u00f3n anterior<\/strong><\/td><\/tr><tr><td>Indicador de Cumplimiento de la Informaci\u00f3n Obligatoria (ICIO) Max. 7<\/td><td>5,57<\/td><td>-0,54%<\/td><\/tr><tr><td>Indicador de Cumplimiento del Soporte web (ICS) Max. 3<\/td><td>2,70<\/td><td>+10.20%<\/td><\/tr><tr><td>Indicador de Cumplimiento de la Publicidad Activa (ICPA) Max. 10<\/td><td>8,27<\/td><td>+2,73%<\/td><\/tr><tr><td>\u00cdndice de Transparencia Voluntaria (ITV) Max. 1<\/td><td>0,70<\/td><td>+2,94%<\/td><\/tr><\/tbody><\/table><\/figure>\n\n\n\n<p>Los informes anuales sobre el cumplimiento de las obligaciones de transparencia en Canarias pueden ser consultado en su integridad en la <a href=\"https:\/\/transparenciacanarias.org\/informes\/\" data-type=\"link\" data-id=\"https:\/\/transparenciacanarias.org\/informes\/\" target=\"_blank\" rel=\"noreferrer noopener\">web del Comisionado de Transparencia<\/a><\/p>\n\n\n\n<p>Puede descargar el \u00faltimo <a href=\"https:\/\/transparenciacanarias.org\/wp-content\/uploads\/2025\/07\/INFORME-ANUAL-COMISIONADO-TRANSPARENCIA-2024.pdf\" target=\"_blank\" rel=\"noreferrer noopener\">informe \u00edntegro publicado en el siguiente enlace<\/a> (la informaci\u00f3n relativa la Colegio de Enfermeros de Santa Cruz de Tenerife figura en la p\u00e1gina 62).<\/p>\n\n\n\n<p>Puede acceder al <a href=\"https:\/\/transparenciacanarias.org\/evaluacion\/mapas-transparencia-canarias\/\" target=\"_blank\" rel=\"noreferrer noopener\">Mapa de Transparencia de Canarias en el siguiente enlace<\/a><\/p>\n\n\n\n<div class=\"wp-block-buttons is-content-justification-center is-layout-flex wp-container-core-buttons-is-layout-16018d1d wp-block-buttons-is-layout-flex\">\n<div class=\"wp-block-button\"><a class=\"wp-block-button__link wp-element-button\" href=\"https:\/\/enfermeriacanaria.com\/wptfe\/wp-content\/uploads\/Informe-de-Evaluacion-de-Transparencia-1.odt\" target=\"_blank\" rel=\"noreferrer noopener\">Descargar como ODT<\/a><\/div>\n\n\n\n<div class=\"wp-block-button\"><a class=\"wp-block-button__link wp-element-button\" href=\"https:\/\/enfermeriacanaria.com\/wptfe\/wp-content\/uploads\/Informe-de-Evaluacion-de-Transparencia-1.docx\" target=\"_blank\" rel=\"noreferrer noopener\">Descargar como Word<\/a><\/div>\n\n\n\n<div class=\"wp-block-button\"><a class=\"wp-block-button__link wp-element-button\" href=\"https:\/\/enfermeriacanaria.com\/wptfe\/wp-content\/uploads\/Informe-de-Evaluacion-de-Transparencia-1.pdf\" target=\"_blank\" rel=\"noreferrer noopener\">Descargar como PDF<\/a><\/div>\n\n\n\n<div class=\"wp-block-button\"><a class=\"wp-block-button__link wp-element-button\" href=\"https:\/\/enfermeriacanaria.com\/wptfe\/wp-content\/uploads\/Informe-de-Evaluacion-de-Transparencia.html\" target=\"_blank\" rel=\"noreferrer noopener\">Descargar como HTML<\/a><\/div>\n<\/div>\n\n\n\n<p><strong>\u00daltima modificaci\u00f3n 12\/12\/2025<\/strong><\/p>\n\n\n\n<p><\/p>\n<div class=\"pvc_clear\"><\/div><p id=\"pvc_stats_12797\" class=\"pvc_stats all  \" data-element-id=\"12797\" style=\"\"><i class=\"pvc-stats-icon medium\" aria-hidden=\"true\"><svg xmlns=\"http:\/\/www.w3.org\/2000\/svg\" version=\"1.0\" viewBox=\"0 0 502 315\" preserveAspectRatio=\"xMidYMid meet\"><g transform=\"translate(0,332) scale(0.1,-0.1)\" fill=\"\" stroke=\"none\"><path d=\"M2394 3279 l-29 -30 -3 -207 c-2 -182 0 -211 15 -242 39 -76 157 -76 196 0 15 31 17 60 15 243 l-3 209 -33 29 c-26 23 -41 29 -80 29 -41 0 -53 -5 -78 -31z\"\/><path d=\"M3085 3251 c-45 -19 -58 -50 -96 -229 -47 -217 -49 -260 -13 -295 52 -53 146 -42 177 20 16 31 87 366 87 410 0 70 -86 122 -155 94z\"\/><path d=\"M1751 3234 c-13 -9 -29 -31 -37 -50 -12 -29 -10 -49 21 -204 19 -94 39 -189 45 -210 14 -50 54 -80 110 -80 34 0 48 6 76 34 21 21 34 44 34 59 0 14 -18 113 -40 219 -37 178 -43 195 -70 221 -36 32 -101 37 -139 11z\"\/><path d=\"M1163 3073 c-36 -7 -73 -59 -73 -102 0 -56 133 -378 171 -413 34 -32 83 -37 129 -13 70 36 67 87 -16 290 -86 209 -89 214 -129 231 -35 14 -42 15 -82 7z\"\/><path d=\"M3689 3066 c-15 -9 -33 -30 -42 -48 -48 -103 -147 -355 -147 -375 0 -98 131 -148 192 -74 13 15 57 108 97 206 80 196 84 226 37 273 -30 30 -99 39 -137 18z\"\/><path d=\"M583 2784 c-38 -19 -67 -74 -58 -113 9 -42 211 -354 242 -373 16 -10 45 -18 66 -18 51 0 107 52 107 100 0 39 -1 41 -124 234 -80 126 -108 162 -133 173 -41 17 -61 16 -100 -3z\"\/><path d=\"M4250 2784 c-14 -9 -74 -91 -133 -183 -95 -150 -107 -173 -107 -213 0 -55 33 -94 87 -104 67 -13 90 8 211 198 130 202 137 225 78 284 -27 27 -42 34 -72 34 -22 0 -50 -8 -64 -16z\"\/><path d=\"M2275 2693 c-553 -48 -1095 -270 -1585 -649 -135 -104 -459 -423 -483 -476 -23 -49 -22 -139 2 -186 73 -142 361 -457 571 -626 285 -228 642 -407 990 -497 242 -63 336 -73 660 -74 310 0 370 5 595 52 535 111 1045 392 1455 803 122 121 250 273 275 326 19 41 19 137 0 174 -41 79 -309 363 -465 492 -447 370 -946 591 -1479 653 -113 14 -422 18 -536 8z m395 -428 c171 -34 330 -124 456 -258 112 -119 167 -219 211 -378 27 -96 24 -300 -5 -401 -72 -255 -236 -447 -474 -557 -132 -62 -201 -76 -368 -76 -167 0 -236 14 -368 76 -213 98 -373 271 -451 485 -162 444 86 934 547 1084 153 49 292 57 452 25z m909 -232 c222 -123 408 -262 593 -441 76 -74 138 -139 138 -144 0 -16 -233 -242 -330 -319 -155 -123 -309 -223 -461 -299 l-81 -41 32 46 c18 26 49 83 70 128 143 306 141 649 -6 957 -25 52 -61 116 -79 142 l-34 47 45 -20 c26 -10 76 -36 113 -56z m-2057 25 c-40 -58 -105 -190 -130 -263 -110 -324 -59 -707 132 -981 25 -35 42 -64 37 -64 -19 0 -241 119 -326 174 -188 122 -406 314 -532 468 l-58 71 108 103 c185 178 428 349 672 473 66 33 121 60 123 61 2 0 -10 -19 -26 -42z\"\/><path d=\"M2375 1950 c-198 -44 -350 -190 -395 -379 -18 -76 -8 -221 19 -290 114 -284 457 -406 731 -260 98 52 188 154 231 260 27 69 37 214 19 290 -38 163 -166 304 -326 360 -67 23 -215 33 -279 19z\"\/><\/g><\/svg><\/i> <img decoding=\"async\" width=\"16\" height=\"16\" alt=\"Loading\" src=\"https:\/\/enfermeriacanaria.com\/wptfe\/wp-content\/plugins\/page-views-count\/ajax-loader-2x.gif\" border=0 \/><\/p><div class=\"pvc_clear\"><\/div>","protected":false},"excerpt":{"rendered":"<p>El Colegio Oficial de Enfermeros de Santa Cruz de Tenerife, en cumplimiento del art\u00edculo 12 de la Ley 12\/2014, de 26 de diciembre, de transparencia y de acceso a la informaci\u00f3n p\u00fablica, publica un informe [&#8230;]<\/p>\n<div class=\"pvc_clear\"><\/div>\n<p id=\"pvc_stats_12797\" class=\"pvc_stats all  \" data-element-id=\"12797\" style=\"\"><i class=\"pvc-stats-icon medium\" aria-hidden=\"true\"><svg xmlns=\"http:\/\/www.w3.org\/2000\/svg\" version=\"1.0\" viewBox=\"0 0 502 315\" preserveAspectRatio=\"xMidYMid meet\"><g transform=\"translate(0,332) scale(0.1,-0.1)\" fill=\"\" stroke=\"none\"><path d=\"M2394 3279 l-29 -30 -3 -207 c-2 -182 0 -211 15 -242 39 -76 157 -76 196 0 15 31 17 60 15 243 l-3 209 -33 29 c-26 23 -41 29 -80 29 -41 0 -53 -5 -78 -31z\"\/><path d=\"M3085 3251 c-45 -19 -58 -50 -96 -229 -47 -217 -49 -260 -13 -295 52 -53 146 -42 177 20 16 31 87 366 87 410 0 70 -86 122 -155 94z\"\/><path d=\"M1751 3234 c-13 -9 -29 -31 -37 -50 -12 -29 -10 -49 21 -204 19 -94 39 -189 45 -210 14 -50 54 -80 110 -80 34 0 48 6 76 34 21 21 34 44 34 59 0 14 -18 113 -40 219 -37 178 -43 195 -70 221 -36 32 -101 37 -139 11z\"\/><path d=\"M1163 3073 c-36 -7 -73 -59 -73 -102 0 -56 133 -378 171 -413 34 -32 83 -37 129 -13 70 36 67 87 -16 290 -86 209 -89 214 -129 231 -35 14 -42 15 -82 7z\"\/><path d=\"M3689 3066 c-15 -9 -33 -30 -42 -48 -48 -103 -147 -355 -147 -375 0 -98 131 -148 192 -74 13 15 57 108 97 206 80 196 84 226 37 273 -30 30 -99 39 -137 18z\"\/><path d=\"M583 2784 c-38 -19 -67 -74 -58 -113 9 -42 211 -354 242 -373 16 -10 45 -18 66 -18 51 0 107 52 107 100 0 39 -1 41 -124 234 -80 126 -108 162 -133 173 -41 17 -61 16 -100 -3z\"\/><path d=\"M4250 2784 c-14 -9 -74 -91 -133 -183 -95 -150 -107 -173 -107 -213 0 -55 33 -94 87 -104 67 -13 90 8 211 198 130 202 137 225 78 284 -27 27 -42 34 -72 34 -22 0 -50 -8 -64 -16z\"\/><path d=\"M2275 2693 c-553 -48 -1095 -270 -1585 -649 -135 -104 -459 -423 -483 -476 -23 -49 -22 -139 2 -186 73 -142 361 -457 571 -626 285 -228 642 -407 990 -497 242 -63 336 -73 660 -74 310 0 370 5 595 52 535 111 1045 392 1455 803 122 121 250 273 275 326 19 41 19 137 0 174 -41 79 -309 363 -465 492 -447 370 -946 591 -1479 653 -113 14 -422 18 -536 8z m395 -428 c171 -34 330 -124 456 -258 112 -119 167 -219 211 -378 27 -96 24 -300 -5 -401 -72 -255 -236 -447 -474 -557 -132 -62 -201 -76 -368 -76 -167 0 -236 14 -368 76 -213 98 -373 271 -451 485 -162 444 86 934 547 1084 153 49 292 57 452 25z m909 -232 c222 -123 408 -262 593 -441 76 -74 138 -139 138 -144 0 -16 -233 -242 -330 -319 -155 -123 -309 -223 -461 -299 l-81 -41 32 46 c18 26 49 83 70 128 143 306 141 649 -6 957 -25 52 -61 116 -79 142 l-34 47 45 -20 c26 -10 76 -36 113 -56z m-2057 25 c-40 -58 -105 -190 -130 -263 -110 -324 -59 -707 132 -981 25 -35 42 -64 37 -64 -19 0 -241 119 -326 174 -188 122 -406 314 -532 468 l-58 71 108 103 c185 178 428 349 672 473 66 33 121 60 123 61 2 0 -10 -19 -26 -42z\"\/><path d=\"M2375 1950 c-198 -44 -350 -190 -395 -379 -18 -76 -8 -221 19 -290 114 -284 457 -406 731 -260 98 52 188 154 231 260 27 69 37 214 19 290 -38 163 -166 304 -326 360 -67 23 -215 33 -279 19z\"\/><\/g><\/svg><\/i> <img decoding=\"async\" width=\"16\" height=\"16\" alt=\"Loading\" src=\"https:\/\/enfermeriacanaria.com\/wptfe\/wp-content\/plugins\/page-views-count\/ajax-loader-2x.gif\" border=0 \/><\/p>\n<div class=\"pvc_clear\"><\/div>\n","protected":false},"author":4,"featured_media":0,"parent":0,"menu_order":0,"comment_status":"closed","ping_status":"closed","template":"","meta":{"footnotes":""},"class_list":["post-12797","page","type-page","status-publish","hentry"],"a3_pvc":{"activated":true,"total_views":100,"today_views":0},"jetpack_sharing_enabled":true,"jetpack_shortlink":"https:\/\/wp.me\/P57dxf-3kp","jetpack_likes_enabled":true,"_links":{"self":[{"href":"https:\/\/enfermeriacanaria.com\/wptfe\/wp-json\/wp\/v2\/pages\/12797","targetHints":{"allow":["GET"]}}],"collection":[{"href":"https:\/\/enfermeriacanaria.com\/wptfe\/wp-json\/wp\/v2\/pages"}],"about":[{"href":"https:\/\/enfermeriacanaria.com\/wptfe\/wp-json\/wp\/v2\/types\/page"}],"author":[{"embeddable":true,"href":"https:\/\/enfermeriacanaria.com\/wptfe\/wp-json\/wp\/v2\/users\/4"}],"replies":[{"embeddable":true,"href":"https:\/\/enfermeriacanaria.com\/wptfe\/wp-json\/wp\/v2\/comments?post=12797"}],"version-history":[{"count":4,"href":"https:\/\/enfermeriacanaria.com\/wptfe\/wp-json\/wp\/v2\/pages\/12797\/revisions"}],"predecessor-version":[{"id":15746,"href":"https:\/\/enfermeriacanaria.com\/wptfe\/wp-json\/wp\/v2\/pages\/12797\/revisions\/15746"}],"wp:attachment":[{"href":"https:\/\/enfermeriacanaria.com\/wptfe\/wp-json\/wp\/v2\/media?parent=12797"}],"curies":[{"name":"wp","href":"https:\/\/api.w.org\/{rel}","templated":true}]}}