{"id":12764,"date":"2023-10-26T10:36:47","date_gmt":"2023-10-26T10:36:47","guid":{"rendered":"https:\/\/enfermeriacanaria.com\/wptfe\/?page_id=12764"},"modified":"2026-04-24T15:46:00","modified_gmt":"2026-04-24T15:46:00","slug":"canal-interno-de-informacion","status":"publish","type":"page","link":"https:\/\/enfermeriacanaria.com\/wptfe\/canal-interno-de-informacion\/","title":{"rendered":"Canal Interno de Informaci\u00f3n"},"content":{"rendered":"\n<p>En cumplimiento de lo dispuesto en la<strong> <a href=\"https:\/\/enfermeriacanaria.com\/wptfe\/wp-content\/uploads\/BOE-A-2023-4513-consolidado.pdf\" target=\"_blank\" rel=\"noreferrer noopener\">Ley 2\/2023, de 20 de febrero, reguladora de la\nprotecci\u00f3n de las personas que informen sobre infracciones normativas y de\nlucha contra la corrupci\u00f3n<\/a><\/strong>, se habilita un canal\ninterno de informaci\u00f3n, con la finalidad de que aquellas personas que se\nvinculadas con este colegio profesional, en un contexto de relaci\u00f3n laboral o\nprofesional, puedan informar de manera responsable, confidencial y protegida,\nsobre posibles irregularidades y actos de corrupci\u00f3n de los que tengan\nconocimiento, y que sean cometidos dentro de la presente Corporaci\u00f3n.<\/p>\n\n\n\n<p>Seg\u00fan lo dispuesto en la ley se podr\u00e1\ninformar\/denunciar sobre cualesquiera acciones u omisiones il\u00edcitas,\nconstitutivas de delito o de infracci\u00f3n administrativa grave o muy grave, de\nlas contempladas en el art\u00edculo 2 de la <a href=\"https:\/\/enfermeriacanaria.com\/wptfe\/wp-content\/uploads\/BOE-A-2023-4513-consolidado.pdf\" target=\"_blank\" rel=\"noreferrer noopener\">Ley 2\/2023<\/a>.<\/p>\n\n\n\n<p>La informaci\u00f3n (denuncia) puede realizarse con\nidentificaci\u00f3n del informante (denunciante) o de forma an\u00f3nima. Debe\nconsiderarse que, si se opta por la comunicaci\u00f3n an\u00f3nima, se tramitar\u00e1 de la\nmisma manera que la comunicaci\u00f3n en la que se identifica el informante, con la\ndiferencia de que la persona informante an\u00f3nima no podr\u00e1 recibir informaci\u00f3n de\nla evoluci\u00f3n del proceso de las actuaciones, al desconocerse su identidad.<\/p>\n\n\n\n<p>La informaci\u00f3n (denuncia) podr\u00e1 efectuarse tanto de\nmanera escrita trav\u00e9s de los enlaces disponibles en esta p\u00e1gina, como de forma\nverbal previa solicitud de una reuni\u00f3n presencial. &nbsp;<\/p>\n\n\n\n<p>Las denuncias o comunicaciones deber\u00e1n de realizarse\nde la forma m\u00e1s completa y veraz posible, aportando, por el informante, toda la\ninformaci\u00f3n con la que cuente respecto a los hechos, identificando y aportando\ntodo soporte probatorio que pudiera conocer u ostentar sobre la informaci\u00f3n\nfacilitada, teniendo en cuenta los puntos detallados a continuaci\u00f3n.<\/p>\n\n\n\n<p><strong>1.- \u00bfConductas susceptibles de\ndenuncia?<\/strong><\/p>\n\n\n\n<p>De conformidad con lo dispuesto en\nel art\u00edculo 2 de la Ley 2\/2023, este texto normativo protege a las personas que\ninformen a trav\u00e9s de alguno de los procedimientos previstos en ella en los siguientes\nsupuestos:<\/p>\n\n\n\n<ol class=\"wp-block-list\">\n<li>Cualesquiera<br \/>acciones u omisiones que puedan constituir infracciones del Derecho de la Uni\u00f3n<br \/>Europea siempre que: <\/li>\n\n\n\n<li>Entren<br \/>dentro del \u00e1mbito de aplicaci\u00f3n de los actos de la Uni\u00f3n Europea enumerados en<br \/>el anexo de la Directiva (UE) 2019\/1937 del Parlamento Europeo y del Consejo,<br \/>de 23 de octubre de 2019, relativa a la protecci\u00f3n de las personas que informen<br \/>sobre infracciones del Derecho de la Uni\u00f3n, con independencia de la<br \/>calificaci\u00f3n que de las mismas realice el ordenamiento jur\u00eddico interno;<\/li>\n\n\n\n<li>Afecten a<br \/>los intereses financieros de la Uni\u00f3n Europea tal y como se contemplan en el<br \/>art\u00edculo 325 del Tratado de Funcionamiento de la Uni\u00f3n Europea (TFUE); o<\/li>\n\n\n\n<li>Incidan<br \/>en el mercado interior, tal y como se contempla en el art\u00edculo 26, apartado 2<br \/>del TFUE, incluidas las infracciones de las normas de la Uni\u00f3n Europea en<br \/>materia de competencia y ayudas otorgadas por los Estados, as\u00ed como las<br \/>infracciones relativas al mercado interior en relaci\u00f3n con los actos que<br \/>infrinjan las normas del impuesto sobre sociedades o con pr\u00e1cticas cuya<br \/>finalidad sea obtener una ventaja fiscal que desvirt\u00fae el objeto o la finalidad<br \/>de la legislaci\u00f3n aplicable al impuesto sobre sociedades.<\/li>\n<\/ol>\n\n\n\n<p>b) Acciones u omisiones que puedan ser constitutivas de infracci\u00f3n\npenal o administrativa grave o muy grave. En todo caso, se entender\u00e1n\ncomprendidas todas aquellas infracciones penales o administrativas graves o muy\ngraves que impliquen quebranto econ\u00f3mico para la Hacienda P\u00fablica y para la\nSeguridad Social.<\/p>\n\n\n\n<p>2. Esta protecci\u00f3n no excluir\u00e1 la\naplicaci\u00f3n de las normas relativas al proceso penal, incluyendo las diligencias\nde investigaci\u00f3n.<\/p>\n\n\n\n<p>3. La protecci\u00f3n prevista en esta\nley para las personas trabajadoras que informen sobre infracciones del Derecho\nlaboral en materia de seguridad y salud en el trabajo, se entiende sin\nperjuicio de la establecida en su normativa espec\u00edfica.<\/p>\n\n\n\n<p>4. La protecci\u00f3n prevista en esta\nley no ser\u00e1 de aplicaci\u00f3n a las informaciones que afecten a la informaci\u00f3n\nclasificada. Tampoco afectar\u00e1 a las obligaciones que resultan de la protecci\u00f3n\ndel secreto profesional de los profesionales de la medicina y de la abogac\u00eda,\ndel deber de confidencialidad de las Fuerzas y Cuerpos de Seguridad en el\n\u00e1mbito de sus actuaciones, as\u00ed como del secreto de las deliberaciones\njudiciales.<\/p>\n\n\n\n<p>5. No se aplicar\u00e1n las previsiones\nde esta ley a las informaciones relativas a infracciones en la tramitaci\u00f3n de\nprocedimientos de contrataci\u00f3n que contengan informaci\u00f3n clasificada o que\nhayan sido declarados secretos o reservados, o aquellos cuya ejecuci\u00f3n deba ir\nacompa\u00f1ada de medidas de seguridad especiales conforme a la legislaci\u00f3n\nvigente, o en los que lo exija la protecci\u00f3n de intereses esenciales para la\nseguridad del Estado.<\/p>\n\n\n\n<p>6. En el supuesto de informaci\u00f3n o\nrevelaci\u00f3n p\u00fablica de alguna de las infracciones a las que se refiere la parte\nII del anexo de la Directiva (UE) 2019\/1937 del Parlamento Europeo y del\nConsejo, de 23 de octubre de 2019, resultar\u00e1 de aplicaci\u00f3n la normativa\nespec\u00edfica sobre comunicaci\u00f3n de infracciones en dichas materias.<\/p>\n\n\n\n<p><strong>2.- \u00bfQu\u00e9 debe contener la\ncomunicaci\u00f3n\/denuncia que se efect\u00fae?<\/strong><\/p>\n\n\n\n<p>La comunicaci\u00f3n que se presente\ndeber\u00e1 comprender el mayor n\u00famero de datos conocidos que sean necesarios para\nla identificaci\u00f3n de las personas a las que se refiere la informaci\u00f3n, as\u00ed como\nde las conductas contrarias al ordenamiento jur\u00eddico que se les atribuyen. En\nparticular, se deber\u00e1 aportar la siguiente informaci\u00f3n:<\/p>\n\n\n\n<ul class=\"wp-block-list\">\n<li>Nombre y apellidos, NIF<br \/>     (en caso de que lo conozca), centro de trabajo, \u00e1rea funcional, puesto de<br \/>     trabajo que desempe\u00f1a, localidad donde desarrolla sus funciones y dem\u00e1s<br \/>     datos de los que se disponga que permita identificar de forma clara y<br \/>     un\u00edvoca a la persona sobre la que se quiera comunicar informaci\u00f3n.<\/li>\n\n\n\n<li>Descripci\u00f3n detallada de<br \/>     los hechos y conductas realizadas que puedan constituir alg\u00fan tipo de<br \/>     infracci\u00f3n y sobre las que se quiera informar. Se acompa\u00f1ar\u00e1 la<br \/>     documentaci\u00f3n de que se disponga para acreditar esos hechos.<\/li>\n\n\n\n<li>En su caso, indicaci\u00f3n de<br \/>     la relaci\u00f3n laboral o profesional que vincula al informante con el COMTF a<br \/>     efectos de que le puedan resultar de aplicaci\u00f3n las medidas de protecci\u00f3n<br \/>     que establece la Ley 2\/2023.<\/li>\n\n\n\n<li>Cualesquiera otros hechos<br \/>     que puedan considerarse oportunos o relevantes.<\/li>\n<\/ul>\n\n\n\n<p><strong>3.- Medidas de protecci\u00f3n al\ninformante\/denunciante.<\/strong><\/p>\n\n\n\n<p>1. Las personas que comuniquen o revelen infracciones previstas en\nel art\u00edculo 2 tendr\u00e1n derecho a protecci\u00f3n siempre que concurran las\ncircunstancias siguientes:<\/p>\n\n\n\n<ol class=\"wp-block-list\">\n<li>tengan motivos razonables para pensar que la informaci\u00f3n referida<br \/>es veraz en el momento de la comunicaci\u00f3n o revelaci\u00f3n, aun cuando no aporten<br \/>pruebas concluyentes, y que la citada informaci\u00f3n entra dentro del \u00e1mbito de<br \/>aplicaci\u00f3n de esta ley,<\/li>\n<\/ol>\n\n\n\n<ul class=\"wp-block-list\">\n<li>la comunicaci\u00f3n o revelaci\u00f3n se haya realizado conforme a los<br \/>requerimientos previstos en esta ley.<\/li>\n<\/ul>\n\n\n\n<p>2. Quedan expresamente excluidos de la protecci\u00f3n prevista en esta\nley aquellas personas que comuniquen o revelen:<\/p>\n\n\n\n<ol class=\"wp-block-list\">\n<li>Informaciones contenidas en comunicaciones que hayan sido<br \/>inadmitidas por alg\u00fan canal interno de informaci\u00f3n o por alguna de las causas<br \/>previstas en el art\u00edculo 18.2.a).<\/li>\n<\/ol>\n\n\n\n<ul class=\"wp-block-list\">\n<li>Informaciones vinculadas a reclamaciones sobre conflictos<br \/>interpersonales o que afecten \u00fanicamente al informante y a las personas a las<br \/>que se refiera la comunicaci\u00f3n o revelaci\u00f3n.<\/li>\n<\/ul>\n\n\n\n<ul class=\"wp-block-list\">\n<li>Informaciones que ya est\u00e9n completamente disponibles<br \/>para el p\u00fablico o que constituyan meros rumores.<\/li>\n<\/ul>\n\n\n\n<ul class=\"wp-block-list\">\n<li>Informaciones que se refieran a acciones u omisiones<br \/>no comprendidas en el art\u00edculo 2.<\/li>\n<\/ul>\n\n\n\n<p>3. Las personas que hayan comunicado o revelado p\u00fablicamente\ninformaci\u00f3n sobre acciones u omisiones a que se refiere el art\u00edculo 2 de forma\nan\u00f3nima pero que posteriormente hayan sido identificadas y cumplan las\ncondiciones previstas en esta ley, tendr\u00e1n derecho a la protecci\u00f3n que la misma\ncontiene.<\/p>\n\n\n\n<p>4. Las personas que informen ante las\ninstituciones, \u00f3rganos u organismos pertinentes de la Uni\u00f3n Europea\ninfracciones que entren en el \u00e1mbito de aplicaci\u00f3n de la Directiva (UE)\n2019\/1937 del Parlamento Europeo y del Consejo, de 23 de octubre de 2019, tendr\u00e1n\nderecho a protecci\u00f3n con arreglo a lo dispuesto en esta ley<\/p>\n\n\n\n<p><strong>4.- \u00d3rgano responsable del sistema\ninterno de informaci\u00f3n.<\/strong><\/p>\n\n\n\n<p>El \u00f3rgano responsable del sistema\ninterno de informaci\u00f3n es la asesor\u00eda jur\u00eddica del Colegio Oficial de\nEnfermeros de Santa Cruz de Tenerife.<\/p>\n\n\n\n<p><strong>5.- Tramitaci\u00f3n de la comunicaci\u00f3n,\ne informaci\u00f3n al comunicante\/denunciante.<\/strong><\/p>\n\n\n\n<p>Una vez recibida la comunicaci\u00f3n,\nse realizar\u00e1 el an\u00e1lisis y, en su caso, investigaci\u00f3n, de los datos y hechos\ncontenidos en la misma, pudi\u00e9ndose acordar el inicio de las actuaciones que\nprocedan.<\/p>\n\n\n\n<p>Recibida la informaci\u00f3n, en un plazo no\nsuperior a cinco d\u00edas h\u00e1biles desde dicha recepci\u00f3n se proceder\u00e1 a acusar\nrecibo de la misma, a menos que el informante expresamente haya renunciado a\nrecibir comunicaciones relativas a la investigaci\u00f3n o que la Autoridad\nIndependiente de Protecci\u00f3n del Informante, A.A.I. considere razonablemente que\nel acuse de recibo de la informaci\u00f3n comprometer\u00eda la protecci\u00f3n de la\nidentidad del informante. Asimismo, y\nsiempre que el comunicante en el momento de suministrar la informaci\u00f3n haya\nconsignado un correo electr\u00f3nico o direcci\u00f3n postal y se haya identificado de\nforma que se garantiza su identidad, ser\u00e1 informado, en un plazo razonable que\nsalvo excepciones no podr\u00e1 ser superior a tres meses, del resultado de su\ncomunicaci\u00f3n.<\/p>\n\n\n\n<p><strong>6.- Autoridad Independiente de\nProtecci\u00f3n del Informante (A.A.I.).<\/strong><\/p>\n\n\n\n<p>Una vez se constituya la Autoridad Independiente\nde Protecci\u00f3n del Informante, A.A.I., toda persona f\u00edsica podr\u00e1 informar ante\nla misma de la comisi\u00f3n de cualesquiera acciones u omisiones incluidas en el\n\u00e1mbito de aplicaci\u00f3n de la Ley 2\/2023, ya sea directamente o previa\ncomunicaci\u00f3n a trav\u00e9s de este Canal interno de informaci\u00f3n.<\/p>\n\n\n\n<div class=\"wp-block-button aligncenter\"><a class=\"wp-block-button__link has-background wp-element-button\" href=\"https:\/\/form.jotform.com\/232972968698078\" style=\"background-color:#02709f\">Comunicaci\u00f3n \/ Denuncia An\u00f3nima <\/a><\/div>\n\n\n\n<div class=\"wp-block-button aligncenter\"><a class=\"wp-block-button__link has-background wp-element-button\" href=\"https:\/\/form.jotform.com\/232972594024359\" style=\"background-color:#016f9f\">Comunicaci\u00f3n \/ Denuncia Identificada. <\/a><\/div>\n\n\n\n<p><strong>\u00daltima modificaci\u00f3n: <\/strong>05\/01\/2026<\/p>\n\n\n\n<div class=\"wp-block-buttons is-content-justification-center is-layout-flex wp-container-core-buttons-is-layout-16018d1d wp-block-buttons-is-layout-flex\">\n<div class=\"wp-block-button\"><a class=\"wp-block-button__link wp-element-button\" href=\"https:\/\/enfermeriacanaria.com\/wptfe\/wp-content\/uploads\/Canal-Interno-de-Informacion-1.odt\" target=\"_blank\" rel=\"noreferrer noopener\">Descargar como ODT<\/a><\/div>\n\n\n\n<div class=\"wp-block-button\"><a class=\"wp-block-button__link wp-element-button\" href=\"https:\/\/enfermeriacanaria.com\/wptfe\/wp-content\/uploads\/Canal-Interno-de-Informacion-1.docx\" target=\"_blank\" rel=\"noreferrer noopener\">Descargar como Word<\/a><\/div>\n\n\n\n<div class=\"wp-block-button\"><a class=\"wp-block-button__link wp-element-button\" href=\"https:\/\/enfermeriacanaria.com\/wptfe\/wp-content\/uploads\/Canal-Interno-de-Informacion-1.pdf\" target=\"_blank\" rel=\"noreferrer noopener\">Descargar como PDF<\/a><\/div>\n<\/div>\n\n\n\n<p><\/p>\n<div class=\"pvc_clear\"><\/div><p id=\"pvc_stats_12764\" class=\"pvc_stats all  \" data-element-id=\"12764\" style=\"\"><i class=\"pvc-stats-icon medium\" aria-hidden=\"true\"><svg xmlns=\"http:\/\/www.w3.org\/2000\/svg\" version=\"1.0\" viewBox=\"0 0 502 315\" preserveAspectRatio=\"xMidYMid meet\"><g transform=\"translate(0,332) scale(0.1,-0.1)\" fill=\"\" stroke=\"none\"><path d=\"M2394 3279 l-29 -30 -3 -207 c-2 -182 0 -211 15 -242 39 -76 157 -76 196 0 15 31 17 60 15 243 l-3 209 -33 29 c-26 23 -41 29 -80 29 -41 0 -53 -5 -78 -31z\"\/><path d=\"M3085 3251 c-45 -19 -58 -50 -96 -229 -47 -217 -49 -260 -13 -295 52 -53 146 -42 177 20 16 31 87 366 87 410 0 70 -86 122 -155 94z\"\/><path d=\"M1751 3234 c-13 -9 -29 -31 -37 -50 -12 -29 -10 -49 21 -204 19 -94 39 -189 45 -210 14 -50 54 -80 110 -80 34 0 48 6 76 34 21 21 34 44 34 59 0 14 -18 113 -40 219 -37 178 -43 195 -70 221 -36 32 -101 37 -139 11z\"\/><path d=\"M1163 3073 c-36 -7 -73 -59 -73 -102 0 -56 133 -378 171 -413 34 -32 83 -37 129 -13 70 36 67 87 -16 290 -86 209 -89 214 -129 231 -35 14 -42 15 -82 7z\"\/><path d=\"M3689 3066 c-15 -9 -33 -30 -42 -48 -48 -103 -147 -355 -147 -375 0 -98 131 -148 192 -74 13 15 57 108 97 206 80 196 84 226 37 273 -30 30 -99 39 -137 18z\"\/><path d=\"M583 2784 c-38 -19 -67 -74 -58 -113 9 -42 211 -354 242 -373 16 -10 45 -18 66 -18 51 0 107 52 107 100 0 39 -1 41 -124 234 -80 126 -108 162 -133 173 -41 17 -61 16 -100 -3z\"\/><path d=\"M4250 2784 c-14 -9 -74 -91 -133 -183 -95 -150 -107 -173 -107 -213 0 -55 33 -94 87 -104 67 -13 90 8 211 198 130 202 137 225 78 284 -27 27 -42 34 -72 34 -22 0 -50 -8 -64 -16z\"\/><path d=\"M2275 2693 c-553 -48 -1095 -270 -1585 -649 -135 -104 -459 -423 -483 -476 -23 -49 -22 -139 2 -186 73 -142 361 -457 571 -626 285 -228 642 -407 990 -497 242 -63 336 -73 660 -74 310 0 370 5 595 52 535 111 1045 392 1455 803 122 121 250 273 275 326 19 41 19 137 0 174 -41 79 -309 363 -465 492 -447 370 -946 591 -1479 653 -113 14 -422 18 -536 8z m395 -428 c171 -34 330 -124 456 -258 112 -119 167 -219 211 -378 27 -96 24 -300 -5 -401 -72 -255 -236 -447 -474 -557 -132 -62 -201 -76 -368 -76 -167 0 -236 14 -368 76 -213 98 -373 271 -451 485 -162 444 86 934 547 1084 153 49 292 57 452 25z m909 -232 c222 -123 408 -262 593 -441 76 -74 138 -139 138 -144 0 -16 -233 -242 -330 -319 -155 -123 -309 -223 -461 -299 l-81 -41 32 46 c18 26 49 83 70 128 143 306 141 649 -6 957 -25 52 -61 116 -79 142 l-34 47 45 -20 c26 -10 76 -36 113 -56z m-2057 25 c-40 -58 -105 -190 -130 -263 -110 -324 -59 -707 132 -981 25 -35 42 -64 37 -64 -19 0 -241 119 -326 174 -188 122 -406 314 -532 468 l-58 71 108 103 c185 178 428 349 672 473 66 33 121 60 123 61 2 0 -10 -19 -26 -42z\"\/><path d=\"M2375 1950 c-198 -44 -350 -190 -395 -379 -18 -76 -8 -221 19 -290 114 -284 457 -406 731 -260 98 52 188 154 231 260 27 69 37 214 19 290 -38 163 -166 304 -326 360 -67 23 -215 33 -279 19z\"\/><\/g><\/svg><\/i> <img decoding=\"async\" width=\"16\" height=\"16\" alt=\"Loading\" src=\"https:\/\/enfermeriacanaria.com\/wptfe\/wp-content\/plugins\/page-views-count\/ajax-loader-2x.gif\" border=0 \/><\/p><div class=\"pvc_clear\"><\/div>","protected":false},"excerpt":{"rendered":"<p>En cumplimiento de lo dispuesto en la Ley 2\/2023, de 20 de febrero, reguladora de la protecci\u00f3n de las personas que informen sobre infracciones normativas y de lucha contra la corrupci\u00f3n, se habilita un canal [&#8230;]<\/p>\n<div class=\"pvc_clear\"><\/div>\n<p id=\"pvc_stats_12764\" class=\"pvc_stats all  \" data-element-id=\"12764\" style=\"\"><i class=\"pvc-stats-icon medium\" aria-hidden=\"true\"><svg xmlns=\"http:\/\/www.w3.org\/2000\/svg\" version=\"1.0\" viewBox=\"0 0 502 315\" preserveAspectRatio=\"xMidYMid meet\"><g transform=\"translate(0,332) scale(0.1,-0.1)\" fill=\"\" stroke=\"none\"><path d=\"M2394 3279 l-29 -30 -3 -207 c-2 -182 0 -211 15 -242 39 -76 157 -76 196 0 15 31 17 60 15 243 l-3 209 -33 29 c-26 23 -41 29 -80 29 -41 0 -53 -5 -78 -31z\"\/><path d=\"M3085 3251 c-45 -19 -58 -50 -96 -229 -47 -217 -49 -260 -13 -295 52 -53 146 -42 177 20 16 31 87 366 87 410 0 70 -86 122 -155 94z\"\/><path d=\"M1751 3234 c-13 -9 -29 -31 -37 -50 -12 -29 -10 -49 21 -204 19 -94 39 -189 45 -210 14 -50 54 -80 110 -80 34 0 48 6 76 34 21 21 34 44 34 59 0 14 -18 113 -40 219 -37 178 -43 195 -70 221 -36 32 -101 37 -139 11z\"\/><path d=\"M1163 3073 c-36 -7 -73 -59 -73 -102 0 -56 133 -378 171 -413 34 -32 83 -37 129 -13 70 36 67 87 -16 290 -86 209 -89 214 -129 231 -35 14 -42 15 -82 7z\"\/><path d=\"M3689 3066 c-15 -9 -33 -30 -42 -48 -48 -103 -147 -355 -147 -375 0 -98 131 -148 192 -74 13 15 57 108 97 206 80 196 84 226 37 273 -30 30 -99 39 -137 18z\"\/><path d=\"M583 2784 c-38 -19 -67 -74 -58 -113 9 -42 211 -354 242 -373 16 -10 45 -18 66 -18 51 0 107 52 107 100 0 39 -1 41 -124 234 -80 126 -108 162 -133 173 -41 17 -61 16 -100 -3z\"\/><path d=\"M4250 2784 c-14 -9 -74 -91 -133 -183 -95 -150 -107 -173 -107 -213 0 -55 33 -94 87 -104 67 -13 90 8 211 198 130 202 137 225 78 284 -27 27 -42 34 -72 34 -22 0 -50 -8 -64 -16z\"\/><path d=\"M2275 2693 c-553 -48 -1095 -270 -1585 -649 -135 -104 -459 -423 -483 -476 -23 -49 -22 -139 2 -186 73 -142 361 -457 571 -626 285 -228 642 -407 990 -497 242 -63 336 -73 660 -74 310 0 370 5 595 52 535 111 1045 392 1455 803 122 121 250 273 275 326 19 41 19 137 0 174 -41 79 -309 363 -465 492 -447 370 -946 591 -1479 653 -113 14 -422 18 -536 8z m395 -428 c171 -34 330 -124 456 -258 112 -119 167 -219 211 -378 27 -96 24 -300 -5 -401 -72 -255 -236 -447 -474 -557 -132 -62 -201 -76 -368 -76 -167 0 -236 14 -368 76 -213 98 -373 271 -451 485 -162 444 86 934 547 1084 153 49 292 57 452 25z m909 -232 c222 -123 408 -262 593 -441 76 -74 138 -139 138 -144 0 -16 -233 -242 -330 -319 -155 -123 -309 -223 -461 -299 l-81 -41 32 46 c18 26 49 83 70 128 143 306 141 649 -6 957 -25 52 -61 116 -79 142 l-34 47 45 -20 c26 -10 76 -36 113 -56z m-2057 25 c-40 -58 -105 -190 -130 -263 -110 -324 -59 -707 132 -981 25 -35 42 -64 37 -64 -19 0 -241 119 -326 174 -188 122 -406 314 -532 468 l-58 71 108 103 c185 178 428 349 672 473 66 33 121 60 123 61 2 0 -10 -19 -26 -42z\"\/><path d=\"M2375 1950 c-198 -44 -350 -190 -395 -379 -18 -76 -8 -221 19 -290 114 -284 457 -406 731 -260 98 52 188 154 231 260 27 69 37 214 19 290 -38 163 -166 304 -326 360 -67 23 -215 33 -279 19z\"\/><\/g><\/svg><\/i> <img decoding=\"async\" width=\"16\" height=\"16\" alt=\"Loading\" src=\"https:\/\/enfermeriacanaria.com\/wptfe\/wp-content\/plugins\/page-views-count\/ajax-loader-2x.gif\" border=0 \/><\/p>\n<div class=\"pvc_clear\"><\/div>\n","protected":false},"author":4,"featured_media":0,"parent":0,"menu_order":0,"comment_status":"closed","ping_status":"closed","template":"","meta":{"footnotes":""},"class_list":["post-12764","page","type-page","status-publish","hentry"],"a3_pvc":{"activated":true,"total_views":194,"today_views":0},"jetpack_sharing_enabled":true,"jetpack_shortlink":"https:\/\/wp.me\/P57dxf-3jS","jetpack_likes_enabled":true,"_links":{"self":[{"href":"https:\/\/enfermeriacanaria.com\/wptfe\/wp-json\/wp\/v2\/pages\/12764","targetHints":{"allow":["GET"]}}],"collection":[{"href":"https:\/\/enfermeriacanaria.com\/wptfe\/wp-json\/wp\/v2\/pages"}],"about":[{"href":"https:\/\/enfermeriacanaria.com\/wptfe\/wp-json\/wp\/v2\/types\/page"}],"author":[{"embeddable":true,"href":"https:\/\/enfermeriacanaria.com\/wptfe\/wp-json\/wp\/v2\/users\/4"}],"replies":[{"embeddable":true,"href":"https:\/\/enfermeriacanaria.com\/wptfe\/wp-json\/wp\/v2\/comments?post=12764"}],"version-history":[{"count":8,"href":"https:\/\/enfermeriacanaria.com\/wptfe\/wp-json\/wp\/v2\/pages\/12764\/revisions"}],"predecessor-version":[{"id":15764,"href":"https:\/\/enfermeriacanaria.com\/wptfe\/wp-json\/wp\/v2\/pages\/12764\/revisions\/15764"}],"wp:attachment":[{"href":"https:\/\/enfermeriacanaria.com\/wptfe\/wp-json\/wp\/v2\/media?parent=12764"}],"curies":[{"name":"wp","href":"https:\/\/api.w.org\/{rel}","templated":true}]}}