{"id":11696,"date":"2023-01-12T09:05:56","date_gmt":"2023-01-12T09:05:56","guid":{"rendered":"https:\/\/enfermeriacanaria.com\/wptfe\/?page_id=11696"},"modified":"2023-11-21T11:58:25","modified_gmt":"2023-11-21T11:58:25","slug":"natalia-rodriguez-novo","status":"publish","type":"page","link":"https:\/\/enfermeriacanaria.com\/wptfe\/natalia-rodriguez-novo\/","title":{"rendered":"Natalia Rodr\u00edguez Novo"},"content":{"rendered":"\n<div class=\"wp-block-image\"><figure class=\"aligncenter is-resized\"><img decoding=\"async\" src=\"https:\/\/enfermeriacanaria.com\/wptfe\/wp-content\/uploads\/Natalia-Rodr\u00edguez-Novo.jpg\" alt=\"\" class=\"wp-image-12931\" width=\"183\" height=\"244\" srcset=\"https:\/\/enfermeriacanaria.com\/wptfe\/wp-content\/uploads\/Natalia-Rodr\u00edguez-Novo.jpg 564w, https:\/\/enfermeriacanaria.com\/wptfe\/wp-content\/uploads\/Natalia-Rodr\u00edguez-Novo-226x300.jpg 226w\" sizes=\"(max-width: 183px) 100vw, 183px\" \/><\/figure><\/div>\n\n\n\n<p><strong>TITULACIONES OFICIALES<\/strong><\/p>\n\n\n\n<ul class=\"wp-block-list\"><li><strong>GRADUADA EN ENFERMER\u00cdA<\/strong> por la Universidad de La Laguna, junio de 2013. <strong>OBTENIENDO EL MEJOR EXPEDIENTE ACAD\u00c9MICO DE LA PROMOCI\u00d3N. PREMIO DE FIN DE CARRERA. <\/strong> <\/li><li><strong>DOCTORA en el programa de doctorado en Ciencias M\u00e9dicas y Farmac\u00e9uticas, Desarrollo y Calidad de Vida. Con calificaci\u00f3n SOBRESALIENTE CUM LAUDE. Con la tesis, \u201cPrescripci\u00f3n de Arteterapia por enfermeros. Intervenciones con evidencia y sostenibles\u201d.<\/strong><\/li><li><strong>MASTER UNIVERSITARIO<\/strong>. ENFERMERA DE PR\u00c1CTICA AVANZADA EN LA ATENCI\u00d3N AL PACIENTE CR\u00d3NICO. ESCUELA INTERNACIONAL DE CIENCIAS DE LA SALUD y aprobado por la Universidad a Distancia de Madrid- UDIMA<strong> 2016<\/strong><\/li><li><strong>Diploma Inicial en Arteterapia (Foundation Course in Arte Therapy) 2008.<\/strong><\/li><li><strong>DEA.<\/strong> Diploma de Estudios Avanzado y reconocimiento de Suficiencia Investigadora. Universidad de la Laguna.<strong> 2006. PROGRAMA DE DOCTORADO DE \u201cTEORIA DE LAS ARTES<\/strong>\u201d del Departamento de Dibujo, Dise\u00f1o y Est\u00e9tica de la Universidad de La Laguna: (SOBRESALIENTE) 2004-2005<strong>PROGRAMA DE DOCTORADO DE<\/strong> \u201c<strong>EDUCACI\u00d3N ART\u00cdSTICA Y GESTI\u00d3N CULTURAL<\/strong>\u201d del Departamento de Did\u00e1ctica de la Expresi\u00f3n Musical, Pl\u00e1stica y Corporal de la Universidad de La Laguna: (SOBRESALIENTE) 2003-2004 <\/li><li><strong>LICENCIADA EN BELLAS ARTES. <\/strong>Facultad de Bellas Artes. Universidad de la Laguna, septiembre de 2003.&nbsp;<\/li><\/ul>\n\n\n\n<p><strong>SITUACI\u00d3N LABORAL: <\/strong><\/p>\n\n\n\n<p><strong>Enfermera. <\/strong>2013 y <strong>Profesora Asociada de la Universidad de La Laguna.<\/strong> 2019<\/p>\n\n\n\n<p><strong>PERTENENCIA A SOCIEDADES\nCIENT\u00cdFICAS Y PROFESIONALES<\/strong><\/p>\n\n\n\n<ul class=\"wp-block-list\"><li>Presidenta del Iltre. Colegio Oficial de Enfermeros de Santa Cruz de Tenerife<\/li><li>Miembro de la <strong>C\u00e1tedra de Enfermer\u00eda de la Universidad de La Laguna<\/strong><\/li><li>Miembro secretaria-tesorera de la <strong>Asociaci\u00f3n Canaria de Historia de la Profesi\u00f3n Enfermera<\/strong> (ACHPE)<\/li><li>Miembro Vocal de la <strong>Sociedad Cient\u00edfica de Mujeres Enfermeras Investigadoras<\/strong><\/li><li>Miembro Vocal de la <strong>Asociaci\u00f3n Espa\u00f1ola de Enfermer\u00eda en Innovaci\u00f3n e Investigaci\u00f3n <\/strong>(AEEII)<\/li><li>Miembro del <strong>Comit\u00e9 editorial<\/strong> (secretaria de redacci\u00f3n) de la revista EGLE (Revista de Historia de los cuidadores profesionales y de las ciencias de la salud)<\/li><li>Miembro del <strong>Seminario Canario de Historia de la Enfermer\u00eda<\/strong><\/li><li>Miembro del <strong>Grupo de Investigaci\u00f3n IENFERCAN<\/strong>. Universidad de La Laguna.<\/li><li>Miembro del Consejo Canario de Enfermer\u00eda. <\/li><li>Miembro del Pleno del Consejo General de Enfermer\u00eda de Espa\u00f1a. <\/li><\/ul>\n\n\n\n<p><strong>FORMACI\u00d3N E INVESTIGACI\u00d3N<\/strong><\/p>\n\n\n\n<ul class=\"wp-block-list\"><li>Asistencia a numerosos cursos, jornadas y congresos, <\/li><li>Miembro de Comit\u00e9 organizador y cient\u00edfico de diversos cursos, Jornadas y Congresos. (m\u00e1s de 20)<\/li><li>Participaci\u00f3n con comunicaciones, posters y ponencias en considerados Congresos y Jornadas formativas. (m\u00e1s de 40)<\/li><\/ul>\n\n\n\n<ul class=\"wp-block-list\"><li>Asistencia\na numerosos cursos, jornadas y congresos, <\/li><li>Miembro\nde Comit\u00e9 organizador y cient\u00edfico de diversos cursos, Jornadas y Congresos.\n(m\u00e1s de 20)<\/li><li>Participaci\u00f3n\ncon comunicaciones, posters y ponencias en considerados Congresos y Jornadas\nformativas. (m\u00e1s de 40)<strong><\/strong><\/li><li>Participaci\u00f3n\nen Proyectos de Investigaci\u00f3n competitivos como investigadora principal y como\ninvestigadora colaboradora (en 10). <strong><\/strong><\/li><li>Participaci\u00f3n\nen la publicaci\u00f3n de monograf\u00edas y libros (m\u00e1s de 6)<strong><\/strong><\/li><li>Publicaci\u00f3n\nde art\u00edculos cient\u00edficos en revistas JCR (m\u00e1s de 10) <strong><\/strong><\/li><\/ul>\n\n\n\n<p><strong>ORCID:<\/strong> <a href=\"https:\/\/orcid.org\/0000-0001-7492-5063\">https:\/\/orcid.org\/0000-0001-7492-5063<\/a><\/p>\n\n\n\n<div class=\"wp-block-image\"><figure class=\"aligncenter\"><img decoding=\"async\" width=\"132\" height=\"136\" src=\"https:\/\/enfermeriacanaria.com\/wptfe\/wp-content\/uploads\/invest_Natalia_ULL-1.png\" alt=\"\" class=\"wp-image-11701\"\/><\/figure><\/div>\n\n\n\n<div class=\"wp-block-button aligncenter\"><a class=\"wp-block-button__link has-background\" href=\"https:\/\/enfermeriacanaria.com\/wptfe\/wp-content\/uploads\/Natalia-Rodr\u00edguez-Novo-1-2.csv\" style=\"background-color:#006f9f\">Descargar datos csv<\/a><\/div>\n\n\n\n<p><strong>\u00daltima modificaci\u00f3n:<\/strong> 14\/11\/2023<\/p>\n\n\n\n<p><a href=\"https:\/\/enfermeriacanaria.com\/wptfe\/?page_id=280\">Volver a Junta de Gobierno<\/a><\/p>\n\n\n\n<p><br \/><\/p>\n<div class=\"pvc_clear\"><\/div><p id=\"pvc_stats_11696\" class=\"pvc_stats all  \" data-element-id=\"11696\" style=\"\"><i class=\"pvc-stats-icon medium\" aria-hidden=\"true\"><svg xmlns=\"http:\/\/www.w3.org\/2000\/svg\" version=\"1.0\" viewBox=\"0 0 502 315\" preserveAspectRatio=\"xMidYMid meet\"><g transform=\"translate(0,332) scale(0.1,-0.1)\" fill=\"\" stroke=\"none\"><path d=\"M2394 3279 l-29 -30 -3 -207 c-2 -182 0 -211 15 -242 39 -76 157 -76 196 0 15 31 17 60 15 243 l-3 209 -33 29 c-26 23 -41 29 -80 29 -41 0 -53 -5 -78 -31z\"\/><path d=\"M3085 3251 c-45 -19 -58 -50 -96 -229 -47 -217 -49 -260 -13 -295 52 -53 146 -42 177 20 16 31 87 366 87 410 0 70 -86 122 -155 94z\"\/><path d=\"M1751 3234 c-13 -9 -29 -31 -37 -50 -12 -29 -10 -49 21 -204 19 -94 39 -189 45 -210 14 -50 54 -80 110 -80 34 0 48 6 76 34 21 21 34 44 34 59 0 14 -18 113 -40 219 -37 178 -43 195 -70 221 -36 32 -101 37 -139 11z\"\/><path d=\"M1163 3073 c-36 -7 -73 -59 -73 -102 0 -56 133 -378 171 -413 34 -32 83 -37 129 -13 70 36 67 87 -16 290 -86 209 -89 214 -129 231 -35 14 -42 15 -82 7z\"\/><path d=\"M3689 3066 c-15 -9 -33 -30 -42 -48 -48 -103 -147 -355 -147 -375 0 -98 131 -148 192 -74 13 15 57 108 97 206 80 196 84 226 37 273 -30 30 -99 39 -137 18z\"\/><path d=\"M583 2784 c-38 -19 -67 -74 -58 -113 9 -42 211 -354 242 -373 16 -10 45 -18 66 -18 51 0 107 52 107 100 0 39 -1 41 -124 234 -80 126 -108 162 -133 173 -41 17 -61 16 -100 -3z\"\/><path d=\"M4250 2784 c-14 -9 -74 -91 -133 -183 -95 -150 -107 -173 -107 -213 0 -55 33 -94 87 -104 67 -13 90 8 211 198 130 202 137 225 78 284 -27 27 -42 34 -72 34 -22 0 -50 -8 -64 -16z\"\/><path d=\"M2275 2693 c-553 -48 -1095 -270 -1585 -649 -135 -104 -459 -423 -483 -476 -23 -49 -22 -139 2 -186 73 -142 361 -457 571 -626 285 -228 642 -407 990 -497 242 -63 336 -73 660 -74 310 0 370 5 595 52 535 111 1045 392 1455 803 122 121 250 273 275 326 19 41 19 137 0 174 -41 79 -309 363 -465 492 -447 370 -946 591 -1479 653 -113 14 -422 18 -536 8z m395 -428 c171 -34 330 -124 456 -258 112 -119 167 -219 211 -378 27 -96 24 -300 -5 -401 -72 -255 -236 -447 -474 -557 -132 -62 -201 -76 -368 -76 -167 0 -236 14 -368 76 -213 98 -373 271 -451 485 -162 444 86 934 547 1084 153 49 292 57 452 25z m909 -232 c222 -123 408 -262 593 -441 76 -74 138 -139 138 -144 0 -16 -233 -242 -330 -319 -155 -123 -309 -223 -461 -299 l-81 -41 32 46 c18 26 49 83 70 128 143 306 141 649 -6 957 -25 52 -61 116 -79 142 l-34 47 45 -20 c26 -10 76 -36 113 -56z m-2057 25 c-40 -58 -105 -190 -130 -263 -110 -324 -59 -707 132 -981 25 -35 42 -64 37 -64 -19 0 -241 119 -326 174 -188 122 -406 314 -532 468 l-58 71 108 103 c185 178 428 349 672 473 66 33 121 60 123 61 2 0 -10 -19 -26 -42z\"\/><path d=\"M2375 1950 c-198 -44 -350 -190 -395 -379 -18 -76 -8 -221 19 -290 114 -284 457 -406 731 -260 98 52 188 154 231 260 27 69 37 214 19 290 -38 163 -166 304 -326 360 -67 23 -215 33 -279 19z\"\/><\/g><\/svg><\/i> <img decoding=\"async\" width=\"16\" height=\"16\" alt=\"Loading\" src=\"https:\/\/enfermeriacanaria.com\/wptfe\/wp-content\/plugins\/page-views-count\/ajax-loader-2x.gif\" border=0 \/><\/p><div class=\"pvc_clear\"><\/div>","protected":false},"excerpt":{"rendered":"<p>TITULACIONES OFICIALES GRADUADA EN ENFERMER\u00cdA por la Universidad de La Laguna, junio de 2013. OBTENIENDO EL MEJOR EXPEDIENTE ACAD\u00c9MICO DE LA PROMOCI\u00d3N. PREMIO DE FIN DE CARRERA. DOCTORA en el programa de doctorado en Ciencias [&#8230;]<\/p>\n<div class=\"pvc_clear\"><\/div>\n<p id=\"pvc_stats_11696\" class=\"pvc_stats all  \" data-element-id=\"11696\" style=\"\"><i class=\"pvc-stats-icon medium\" aria-hidden=\"true\"><svg xmlns=\"http:\/\/www.w3.org\/2000\/svg\" version=\"1.0\" viewBox=\"0 0 502 315\" preserveAspectRatio=\"xMidYMid meet\"><g transform=\"translate(0,332) scale(0.1,-0.1)\" fill=\"\" stroke=\"none\"><path d=\"M2394 3279 l-29 -30 -3 -207 c-2 -182 0 -211 15 -242 39 -76 157 -76 196 0 15 31 17 60 15 243 l-3 209 -33 29 c-26 23 -41 29 -80 29 -41 0 -53 -5 -78 -31z\"\/><path d=\"M3085 3251 c-45 -19 -58 -50 -96 -229 -47 -217 -49 -260 -13 -295 52 -53 146 -42 177 20 16 31 87 366 87 410 0 70 -86 122 -155 94z\"\/><path d=\"M1751 3234 c-13 -9 -29 -31 -37 -50 -12 -29 -10 -49 21 -204 19 -94 39 -189 45 -210 14 -50 54 -80 110 -80 34 0 48 6 76 34 21 21 34 44 34 59 0 14 -18 113 -40 219 -37 178 -43 195 -70 221 -36 32 -101 37 -139 11z\"\/><path d=\"M1163 3073 c-36 -7 -73 -59 -73 -102 0 -56 133 -378 171 -413 34 -32 83 -37 129 -13 70 36 67 87 -16 290 -86 209 -89 214 -129 231 -35 14 -42 15 -82 7z\"\/><path d=\"M3689 3066 c-15 -9 -33 -30 -42 -48 -48 -103 -147 -355 -147 -375 0 -98 131 -148 192 -74 13 15 57 108 97 206 80 196 84 226 37 273 -30 30 -99 39 -137 18z\"\/><path d=\"M583 2784 c-38 -19 -67 -74 -58 -113 9 -42 211 -354 242 -373 16 -10 45 -18 66 -18 51 0 107 52 107 100 0 39 -1 41 -124 234 -80 126 -108 162 -133 173 -41 17 -61 16 -100 -3z\"\/><path d=\"M4250 2784 c-14 -9 -74 -91 -133 -183 -95 -150 -107 -173 -107 -213 0 -55 33 -94 87 -104 67 -13 90 8 211 198 130 202 137 225 78 284 -27 27 -42 34 -72 34 -22 0 -50 -8 -64 -16z\"\/><path d=\"M2275 2693 c-553 -48 -1095 -270 -1585 -649 -135 -104 -459 -423 -483 -476 -23 -49 -22 -139 2 -186 73 -142 361 -457 571 -626 285 -228 642 -407 990 -497 242 -63 336 -73 660 -74 310 0 370 5 595 52 535 111 1045 392 1455 803 122 121 250 273 275 326 19 41 19 137 0 174 -41 79 -309 363 -465 492 -447 370 -946 591 -1479 653 -113 14 -422 18 -536 8z m395 -428 c171 -34 330 -124 456 -258 112 -119 167 -219 211 -378 27 -96 24 -300 -5 -401 -72 -255 -236 -447 -474 -557 -132 -62 -201 -76 -368 -76 -167 0 -236 14 -368 76 -213 98 -373 271 -451 485 -162 444 86 934 547 1084 153 49 292 57 452 25z m909 -232 c222 -123 408 -262 593 -441 76 -74 138 -139 138 -144 0 -16 -233 -242 -330 -319 -155 -123 -309 -223 -461 -299 l-81 -41 32 46 c18 26 49 83 70 128 143 306 141 649 -6 957 -25 52 -61 116 -79 142 l-34 47 45 -20 c26 -10 76 -36 113 -56z m-2057 25 c-40 -58 -105 -190 -130 -263 -110 -324 -59 -707 132 -981 25 -35 42 -64 37 -64 -19 0 -241 119 -326 174 -188 122 -406 314 -532 468 l-58 71 108 103 c185 178 428 349 672 473 66 33 121 60 123 61 2 0 -10 -19 -26 -42z\"\/><path d=\"M2375 1950 c-198 -44 -350 -190 -395 -379 -18 -76 -8 -221 19 -290 114 -284 457 -406 731 -260 98 52 188 154 231 260 27 69 37 214 19 290 -38 163 -166 304 -326 360 -67 23 -215 33 -279 19z\"\/><\/g><\/svg><\/i> <img decoding=\"async\" width=\"16\" height=\"16\" alt=\"Loading\" src=\"https:\/\/enfermeriacanaria.com\/wptfe\/wp-content\/plugins\/page-views-count\/ajax-loader-2x.gif\" border=0 \/><\/p>\n<div class=\"pvc_clear\"><\/div>\n","protected":false},"author":4,"featured_media":0,"parent":0,"menu_order":0,"comment_status":"closed","ping_status":"closed","template":"","meta":{"footnotes":""},"class_list":["post-11696","page","type-page","status-publish","hentry"],"a3_pvc":{"activated":true,"total_views":219,"today_views":2},"jetpack_sharing_enabled":true,"jetpack_shortlink":"https:\/\/wp.me\/P57dxf-32E","jetpack_likes_enabled":true,"_links":{"self":[{"href":"https:\/\/enfermeriacanaria.com\/wptfe\/wp-json\/wp\/v2\/pages\/11696","targetHints":{"allow":["GET"]}}],"collection":[{"href":"https:\/\/enfermeriacanaria.com\/wptfe\/wp-json\/wp\/v2\/pages"}],"about":[{"href":"https:\/\/enfermeriacanaria.com\/wptfe\/wp-json\/wp\/v2\/types\/page"}],"author":[{"embeddable":true,"href":"https:\/\/enfermeriacanaria.com\/wptfe\/wp-json\/wp\/v2\/users\/4"}],"replies":[{"embeddable":true,"href":"https:\/\/enfermeriacanaria.com\/wptfe\/wp-json\/wp\/v2\/comments?post=11696"}],"version-history":[{"count":14,"href":"https:\/\/enfermeriacanaria.com\/wptfe\/wp-json\/wp\/v2\/pages\/11696\/revisions"}],"predecessor-version":[{"id":12935,"href":"https:\/\/enfermeriacanaria.com\/wptfe\/wp-json\/wp\/v2\/pages\/11696\/revisions\/12935"}],"wp:attachment":[{"href":"https:\/\/enfermeriacanaria.com\/wptfe\/wp-json\/wp\/v2\/media?parent=11696"}],"curies":[{"name":"wp","href":"https:\/\/api.w.org\/{rel}","templated":true}]}}