{"id":10658,"date":"2021-07-15T09:39:32","date_gmt":"2021-07-15T09:39:32","guid":{"rendered":"https:\/\/enfermeriacanaria.com\/wptfe\/?page_id=10658"},"modified":"2024-02-18T21:38:26","modified_gmt":"2024-02-18T21:38:26","slug":"politica-de-privacidad","status":"publish","type":"page","link":"https:\/\/enfermeriacanaria.com\/wptfe\/politica-de-privacidad\/","title":{"rendered":"POL\u00cdTICA DE PRIVACIDAD"},"content":{"rendered":"\n<p>De conformidad con el Reglamento (UE) 2016\/679 del\nParlamento Europeo y del Consejo, de 27 de abril de 2016 (RGPD), con la Ley\nOrg\u00e1nica 3\/2018, de 5 de diciembre, de Protecci\u00f3n de Datos y Garant\u00eda de los Derechos\nDigitales, y con el resto de la legislaci\u00f3n aplicable en Espa\u00f1a en materia de\nprotecci\u00f3n de datos personales, ponemos en su conocimiento la siguiente\ninformaci\u00f3n:<\/p>\n\n\n\n<p><strong>\u00bfQUI\u00c9N ES EL RESPONSABLE DE\nTRATAMIENTO DE SUS DATOS PERSONALES?<\/strong><\/p>\n\n\n\n<p>El&nbsp;<strong>Iltre. Colegio Oficial de Enfermeros de\nSanta Cruz de Tenerife<\/strong>&nbsp;(NIF Q-3866003-A) es el Responsable de\nTratamiento de los datos personales obtenidos a trav\u00e9s del env\u00edo de los\nformularios publicados en el presente sitio web, excepto en el caso de que se\ntrate de datos personales incluidos en los formularios vinculados a los\nsubdominios implementados para el funcionamiento del sistema de \u201cventanilla\n\u00fanica\u201d de los cuales ser\u00e1 Responsable de Tratamiento el colegio profesional\ninteresado en cada caso.<\/p>\n\n\n\n<p><strong>\u00bfC\u00d3MO CONTACTAR CON EL DELEGADO\nDE PROTECCI\u00d3N DE DATOS PERSONALES?<\/strong><\/p>\n\n\n\n<p>Podr\u00e1 contactar con nuestro DPO a trav\u00e9s de la siguiente cuenta de correo electr\u00f3nico:\u00a0<a href=\"mailto:coleg38@coetfe.com\" target=\"_blank\" rel=\"noreferrer noopener\" aria-label=\"coleg38@coetfe.com (abre en una nueva pesta\u00f1a)\">coleg38@coetfe.com<\/a><\/p>\n\n\n\n<p><strong>\u00bfCON QU\u00c9 FINALIDAD Y BASE DE LEGITIMACI\u00d3N\nTRATAMOS SUS DATOS?<\/strong><\/p>\n\n\n\n<ul class=\"wp-block-list\"><li>Gesti\u00f3n de solicitudes de informaci\u00f3n\ndel usuario y consultas legales. Base de legitimaci\u00f3n: consentimiento del\ninteresado (Art. 6.1 a) GDPR).<\/li><li>Gesti\u00f3n de suscripci\u00f3n a publicaciones.\nBase de legitimaci\u00f3n: consentimiento del interesado (Art. 6.1 a) GDPR).<\/li><li>Env\u00edo de informaci\u00f3n promocional y, en\ngeneral, comercial relacionada con productos y\/o servicios suministrados o\nprestados por el Iltre. Colegio Oficial de Enfermeros de Santa Cruz de Tenerife\n. Base de legitimaci\u00f3n: existencia de inter\u00e9s leg\u00edtimo del Responsable (Art.\n6.1 f) GDPR).<\/li><\/ul>\n\n\n\n<p><strong>\u00bfA QUI\u00c9N COMUNICAREMOS SUS DATOS\nPERSONALES?<\/strong><\/p>\n\n\n\n<p>El Iltre. Colegio Oficial de Enfermeros de Santa Cruz\nde Tenerife s\u00f3lo transmitir\u00e1 los datos personales a:<\/p>\n\n\n\n<ul class=\"wp-block-list\"><li>A proveedores de servicios externos\ntales como servicios de hosting, mantenimiento inform\u00e1tico, ciberseguridad,\ngesti\u00f3n de soportes, empresas de marketing y otros similares vinculados\ncontractualmente con el Iltre. Colegio Oficial de Enfermer\u00eda de Santa Cruz de\nTenerife como encargados de tratamiento, que tratar\u00e1n sus datos siguiendo\nestrictamente las instrucciones del Iltre. Colegio Oficial de Enfermer\u00eda de\nSanta Cruz de Tenerife.<\/li><li>En caso de resultar legalmente\nprocedente, a terceros tales como \u00f3rganos, organismos e instituciones de la\nAdministraci\u00f3n General del Estado, de las administraciones auton\u00f3micas y\nlocales; \u00f3rganos jurisdiccionales y Cuerpos y Fuerzas de Seguridad del Estado.<\/li><\/ul>\n\n\n\n<p><strong>\u00bfDURANTE CU\u00c1NTO TIEMPO\nCONSERVAREMOS SUS DATOS?<\/strong><\/p>\n\n\n\n<p>Los datos personales obtenidos a trav\u00e9s de los\nformularios de consultas y solicitud de informaci\u00f3n se conservar\u00e1n \u00fanicamente\npor el tiempo necesario para atender las peticiones realizadas.<\/p>\n\n\n\n<p>En el caso de que usted hubiera dado su consentimiento\nexpreso para el env\u00edo de informaci\u00f3n comercial, sus datos ser\u00e1n conservados\nhasta el momento en que usted manifieste su voluntad de revocar dicho\nconsentimiento o hasta el momento en que se proceda a la supresi\u00f3n como\nconsecuencia de la depuraci\u00f3n de la base de datos.<\/p>\n\n\n\n<p><strong>\u00bfQU\u00c9 MEDIDAS DE SEGURIDAD SE\nAPLICAR\u00c1N A SUS DATOS PERSONALES?<\/strong><\/p>\n\n\n\n<p>El tratamiento de los datos personales facilitados se\nllevar\u00e1 a cabo aplicando medidas t\u00e9cnicas y organizativas apropiadas para\ngarantizar un nivel de seguridad adecuado al riesgo, teniendo en cuenta el\nestado de la t\u00e9cnica, los costes de aplicaci\u00f3n, y la naturaleza, el alcance, el\ncontexto y los fines del tratamiento, as\u00ed como los riesgos de probabilidad y\ngravedad variables para los derechos y libertades de las personas f\u00edsicas.<\/p>\n\n\n\n<p><strong>\u00bfC\u00d3MO PUEDE EJERCITAR SUS\nDERECHOS EN RELACI\u00d3N CON SUS DATOS PERSONALES?<\/strong><\/p>\n\n\n\n<p>Para revocar los consentimientos otorgados, as\u00ed como para ejercer los derechos de acceso, rectificaci\u00f3n, cancelaci\u00f3n, supresi\u00f3n, oposici\u00f3n, limitaci\u00f3n y portabilidad, podr\u00e1 dirigirse mediante petici\u00f3n escrita al siguiente domicilio postal: C\/ San Mart\u00edn N 62, C.P. 38001 Santa Cruz de Tenerife; o mediante correo electr\u00f3nico:\u00a0<a href=\"coleg38@coetfe.com\" target=\"_blank\" rel=\"noreferrer noopener\" aria-label=\"coleg38@coetfe.com (abre en una nueva pesta\u00f1a)\">coleg38@coetfe.com<\/a><\/p>\n\n\n\n<p>La petici\u00f3n deber\u00e1 incluir: nombre y apellidos del\ninteresado; copia de su Documento Nacional de Identidad, pasaporte u otro\ndocumento identificativo v\u00e1lido del interesado y, en su caso, de su\nrepresentante, as\u00ed como t\u00edtulo acreditativo de la representaci\u00f3n; domicilio a\nefectos de notificaciones y especificaci\u00f3n del objeto de la petici\u00f3n.<\/p>\n\n\n\n<p>En caso de que el interesado considere que los\nanteriores derechos no han sido atendidos conforme a la legalidad vigente,\npodr\u00e1 presentar la correspondiente reclamaci\u00f3n de tutela de derechos ante la\nAgencia Espa\u00f1ola de Protecci\u00f3n de Datos.<\/p>\n\n\n\n<p><strong>CAR\u00c1CTER OBLIGATORIO O\nFACULTATIVO DE LOS DATOS SOLICITADOS<\/strong><\/p>\n\n\n\n<p>Los datos obligatorios de cada formulario est\u00e1n\nidentificados como tales en los formularios. La negativa a suministrar dicha\ninformaci\u00f3n impedir\u00e1 la comunicaci\u00f3n con el USUARIO y, en su caso, la\nimposibilidad de facilitarle la informaci\u00f3n y\/o prestaci\u00f3n solicitada.<\/p>\n\n\n\n<p><strong>COMPROMISOS DEL USUARIO<\/strong><\/p>\n\n\n\n<p>El USUARIO se compromete a informar al Iltre. Colegio Oficial de Enfermer\u00eda de Santa Cruz de Tenerife de cualquier modificaci\u00f3n que sufra la informaci\u00f3n facilitada. Para ello dispone de la siguiente cuenta correo electr\u00f3nico:\u00a0<a href=\"mailto:coleg38@coetfe.com\" target=\"_blank\" rel=\"noreferrer noopener\" aria-label=\"coleg38@coetfe.com (abre en una nueva pesta\u00f1a)\">coleg38@coetfe.com<\/a><\/p>\n\n\n\n<p>Asimismo, el USUARIO se compromete a guardar sus\nclaves y c\u00f3digos de identificaci\u00f3n en secreto y a informar en la mayor brevedad\nde tiempo al Iltre. Colegio Oficial de Enfermer\u00eda de Santa Cruz de Tenerife en\ncaso de p\u00e9rdida, sustracci\u00f3n o acceso no autorizado.<\/p>\n\n\n\n<p>En tanto no se produzca esa comunicaci\u00f3n, El Iltre.\nColegio Oficial de Enfermer\u00eda de Santa Cruz de Tenerife quedar\u00e1 eximida de toda\nresponsabilidad que pudiera derivarse del uso indebido por terceros no\nautorizados de tales contrase\u00f1as y c\u00f3digos identificativos.<\/p>\n\n\n\n<p><strong>REGISTRO DE LAS ACTIVIDADES DE\nTRATAMIENTO<\/strong><\/p>\n\n\n\n<p>En cumplimiento de la Disposici\u00f3n final und\u00e9cima de la Ley Org\u00e1nica 3\/2018, de 5 de diciembre, de Protecci\u00f3n de Datos personales y garant\u00eda de los derechos digitales, que modifica la Ley 19\/2013, de 9 de diciembre, de transparencia, acceso a la informaci\u00f3n p\u00fablica y buen gobierno, se publica el Registro de las Actividades de Tratamiento (RAT) a efectos de protecci\u00f3n de datos del Iltre. Colegio Oficial de Enfermer\u00eda de Santa Cruz de Tenerife.<\/p>\n\n\n\n<p><strong>\u00daltima Actualizaci\u00f3n: 18\/02\/2024<\/strong><\/p>\n<div class=\"pvc_clear\"><\/div><p id=\"pvc_stats_10658\" class=\"pvc_stats all  \" data-element-id=\"10658\" style=\"\"><i class=\"pvc-stats-icon medium\" aria-hidden=\"true\"><svg xmlns=\"http:\/\/www.w3.org\/2000\/svg\" version=\"1.0\" viewBox=\"0 0 502 315\" preserveAspectRatio=\"xMidYMid meet\"><g transform=\"translate(0,332) scale(0.1,-0.1)\" fill=\"\" stroke=\"none\"><path d=\"M2394 3279 l-29 -30 -3 -207 c-2 -182 0 -211 15 -242 39 -76 157 -76 196 0 15 31 17 60 15 243 l-3 209 -33 29 c-26 23 -41 29 -80 29 -41 0 -53 -5 -78 -31z\"\/><path d=\"M3085 3251 c-45 -19 -58 -50 -96 -229 -47 -217 -49 -260 -13 -295 52 -53 146 -42 177 20 16 31 87 366 87 410 0 70 -86 122 -155 94z\"\/><path d=\"M1751 3234 c-13 -9 -29 -31 -37 -50 -12 -29 -10 -49 21 -204 19 -94 39 -189 45 -210 14 -50 54 -80 110 -80 34 0 48 6 76 34 21 21 34 44 34 59 0 14 -18 113 -40 219 -37 178 -43 195 -70 221 -36 32 -101 37 -139 11z\"\/><path d=\"M1163 3073 c-36 -7 -73 -59 -73 -102 0 -56 133 -378 171 -413 34 -32 83 -37 129 -13 70 36 67 87 -16 290 -86 209 -89 214 -129 231 -35 14 -42 15 -82 7z\"\/><path d=\"M3689 3066 c-15 -9 -33 -30 -42 -48 -48 -103 -147 -355 -147 -375 0 -98 131 -148 192 -74 13 15 57 108 97 206 80 196 84 226 37 273 -30 30 -99 39 -137 18z\"\/><path d=\"M583 2784 c-38 -19 -67 -74 -58 -113 9 -42 211 -354 242 -373 16 -10 45 -18 66 -18 51 0 107 52 107 100 0 39 -1 41 -124 234 -80 126 -108 162 -133 173 -41 17 -61 16 -100 -3z\"\/><path d=\"M4250 2784 c-14 -9 -74 -91 -133 -183 -95 -150 -107 -173 -107 -213 0 -55 33 -94 87 -104 67 -13 90 8 211 198 130 202 137 225 78 284 -27 27 -42 34 -72 34 -22 0 -50 -8 -64 -16z\"\/><path d=\"M2275 2693 c-553 -48 -1095 -270 -1585 -649 -135 -104 -459 -423 -483 -476 -23 -49 -22 -139 2 -186 73 -142 361 -457 571 -626 285 -228 642 -407 990 -497 242 -63 336 -73 660 -74 310 0 370 5 595 52 535 111 1045 392 1455 803 122 121 250 273 275 326 19 41 19 137 0 174 -41 79 -309 363 -465 492 -447 370 -946 591 -1479 653 -113 14 -422 18 -536 8z m395 -428 c171 -34 330 -124 456 -258 112 -119 167 -219 211 -378 27 -96 24 -300 -5 -401 -72 -255 -236 -447 -474 -557 -132 -62 -201 -76 -368 -76 -167 0 -236 14 -368 76 -213 98 -373 271 -451 485 -162 444 86 934 547 1084 153 49 292 57 452 25z m909 -232 c222 -123 408 -262 593 -441 76 -74 138 -139 138 -144 0 -16 -233 -242 -330 -319 -155 -123 -309 -223 -461 -299 l-81 -41 32 46 c18 26 49 83 70 128 143 306 141 649 -6 957 -25 52 -61 116 -79 142 l-34 47 45 -20 c26 -10 76 -36 113 -56z m-2057 25 c-40 -58 -105 -190 -130 -263 -110 -324 -59 -707 132 -981 25 -35 42 -64 37 -64 -19 0 -241 119 -326 174 -188 122 -406 314 -532 468 l-58 71 108 103 c185 178 428 349 672 473 66 33 121 60 123 61 2 0 -10 -19 -26 -42z\"\/><path d=\"M2375 1950 c-198 -44 -350 -190 -395 -379 -18 -76 -8 -221 19 -290 114 -284 457 -406 731 -260 98 52 188 154 231 260 27 69 37 214 19 290 -38 163 -166 304 -326 360 -67 23 -215 33 -279 19z\"\/><\/g><\/svg><\/i> <img decoding=\"async\" width=\"16\" height=\"16\" alt=\"Loading\" src=\"https:\/\/enfermeriacanaria.com\/wptfe\/wp-content\/plugins\/page-views-count\/ajax-loader-2x.gif\" border=0 \/><\/p><div class=\"pvc_clear\"><\/div>","protected":false},"excerpt":{"rendered":"<p>De conformidad con el Reglamento (UE) 2016\/679 del Parlamento Europeo y del Consejo, de 27 de abril de 2016 (RGPD), con la Ley Org\u00e1nica 3\/2018, de 5 de diciembre, de Protecci\u00f3n de Datos y Garant\u00eda [&#8230;]<\/p>\n<div class=\"pvc_clear\"><\/div>\n<p id=\"pvc_stats_10658\" class=\"pvc_stats all  \" data-element-id=\"10658\" style=\"\"><i class=\"pvc-stats-icon medium\" aria-hidden=\"true\"><svg xmlns=\"http:\/\/www.w3.org\/2000\/svg\" version=\"1.0\" viewBox=\"0 0 502 315\" preserveAspectRatio=\"xMidYMid meet\"><g transform=\"translate(0,332) scale(0.1,-0.1)\" fill=\"\" stroke=\"none\"><path d=\"M2394 3279 l-29 -30 -3 -207 c-2 -182 0 -211 15 -242 39 -76 157 -76 196 0 15 31 17 60 15 243 l-3 209 -33 29 c-26 23 -41 29 -80 29 -41 0 -53 -5 -78 -31z\"\/><path d=\"M3085 3251 c-45 -19 -58 -50 -96 -229 -47 -217 -49 -260 -13 -295 52 -53 146 -42 177 20 16 31 87 366 87 410 0 70 -86 122 -155 94z\"\/><path d=\"M1751 3234 c-13 -9 -29 -31 -37 -50 -12 -29 -10 -49 21 -204 19 -94 39 -189 45 -210 14 -50 54 -80 110 -80 34 0 48 6 76 34 21 21 34 44 34 59 0 14 -18 113 -40 219 -37 178 -43 195 -70 221 -36 32 -101 37 -139 11z\"\/><path d=\"M1163 3073 c-36 -7 -73 -59 -73 -102 0 -56 133 -378 171 -413 34 -32 83 -37 129 -13 70 36 67 87 -16 290 -86 209 -89 214 -129 231 -35 14 -42 15 -82 7z\"\/><path d=\"M3689 3066 c-15 -9 -33 -30 -42 -48 -48 -103 -147 -355 -147 -375 0 -98 131 -148 192 -74 13 15 57 108 97 206 80 196 84 226 37 273 -30 30 -99 39 -137 18z\"\/><path d=\"M583 2784 c-38 -19 -67 -74 -58 -113 9 -42 211 -354 242 -373 16 -10 45 -18 66 -18 51 0 107 52 107 100 0 39 -1 41 -124 234 -80 126 -108 162 -133 173 -41 17 -61 16 -100 -3z\"\/><path d=\"M4250 2784 c-14 -9 -74 -91 -133 -183 -95 -150 -107 -173 -107 -213 0 -55 33 -94 87 -104 67 -13 90 8 211 198 130 202 137 225 78 284 -27 27 -42 34 -72 34 -22 0 -50 -8 -64 -16z\"\/><path d=\"M2275 2693 c-553 -48 -1095 -270 -1585 -649 -135 -104 -459 -423 -483 -476 -23 -49 -22 -139 2 -186 73 -142 361 -457 571 -626 285 -228 642 -407 990 -497 242 -63 336 -73 660 -74 310 0 370 5 595 52 535 111 1045 392 1455 803 122 121 250 273 275 326 19 41 19 137 0 174 -41 79 -309 363 -465 492 -447 370 -946 591 -1479 653 -113 14 -422 18 -536 8z m395 -428 c171 -34 330 -124 456 -258 112 -119 167 -219 211 -378 27 -96 24 -300 -5 -401 -72 -255 -236 -447 -474 -557 -132 -62 -201 -76 -368 -76 -167 0 -236 14 -368 76 -213 98 -373 271 -451 485 -162 444 86 934 547 1084 153 49 292 57 452 25z m909 -232 c222 -123 408 -262 593 -441 76 -74 138 -139 138 -144 0 -16 -233 -242 -330 -319 -155 -123 -309 -223 -461 -299 l-81 -41 32 46 c18 26 49 83 70 128 143 306 141 649 -6 957 -25 52 -61 116 -79 142 l-34 47 45 -20 c26 -10 76 -36 113 -56z m-2057 25 c-40 -58 -105 -190 -130 -263 -110 -324 -59 -707 132 -981 25 -35 42 -64 37 -64 -19 0 -241 119 -326 174 -188 122 -406 314 -532 468 l-58 71 108 103 c185 178 428 349 672 473 66 33 121 60 123 61 2 0 -10 -19 -26 -42z\"\/><path d=\"M2375 1950 c-198 -44 -350 -190 -395 -379 -18 -76 -8 -221 19 -290 114 -284 457 -406 731 -260 98 52 188 154 231 260 27 69 37 214 19 290 -38 163 -166 304 -326 360 -67 23 -215 33 -279 19z\"\/><\/g><\/svg><\/i> <img decoding=\"async\" width=\"16\" height=\"16\" alt=\"Loading\" src=\"https:\/\/enfermeriacanaria.com\/wptfe\/wp-content\/plugins\/page-views-count\/ajax-loader-2x.gif\" border=0 \/><\/p>\n<div class=\"pvc_clear\"><\/div>\n","protected":false},"author":4,"featured_media":0,"parent":0,"menu_order":0,"comment_status":"closed","ping_status":"closed","template":"","meta":{"footnotes":""},"class_list":["post-10658","page","type-page","status-publish","hentry"],"a3_pvc":{"activated":true,"total_views":123,"today_views":1},"jetpack_sharing_enabled":true,"jetpack_shortlink":"https:\/\/wp.me\/P57dxf-2LU","jetpack_likes_enabled":true,"_links":{"self":[{"href":"https:\/\/enfermeriacanaria.com\/wptfe\/wp-json\/wp\/v2\/pages\/10658","targetHints":{"allow":["GET"]}}],"collection":[{"href":"https:\/\/enfermeriacanaria.com\/wptfe\/wp-json\/wp\/v2\/pages"}],"about":[{"href":"https:\/\/enfermeriacanaria.com\/wptfe\/wp-json\/wp\/v2\/types\/page"}],"author":[{"embeddable":true,"href":"https:\/\/enfermeriacanaria.com\/wptfe\/wp-json\/wp\/v2\/users\/4"}],"replies":[{"embeddable":true,"href":"https:\/\/enfermeriacanaria.com\/wptfe\/wp-json\/wp\/v2\/comments?post=10658"}],"version-history":[{"count":3,"href":"https:\/\/enfermeriacanaria.com\/wptfe\/wp-json\/wp\/v2\/pages\/10658\/revisions"}],"predecessor-version":[{"id":13173,"href":"https:\/\/enfermeriacanaria.com\/wptfe\/wp-json\/wp\/v2\/pages\/10658\/revisions\/13173"}],"wp:attachment":[{"href":"https:\/\/enfermeriacanaria.com\/wptfe\/wp-json\/wp\/v2\/media?parent=10658"}],"curies":[{"name":"wp","href":"https:\/\/api.w.org\/{rel}","templated":true}]}}