{"id":10652,"date":"2021-07-15T09:24:04","date_gmt":"2021-07-15T09:24:04","guid":{"rendered":"https:\/\/enfermeriacanaria.com\/wptfe\/?page_id=10652"},"modified":"2023-07-31T11:05:17","modified_gmt":"2023-07-31T11:05:17","slug":"aviso-legal","status":"publish","type":"page","link":"https:\/\/enfermeriacanaria.com\/wptfe\/aviso-legal\/","title":{"rendered":"AVISO LEGAL"},"content":{"rendered":"\n<p>El acceso, navegaci\u00f3n\ny utilizaci\u00f3n del sitio www.enfermeriacanaria.com&nbsp;(en adelante, el\n\u201csitio web\u201d) implica la aceptaci\u00f3n expresa y sin reservas de lo establecido en\nel presente aviso. Si Ud. no est\u00e1 de acuerdo con los t\u00e9rminos expuestos, le\nsugerimos abandonar el sitio web.<\/p>\n\n\n\n<p>En cumplimiento de la\nLey 34\/2002, de 11 de julio, de Servicios de la Sociedad de la Informaci\u00f3n y\ndel Comercio Electr\u00f3nico, se indican a continuaci\u00f3n los datos identificativos\ndel titular de este sitio web:<\/p>\n\n\n\n<table class=\"wp-block-table\"><tbody><tr><td>\n  <strong>&nbsp;DENOMINACI\u00d3N SOCIAL<\/strong>\n  <\/td><td>\n  Iltre. Colegio Oficial de Enfermeros de Santa Cruz\n  de Tenerife\n  <\/td><\/tr><tr><td>\n  <strong>&nbsp;DOMICILIO SOCIAL<\/strong>\n  <\/td><td>\n  C\/ San Mart\u00edn 62\n  <\/td><\/tr><tr><td>\n  <strong>&nbsp;TEL\u00c9FONO\/E-MAIL<\/strong>\n  <\/td><td>\n  &nbsp;Tel\u00e9fono: +34 922240389\n  Coleg38@enfermeriacanaria.com\n  <\/td><\/tr><tr><td>\n  <strong>&nbsp;INSCRIPCI\u00d3N REGISTRAL<\/strong>\n  <\/td><td>    <br \/><a href=\"http:\/\/www.gobiernodecanarias.org\/boc\/1992\/059\/boc-1992-059-016.pdf\" target=\"_blank\" rel=\"noreferrer noopener\" aria-label=\"RESOLUCI\u00d3N de 10 de abril de 1992, de la Direcci\u00f3n General de Justicia e Interior, por la que se inscribe en el Registro de Colegios Profesionales de Canarias el Colegio Oficial de Enfermer\u00eda de Santa Cruz de Tenerife. (abre en una nueva pesta\u00f1a)\">RESOLUCI\u00d3N de 10 de abril de 1992, de la Direcci\u00f3n General de Justicia e Interior, por la que se inscribe en el Registro de Colegios Profesionales de Canarias el Colegio Oficial de Enfermer\u00eda de Santa Cruz de Tenerife.<\/a> <\/td><\/tr><tr><td>   <strong> C.I.F.<\/strong>   <\/td><td>\n  &nbsp;Q-3866003-A\n  <\/td><\/tr><\/tbody><\/table>\n\n\n\n<p><strong>CONDICIONES GENERALES DE USO<\/strong><\/p>\n\n\n\n<p>El sitio web <a href=\"http:\/\/www.enfermeriacanaria.com\">www.enfermeriacanaria.com<\/a> est\u00e1 espec\u00edficamente dirigido al sector profesional enfermero.<\/p>\n\n\n\n<p>Las presentes condiciones generales de uso tienen por\nfinalidad regular tanto la puesta a disposici\u00f3n de la informaci\u00f3n publicada en\neste sitio web, como las relaciones entre el Iltre. Colegio Oficial de Enfermeros\nde Santa Cruz de Tenerife y los usuarios del mismo. En el caso de que no est\u00e9\nde acuerdo en someterse a las condiciones aqu\u00ed reflejadas, por favor, no haga\nuso de este sitio web.<\/p>\n\n\n\n<p><strong>POTESTAD DE MODIFICACI\u00d3N<\/strong><\/p>\n\n\n\n<p>El Iltre. Colegio Oficial de Enfermeros de Santa Cruz\nde Tenerife podr\u00e1 en todo momento, y sin previo aviso, introducir\nmodificaciones en las presentes condiciones mediante la publicaci\u00f3n de las\nmismas en este sitio web con el fin de que puedan ser conocidas por los\nusuarios.<\/p>\n\n\n\n<p><strong>PROTECCI\u00d3N DE DATOS PERSONALES<\/strong><\/p>\n\n\n\n<p>Todos los datos de car\u00e1cter personal que pudieran obtenerse durante la utilizaci\u00f3n del sitio web ser\u00e1n tratados de conformidad con la legislaci\u00f3n vigente, fundamentalmente, de acuerdo con el Reglamento (UE) 679\/2016 del Parlamento europeo y del Consejo de 27 de abril de 2016 (General de Protecci\u00f3n de Datos, conocido por sus siglas \u201cRGPD\u201d), as\u00ed como con la Ley Org\u00e1nica 3\/2018, de 5 de diciembre, de Protecci\u00f3n de Datos y Garant\u00eda de los Derechos Digitales. Para m\u00e1s informaci\u00f3n, consulte nuestra&nbsp;<a href=\"https:\/\/enfermeriacanaria.com\/wptfe\/?page_id=10658#.YPACouhKiUk\" target=\"_blank\" rel=\"noreferrer noopener\" aria-label=\"pol\u00edtica de privacidad. (abre en una nueva pesta\u00f1a)\">pol\u00edtica de privacidad.<\/a><\/p>\n\n\n\n<p><strong>PROPIEDAD INTELECTUAL E\nINDUSTRIAL<\/strong><\/p>\n\n\n\n<p>Todos los contenidos que se muestran en el sitio\nweb&nbsp;<a href=\"http:\/\/www.enfermeriacanaria.com\/\">www.enfermeriacanaria.com<\/a>\ny, en especial, marcas, nombres comerciales, dise\u00f1os, textos, fotograf\u00edas,\nanimaciones, videos, sonidos, gr\u00e1ficos, logos, iconos, botones y c\u00f3digo fuente\nest\u00e1n sujetos a derechos de propiedad intelectual o industrial del Iltre.\nColegio Oficial de Enfermeros de Santa Cruz de Tenerife o, en su caso, de\nterceros titulares de los mismos que han autorizado debidamente su inclusi\u00f3n en\nel sitio web.<\/p>\n\n\n\n<p>En ning\u00fan caso se entender\u00e1 que se concede licencia\nalguna o que se efect\u00faa ninguna renuncia o transmisi\u00f3n de derechos \u2013ni total ni\nparcial- en materia de propiedad intelectual e industrial sobre los contenidos\nde este sitio web.<\/p>\n\n\n\n<p>\u00danicamente se autoriza el establecimiento de enlaces\/links\na la p\u00e1gina de inicio del sitio web&nbsp;<a href=\"http:\/\/www.enfermeriacanaria.com\/\">www.enfermeriacanaria.com<\/a>. Se\nproh\u00edbe expresamente el empleo de t\u00e9cnicas de \u201cframming\u201d, \u201cdeeplinking\u201d u otras\nsimilares.<\/p>\n\n\n\n<p>En el caso de que cualquier usuario o un tercero\nconsidere que alguno de los contenidos de este sitio web vulnera sus derechos\nde propiedad intelectual y\/o industrial o cualesquiera otros derechos\nlegalmente reconocidos, podr\u00e1 remitir una comunicaci\u00f3n al Iltre. Colegio Oficial\nde Enfermeros de Santa Cruz de Tenerife aportando la siguiente informaci\u00f3n:<\/p>\n\n\n\n<ul class=\"wp-block-list\"><li>Datos identificativos y medio de\ncontacto del reclamante o de su representante legal.<\/li><li>Documentaci\u00f3n que acredite su condici\u00f3n\nde titular de los derechos supuestamente infringidos.<\/li><li>Descripci\u00f3n detallada de los derechos supuestamente\ninfringidos, as\u00ed como su localizaci\u00f3n exacta dentro del sitio web.<\/li><li>Declaraci\u00f3n expresa por parte del\nreclamante de que la utilizaci\u00f3n de los contenidos se ha realizado sin el\nconsentimiento del titular de los derechos supuestamente infringidos.<\/li><\/ul>\n\n\n\n<p><strong>OBLIGACIONES DEL USUARIO<\/strong><\/p>\n\n\n\n<p>Con car\u00e1cter general, el usuario se obliga al\ncumplimiento de las presentes condiciones de uso y, en su caso, de las\ncondiciones particulares que fueran de aplicaci\u00f3n, as\u00ed como a cumplir las\nespeciales advertencias e instrucciones contenidas en las mismas o en cualquier\notro lugar del sitio web, y a obrar siempre conforme a la ley, a las buenas\ncostumbres y a las exigencias de la buena fe, empleando la diligencia adecuada\na la naturaleza del servicio, absteni\u00e9ndose de utilizar el sitio web de\ncualquier forma que pueda impedir, da\u00f1ar o deteriorar el normal funcionamiento\ndel mismo, los bienes o derechos del Iltre. Colegio Oficial de Enfermeros de\nSanta Cruz de Tenerife de sus proveedores, colaboradores, usuarios o, en\ngeneral, de cualquier tercero.<\/p>\n\n\n\n<p>El usuario se obliga a usar el sitio web con respeto a\nla buena fe, la \u00e9tica y el orden p\u00fablico. Concretamente, se obliga, con\ncar\u00e1cter enunciativo y no limitativo, a:<\/p>\n\n\n\n<ul class=\"wp-block-list\"><li>En caso de utilizaci\u00f3n de formularios, a\nproporcionar datos veraces.<\/li><li>Custodiar adecuadamente las claves de\nacceso que le puedan ser facilitadas por el Iltre. Colegio Oficial de Enfermeros\nde Santa Cruz de Tenerife, comprometi\u00e9ndose a no permitir su utilizaci\u00f3n por\nparte de terceros, asumiendo la responsabilidad por los da\u00f1os y perjuicios que\npudieran derivarse de un uso indebido de las mismas. Igualmente, el usuario se\ncompromete a comunicar al Iltre. Colegio Oficial de Enfermeros de Santa Cruz de\nTenerife con la mayor rapidez, su p\u00e9rdida o robo, as\u00ed como cualquier riesgo de\nacceso a la informaci\u00f3n sobre el sistema de acceso por parte de un tercero.<\/li><li>No utilizar identidades falsas, ni\nsuplantar la identidad de otros en la utilizaci\u00f3n del sitio web, incluyendo la\nutilizaci\u00f3n en su caso de contrase\u00f1as o claves de acceso de terceros o de\ncualquier otra forma.<\/li><li>No usar el Sitio web en forma alguna que\npueda provocar da\u00f1os, interrupciones, ineficiencias o defectos en su\nfuncionamiento o en el ordenador de un tercero;<\/li><li>No acceder sin autorizaci\u00f3n a cualquier\nsecci\u00f3n del Sitio web, a otros sistemas o redes conectados al Sitio web, ni a\nlos servicios ofrecidos a trav\u00e9s del Sitio web, por medio de pirateo o\nfalsificaci\u00f3n, extracci\u00f3n de contrase\u00f1as o cualquier otro medio ileg\u00edtimo;<\/li><li>No quebrantar, o intentar quebrantar,\nlas medidas de seguridad o autenticaci\u00f3n del Sitio web o de cualquier red\nconectada al mismo, o las medidas de seguridad o protecci\u00f3n inherentes a los\ncontenidos ofrecidos en el sitio web;<\/li><li>No impedir el normal desarrollo de un\nevento, concurso, promoci\u00f3n o cualquier otra actividad disponible a trav\u00e9s del\nsitio web o cualesquiera de sus funcionalidades, ya sea alterando o tratando de\nalterar, ilegalmente o de cualquier otra forma, el acceso, participaci\u00f3n o\nfuncionamiento de aqu\u00e9llos, o falseando el resultado de los mismos y\/o\nutilizando m\u00e9todos de participaci\u00f3n fraudulentos, mediante cualquier\nprocedimiento, y\/o a trav\u00e9s de cualquier pr\u00e1ctica que atente o vulnere en modo\nalguno las presentes condiciones de uso.<\/li><\/ul>\n\n\n\n<p><strong>EXCLUSI\u00d3N DE GARANT\u00cdAS Y\nRESPONSABILIDAD<\/strong><\/p>\n\n\n\n<p>El acceso al sitio web&nbsp;<a href=\"http:\/\/www.enfermeriacanaria.com\/\">www.enfermeriacanaria.com<\/a>&nbsp;puede\nverse ocasionalmente suspendido o restringido para permitir reparaciones,\ntareas de mantenimiento o introducci\u00f3n de nuevos servicios. CGE invertir\u00e1\nesfuerzos razonables para limitar la frecuencia y la duraci\u00f3n de dicha\nsuspensi\u00f3n o restricci\u00f3n. No obstante, podr\u00e1 suspender, retirar o cancelar\nparcial o totalmente los contenidos y servicios no sometidos a contrataci\u00f3n\nespec\u00edfica en cualquier momento y sin necesidad de aviso previo. La previsi\u00f3n\nanterior no afectar\u00e1 a aquellos servicios contratados espec\u00edficamente por\nusuarios registrados y que se regir\u00e1n por sus condiciones contractuales\ncorrespondientes.<\/p>\n\n\n\n<p>La conexi\u00f3n a Internet, necesaria para acceder al\nservicio, no es en ning\u00fan caso suministrada por el Iltre. Colegio Oficial de\nEnfermeros de Santa Cruz de Tenerife. Se informa al usuario de que las\ncomunicaciones de datos a trav\u00e9s de redes abiertas no son seguras, y que es\nresponsabilidad del usuario adoptar todas las medidas t\u00e9cnicas adecuadas para\ncontrolar razonablemente los riesgos y evitar posibles da\u00f1os en sus equipos,\np\u00e9rdida de datos y robo de informaci\u00f3n confidencial. A estos efectos, debe\ntener sistemas actualizados de detecci\u00f3n de software malicioso, as\u00ed como tener\nactualizados los parches de seguridad de los correspondientes navegadores que\nutilice. Para m\u00e1s informaci\u00f3n puede acudir a su Proveedor de Servicios de\nAcceso a Internet.<\/p>\n\n\n\n<p>El Iltre. Colegio Oficial de Enfermeros de Santa Cruz\nde Tenerife no se hace responsable de los perjuicios que se pudieran derivar\nde, con car\u00e1cter meramente enunciativo y no limitativo: (i) Inferencias,\nomisiones, interrupciones, virus inform\u00e1ticos, aver\u00edas y\/o desconexiones en el\nfuncionamiento operativo de este sistema electr\u00f3nico o en los aparatos y equipos\ninform\u00e1ticos de los usuarios, motivadas por causas no imputables al Iltre.\nColegio Oficial de Enfermeros de Santa Cruz de Tenerife, que impidan o retrasen\nla prestaci\u00f3n de los servicios o la navegaci\u00f3n por el sistema; (ii) Retrasos o\nbloqueos en el uso causados por deficiencias o sobrecargas de Internet o en\notros sistemas electr\u00f3nicos; (iii) Que puedan ser causados por terceras\npersonas mediante intromisiones no atribuibles al Iltre. Colegio Oficial de\nEnfermeros de Santa Cruz de Tenerife; (iv) De la imposibilidad de prestar el\nservicio o permitir el acceso por causas no imputables al Iltre. Colegio Oficial\nde Enfermeros de Santa Cruz de Tenerife, ya sean debidas al usuario, a terceros,\no a supuestos de fuerza mayor.<\/p>\n\n\n\n<p>Los enlaces contenidos en este sitio web pueden\ndirigir a p\u00e1ginas web de terceros. El Iltre. Colegio Oficial de Enfermeros de\nSanta Cruz de Tenerife no asume ninguna responsabilidad derivada de la\nconexi\u00f3n, contenidos, informaciones o servicios que pudieran aparecer en dichos\nsitios.<\/p>\n\n\n\n<p><strong>LEGISLACI\u00d3N APLICABLE Y\nJURISDICCI\u00d3N<\/strong><\/p>\n\n\n\n<p>Para la resoluci\u00f3n de cualquier controversia relacionada con la interpretaci\u00f3n y\/o ejecuci\u00f3n de los t\u00e9rminos y condiciones que rigen este sitio web el titular del mismo se somete a la legislaci\u00f3n espa\u00f1ola y a los juzgados y tribunales de Espa\u00f1a.<\/p>\n\n\n\n<p style=\"text-align:center\"><a rel=\"noreferrer noopener\" aria-label=\"INFORMACI\u00d3N PROTECCI\u00d3N DE DATOS (abre en una nueva pesta\u00f1a)\" href=\"https:\/\/enfermeriacanaria.com\/wptfe\/wp-content\/uploads\/INFORMACI\u00d3N_PROTECCI\u00d3N_DATOS.pdf\" target=\"_blank\"><strong>INFORMACI\u00d3N PROTECCI\u00d3N DE DATOS<\/strong><\/a><\/p>\n\n\n\n<p><strong>\u00daltima Actualizaci\u00f3n: 31\/07\/2023<\/strong><\/p>\n<div class=\"pvc_clear\"><\/div><p id=\"pvc_stats_10652\" class=\"pvc_stats all  \" data-element-id=\"10652\" style=\"\"><i class=\"pvc-stats-icon medium\" aria-hidden=\"true\"><svg xmlns=\"http:\/\/www.w3.org\/2000\/svg\" version=\"1.0\" viewBox=\"0 0 502 315\" preserveAspectRatio=\"xMidYMid meet\"><g transform=\"translate(0,332) scale(0.1,-0.1)\" fill=\"\" stroke=\"none\"><path d=\"M2394 3279 l-29 -30 -3 -207 c-2 -182 0 -211 15 -242 39 -76 157 -76 196 0 15 31 17 60 15 243 l-3 209 -33 29 c-26 23 -41 29 -80 29 -41 0 -53 -5 -78 -31z\"\/><path d=\"M3085 3251 c-45 -19 -58 -50 -96 -229 -47 -217 -49 -260 -13 -295 52 -53 146 -42 177 20 16 31 87 366 87 410 0 70 -86 122 -155 94z\"\/><path d=\"M1751 3234 c-13 -9 -29 -31 -37 -50 -12 -29 -10 -49 21 -204 19 -94 39 -189 45 -210 14 -50 54 -80 110 -80 34 0 48 6 76 34 21 21 34 44 34 59 0 14 -18 113 -40 219 -37 178 -43 195 -70 221 -36 32 -101 37 -139 11z\"\/><path d=\"M1163 3073 c-36 -7 -73 -59 -73 -102 0 -56 133 -378 171 -413 34 -32 83 -37 129 -13 70 36 67 87 -16 290 -86 209 -89 214 -129 231 -35 14 -42 15 -82 7z\"\/><path d=\"M3689 3066 c-15 -9 -33 -30 -42 -48 -48 -103 -147 -355 -147 -375 0 -98 131 -148 192 -74 13 15 57 108 97 206 80 196 84 226 37 273 -30 30 -99 39 -137 18z\"\/><path d=\"M583 2784 c-38 -19 -67 -74 -58 -113 9 -42 211 -354 242 -373 16 -10 45 -18 66 -18 51 0 107 52 107 100 0 39 -1 41 -124 234 -80 126 -108 162 -133 173 -41 17 -61 16 -100 -3z\"\/><path d=\"M4250 2784 c-14 -9 -74 -91 -133 -183 -95 -150 -107 -173 -107 -213 0 -55 33 -94 87 -104 67 -13 90 8 211 198 130 202 137 225 78 284 -27 27 -42 34 -72 34 -22 0 -50 -8 -64 -16z\"\/><path d=\"M2275 2693 c-553 -48 -1095 -270 -1585 -649 -135 -104 -459 -423 -483 -476 -23 -49 -22 -139 2 -186 73 -142 361 -457 571 -626 285 -228 642 -407 990 -497 242 -63 336 -73 660 -74 310 0 370 5 595 52 535 111 1045 392 1455 803 122 121 250 273 275 326 19 41 19 137 0 174 -41 79 -309 363 -465 492 -447 370 -946 591 -1479 653 -113 14 -422 18 -536 8z m395 -428 c171 -34 330 -124 456 -258 112 -119 167 -219 211 -378 27 -96 24 -300 -5 -401 -72 -255 -236 -447 -474 -557 -132 -62 -201 -76 -368 -76 -167 0 -236 14 -368 76 -213 98 -373 271 -451 485 -162 444 86 934 547 1084 153 49 292 57 452 25z m909 -232 c222 -123 408 -262 593 -441 76 -74 138 -139 138 -144 0 -16 -233 -242 -330 -319 -155 -123 -309 -223 -461 -299 l-81 -41 32 46 c18 26 49 83 70 128 143 306 141 649 -6 957 -25 52 -61 116 -79 142 l-34 47 45 -20 c26 -10 76 -36 113 -56z m-2057 25 c-40 -58 -105 -190 -130 -263 -110 -324 -59 -707 132 -981 25 -35 42 -64 37 -64 -19 0 -241 119 -326 174 -188 122 -406 314 -532 468 l-58 71 108 103 c185 178 428 349 672 473 66 33 121 60 123 61 2 0 -10 -19 -26 -42z\"\/><path d=\"M2375 1950 c-198 -44 -350 -190 -395 -379 -18 -76 -8 -221 19 -290 114 -284 457 -406 731 -260 98 52 188 154 231 260 27 69 37 214 19 290 -38 163 -166 304 -326 360 -67 23 -215 33 -279 19z\"\/><\/g><\/svg><\/i> <img decoding=\"async\" width=\"16\" height=\"16\" alt=\"Loading\" src=\"https:\/\/enfermeriacanaria.com\/wptfe\/wp-content\/plugins\/page-views-count\/ajax-loader-2x.gif\" border=0 \/><\/p><div class=\"pvc_clear\"><\/div>","protected":false},"excerpt":{"rendered":"<p>El acceso, navegaci\u00f3n y utilizaci\u00f3n del sitio www.enfermeriacanaria.com&nbsp;(en adelante, el \u201csitio web\u201d) implica la aceptaci\u00f3n expresa y sin reservas de lo establecido en el presente aviso. Si Ud. no est\u00e1 de acuerdo con los t\u00e9rminos [&#8230;]<\/p>\n<div class=\"pvc_clear\"><\/div>\n<p id=\"pvc_stats_10652\" class=\"pvc_stats all  \" data-element-id=\"10652\" style=\"\"><i class=\"pvc-stats-icon medium\" aria-hidden=\"true\"><svg xmlns=\"http:\/\/www.w3.org\/2000\/svg\" version=\"1.0\" viewBox=\"0 0 502 315\" preserveAspectRatio=\"xMidYMid meet\"><g transform=\"translate(0,332) scale(0.1,-0.1)\" fill=\"\" stroke=\"none\"><path d=\"M2394 3279 l-29 -30 -3 -207 c-2 -182 0 -211 15 -242 39 -76 157 -76 196 0 15 31 17 60 15 243 l-3 209 -33 29 c-26 23 -41 29 -80 29 -41 0 -53 -5 -78 -31z\"\/><path d=\"M3085 3251 c-45 -19 -58 -50 -96 -229 -47 -217 -49 -260 -13 -295 52 -53 146 -42 177 20 16 31 87 366 87 410 0 70 -86 122 -155 94z\"\/><path d=\"M1751 3234 c-13 -9 -29 -31 -37 -50 -12 -29 -10 -49 21 -204 19 -94 39 -189 45 -210 14 -50 54 -80 110 -80 34 0 48 6 76 34 21 21 34 44 34 59 0 14 -18 113 -40 219 -37 178 -43 195 -70 221 -36 32 -101 37 -139 11z\"\/><path d=\"M1163 3073 c-36 -7 -73 -59 -73 -102 0 -56 133 -378 171 -413 34 -32 83 -37 129 -13 70 36 67 87 -16 290 -86 209 -89 214 -129 231 -35 14 -42 15 -82 7z\"\/><path d=\"M3689 3066 c-15 -9 -33 -30 -42 -48 -48 -103 -147 -355 -147 -375 0 -98 131 -148 192 -74 13 15 57 108 97 206 80 196 84 226 37 273 -30 30 -99 39 -137 18z\"\/><path d=\"M583 2784 c-38 -19 -67 -74 -58 -113 9 -42 211 -354 242 -373 16 -10 45 -18 66 -18 51 0 107 52 107 100 0 39 -1 41 -124 234 -80 126 -108 162 -133 173 -41 17 -61 16 -100 -3z\"\/><path d=\"M4250 2784 c-14 -9 -74 -91 -133 -183 -95 -150 -107 -173 -107 -213 0 -55 33 -94 87 -104 67 -13 90 8 211 198 130 202 137 225 78 284 -27 27 -42 34 -72 34 -22 0 -50 -8 -64 -16z\"\/><path d=\"M2275 2693 c-553 -48 -1095 -270 -1585 -649 -135 -104 -459 -423 -483 -476 -23 -49 -22 -139 2 -186 73 -142 361 -457 571 -626 285 -228 642 -407 990 -497 242 -63 336 -73 660 -74 310 0 370 5 595 52 535 111 1045 392 1455 803 122 121 250 273 275 326 19 41 19 137 0 174 -41 79 -309 363 -465 492 -447 370 -946 591 -1479 653 -113 14 -422 18 -536 8z m395 -428 c171 -34 330 -124 456 -258 112 -119 167 -219 211 -378 27 -96 24 -300 -5 -401 -72 -255 -236 -447 -474 -557 -132 -62 -201 -76 -368 -76 -167 0 -236 14 -368 76 -213 98 -373 271 -451 485 -162 444 86 934 547 1084 153 49 292 57 452 25z m909 -232 c222 -123 408 -262 593 -441 76 -74 138 -139 138 -144 0 -16 -233 -242 -330 -319 -155 -123 -309 -223 -461 -299 l-81 -41 32 46 c18 26 49 83 70 128 143 306 141 649 -6 957 -25 52 -61 116 -79 142 l-34 47 45 -20 c26 -10 76 -36 113 -56z m-2057 25 c-40 -58 -105 -190 -130 -263 -110 -324 -59 -707 132 -981 25 -35 42 -64 37 -64 -19 0 -241 119 -326 174 -188 122 -406 314 -532 468 l-58 71 108 103 c185 178 428 349 672 473 66 33 121 60 123 61 2 0 -10 -19 -26 -42z\"\/><path d=\"M2375 1950 c-198 -44 -350 -190 -395 -379 -18 -76 -8 -221 19 -290 114 -284 457 -406 731 -260 98 52 188 154 231 260 27 69 37 214 19 290 -38 163 -166 304 -326 360 -67 23 -215 33 -279 19z\"\/><\/g><\/svg><\/i> <img decoding=\"async\" width=\"16\" height=\"16\" alt=\"Loading\" src=\"https:\/\/enfermeriacanaria.com\/wptfe\/wp-content\/plugins\/page-views-count\/ajax-loader-2x.gif\" border=0 \/><\/p>\n<div class=\"pvc_clear\"><\/div>\n","protected":false},"author":4,"featured_media":0,"parent":0,"menu_order":0,"comment_status":"closed","ping_status":"closed","template":"","meta":{"footnotes":""},"class_list":["post-10652","page","type-page","status-publish","hentry"],"a3_pvc":{"activated":true,"total_views":167,"today_views":2},"jetpack_sharing_enabled":true,"jetpack_shortlink":"https:\/\/wp.me\/P57dxf-2LO","jetpack_likes_enabled":true,"_links":{"self":[{"href":"https:\/\/enfermeriacanaria.com\/wptfe\/wp-json\/wp\/v2\/pages\/10652","targetHints":{"allow":["GET"]}}],"collection":[{"href":"https:\/\/enfermeriacanaria.com\/wptfe\/wp-json\/wp\/v2\/pages"}],"about":[{"href":"https:\/\/enfermeriacanaria.com\/wptfe\/wp-json\/wp\/v2\/types\/page"}],"author":[{"embeddable":true,"href":"https:\/\/enfermeriacanaria.com\/wptfe\/wp-json\/wp\/v2\/users\/4"}],"replies":[{"embeddable":true,"href":"https:\/\/enfermeriacanaria.com\/wptfe\/wp-json\/wp\/v2\/comments?post=10652"}],"version-history":[{"count":8,"href":"https:\/\/enfermeriacanaria.com\/wptfe\/wp-json\/wp\/v2\/pages\/10652\/revisions"}],"predecessor-version":[{"id":12376,"href":"https:\/\/enfermeriacanaria.com\/wptfe\/wp-json\/wp\/v2\/pages\/10652\/revisions\/12376"}],"wp:attachment":[{"href":"https:\/\/enfermeriacanaria.com\/wptfe\/wp-json\/wp\/v2\/media?parent=10652"}],"curies":[{"name":"wp","href":"https:\/\/api.w.org\/{rel}","templated":true}]}}