{"id":10641,"date":"2021-07-12T12:40:15","date_gmt":"2021-07-12T12:40:15","guid":{"rendered":"https:\/\/enfermeriacanaria.com\/wptfe\/?page_id=10641"},"modified":"2021-07-15T09:17:52","modified_gmt":"2021-07-15T09:17:52","slug":"politica-de-cookies","status":"publish","type":"page","link":"https:\/\/enfermeriacanaria.com\/wptfe\/portal-de-transparencia\/informacion-proteccion-de-datos\/politica-de-cookies\/","title":{"rendered":"POL\u00cdTICA DE COOKIES"},"content":{"rendered":"\n<ol class=\"wp-block-list\"><li><strong>POL\u00cdTICA DE COOKIES<\/strong><\/li><\/ol>\n\n\n\n<p><a href=\"http:\/\/www.colefcanarias.com\/\"><strong>COLEGIO OFICIAL DE ENFERMEROS DE SANTA CRUZ DE\nTENERIFE.<\/strong><\/a> utiliza cookies con la finalidad de\nprestarle una mejor experiencia en su navegaci\u00f3n. Asimismo, en caso de que\npreste su consentimiento, utilizaremos cookies que nos permitan obtener m\u00e1s\ninformaci\u00f3n acerca de sus preferencias y personalizar nuestro Sitio Web de\nconformidad con sus intereses individuales, para que tenga una navegaci\u00f3n m\u00e1s\nfluida y personalizada.<\/p>\n\n\n\n<p>Desde <strong>COLEGIO OFICIAL DE ENFERMEROS DE SANTA CRUZ DE TENERIFE.<\/strong> &nbsp;queremos informarle de manera clara y precisa\nsobre las cookies que utilizamos en nuestro sitio web. En caso de que quiera\nobtener m\u00e1s informaci\u00f3n sobre el uso y la finalidad que hacemos de las cookies\nimplementadas en nuestro sitio web, puede escribir un correo electr\u00f3nico a <a href=\"http:\/\/www.colefcanarias.com\/\"><strong>COLEGIO OFICIAL DE ENFERMER\u00cdA DE SANTA CRUZ DE\nTENERIFE.<\/strong><\/a><strong> <\/strong><\/p>\n\n\n\n<p><strong><em>\u00bfQu\u00e9 es una cookie?<\/em><\/strong><\/p>\n\n\n\n<p>Una cookie es un peque\u00f1o archivo que\nse descarga en el ordenador, tablet o smartphone del usuario, con la finalidad\nde almacenar datos e informaci\u00f3n que podr\u00e1n ser actualizados y recuperados por\nla entidad responsable de su instalaci\u00f3n.<\/p>\n\n\n\n<p>La informaci\u00f3n recabada a trav\u00e9s de\nlas cookies puede incluir la fecha y hora de visitas al sitio web, las\ndistintas pesta\u00f1as que usted ha visionado o el tiempo que ha permanecido en el\nmismo.<\/p>\n\n\n\n<p>Las cookies de este sitio web no almacenan informaci\u00f3n confidencial\ncomo su nombre, direcci\u00f3n, etc., no obstante, si desea restringir, bloquear o\neliminar las cookies de este sitio web o de cualquier otro, puede configurar su\nnavegador para rechazar o aceptar las mismas o para que estas \u00e9stas sean\neliminadas de forma autom\u00e1tica una vez cierre el navegador o apague el\nordenador o dispositivo m\u00f3vil.<\/p>\n\n\n\n<p><strong><em>\u00bfQu\u00e9 tipos de cookies\nutiliza<\/em><\/strong><strong> COLEGIO OFICIAL DE\nENFERMEROS DE SANTA CRUZ DE TENERIFE.?<\/strong><\/p>\n\n\n\n<p>Seg\u00fan el plazo de tiempo que permanecen activas las cookies pueden ser:<\/p>\n\n\n\n<ul class=\"wp-block-list\"><li><strong>Cookies de sesi\u00f3n:<\/strong>&nbsp;dise\u00f1adas para recabar y almacenar datos mientras el usuario accede a\nuna p\u00e1gina web. Se suelen emplear para almacenar informaci\u00f3n que s\u00f3lo interesa\nconservar para la prestaci\u00f3n del servicio solicitado por el usuario en una sola\nocasi\u00f3n (por ejemplo, una lista de productos adquiridos).<\/li><li><strong>Cookies persistentes<\/strong><strong>:<\/strong>&nbsp;Son un tipo de cookies por las que los datos siguen almacenados en el\nterminal y puede accederse a ellos y ser tratados durante un periodo definido.\nTienen fecha de borrado. Se utilizan por ejemplo en el proceso de compra o\nregistro para evitar tener que introducir nuestros datos constantemente.<\/li><\/ul>\n\n\n\n<p>Seg\u00fan quien sea la entidad que gestione el equipo o dominio desde donde\nse env\u00edan las cookies y trate los datos que se obtengan, podemos distinguir:<\/p>\n\n\n\n<ul class=\"wp-block-list\"><li><strong>Cookies propias<\/strong><strong>:<\/strong>&nbsp;Son aquellas que se env\u00edan al dispositivo del usuario gestionadas\nexclusivamente por nosotros.<\/li><li><strong>Cookies de terceros<\/strong><strong>:<\/strong>&nbsp;Son aquellas que se env\u00edan al dispositivo del usuario desde un equipo o\ndominio que no es gestionado por nosotros sino por otra entidad, que tratar\u00e1\nlos datos obtenidos.<br \/>\nCuando navegue por <a href=\"http:\/\/www.enfermeriacanaria.com\/\">http:\/\/www.enfermeriacanaria.com<\/a>se\npueden instalar en tu dispositivo las siguientes cookies:<br \/>\n<br \/>\n<\/li><\/ul>\n\n\n\n<p>Seg\u00fan la finalidad para las que se traten los datos obtenidos a trav\u00e9s\nde ellas, las cookies pueden ser<\/p>\n\n\n\n<table class=\"wp-block-table has-fixed-layout\"><tbody><tr><td>\n  Nombre\n  <\/td><td>\n  Descripci\u00f3n\n  <\/td><td>\n  Finalidad\n  <\/td><\/tr><tr><td>\n  <strong>Tipo 1<\/strong>\n  <\/td><td>\n  <strong>Cookies t\u00e9cnicas<\/strong>\n  <\/td><td>\n  Permiten al usuario la navegaci\u00f3n a trav\u00e9s de una\n  p\u00e1gina web, plataforma o aplicaci\u00f3n y la utilizaci\u00f3n de las diferentes\n  opciones o servicios que en ella existan, incluyendo aquellas que el editor\n  utiliza para permitir la gesti\u00f3n y operativa de la p\u00e1gina web y habilitar sus\n  funciones y servicios, como, por ejemplo, controlar el tr\u00e1fico y la\n  comunicaci\u00f3n de datos, identificar la sesi\u00f3n acceder a partes de acceso\n  restringido, entre otras funcionalidades\n  <\/td><\/tr><tr><td>\n  <strong>Tipo 2<\/strong>\n  <\/td><td>\n  <strong>Cookies de preferencia o\n  personalizaci\u00f3n<\/strong>\n  <\/td><td>\n  Permiten recordar informaci\u00f3n para que el usuario\n  acceda al servicio con determinadas caracter\u00edsticas que pueden diferenciar su\n  experiencia de la de otros usuarios, como, por ejemplo, el idioma, el n\u00famero\n  de resultados a mostrar cuando el usuario realiza una b\u00fasqueda, el aspecto o\n  contenido del servicio en funci\u00f3n del tipo de navegador a trav\u00e9s del cual el\n  usuario accede al servicio o de la regi\u00f3n desde la que accede al servicio,\n  etc.\n  <\/td><\/tr><tr><td>\n  <strong>Tipo 3<\/strong>\n  <\/td><td>\n  <strong>Cookies de an\u00e1lisis o medici\u00f3n<\/strong>\n  <\/td><td>\n  Son aquellas que permiten al responsable de las\n  mismas el seguimiento y an\u00e1lisis del comportamiento de los usuarios de los\n  sitios web a los que est\u00e1n vinculadas, incluida la cuantificaci\u00f3n de los\n  impactos de los anuncios. La informaci\u00f3n recogida mediante este tipo de\n  cookies se utiliza en la medici\u00f3n de la actividad de los sitios web,\n  aplicaci\u00f3n o plataforma, con el fin de introducir mejoras en funci\u00f3n del\n  an\u00e1lisis de los datos de uso que hacen los usuarios del servicio.\n  <\/td><\/tr><tr><td>\n  <strong>Tipo 4<\/strong>\n  <\/td><td>\n  <strong>Cookies de publicidad\n  comportamental<\/strong>\n  <\/td><td>\n  Son aquellas que almacenan informaci\u00f3n del\n  comportamiento de los usuarios obtenida a trav\u00e9s de la observaci\u00f3n continuada\n  de sus h\u00e1bitos de navegaci\u00f3n, lo que permite desarrollar un perfil espec\u00edfico\n  para mostrar publicidad en funci\u00f3n del mismo.\n  <\/td><\/tr><\/tbody><\/table>\n\n\n\n<p>A continuaci\u00f3n, se detallan todas las cookies de terceros utilizadas\npor este sitio web, as\u00ed como sus caracter\u00edsticas y finalidades:<\/p>\n\n\n\n<table class=\"wp-block-table alignwide has-fixed-layout\"><tbody><tr><td>\n  &nbsp;\n  COOKIES\n  <\/td><td>\n  &nbsp;\n  TIPO\/FINALIDAD\n  <\/td><td>\n  PER\u00cdODO\n  DE \n  CONSERVACI\u00d3N\n  <\/td><td>\n  TITULARIDAD\n  <\/td><\/tr><tr><td>\n  __qca\n  &nbsp;\n  <\/td><td>\n  Recopila datos an\u00f3nimos relacionados con las visitas del usuario\n  al sitio web, como el n\u00famero de visitas, el tiempo medio pasado en el sitio\n  web y qu\u00e9 p\u00e1ginas han sido cargadas, con el prop\u00f3sito de generar informes\n  para optimizar el contenido del sitio web\n  <\/td><td>\n  5 a\u00f1os\n  <\/td><td>\n  <br \/>\n  QuantCast\n  <\/td><\/tr><tr><td>\n  &nbsp;euconsent-v2\n  <\/td><td>\n  recopila datos correspondientes a las preferencias sobre cookies\n  <\/td><td>\n  4 semanas\n  <\/td><td>\n  Quantcast\n  <\/td><\/tr><tr><td>\n  _gid\n  &nbsp;\n  <\/td><td>\n  <br \/>\n  Se usa para distinguir a los usuarios.&nbsp;\n  <\/td><td>\n  1 d\u00eda\n  <\/td><td>\n  <br \/>\n  Google Analytics\n  <\/td><\/tr><tr><td>\n  __utma\n  &nbsp;\n  <\/td><td>\n  Se usa para distinguir usuarios y sesiones. La cookie se crea\n  cuando se ejecuta la biblioteca de JavaScript y no hay ninguna cookie __utma.\n  La cookie se actualiza cada vez que se env\u00edan datos a Google Analytics.\n  <\/td><td>\n  2 a\u00f1os a partir de la configuraci\u00f3n o actualizaci\u00f3n\n  <\/td><td>\n  Google Analytics\n  &nbsp;\n  <\/td><\/tr><tr><td>\n  _gat\n  &nbsp;\n  <\/td><td>\n  <br \/>\n  Se usa para limitar el porcentaje de solicitudes. Si se ha implementado\n  Google Analytics mediante Google Tag Manager, esta cookie se llamar\u00e1&nbsp;_dc_gtm_&lt;property-\n  id&gt;.\n  <\/td><td>\n  1 minuto\n  <\/td><td>\n  Google Analytics\n  &nbsp;\n  <\/td><\/tr><tr><td>\n  __utmz\n  &nbsp;\n  <\/td><td>\n  Almacena la fuente de tr\u00e1fico o la campa\u00f1a que explica c\u00f3mo ha\n  llegado el usuario al sitio web. La cookie se crea cuando se ejecuta la\n  biblioteca de JavaScript y se actualiza cada vez que se env\u00edan datos a Google\n  Analytics.\n  <\/td><td>\n  6 meses\n  <\/td><td>\n  <br \/>\n  Google Analytics\n  <\/td><\/tr><tr><td>\n  _ga\n  &nbsp;\n  <\/td><td>\n  Se usa para distinguir a los usuarios.\n  <\/td><td>\n  2 a\u00f1os\n  <\/td><td>\n  Google Analytics\n  &nbsp;\n  <\/td><\/tr><tr><td>\n  _uetvid\n  &nbsp;\n  <\/td><td>\n  Almacena y rastrea visitas a trav\u00e9s de la web\n  &nbsp;\n  <\/td><td>\n  16 d\u00edas\n  <\/td><td>\n  Bing Ads\n  &nbsp;\n  <\/td><\/tr><tr><td>\n  OptimizelyEndUserId\n  &nbsp;\n  <\/td><td>\n  Optimizely utiliza este tipo de cookies para hacer la prueba A\/B\n  a nuestro sitio web. Esto significa que podemos mostrar diferentes\n  variaciones de las partes de nuestro sitio web a los usuarios. Utilizamos los\n  datos agregados para ver qu\u00e9 variaci\u00f3n tiene un mejor rendimiento y, de esta\n  forma, optimizar la experiencia del usuario en nuestro sitio web. Para m\u00e1s\n  informaci\u00f3n sobre estas cookies, visita la base de conocimientos de\n  Optimizely\n  <\/td><td>\n  6 meses\n  <\/td><td>\n  <br \/>\n  Optimizely\n  <\/td><\/tr><tr><td>\n  _hjid\n  &nbsp;\n  <\/td><td>\n  Almacena una \u00fanica ID de usuario\n  <\/td><td>\n  1 a\u00f1o\n  <\/td><td>\n  Hotjar\n  &nbsp;\n  <\/td><\/tr><tr><td>\n  _fbp\n  &nbsp;\n  <\/td><td>\n  Almacena y rastrea visitas a trav\u00e9s de la web\n  &nbsp;\n  <\/td><td>\n  3 meses\n  <\/td><td>\n  <br \/>\n  Facebook\n  <\/td><\/tr><tr><td>\n  srs_unique_visitor\n  <\/td><td>\n  Controla el bot\u00f3n de aceptaci\u00f3n de cookies\n  <\/td><td>\n  Sesi\u00f3n\n  <\/td><td>\n  Propia\n  <\/td><\/tr><tr><td>\n  __atuvc\n  <\/td><td>\n  se utilizan como parte de la funcionalidad AddThis de nuestro\n  sitio web, espec\u00edficamente los iconos de correo electr\u00f3nico, Facebook,\n  Twitter y las acciones resultantes.\n  <\/td><td>\n  Dos a\u00f1os a partir de la configuraci\u00f3n o actualizaci\u00f3n\n  <\/td><td>\n  AddThis\n  &nbsp;\n  <\/td><\/tr><tr><td>\n  __atrfs\n  <\/td><td>\n  se utilizan como parte de la funcionalidad AddThis de nuestro\n  sitio web, espec\u00edficamente los iconos de correo electr\u00f3nico, Facebook,\n  Twitter y las acciones resultantes.\n  <\/td><td>\n  Dos a\u00f1os a partir de la configuraci\u00f3n o actualizaci\u00f3n\n  <\/td><td>\n  AddThis\n  &nbsp;\n  <\/td><\/tr><tr><td>\n  __atuvs\n  <\/td><td>\n  se utilizan como parte de la funcionalidad AddThis de nuestro\n  sitio web, espec\u00edficamente los iconos de correo electr\u00f3nico, Facebook,\n  Twitter y las acciones resultantes.\n  <\/td><td>\n  Dos a\u00f1os a partir de la configuraci\u00f3n o actualizaci\u00f3n\n  <\/td><td>\n  AddThis\n  &nbsp;\n  <\/td><\/tr><tr><td>\n  __atssc\n  <\/td><td>\n  se utilizan como parte de la funcionalidad AddThis de nuestro\n  sitio web, espec\u00edficamente los iconos de correo electr\u00f3nico, Facebook,\n  Twitter y las acciones resultantes.\n  <\/td><td>\n  Dos a\u00f1os a partir de la configuraci\u00f3n o actualizaci\u00f3n\n  <\/td><td>\n  AddThis\n  &nbsp;\n  <\/td><\/tr><tr><td>\n  &nbsp;\n  COOKIES\n  <\/td><td>\n  &nbsp;\n  TIPO\/FINALIDAD\n  <\/td><td>\n  PER\u00cdODO\n  DE \n  CONSERVACI\u00d3N\n  <\/td><td>\n  TITULARIDAD\n  <\/td><\/tr><tr><td>\n  wp-settings-time-4\n  <\/td><td>\n  Hora en la que se estableci\u00f3 wp-settings\n  <\/td><td>\n  1 a\u00f1o\n  <\/td><td>\n  WordPress\n  <\/td><\/tr><tr><td>\n  wordpress_test_cookie\n  <\/td><td>\n  Prueba si se puede establecer la cookie\n  <\/td><td>\n  sesi\u00f3n\n  <\/td><td>\n  &nbsp;\n  <\/td><\/tr><tr><td>\n  &nbsp;\n  COOKIES\n  <\/td><td>\n  &nbsp;\n  TIPO\/FINALIDAD\n  <\/td><td>\n  PER\u00cdODO DE CONSERVACI\u00d3N\n  <\/td><td>\n  TITULARIDAD\n  <\/td><\/tr><tr><td>\n  PHPSESSID\n  <\/td><td>\n  Provee funcionalidad entre p\u00e1ginas\n  <\/td><td>\n  Sesi\u00f3n\n  <\/td><td>\n  PHP\n  &nbsp;\n  <\/td><\/tr><tr><td>\n  viewed_cookie_policy\n  <\/td><td>\n  Guardar si se ha mostrado el consentimiento de GDPR\n  <\/td><td>\n  Persistente\n  <\/td><td>\n  <br \/>\n  GDPR Cookie Consent\n  <\/td><\/tr><tr><td>\n  roundcube_cookies\n  <\/td><td>\n  Rcuerda las preferencias de usuario sobre las cokkies de la web.\n  Esta cookie es esencial para el funcionamiento de webmail\n  <\/td><td>\n  18 meses\n  <\/td><td>\n  <br \/>\n  Roundcube\n  <\/td><\/tr><tr><td>\n  obtga_valid\n  <\/td><td>\n  Creada para guardar preferencias sobre uso de cookies de redes\n  sociales como facebook, twitter, google plus, etc.\n  <\/td><td>\n  1 a\u00f1o\n  <\/td><td>\n  Propia\n  <\/td><\/tr><tr><td>\n  wp-settings-4\n  <\/td><td>\n  Se utiliza &nbsp;para conservar\n  los ajustes del usuario en wp admin\n  <\/td><td>\n  1 a\u00f1o\n  <\/td><td>\n  WordPress\n  <\/td><\/tr><\/tbody><\/table>\n\n\n\n<p><strong>Redes\nSociales<\/strong><\/p>\n\n\n\n<p>Si comparte contenido de este sitio\nweb mediante redes sociales como Facebook y Twitter, es posible que reciba\ncookies de dichos sitios web. Los ajustes de las cookies de terceros no est\u00e1n\nbajo el control del titular de la Web, por lo que le sugerimos que compruebe\nlos sitios web de terceros para obtener m\u00e1s informaci\u00f3n sobre sus cookies y\nc\u00f3mo gestionarlas.<\/p>\n\n\n\n<p>\u00bfC\u00f3mo puedo configurar o deshabilitar\nlas cookies que utiliza este sitio web?<\/p>\n\n\n\n<p>Para restringir o bloquear las\ncookies, usted deber\u00e1 modificar la configuraci\u00f3n del navegador que utilice en\nsu equipo. Con car\u00e1cter general los navegadores ofrecen las siguientes opciones\nde configuraci\u00f3n en relaci\u00f3n a la instalaci\u00f3n de cookies: <\/p>\n\n\n\n<p><strong>&#8211; Internet Explorer<\/strong>: <a href=\"http:\/\/windows.microsoft.com\/is-IS\/windows7\/How-to-manage-cookies-in-Internet-Explorer-9\">http:\/\/windows.microsoft.com\/is-IS\/windows7\/How-to-manage-cookies-in-Internet-Explorer-9<\/a><\/p>\n\n\n\n<p><strong>&#8211; Firefox<\/strong><strong>: <\/strong><a href=\"http:\/\/support.mozilla.org\/en-US\/kb\/Cookies\" target=\"_blank\" rel=\"noreferrer noopener\">http:\/\/support.mozilla.org\/en-US\/kb\/Cookies<\/a><strong><\/strong><\/p>\n\n\n\n<p><strong>&#8211; Chrome: <\/strong><a href=\"http:\/\/support.google.com\/chrome\/bin\/answer.py?hl=en&amp;answer=95647\" target=\"_blank\" rel=\"noreferrer noopener\">http:\/\/support.google.com\/chrome\/bin\/answer.py?hl=en&amp;answer=95647<\/a> <\/p>\n\n\n\n<p>&#8211;<strong> Safari: <\/strong><a href=\"http:\/\/support.apple.com\/kb\/PH5042\" target=\"_blank\" rel=\"noreferrer noopener\">http:\/\/support.apple.com\/kb\/PH5042<\/a>&nbsp;(y\npara iOS &#8211;&nbsp;<a href=\"http:\/\/support.apple.com\/kb\/HT1677\" target=\"_blank\" rel=\"noreferrer noopener\">http:\/\/support.apple.com\/kb\/HT1677<\/a>)<\/p>\n\n\n\n<p>Si se impide la instalaci\u00f3n de todas las cookies de la p\u00e1gina web,\nalgunas funcionalidades de la misma, as\u00ed como algunos contenidos pueden verse\nafectados. <\/p>\n<div class=\"pvc_clear\"><\/div><p id=\"pvc_stats_10641\" class=\"pvc_stats all  \" data-element-id=\"10641\" style=\"\"><i class=\"pvc-stats-icon medium\" aria-hidden=\"true\"><svg xmlns=\"http:\/\/www.w3.org\/2000\/svg\" version=\"1.0\" viewBox=\"0 0 502 315\" preserveAspectRatio=\"xMidYMid meet\"><g transform=\"translate(0,332) scale(0.1,-0.1)\" fill=\"\" stroke=\"none\"><path d=\"M2394 3279 l-29 -30 -3 -207 c-2 -182 0 -211 15 -242 39 -76 157 -76 196 0 15 31 17 60 15 243 l-3 209 -33 29 c-26 23 -41 29 -80 29 -41 0 -53 -5 -78 -31z\"\/><path d=\"M3085 3251 c-45 -19 -58 -50 -96 -229 -47 -217 -49 -260 -13 -295 52 -53 146 -42 177 20 16 31 87 366 87 410 0 70 -86 122 -155 94z\"\/><path d=\"M1751 3234 c-13 -9 -29 -31 -37 -50 -12 -29 -10 -49 21 -204 19 -94 39 -189 45 -210 14 -50 54 -80 110 -80 34 0 48 6 76 34 21 21 34 44 34 59 0 14 -18 113 -40 219 -37 178 -43 195 -70 221 -36 32 -101 37 -139 11z\"\/><path d=\"M1163 3073 c-36 -7 -73 -59 -73 -102 0 -56 133 -378 171 -413 34 -32 83 -37 129 -13 70 36 67 87 -16 290 -86 209 -89 214 -129 231 -35 14 -42 15 -82 7z\"\/><path d=\"M3689 3066 c-15 -9 -33 -30 -42 -48 -48 -103 -147 -355 -147 -375 0 -98 131 -148 192 -74 13 15 57 108 97 206 80 196 84 226 37 273 -30 30 -99 39 -137 18z\"\/><path d=\"M583 2784 c-38 -19 -67 -74 -58 -113 9 -42 211 -354 242 -373 16 -10 45 -18 66 -18 51 0 107 52 107 100 0 39 -1 41 -124 234 -80 126 -108 162 -133 173 -41 17 -61 16 -100 -3z\"\/><path d=\"M4250 2784 c-14 -9 -74 -91 -133 -183 -95 -150 -107 -173 -107 -213 0 -55 33 -94 87 -104 67 -13 90 8 211 198 130 202 137 225 78 284 -27 27 -42 34 -72 34 -22 0 -50 -8 -64 -16z\"\/><path d=\"M2275 2693 c-553 -48 -1095 -270 -1585 -649 -135 -104 -459 -423 -483 -476 -23 -49 -22 -139 2 -186 73 -142 361 -457 571 -626 285 -228 642 -407 990 -497 242 -63 336 -73 660 -74 310 0 370 5 595 52 535 111 1045 392 1455 803 122 121 250 273 275 326 19 41 19 137 0 174 -41 79 -309 363 -465 492 -447 370 -946 591 -1479 653 -113 14 -422 18 -536 8z m395 -428 c171 -34 330 -124 456 -258 112 -119 167 -219 211 -378 27 -96 24 -300 -5 -401 -72 -255 -236 -447 -474 -557 -132 -62 -201 -76 -368 -76 -167 0 -236 14 -368 76 -213 98 -373 271 -451 485 -162 444 86 934 547 1084 153 49 292 57 452 25z m909 -232 c222 -123 408 -262 593 -441 76 -74 138 -139 138 -144 0 -16 -233 -242 -330 -319 -155 -123 -309 -223 -461 -299 l-81 -41 32 46 c18 26 49 83 70 128 143 306 141 649 -6 957 -25 52 -61 116 -79 142 l-34 47 45 -20 c26 -10 76 -36 113 -56z m-2057 25 c-40 -58 -105 -190 -130 -263 -110 -324 -59 -707 132 -981 25 -35 42 -64 37 -64 -19 0 -241 119 -326 174 -188 122 -406 314 -532 468 l-58 71 108 103 c185 178 428 349 672 473 66 33 121 60 123 61 2 0 -10 -19 -26 -42z\"\/><path d=\"M2375 1950 c-198 -44 -350 -190 -395 -379 -18 -76 -8 -221 19 -290 114 -284 457 -406 731 -260 98 52 188 154 231 260 27 69 37 214 19 290 -38 163 -166 304 -326 360 -67 23 -215 33 -279 19z\"\/><\/g><\/svg><\/i> <img decoding=\"async\" width=\"16\" height=\"16\" alt=\"Loading\" src=\"https:\/\/enfermeriacanaria.com\/wptfe\/wp-content\/plugins\/page-views-count\/ajax-loader-2x.gif\" border=0 \/><\/p><div class=\"pvc_clear\"><\/div>","protected":false},"excerpt":{"rendered":"<p>POL\u00cdTICA DE COOKIES COLEGIO OFICIAL DE ENFERMEROS DE SANTA CRUZ DE TENERIFE. utiliza cookies con la finalidad de prestarle una mejor experiencia en su navegaci\u00f3n. Asimismo, en caso de que preste su consentimiento, utilizaremos cookies [&#8230;]<\/p>\n<div class=\"pvc_clear\"><\/div>\n<p id=\"pvc_stats_10641\" class=\"pvc_stats all  \" data-element-id=\"10641\" style=\"\"><i class=\"pvc-stats-icon medium\" aria-hidden=\"true\"><svg xmlns=\"http:\/\/www.w3.org\/2000\/svg\" version=\"1.0\" viewBox=\"0 0 502 315\" preserveAspectRatio=\"xMidYMid meet\"><g transform=\"translate(0,332) scale(0.1,-0.1)\" fill=\"\" stroke=\"none\"><path d=\"M2394 3279 l-29 -30 -3 -207 c-2 -182 0 -211 15 -242 39 -76 157 -76 196 0 15 31 17 60 15 243 l-3 209 -33 29 c-26 23 -41 29 -80 29 -41 0 -53 -5 -78 -31z\"\/><path d=\"M3085 3251 c-45 -19 -58 -50 -96 -229 -47 -217 -49 -260 -13 -295 52 -53 146 -42 177 20 16 31 87 366 87 410 0 70 -86 122 -155 94z\"\/><path d=\"M1751 3234 c-13 -9 -29 -31 -37 -50 -12 -29 -10 -49 21 -204 19 -94 39 -189 45 -210 14 -50 54 -80 110 -80 34 0 48 6 76 34 21 21 34 44 34 59 0 14 -18 113 -40 219 -37 178 -43 195 -70 221 -36 32 -101 37 -139 11z\"\/><path d=\"M1163 3073 c-36 -7 -73 -59 -73 -102 0 -56 133 -378 171 -413 34 -32 83 -37 129 -13 70 36 67 87 -16 290 -86 209 -89 214 -129 231 -35 14 -42 15 -82 7z\"\/><path d=\"M3689 3066 c-15 -9 -33 -30 -42 -48 -48 -103 -147 -355 -147 -375 0 -98 131 -148 192 -74 13 15 57 108 97 206 80 196 84 226 37 273 -30 30 -99 39 -137 18z\"\/><path d=\"M583 2784 c-38 -19 -67 -74 -58 -113 9 -42 211 -354 242 -373 16 -10 45 -18 66 -18 51 0 107 52 107 100 0 39 -1 41 -124 234 -80 126 -108 162 -133 173 -41 17 -61 16 -100 -3z\"\/><path d=\"M4250 2784 c-14 -9 -74 -91 -133 -183 -95 -150 -107 -173 -107 -213 0 -55 33 -94 87 -104 67 -13 90 8 211 198 130 202 137 225 78 284 -27 27 -42 34 -72 34 -22 0 -50 -8 -64 -16z\"\/><path d=\"M2275 2693 c-553 -48 -1095 -270 -1585 -649 -135 -104 -459 -423 -483 -476 -23 -49 -22 -139 2 -186 73 -142 361 -457 571 -626 285 -228 642 -407 990 -497 242 -63 336 -73 660 -74 310 0 370 5 595 52 535 111 1045 392 1455 803 122 121 250 273 275 326 19 41 19 137 0 174 -41 79 -309 363 -465 492 -447 370 -946 591 -1479 653 -113 14 -422 18 -536 8z m395 -428 c171 -34 330 -124 456 -258 112 -119 167 -219 211 -378 27 -96 24 -300 -5 -401 -72 -255 -236 -447 -474 -557 -132 -62 -201 -76 -368 -76 -167 0 -236 14 -368 76 -213 98 -373 271 -451 485 -162 444 86 934 547 1084 153 49 292 57 452 25z m909 -232 c222 -123 408 -262 593 -441 76 -74 138 -139 138 -144 0 -16 -233 -242 -330 -319 -155 -123 -309 -223 -461 -299 l-81 -41 32 46 c18 26 49 83 70 128 143 306 141 649 -6 957 -25 52 -61 116 -79 142 l-34 47 45 -20 c26 -10 76 -36 113 -56z m-2057 25 c-40 -58 -105 -190 -130 -263 -110 -324 -59 -707 132 -981 25 -35 42 -64 37 -64 -19 0 -241 119 -326 174 -188 122 -406 314 -532 468 l-58 71 108 103 c185 178 428 349 672 473 66 33 121 60 123 61 2 0 -10 -19 -26 -42z\"\/><path d=\"M2375 1950 c-198 -44 -350 -190 -395 -379 -18 -76 -8 -221 19 -290 114 -284 457 -406 731 -260 98 52 188 154 231 260 27 69 37 214 19 290 -38 163 -166 304 -326 360 -67 23 -215 33 -279 19z\"\/><\/g><\/svg><\/i> <img decoding=\"async\" width=\"16\" height=\"16\" alt=\"Loading\" src=\"https:\/\/enfermeriacanaria.com\/wptfe\/wp-content\/plugins\/page-views-count\/ajax-loader-2x.gif\" border=0 \/><\/p>\n<div class=\"pvc_clear\"><\/div>\n","protected":false},"author":4,"featured_media":0,"parent":9729,"menu_order":2,"comment_status":"closed","ping_status":"closed","template":"","meta":{"footnotes":""},"class_list":["post-10641","page","type-page","status-publish","hentry"],"a3_pvc":{"activated":true,"total_views":138,"today_views":0},"jetpack_sharing_enabled":true,"jetpack_shortlink":"https:\/\/wp.me\/P57dxf-2LD","jetpack_likes_enabled":true,"_links":{"self":[{"href":"https:\/\/enfermeriacanaria.com\/wptfe\/wp-json\/wp\/v2\/pages\/10641","targetHints":{"allow":["GET"]}}],"collection":[{"href":"https:\/\/enfermeriacanaria.com\/wptfe\/wp-json\/wp\/v2\/pages"}],"about":[{"href":"https:\/\/enfermeriacanaria.com\/wptfe\/wp-json\/wp\/v2\/types\/page"}],"author":[{"embeddable":true,"href":"https:\/\/enfermeriacanaria.com\/wptfe\/wp-json\/wp\/v2\/users\/4"}],"replies":[{"embeddable":true,"href":"https:\/\/enfermeriacanaria.com\/wptfe\/wp-json\/wp\/v2\/comments?post=10641"}],"version-history":[{"count":6,"href":"https:\/\/enfermeriacanaria.com\/wptfe\/wp-json\/wp\/v2\/pages\/10641\/revisions"}],"predecessor-version":[{"id":10647,"href":"https:\/\/enfermeriacanaria.com\/wptfe\/wp-json\/wp\/v2\/pages\/10641\/revisions\/10647"}],"up":[{"embeddable":true,"href":"https:\/\/enfermeriacanaria.com\/wptfe\/wp-json\/wp\/v2\/pages\/9729"}],"wp:attachment":[{"href":"https:\/\/enfermeriacanaria.com\/wptfe\/wp-json\/wp\/v2\/media?parent=10641"}],"curies":[{"name":"wp","href":"https:\/\/api.w.org\/{rel}","templated":true}]}}